{"id":10819,"date":"2025-06-05T14:54:18","date_gmt":"2025-06-05T07:54:18","guid":{"rendered":"https:\/\/www.hongky.com\/product\/may-khoan-ban-kbe120c\/"},"modified":"2025-06-05T17:04:19","modified_gmt":"2025-06-05T10:04:19","slug":"bench-drill-kbe120c","status":"publish","type":"product","link":"https:\/\/www.hongky.com\/en\/bench-drill-kbe120c\/","title":{"rendered":"Bench Drill KBE120C"},"content":{"rendered":"<p>The KBE120C bench drill is an optimal solution for round hole machining, offering high performance, superior precision, and cost-effective investment.<\/p>\n","protected":false},"excerpt":{"rendered":"<ul>\n<li data-start=\"67\" data-end=\"119\">Compact design, suitable for small workshop spaces<\/li>\n<li data-start=\"122\" data-end=\"162\">Compatible with \u00d83\u2013\u00d816\/25mm drill bits<\/li>\n<li data-start=\"165\" data-end=\"192\">Drilling depth up to 80mm<\/li>\n<li data-start=\"195\" data-end=\"257\">Low investment cost, economical in operation and maintenance<\/li>\n<li data-start=\"260\" data-end=\"313\">Fast and precise machining, reducing errors and waste<\/li>\n<\/ul>\n","protected":false},"featured_media":10816,"menu_order":510,"comment_status":"open","ping_status":"closed","template":"","meta":{"_acf_changed":false,"inline_featured_image":false},"product_brand":[],"product_cat":[599,674],"product_tag":[],"class_list":{"0":"post-10819","1":"product","2":"type-product","3":"status-publish","4":"has-post-thumbnail","6":"product_cat-drilling-cutting-taro-machine","7":"product_cat-drill-press-1-2m-15m","9":"first","10":"instock","11":"shipping-taxable","12":"product-type-simple"},"acf":[],"yoast_head":"<!-- This site is optimized with the Yoast SEO plugin v23.7 - https:\/\/yoast.com\/wordpress\/plugins\/seo\/ -->\n<title>Bench Drill KBE120C - C\u00f4ng ty C\u01a1 Kh\u00ed H\u1ed3ng K\u00fd<\/title>\n<meta name=\"description\" content=\"The KBE120C bench drill is made of S45C steel and capable of working with drill bits from \u00d83 to \u00d816\/25mm, with a maximum drilling depth of 80mm.\" \/>\n<meta name=\"robots\" content=\"index, follow, max-snippet:-1, max-image-preview:large, max-video-preview:-1\" \/>\n<link rel=\"canonical\" href=\"https:\/\/www.hongky.com\/en\/bench-drill-kbe120c\" \/>\n<meta property=\"og:locale\" content=\"en_US\" \/>\n<meta property=\"og:type\" content=\"article\" \/>\n<meta property=\"og:title\" content=\"Bench Drill KBE120C - C\u00f4ng ty C\u01a1 Kh\u00ed H\u1ed3ng K\u00fd\" \/>\n<meta property=\"og:description\" content=\"The KBE120C bench drill is made of S45C steel and capable of working with drill bits from \u00d83 to \u00d816\/25mm, with a maximum drilling depth of 80mm.\" \/>\n<meta property=\"og:url\" content=\"https:\/\/www.hongky.com\/en\/bench-drill-kbe120c\" \/>\n<meta property=\"og:site_name\" content=\"C\u00f4ng ty C\u01a1 Kh\u00ed H\u1ed3ng K\u00fd\" \/>\n<meta property=\"article:publisher\" content=\"https:\/\/www.facebook.com\/HongKyMayHan\" \/>\n<meta property=\"article:modified_time\" content=\"2025-06-05T10:04:19+00:00\" \/>\n<meta property=\"og:image\" content=\"https:\/\/www.hongky.com\/wp-content\/uploads\/2025\/06\/hong-ky-kbe120c-drill-press.jpg\" \/>\n\t<meta property=\"og:image:width\" content=\"2000\" \/>\n\t<meta property=\"og:image:height\" content=\"1574\" \/>\n\t<meta property=\"og:image:type\" content=\"image\/jpeg\" \/>\n<meta name=\"twitter:card\" content=\"summary_large_image\" \/>\n<meta name=\"twitter:label1\" content=\"Est. reading time\" \/>\n\t<meta name=\"twitter:data1\" content=\"1 minute\" \/>\n<script type=\"application\/ld+json\" class=\"yoast-schema-graph\">{\"@context\":\"https:\/\/schema.org\",\"@graph\":[{\"@type\":\"WebPage\",\"@id\":\"https:\/\/www.hongky.com\/en\/bench-drill-kbe120c\/\",\"url\":\"https:\/\/www.hongky.com\/en\/bench-drill-kbe120c\/\",\"name\":\"Bench Drill KBE120C - C\u00f4ng ty C\u01a1 Kh\u00ed H\u1ed3ng K\u00fd\",\"isPartOf\":{\"@id\":\"https:\/\/www.hongky.com\/en\/#website\"},\"primaryImageOfPage\":{\"@id\":\"https:\/\/www.hongky.com\/en\/bench-drill-kbe120c\/#primaryimage\"},\"image\":{\"@id\":\"https:\/\/www.hongky.com\/en\/bench-drill-kbe120c\/#primaryimage\"},\"thumbnailUrl\":\"https:\/\/www.hongky.com\/wp-content\/uploads\/2025\/06\/hong-ky-kbe120c-drill-press.jpg\",\"datePublished\":\"2025-06-05T07:54:18+00:00\",\"dateModified\":\"2025-06-05T10:04:19+00:00\",\"description\":\"The KBE120C bench drill is made of S45C steel and capable of working with drill bits from \u00d83 to \u00d816\/25mm, with a maximum drilling depth of 80mm.\",\"breadcrumb\":{\"@id\":\"https:\/\/www.hongky.com\/en\/bench-drill-kbe120c\/#breadcrumb\"},\"inLanguage\":\"en-US\",\"potentialAction\":[{\"@type\":\"ReadAction\",\"target\":[\"https:\/\/www.hongky.com\/en\/bench-drill-kbe120c\/\"]}]},{\"@type\":\"ImageObject\",\"inLanguage\":\"en-US\",\"@id\":\"https:\/\/www.hongky.com\/en\/bench-drill-kbe120c\/#primaryimage\",\"url\":\"https:\/\/www.hongky.com\/wp-content\/uploads\/2025\/06\/hong-ky-kbe120c-drill-press.jpg\",\"contentUrl\":\"https:\/\/www.hongky.com\/wp-content\/uploads\/2025\/06\/hong-ky-kbe120c-drill-press.jpg\",\"width\":2000,\"height\":1574,\"caption\":\"Hong Ky KBE120C drill press\"},{\"@type\":\"BreadcrumbList\",\"@id\":\"https:\/\/www.hongky.com\/en\/bench-drill-kbe120c\/#breadcrumb\",\"itemListElement\":[{\"@type\":\"ListItem\",\"position\":1,\"name\":\"Home\",\"item\":\"https:\/\/www.hongky.com\/en\/\"},{\"@type\":\"ListItem\",\"position\":2,\"name\":\"Shop\",\"item\":\"https:\/\/www.hongky.com\/en\/shop\/\"},{\"@type\":\"ListItem\",\"position\":3,\"name\":\"Product\",\"item\":\"https:\/\/www.hongky.com\/en\/product\/\"},{\"@type\":\"ListItem\",\"position\":4,\"name\":\"Drill - Cutting - Taro Machines\",\"item\":\"https:\/\/www.hongky.com\/en\/drill-cutting-taro-machines\/\"},{\"@type\":\"ListItem\",\"position\":5,\"name\":\"Drill Press 1.2m - 1,5m\",\"item\":\"https:\/\/www.hongky.com\/en\/drill-press-12m-15m\/\"},{\"@type\":\"ListItem\",\"position\":6,\"name\":\"Bench Drill KBE120C\"}]},{\"@type\":\"WebSite\",\"@id\":\"https:\/\/www.hongky.com\/en\/#website\",\"url\":\"https:\/\/www.hongky.com\/en\/\",\"name\":\"C\u00f4ng ty C\u01a1 Kh\u00ed H\u1ed3ng K\u00fd\",\"description\":\"Th\u01b0\u01a1ng hi\u1ec7u H\u1ed3ng K\u00fd l\u00e0 s\u1ef1 l\u1ef1a ch\u1ecdn h\u00e0ng \u0111\u1ea7u c\u1ee7a \u0111\u1ed1i t\u00e1c &amp; kh\u00e1ch h\u00e0ng\",\"publisher\":{\"@id\":\"https:\/\/www.hongky.com\/en\/#organization\"},\"potentialAction\":[{\"@type\":\"SearchAction\",\"target\":{\"@type\":\"EntryPoint\",\"urlTemplate\":\"https:\/\/www.hongky.com\/en\/?s={search_term_string}\"},\"query-input\":{\"@type\":\"PropertyValueSpecification\",\"valueRequired\":true,\"valueName\":\"search_term_string\"}}],\"inLanguage\":\"en-US\"},{\"@type\":\"Organization\",\"@id\":\"https:\/\/www.hongky.com\/en\/#organization\",\"name\":\"C\u00f4ng ty C\u01a1 Kh\u00ed H\u1ed3ng K\u00fd\",\"url\":\"https:\/\/www.hongky.com\/en\/\",\"logo\":{\"@type\":\"ImageObject\",\"inLanguage\":\"en-US\",\"@id\":\"https:\/\/www.hongky.com\/en\/#\/schema\/logo\/image\/\",\"url\":\"https:\/\/www.hongky.com\/wp-content\/uploads\/2025\/06\/cropped-hong-ky-mechanical-company-2.png\",\"contentUrl\":\"https:\/\/www.hongky.com\/wp-content\/uploads\/2025\/06\/cropped-hong-ky-mechanical-company-2.png\",\"width\":849,\"height\":849,\"caption\":\"C\u00f4ng ty C\u01a1 Kh\u00ed H\u1ed3ng K\u00fd\"},\"image\":{\"@id\":\"https:\/\/www.hongky.com\/en\/#\/schema\/logo\/image\/\"},\"sameAs\":[\"https:\/\/www.facebook.com\/HongKyMayHan\"]}]}<\/script>\n<!-- \/ Yoast SEO plugin. -->","yoast_head_json":{"title":"Bench Drill KBE120C - C\u00f4ng ty C\u01a1 Kh\u00ed H\u1ed3ng K\u00fd","description":"The KBE120C bench drill is made of S45C steel and capable of working with drill bits from \u00d83 to \u00d816\/25mm, with a maximum drilling depth of 80mm.","robots":{"index":"index","follow":"follow","max-snippet":"max-snippet:-1","max-image-preview":"max-image-preview:large","max-video-preview":"max-video-preview:-1"},"canonical":"https:\/\/www.hongky.com\/en\/bench-drill-kbe120c","og_locale":"en_US","og_type":"article","og_title":"Bench Drill KBE120C - C\u00f4ng ty C\u01a1 Kh\u00ed H\u1ed3ng K\u00fd","og_description":"The KBE120C bench drill is made of S45C steel and capable of working with drill bits from \u00d83 to \u00d816\/25mm, with a maximum drilling depth of 80mm.","og_url":"https:\/\/www.hongky.com\/en\/bench-drill-kbe120c","og_site_name":"C\u00f4ng ty C\u01a1 Kh\u00ed H\u1ed3ng K\u00fd","article_publisher":"https:\/\/www.facebook.com\/HongKyMayHan","article_modified_time":"2025-06-05T10:04:19+00:00","og_image":[{"width":2000,"height":1574,"url":"https:\/\/www.hongky.com\/wp-content\/uploads\/2025\/06\/hong-ky-kbe120c-drill-press.jpg","type":"image\/jpeg"}],"twitter_card":"summary_large_image","twitter_misc":{"Est. reading time":"1 minute"},"schema":{"@context":"https:\/\/schema.org","@graph":[{"@type":"WebPage","@id":"https:\/\/www.hongky.com\/en\/bench-drill-kbe120c\/","url":"https:\/\/www.hongky.com\/en\/bench-drill-kbe120c\/","name":"Bench Drill KBE120C - C\u00f4ng ty C\u01a1 Kh\u00ed H\u1ed3ng K\u00fd","isPartOf":{"@id":"https:\/\/www.hongky.com\/en\/#website"},"primaryImageOfPage":{"@id":"https:\/\/www.hongky.com\/en\/bench-drill-kbe120c\/#primaryimage"},"image":{"@id":"https:\/\/www.hongky.com\/en\/bench-drill-kbe120c\/#primaryimage"},"thumbnailUrl":"https:\/\/www.hongky.com\/wp-content\/uploads\/2025\/06\/hong-ky-kbe120c-drill-press.jpg","datePublished":"2025-06-05T07:54:18+00:00","dateModified":"2025-06-05T10:04:19+00:00","description":"The KBE120C bench drill is made of S45C steel and capable of working with drill bits from \u00d83 to \u00d816\/25mm, with a maximum drilling depth of 80mm.","breadcrumb":{"@id":"https:\/\/www.hongky.com\/en\/bench-drill-kbe120c\/#breadcrumb"},"inLanguage":"en-US","potentialAction":[{"@type":"ReadAction","target":["https:\/\/www.hongky.com\/en\/bench-drill-kbe120c\/"]}]},{"@type":"ImageObject","inLanguage":"en-US","@id":"https:\/\/www.hongky.com\/en\/bench-drill-kbe120c\/#primaryimage","url":"https:\/\/www.hongky.com\/wp-content\/uploads\/2025\/06\/hong-ky-kbe120c-drill-press.jpg","contentUrl":"https:\/\/www.hongky.com\/wp-content\/uploads\/2025\/06\/hong-ky-kbe120c-drill-press.jpg","width":2000,"height":1574,"caption":"Hong Ky KBE120C drill press"},{"@type":"BreadcrumbList","@id":"https:\/\/www.hongky.com\/en\/bench-drill-kbe120c\/#breadcrumb","itemListElement":[{"@type":"ListItem","position":1,"name":"Home","item":"https:\/\/www.hongky.com\/en\/"},{"@type":"ListItem","position":2,"name":"Shop","item":"https:\/\/www.hongky.com\/en\/shop\/"},{"@type":"ListItem","position":3,"name":"Product","item":"https:\/\/www.hongky.com\/en\/product\/"},{"@type":"ListItem","position":4,"name":"Drill - Cutting - Taro Machines","item":"https:\/\/www.hongky.com\/en\/drill-cutting-taro-machines\/"},{"@type":"ListItem","position":5,"name":"Drill Press 1.2m - 1,5m","item":"https:\/\/www.hongky.com\/en\/drill-press-12m-15m\/"},{"@type":"ListItem","position":6,"name":"Bench Drill KBE120C"}]},{"@type":"WebSite","@id":"https:\/\/www.hongky.com\/en\/#website","url":"https:\/\/www.hongky.com\/en\/","name":"C\u00f4ng ty C\u01a1 Kh\u00ed H\u1ed3ng K\u00fd","description":"Th\u01b0\u01a1ng hi\u1ec7u H\u1ed3ng K\u00fd l\u00e0 s\u1ef1 l\u1ef1a ch\u1ecdn h\u00e0ng \u0111\u1ea7u c\u1ee7a \u0111\u1ed1i t\u00e1c &amp; kh\u00e1ch h\u00e0ng","publisher":{"@id":"https:\/\/www.hongky.com\/en\/#organization"},"potentialAction":[{"@type":"SearchAction","target":{"@type":"EntryPoint","urlTemplate":"https:\/\/www.hongky.com\/en\/?s={search_term_string}"},"query-input":{"@type":"PropertyValueSpecification","valueRequired":true,"valueName":"search_term_string"}}],"inLanguage":"en-US"},{"@type":"Organization","@id":"https:\/\/www.hongky.com\/en\/#organization","name":"C\u00f4ng ty C\u01a1 Kh\u00ed H\u1ed3ng K\u00fd","url":"https:\/\/www.hongky.com\/en\/","logo":{"@type":"ImageObject","inLanguage":"en-US","@id":"https:\/\/www.hongky.com\/en\/#\/schema\/logo\/image\/","url":"https:\/\/www.hongky.com\/wp-content\/uploads\/2025\/06\/cropped-hong-ky-mechanical-company-2.png","contentUrl":"https:\/\/www.hongky.com\/wp-content\/uploads\/2025\/06\/cropped-hong-ky-mechanical-company-2.png","width":849,"height":849,"caption":"C\u00f4ng ty C\u01a1 Kh\u00ed H\u1ed3ng K\u00fd"},"image":{"@id":"https:\/\/www.hongky.com\/en\/#\/schema\/logo\/image\/"},"sameAs":["https:\/\/www.facebook.com\/HongKyMayHan"]}]}},"_links":{"self":[{"href":"https:\/\/www.hongky.com\/en\/wp-json\/wp\/v2\/product\/10819","targetHints":{"allow":["GET"]}}],"collection":[{"href":"https:\/\/www.hongky.com\/en\/wp-json\/wp\/v2\/product"}],"about":[{"href":"https:\/\/www.hongky.com\/en\/wp-json\/wp\/v2\/types\/product"}],"replies":[{"embeddable":true,"href":"https:\/\/www.hongky.com\/en\/wp-json\/wp\/v2\/comments?post=10819"}],"wp:featuredmedia":[{"embeddable":true,"href":"https:\/\/www.hongky.com\/en\/wp-json\/wp\/v2\/media\/10816"}],"wp:attachment":[{"href":"https:\/\/www.hongky.com\/en\/wp-json\/wp\/v2\/media?parent=10819"}],"wp:term":[{"taxonomy":"product_brand","embeddable":true,"href":"https:\/\/www.hongky.com\/en\/wp-json\/wp\/v2\/product_brand?post=10819"},{"taxonomy":"product_cat","embeddable":true,"href":"https:\/\/www.hongky.com\/en\/wp-json\/wp\/v2\/product_cat?post=10819"},{"taxonomy":"product_tag","embeddable":true,"href":"https:\/\/www.hongky.com\/en\/wp-json\/wp\/v2\/product_tag?post=10819"}],"curies":[{"name":"wp","href":"https:\/\/api.w.org\/{rel}","templated":true}]}}