{"id":12243,"date":"2024-12-30T14:05:39","date_gmt":"2024-12-30T07:05:39","guid":{"rendered":"https:\/\/www.hongky.com\/?post_type=product&#038;p=12243"},"modified":"2026-02-24T10:55:25","modified_gmt":"2026-02-24T03:55:25","slug":"hongky-master-digital-mma-welder-hkm160d","status":"publish","type":"product","link":"https:\/\/www.hongky.com\/en\/hongky-master-digital-mma-welder-hkm160d\/","title":{"rendered":"Hongky Master Digital MMA Welder HKM160D"},"content":{"rendered":"<p>Hong Ky Master Digital MMA Welder HKM160D with a compact design weighing only 4.6kg and powerful 160A output. Capable of welding 2.6\u20133.2mm rods and continuous welding with 3.2mm electrodes. Equipped with anti\u2011shock and anti\u2011stick functions. Ideal for welders, easy to use, and stable on steel and stainless steel.<\/p>\n","protected":false},"excerpt":{"rendered":"<ul>\n<li>Digital Technology<\/li>\n<li>Stick Weld 2.6\u20133.2<\/li>\n<li>Continuous 3.2 Rod<\/li>\n<li>Safe Anti\u2011Shock<\/li>\n<li>Novice &amp; Semi\u2011Pro<\/li>\n<\/ul>\n","protected":false},"featured_media":7709,"menu_order":93,"comment_status":"open","ping_status":"closed","template":"","meta":{"_acf_changed":false,"inline_featured_image":false},"product_brand":[2592],"product_cat":[633],"product_tag":[],"class_list":{"0":"post-12243","1":"product","2":"type-product","3":"status-publish","4":"has-post-thumbnail","6":"product_brand-master","7":"product_cat-stick-welding-machine","8":"pa_nhan-hieu-master-en","10":"first","11":"instock","12":"shipping-taxable","13":"purchasable","14":"product-type-simple"},"acf":[],"yoast_head":"<!-- This site is optimized with the Yoast SEO plugin v23.7 - https:\/\/yoast.com\/wordpress\/plugins\/seo\/ -->\n<title>Hongky Master Digital MMA Welder HKM160D - C\u00f4ng ty C\u01a1 Kh\u00ed H\u1ed3ng K\u00fd<\/title>\n<meta name=\"description\" content=\"HKM160D stick welder with compact design and powerful 160A output. Digital Technology. Stick weld 2.6\u20133.2mm. Continuous welding with 3.2mm rods.\" \/>\n<meta name=\"robots\" content=\"index, follow, max-snippet:-1, max-image-preview:large, max-video-preview:-1\" \/>\n<link rel=\"canonical\" href=\"https:\/\/www.hongky.com\/en\/hongky-master-digital-mma-welder-hkm160d\" \/>\n<meta property=\"og:locale\" content=\"en_US\" \/>\n<meta property=\"og:type\" content=\"article\" \/>\n<meta property=\"og:title\" content=\"Hongky Master Digital MMA Welder HKM160D - C\u00f4ng ty C\u01a1 Kh\u00ed H\u1ed3ng K\u00fd\" \/>\n<meta property=\"og:description\" content=\"HKM160D stick welder with compact design and powerful 160A output. Digital Technology. Stick weld 2.6\u20133.2mm. Continuous welding with 3.2mm rods.\" \/>\n<meta property=\"og:url\" content=\"https:\/\/www.hongky.com\/en\/hongky-master-digital-mma-welder-hkm160d\" \/>\n<meta property=\"og:site_name\" content=\"C\u00f4ng ty C\u01a1 Kh\u00ed H\u1ed3ng K\u00fd\" \/>\n<meta property=\"article:publisher\" content=\"https:\/\/www.facebook.com\/HongKyMayHan\" \/>\n<meta property=\"article:modified_time\" content=\"2026-02-24T03:55:25+00:00\" \/>\n<meta property=\"og:image\" content=\"https:\/\/www.hongky.com\/wp-content\/uploads\/2025\/09\/hong-ky-hkm160d-inverter-welding-machine.jpg\" \/>\n\t<meta property=\"og:image:width\" content=\"2000\" \/>\n\t<meta property=\"og:image:height\" content=\"1574\" \/>\n\t<meta property=\"og:image:type\" content=\"image\/jpeg\" \/>\n<meta name=\"twitter:card\" content=\"summary_large_image\" \/>\n<meta name=\"twitter:label1\" content=\"Est. reading time\" \/>\n\t<meta name=\"twitter:data1\" content=\"1 minute\" \/>\n<script type=\"application\/ld+json\" class=\"yoast-schema-graph\">{\"@context\":\"https:\/\/schema.org\",\"@graph\":[{\"@type\":\"WebPage\",\"@id\":\"https:\/\/www.hongky.com\/en\/hongky-master-digital-mma-welder-hkm160d\/\",\"url\":\"https:\/\/www.hongky.com\/en\/hongky-master-digital-mma-welder-hkm160d\/\",\"name\":\"Hongky Master Digital MMA Welder HKM160D - C\u00f4ng ty C\u01a1 Kh\u00ed H\u1ed3ng K\u00fd\",\"isPartOf\":{\"@id\":\"https:\/\/www.hongky.com\/en\/#website\"},\"primaryImageOfPage\":{\"@id\":\"https:\/\/www.hongky.com\/en\/hongky-master-digital-mma-welder-hkm160d\/#primaryimage\"},\"image\":{\"@id\":\"https:\/\/www.hongky.com\/en\/hongky-master-digital-mma-welder-hkm160d\/#primaryimage\"},\"thumbnailUrl\":\"https:\/\/www.hongky.com\/wp-content\/uploads\/2025\/09\/hong-ky-hkm160d-inverter-welding-machine.jpg\",\"datePublished\":\"2024-12-30T07:05:39+00:00\",\"dateModified\":\"2026-02-24T03:55:25+00:00\",\"description\":\"HKM160D stick welder with compact design and powerful 160A output. Digital Technology. Stick weld 2.6\u20133.2mm. Continuous welding with 3.2mm rods.\",\"breadcrumb\":{\"@id\":\"https:\/\/www.hongky.com\/en\/hongky-master-digital-mma-welder-hkm160d\/#breadcrumb\"},\"inLanguage\":\"en-US\",\"potentialAction\":[{\"@type\":\"ReadAction\",\"target\":[\"https:\/\/www.hongky.com\/en\/hongky-master-digital-mma-welder-hkm160d\/\"]}]},{\"@type\":\"ImageObject\",\"inLanguage\":\"en-US\",\"@id\":\"https:\/\/www.hongky.com\/en\/hongky-master-digital-mma-welder-hkm160d\/#primaryimage\",\"url\":\"https:\/\/www.hongky.com\/wp-content\/uploads\/2025\/09\/hong-ky-hkm160d-inverter-welding-machine.jpg\",\"contentUrl\":\"https:\/\/www.hongky.com\/wp-content\/uploads\/2025\/09\/hong-ky-hkm160d-inverter-welding-machine.jpg\",\"width\":2000,\"height\":1574,\"caption\":\"Hong Ky Master Digital MMA Welder HKM160D\"},{\"@type\":\"BreadcrumbList\",\"@id\":\"https:\/\/www.hongky.com\/en\/hongky-master-digital-mma-welder-hkm160d\/#breadcrumb\",\"itemListElement\":[{\"@type\":\"ListItem\",\"position\":1,\"name\":\"Home\",\"item\":\"https:\/\/www.hongky.com\/en\/\"},{\"@type\":\"ListItem\",\"position\":2,\"name\":\"Shop\",\"item\":\"https:\/\/www.hongky.com\/en\/shop\/\"},{\"@type\":\"ListItem\",\"position\":3,\"name\":\"Product\",\"item\":\"https:\/\/www.hongky.com\/en\/product\/\"},{\"@type\":\"ListItem\",\"position\":4,\"name\":\"Welding machine, plasma metal cutter\",\"item\":\"https:\/\/www.hongky.com\/en\/welding-machine-plasma-metal-cutter\/\"},{\"@type\":\"ListItem\",\"position\":5,\"name\":\"Stick Welding Machine\",\"item\":\"https:\/\/www.hongky.com\/en\/stick-welding-machine\/\"},{\"@type\":\"ListItem\",\"position\":6,\"name\":\"Hongky Master Digital MMA Welder HKM160D\"}]},{\"@type\":\"WebSite\",\"@id\":\"https:\/\/www.hongky.com\/en\/#website\",\"url\":\"https:\/\/www.hongky.com\/en\/\",\"name\":\"C\u00f4ng ty C\u01a1 Kh\u00ed H\u1ed3ng K\u00fd\",\"description\":\"Th\u01b0\u01a1ng hi\u1ec7u H\u1ed3ng K\u00fd l\u00e0 s\u1ef1 l\u1ef1a ch\u1ecdn h\u00e0ng \u0111\u1ea7u c\u1ee7a \u0111\u1ed1i t\u00e1c &amp; kh\u00e1ch h\u00e0ng\",\"publisher\":{\"@id\":\"https:\/\/www.hongky.com\/en\/#organization\"},\"potentialAction\":[{\"@type\":\"SearchAction\",\"target\":{\"@type\":\"EntryPoint\",\"urlTemplate\":\"https:\/\/www.hongky.com\/en\/?s={search_term_string}\"},\"query-input\":{\"@type\":\"PropertyValueSpecification\",\"valueRequired\":true,\"valueName\":\"search_term_string\"}}],\"inLanguage\":\"en-US\"},{\"@type\":\"Organization\",\"@id\":\"https:\/\/www.hongky.com\/en\/#organization\",\"name\":\"C\u00f4ng ty C\u01a1 Kh\u00ed H\u1ed3ng K\u00fd\",\"url\":\"https:\/\/www.hongky.com\/en\/\",\"logo\":{\"@type\":\"ImageObject\",\"inLanguage\":\"en-US\",\"@id\":\"https:\/\/www.hongky.com\/en\/#\/schema\/logo\/image\/\",\"url\":\"https:\/\/www.hongky.com\/wp-content\/uploads\/2025\/06\/cropped-hong-ky-mechanical-company-2.png\",\"contentUrl\":\"https:\/\/www.hongky.com\/wp-content\/uploads\/2025\/06\/cropped-hong-ky-mechanical-company-2.png\",\"width\":849,\"height\":849,\"caption\":\"C\u00f4ng ty C\u01a1 Kh\u00ed H\u1ed3ng K\u00fd\"},\"image\":{\"@id\":\"https:\/\/www.hongky.com\/en\/#\/schema\/logo\/image\/\"},\"sameAs\":[\"https:\/\/www.facebook.com\/HongKyMayHan\"]}]}<\/script>\n<!-- \/ Yoast SEO plugin. -->","yoast_head_json":{"title":"Hongky Master Digital MMA Welder HKM160D - C\u00f4ng ty C\u01a1 Kh\u00ed H\u1ed3ng K\u00fd","description":"HKM160D stick welder with compact design and powerful 160A output. Digital Technology. Stick weld 2.6\u20133.2mm. Continuous welding with 3.2mm rods.","robots":{"index":"index","follow":"follow","max-snippet":"max-snippet:-1","max-image-preview":"max-image-preview:large","max-video-preview":"max-video-preview:-1"},"canonical":"https:\/\/www.hongky.com\/en\/hongky-master-digital-mma-welder-hkm160d","og_locale":"en_US","og_type":"article","og_title":"Hongky Master Digital MMA Welder HKM160D - C\u00f4ng ty C\u01a1 Kh\u00ed H\u1ed3ng K\u00fd","og_description":"HKM160D stick welder with compact design and powerful 160A output. Digital Technology. Stick weld 2.6\u20133.2mm. Continuous welding with 3.2mm rods.","og_url":"https:\/\/www.hongky.com\/en\/hongky-master-digital-mma-welder-hkm160d","og_site_name":"C\u00f4ng ty C\u01a1 Kh\u00ed H\u1ed3ng K\u00fd","article_publisher":"https:\/\/www.facebook.com\/HongKyMayHan","article_modified_time":"2026-02-24T03:55:25+00:00","og_image":[{"width":2000,"height":1574,"url":"https:\/\/www.hongky.com\/wp-content\/uploads\/2025\/09\/hong-ky-hkm160d-inverter-welding-machine.jpg","type":"image\/jpeg"}],"twitter_card":"summary_large_image","twitter_misc":{"Est. reading time":"1 minute"},"schema":{"@context":"https:\/\/schema.org","@graph":[{"@type":"WebPage","@id":"https:\/\/www.hongky.com\/en\/hongky-master-digital-mma-welder-hkm160d\/","url":"https:\/\/www.hongky.com\/en\/hongky-master-digital-mma-welder-hkm160d\/","name":"Hongky Master Digital MMA Welder HKM160D - C\u00f4ng ty C\u01a1 Kh\u00ed H\u1ed3ng K\u00fd","isPartOf":{"@id":"https:\/\/www.hongky.com\/en\/#website"},"primaryImageOfPage":{"@id":"https:\/\/www.hongky.com\/en\/hongky-master-digital-mma-welder-hkm160d\/#primaryimage"},"image":{"@id":"https:\/\/www.hongky.com\/en\/hongky-master-digital-mma-welder-hkm160d\/#primaryimage"},"thumbnailUrl":"https:\/\/www.hongky.com\/wp-content\/uploads\/2025\/09\/hong-ky-hkm160d-inverter-welding-machine.jpg","datePublished":"2024-12-30T07:05:39+00:00","dateModified":"2026-02-24T03:55:25+00:00","description":"HKM160D stick welder with compact design and powerful 160A output. Digital Technology. Stick weld 2.6\u20133.2mm. Continuous welding with 3.2mm rods.","breadcrumb":{"@id":"https:\/\/www.hongky.com\/en\/hongky-master-digital-mma-welder-hkm160d\/#breadcrumb"},"inLanguage":"en-US","potentialAction":[{"@type":"ReadAction","target":["https:\/\/www.hongky.com\/en\/hongky-master-digital-mma-welder-hkm160d\/"]}]},{"@type":"ImageObject","inLanguage":"en-US","@id":"https:\/\/www.hongky.com\/en\/hongky-master-digital-mma-welder-hkm160d\/#primaryimage","url":"https:\/\/www.hongky.com\/wp-content\/uploads\/2025\/09\/hong-ky-hkm160d-inverter-welding-machine.jpg","contentUrl":"https:\/\/www.hongky.com\/wp-content\/uploads\/2025\/09\/hong-ky-hkm160d-inverter-welding-machine.jpg","width":2000,"height":1574,"caption":"Hong Ky Master Digital MMA Welder HKM160D"},{"@type":"BreadcrumbList","@id":"https:\/\/www.hongky.com\/en\/hongky-master-digital-mma-welder-hkm160d\/#breadcrumb","itemListElement":[{"@type":"ListItem","position":1,"name":"Home","item":"https:\/\/www.hongky.com\/en\/"},{"@type":"ListItem","position":2,"name":"Shop","item":"https:\/\/www.hongky.com\/en\/shop\/"},{"@type":"ListItem","position":3,"name":"Product","item":"https:\/\/www.hongky.com\/en\/product\/"},{"@type":"ListItem","position":4,"name":"Welding machine, plasma metal cutter","item":"https:\/\/www.hongky.com\/en\/welding-machine-plasma-metal-cutter\/"},{"@type":"ListItem","position":5,"name":"Stick Welding Machine","item":"https:\/\/www.hongky.com\/en\/stick-welding-machine\/"},{"@type":"ListItem","position":6,"name":"Hongky Master Digital MMA Welder HKM160D"}]},{"@type":"WebSite","@id":"https:\/\/www.hongky.com\/en\/#website","url":"https:\/\/www.hongky.com\/en\/","name":"C\u00f4ng ty C\u01a1 Kh\u00ed H\u1ed3ng K\u00fd","description":"Th\u01b0\u01a1ng hi\u1ec7u H\u1ed3ng K\u00fd l\u00e0 s\u1ef1 l\u1ef1a ch\u1ecdn h\u00e0ng \u0111\u1ea7u c\u1ee7a \u0111\u1ed1i t\u00e1c &amp; kh\u00e1ch h\u00e0ng","publisher":{"@id":"https:\/\/www.hongky.com\/en\/#organization"},"potentialAction":[{"@type":"SearchAction","target":{"@type":"EntryPoint","urlTemplate":"https:\/\/www.hongky.com\/en\/?s={search_term_string}"},"query-input":{"@type":"PropertyValueSpecification","valueRequired":true,"valueName":"search_term_string"}}],"inLanguage":"en-US"},{"@type":"Organization","@id":"https:\/\/www.hongky.com\/en\/#organization","name":"C\u00f4ng ty C\u01a1 Kh\u00ed H\u1ed3ng K\u00fd","url":"https:\/\/www.hongky.com\/en\/","logo":{"@type":"ImageObject","inLanguage":"en-US","@id":"https:\/\/www.hongky.com\/en\/#\/schema\/logo\/image\/","url":"https:\/\/www.hongky.com\/wp-content\/uploads\/2025\/06\/cropped-hong-ky-mechanical-company-2.png","contentUrl":"https:\/\/www.hongky.com\/wp-content\/uploads\/2025\/06\/cropped-hong-ky-mechanical-company-2.png","width":849,"height":849,"caption":"C\u00f4ng ty C\u01a1 Kh\u00ed H\u1ed3ng K\u00fd"},"image":{"@id":"https:\/\/www.hongky.com\/en\/#\/schema\/logo\/image\/"},"sameAs":["https:\/\/www.facebook.com\/HongKyMayHan"]}]}},"_links":{"self":[{"href":"https:\/\/www.hongky.com\/en\/wp-json\/wp\/v2\/product\/12243","targetHints":{"allow":["GET"]}}],"collection":[{"href":"https:\/\/www.hongky.com\/en\/wp-json\/wp\/v2\/product"}],"about":[{"href":"https:\/\/www.hongky.com\/en\/wp-json\/wp\/v2\/types\/product"}],"replies":[{"embeddable":true,"href":"https:\/\/www.hongky.com\/en\/wp-json\/wp\/v2\/comments?post=12243"}],"wp:featuredmedia":[{"embeddable":true,"href":"https:\/\/www.hongky.com\/en\/wp-json\/wp\/v2\/media\/7709"}],"wp:attachment":[{"href":"https:\/\/www.hongky.com\/en\/wp-json\/wp\/v2\/media?parent=12243"}],"wp:term":[{"taxonomy":"product_brand","embeddable":true,"href":"https:\/\/www.hongky.com\/en\/wp-json\/wp\/v2\/product_brand?post=12243"},{"taxonomy":"product_cat","embeddable":true,"href":"https:\/\/www.hongky.com\/en\/wp-json\/wp\/v2\/product_cat?post=12243"},{"taxonomy":"product_tag","embeddable":true,"href":"https:\/\/www.hongky.com\/en\/wp-json\/wp\/v2\/product_tag?post=12243"}],"curies":[{"name":"wp","href":"https:\/\/api.w.org\/{rel}","templated":true}]}}