{"id":12593,"date":"2025-10-03T08:34:52","date_gmt":"2025-10-03T01:34:52","guid":{"rendered":"https:\/\/www.hongky.com\/product\/may-han-que-hong-ky-eco-mini-hkm1250f\/"},"modified":"2026-02-24T11:05:21","modified_gmt":"2026-02-24T04:05:21","slug":"hongky-eco-mini-mma-welder-hkm1250f","status":"publish","type":"product","link":"https:\/\/www.hongky.com\/en\/hongky-eco-mini-mma-welder-hkm1250f\/","title":{"rendered":"Hongky Eco Mini MMA Welder HKM1250F"},"content":{"rendered":"<p>Featuring a compact design with a true <b data-path-to-node=\"2\" data-index-in-node=\"78\">125A<\/b> output. Ideal for welding iron, steel, and stainless steel. It supports <b data-path-to-node=\"2\" data-index-in-node=\"155\">2.6mm \u2013 3.2mm<\/b> electrodes and can continuously weld more than <b data-path-to-node=\"2\" data-index-in-node=\"216\">10 units of 2.6mm electrodes<\/b> at an ambient temperature of <b data-path-to-node=\"2\" data-index-in-node=\"274\">30\u00b0C<\/b>.<\/p>\n","protected":false},"excerpt":{"rendered":"<ul>\n<li>IGBT Technology<\/li>\n<li>Stick Weld 2.6\u20133.2<\/li>\n<li>Continuous 2.6 Rod<\/li>\n<li>Quick Arc Start<\/li>\n<li>DIY Home Welding<\/li>\n<\/ul>\n","protected":false},"featured_media":12607,"menu_order":74,"comment_status":"open","ping_status":"closed","template":"","meta":{"_acf_changed":false,"inline_featured_image":false},"product_brand":[2592],"product_cat":[633],"product_tag":[2524,2048,2030,2440],"class_list":{"0":"post-12593","1":"product","2":"type-product","3":"status-publish","4":"has-post-thumbnail","6":"product_brand-master","7":"product_cat-stick-welding-machine","8":"product_tag-hkm1250f-welding-machine","9":"product_tag-mini-mma-welder","10":"product_tag-mini-welder","11":"product_tag-mini-welding-machine","13":"first","14":"instock","15":"shipping-taxable","16":"purchasable","17":"product-type-simple"},"acf":[],"yoast_head":"<!-- This site is optimized with the Yoast SEO plugin v23.7 - https:\/\/yoast.com\/wordpress\/plugins\/seo\/ -->\n<title>Hongky Eco Mini MMA Welder HKM1250F - C\u00f4ng ty C\u01a1 Kh\u00ed H\u1ed3ng K\u00fd<\/title>\n<meta name=\"description\" content=\"Hongky Eco Mini MMA Welder HKM1250F: 125A output, welds 1.6\u20133.2mm rods, continuous 2.6mm welding with 10+ electrodes at 30\u00b0C.\" \/>\n<meta name=\"robots\" content=\"index, follow, max-snippet:-1, max-image-preview:large, max-video-preview:-1\" \/>\n<link rel=\"canonical\" href=\"https:\/\/www.hongky.com\/en\/hongky-eco-mini-mma-welder-hkm1250f\" \/>\n<meta property=\"og:locale\" content=\"en_US\" \/>\n<meta property=\"og:type\" content=\"article\" \/>\n<meta property=\"og:title\" content=\"Hongky Eco Mini MMA Welder HKM1250F - C\u00f4ng ty C\u01a1 Kh\u00ed H\u1ed3ng K\u00fd\" \/>\n<meta property=\"og:description\" content=\"Hongky Eco Mini MMA Welder HKM1250F: 125A output, welds 1.6\u20133.2mm rods, continuous 2.6mm welding with 10+ electrodes at 30\u00b0C.\" \/>\n<meta property=\"og:url\" content=\"https:\/\/www.hongky.com\/en\/hongky-eco-mini-mma-welder-hkm1250f\" \/>\n<meta property=\"og:site_name\" content=\"C\u00f4ng ty C\u01a1 Kh\u00ed H\u1ed3ng K\u00fd\" \/>\n<meta property=\"article:publisher\" content=\"https:\/\/www.facebook.com\/HongKyMayHan\" \/>\n<meta property=\"article:modified_time\" content=\"2026-02-24T04:05:21+00:00\" \/>\n<meta property=\"og:image\" content=\"https:\/\/www.hongky.com\/wp-content\/uploads\/2025\/10\/mini-welding-machine-hkm1250f-hong-ky.png\" \/>\n\t<meta property=\"og:image:width\" content=\"2000\" \/>\n\t<meta property=\"og:image:height\" content=\"1574\" \/>\n\t<meta property=\"og:image:type\" content=\"image\/png\" \/>\n<meta name=\"twitter:card\" content=\"summary_large_image\" \/>\n<meta name=\"twitter:label1\" content=\"Est. reading time\" \/>\n\t<meta name=\"twitter:data1\" content=\"1 minute\" \/>\n<script type=\"application\/ld+json\" class=\"yoast-schema-graph\">{\"@context\":\"https:\/\/schema.org\",\"@graph\":[{\"@type\":\"WebPage\",\"@id\":\"https:\/\/www.hongky.com\/en\/hongky-eco-mini-mma-welder-hkm1250f\/\",\"url\":\"https:\/\/www.hongky.com\/en\/hongky-eco-mini-mma-welder-hkm1250f\/\",\"name\":\"Hongky Eco Mini MMA Welder HKM1250F - C\u00f4ng ty C\u01a1 Kh\u00ed H\u1ed3ng K\u00fd\",\"isPartOf\":{\"@id\":\"https:\/\/www.hongky.com\/en\/#website\"},\"primaryImageOfPage\":{\"@id\":\"https:\/\/www.hongky.com\/en\/hongky-eco-mini-mma-welder-hkm1250f\/#primaryimage\"},\"image\":{\"@id\":\"https:\/\/www.hongky.com\/en\/hongky-eco-mini-mma-welder-hkm1250f\/#primaryimage\"},\"thumbnailUrl\":\"https:\/\/www.hongky.com\/wp-content\/uploads\/2025\/10\/mini-welding-machine-hkm1250f-hong-ky.png\",\"datePublished\":\"2025-10-03T01:34:52+00:00\",\"dateModified\":\"2026-02-24T04:05:21+00:00\",\"description\":\"Hongky Eco Mini MMA Welder HKM1250F: 125A output, welds 1.6\u20133.2mm rods, continuous 2.6mm welding with 10+ electrodes at 30\u00b0C.\",\"breadcrumb\":{\"@id\":\"https:\/\/www.hongky.com\/en\/hongky-eco-mini-mma-welder-hkm1250f\/#breadcrumb\"},\"inLanguage\":\"en-US\",\"potentialAction\":[{\"@type\":\"ReadAction\",\"target\":[\"https:\/\/www.hongky.com\/en\/hongky-eco-mini-mma-welder-hkm1250f\/\"]}]},{\"@type\":\"ImageObject\",\"inLanguage\":\"en-US\",\"@id\":\"https:\/\/www.hongky.com\/en\/hongky-eco-mini-mma-welder-hkm1250f\/#primaryimage\",\"url\":\"https:\/\/www.hongky.com\/wp-content\/uploads\/2025\/10\/mini-welding-machine-hkm1250f-hong-ky.png\",\"contentUrl\":\"https:\/\/www.hongky.com\/wp-content\/uploads\/2025\/10\/mini-welding-machine-hkm1250f-hong-ky.png\",\"width\":2000,\"height\":1574,\"caption\":\"Mini welding machine HKM1250F Hong Ky\"},{\"@type\":\"BreadcrumbList\",\"@id\":\"https:\/\/www.hongky.com\/en\/hongky-eco-mini-mma-welder-hkm1250f\/#breadcrumb\",\"itemListElement\":[{\"@type\":\"ListItem\",\"position\":1,\"name\":\"Home\",\"item\":\"https:\/\/www.hongky.com\/en\/\"},{\"@type\":\"ListItem\",\"position\":2,\"name\":\"Shop\",\"item\":\"https:\/\/www.hongky.com\/en\/shop\/\"},{\"@type\":\"ListItem\",\"position\":3,\"name\":\"Product\",\"item\":\"https:\/\/www.hongky.com\/en\/product\/\"},{\"@type\":\"ListItem\",\"position\":4,\"name\":\"Welding machine, plasma metal cutter\",\"item\":\"https:\/\/www.hongky.com\/en\/welding-machine-plasma-metal-cutter\/\"},{\"@type\":\"ListItem\",\"position\":5,\"name\":\"Stick Welding Machine\",\"item\":\"https:\/\/www.hongky.com\/en\/stick-welding-machine\/\"},{\"@type\":\"ListItem\",\"position\":6,\"name\":\"Hongky Eco Mini MMA Welder HKM1250F\"}]},{\"@type\":\"WebSite\",\"@id\":\"https:\/\/www.hongky.com\/en\/#website\",\"url\":\"https:\/\/www.hongky.com\/en\/\",\"name\":\"C\u00f4ng ty C\u01a1 Kh\u00ed H\u1ed3ng K\u00fd\",\"description\":\"Th\u01b0\u01a1ng hi\u1ec7u H\u1ed3ng K\u00fd l\u00e0 s\u1ef1 l\u1ef1a ch\u1ecdn h\u00e0ng \u0111\u1ea7u c\u1ee7a \u0111\u1ed1i t\u00e1c &amp; kh\u00e1ch h\u00e0ng\",\"publisher\":{\"@id\":\"https:\/\/www.hongky.com\/en\/#organization\"},\"potentialAction\":[{\"@type\":\"SearchAction\",\"target\":{\"@type\":\"EntryPoint\",\"urlTemplate\":\"https:\/\/www.hongky.com\/en\/?s={search_term_string}\"},\"query-input\":{\"@type\":\"PropertyValueSpecification\",\"valueRequired\":true,\"valueName\":\"search_term_string\"}}],\"inLanguage\":\"en-US\"},{\"@type\":\"Organization\",\"@id\":\"https:\/\/www.hongky.com\/en\/#organization\",\"name\":\"C\u00f4ng ty C\u01a1 Kh\u00ed H\u1ed3ng K\u00fd\",\"url\":\"https:\/\/www.hongky.com\/en\/\",\"logo\":{\"@type\":\"ImageObject\",\"inLanguage\":\"en-US\",\"@id\":\"https:\/\/www.hongky.com\/en\/#\/schema\/logo\/image\/\",\"url\":\"https:\/\/www.hongky.com\/wp-content\/uploads\/2025\/06\/cropped-hong-ky-mechanical-company-2.png\",\"contentUrl\":\"https:\/\/www.hongky.com\/wp-content\/uploads\/2025\/06\/cropped-hong-ky-mechanical-company-2.png\",\"width\":849,\"height\":849,\"caption\":\"C\u00f4ng ty C\u01a1 Kh\u00ed H\u1ed3ng K\u00fd\"},\"image\":{\"@id\":\"https:\/\/www.hongky.com\/en\/#\/schema\/logo\/image\/\"},\"sameAs\":[\"https:\/\/www.facebook.com\/HongKyMayHan\"]}]}<\/script>\n<!-- \/ Yoast SEO plugin. -->","yoast_head_json":{"title":"Hongky Eco Mini MMA Welder HKM1250F - C\u00f4ng ty C\u01a1 Kh\u00ed H\u1ed3ng K\u00fd","description":"Hongky Eco Mini MMA Welder HKM1250F: 125A output, welds 1.6\u20133.2mm rods, continuous 2.6mm welding with 10+ electrodes at 30\u00b0C.","robots":{"index":"index","follow":"follow","max-snippet":"max-snippet:-1","max-image-preview":"max-image-preview:large","max-video-preview":"max-video-preview:-1"},"canonical":"https:\/\/www.hongky.com\/en\/hongky-eco-mini-mma-welder-hkm1250f","og_locale":"en_US","og_type":"article","og_title":"Hongky Eco Mini MMA Welder HKM1250F - C\u00f4ng ty C\u01a1 Kh\u00ed H\u1ed3ng K\u00fd","og_description":"Hongky Eco Mini MMA Welder HKM1250F: 125A output, welds 1.6\u20133.2mm rods, continuous 2.6mm welding with 10+ electrodes at 30\u00b0C.","og_url":"https:\/\/www.hongky.com\/en\/hongky-eco-mini-mma-welder-hkm1250f","og_site_name":"C\u00f4ng ty C\u01a1 Kh\u00ed H\u1ed3ng K\u00fd","article_publisher":"https:\/\/www.facebook.com\/HongKyMayHan","article_modified_time":"2026-02-24T04:05:21+00:00","og_image":[{"width":2000,"height":1574,"url":"https:\/\/www.hongky.com\/wp-content\/uploads\/2025\/10\/mini-welding-machine-hkm1250f-hong-ky.png","type":"image\/png"}],"twitter_card":"summary_large_image","twitter_misc":{"Est. reading time":"1 minute"},"schema":{"@context":"https:\/\/schema.org","@graph":[{"@type":"WebPage","@id":"https:\/\/www.hongky.com\/en\/hongky-eco-mini-mma-welder-hkm1250f\/","url":"https:\/\/www.hongky.com\/en\/hongky-eco-mini-mma-welder-hkm1250f\/","name":"Hongky Eco Mini MMA Welder HKM1250F - C\u00f4ng ty C\u01a1 Kh\u00ed H\u1ed3ng K\u00fd","isPartOf":{"@id":"https:\/\/www.hongky.com\/en\/#website"},"primaryImageOfPage":{"@id":"https:\/\/www.hongky.com\/en\/hongky-eco-mini-mma-welder-hkm1250f\/#primaryimage"},"image":{"@id":"https:\/\/www.hongky.com\/en\/hongky-eco-mini-mma-welder-hkm1250f\/#primaryimage"},"thumbnailUrl":"https:\/\/www.hongky.com\/wp-content\/uploads\/2025\/10\/mini-welding-machine-hkm1250f-hong-ky.png","datePublished":"2025-10-03T01:34:52+00:00","dateModified":"2026-02-24T04:05:21+00:00","description":"Hongky Eco Mini MMA Welder HKM1250F: 125A output, welds 1.6\u20133.2mm rods, continuous 2.6mm welding with 10+ electrodes at 30\u00b0C.","breadcrumb":{"@id":"https:\/\/www.hongky.com\/en\/hongky-eco-mini-mma-welder-hkm1250f\/#breadcrumb"},"inLanguage":"en-US","potentialAction":[{"@type":"ReadAction","target":["https:\/\/www.hongky.com\/en\/hongky-eco-mini-mma-welder-hkm1250f\/"]}]},{"@type":"ImageObject","inLanguage":"en-US","@id":"https:\/\/www.hongky.com\/en\/hongky-eco-mini-mma-welder-hkm1250f\/#primaryimage","url":"https:\/\/www.hongky.com\/wp-content\/uploads\/2025\/10\/mini-welding-machine-hkm1250f-hong-ky.png","contentUrl":"https:\/\/www.hongky.com\/wp-content\/uploads\/2025\/10\/mini-welding-machine-hkm1250f-hong-ky.png","width":2000,"height":1574,"caption":"Mini welding machine HKM1250F Hong Ky"},{"@type":"BreadcrumbList","@id":"https:\/\/www.hongky.com\/en\/hongky-eco-mini-mma-welder-hkm1250f\/#breadcrumb","itemListElement":[{"@type":"ListItem","position":1,"name":"Home","item":"https:\/\/www.hongky.com\/en\/"},{"@type":"ListItem","position":2,"name":"Shop","item":"https:\/\/www.hongky.com\/en\/shop\/"},{"@type":"ListItem","position":3,"name":"Product","item":"https:\/\/www.hongky.com\/en\/product\/"},{"@type":"ListItem","position":4,"name":"Welding machine, plasma metal cutter","item":"https:\/\/www.hongky.com\/en\/welding-machine-plasma-metal-cutter\/"},{"@type":"ListItem","position":5,"name":"Stick Welding Machine","item":"https:\/\/www.hongky.com\/en\/stick-welding-machine\/"},{"@type":"ListItem","position":6,"name":"Hongky Eco Mini MMA Welder HKM1250F"}]},{"@type":"WebSite","@id":"https:\/\/www.hongky.com\/en\/#website","url":"https:\/\/www.hongky.com\/en\/","name":"C\u00f4ng ty C\u01a1 Kh\u00ed H\u1ed3ng K\u00fd","description":"Th\u01b0\u01a1ng hi\u1ec7u H\u1ed3ng K\u00fd l\u00e0 s\u1ef1 l\u1ef1a ch\u1ecdn h\u00e0ng \u0111\u1ea7u c\u1ee7a \u0111\u1ed1i t\u00e1c &amp; kh\u00e1ch h\u00e0ng","publisher":{"@id":"https:\/\/www.hongky.com\/en\/#organization"},"potentialAction":[{"@type":"SearchAction","target":{"@type":"EntryPoint","urlTemplate":"https:\/\/www.hongky.com\/en\/?s={search_term_string}"},"query-input":{"@type":"PropertyValueSpecification","valueRequired":true,"valueName":"search_term_string"}}],"inLanguage":"en-US"},{"@type":"Organization","@id":"https:\/\/www.hongky.com\/en\/#organization","name":"C\u00f4ng ty C\u01a1 Kh\u00ed H\u1ed3ng K\u00fd","url":"https:\/\/www.hongky.com\/en\/","logo":{"@type":"ImageObject","inLanguage":"en-US","@id":"https:\/\/www.hongky.com\/en\/#\/schema\/logo\/image\/","url":"https:\/\/www.hongky.com\/wp-content\/uploads\/2025\/06\/cropped-hong-ky-mechanical-company-2.png","contentUrl":"https:\/\/www.hongky.com\/wp-content\/uploads\/2025\/06\/cropped-hong-ky-mechanical-company-2.png","width":849,"height":849,"caption":"C\u00f4ng ty C\u01a1 Kh\u00ed H\u1ed3ng K\u00fd"},"image":{"@id":"https:\/\/www.hongky.com\/en\/#\/schema\/logo\/image\/"},"sameAs":["https:\/\/www.facebook.com\/HongKyMayHan"]}]}},"_links":{"self":[{"href":"https:\/\/www.hongky.com\/en\/wp-json\/wp\/v2\/product\/12593","targetHints":{"allow":["GET"]}}],"collection":[{"href":"https:\/\/www.hongky.com\/en\/wp-json\/wp\/v2\/product"}],"about":[{"href":"https:\/\/www.hongky.com\/en\/wp-json\/wp\/v2\/types\/product"}],"replies":[{"embeddable":true,"href":"https:\/\/www.hongky.com\/en\/wp-json\/wp\/v2\/comments?post=12593"}],"wp:featuredmedia":[{"embeddable":true,"href":"https:\/\/www.hongky.com\/en\/wp-json\/wp\/v2\/media\/12607"}],"wp:attachment":[{"href":"https:\/\/www.hongky.com\/en\/wp-json\/wp\/v2\/media?parent=12593"}],"wp:term":[{"taxonomy":"product_brand","embeddable":true,"href":"https:\/\/www.hongky.com\/en\/wp-json\/wp\/v2\/product_brand?post=12593"},{"taxonomy":"product_cat","embeddable":true,"href":"https:\/\/www.hongky.com\/en\/wp-json\/wp\/v2\/product_cat?post=12593"},{"taxonomy":"product_tag","embeddable":true,"href":"https:\/\/www.hongky.com\/en\/wp-json\/wp\/v2\/product_tag?post=12593"}],"curies":[{"name":"wp","href":"https:\/\/api.w.org\/{rel}","templated":true}]}}