{"id":12901,"date":"2025-11-06T11:52:05","date_gmt":"2025-11-06T04:52:05","guid":{"rendered":"https:\/\/www.hongky.com\/?post_type=product&#038;p=12901"},"modified":"2026-01-14T17:25:15","modified_gmt":"2026-01-14T10:25:15","slug":"kb120c-bench-drill-press","status":"publish","type":"product","link":"https:\/\/www.hongky.com\/en\/kb120c-bench-drill-press\/","title":{"rendered":"KB120C bench drill press"},"content":{"rendered":"<p><span data-path-to-node=\"2,0\"><span class=\"citation-829\">The Hong Ky KB120C bench drill press stands 1.2m tall with a powerful 375W motor, capable of drilling diameters from \u00d83 to \u00d816\/25mm<\/span><\/span><span data-path-to-node=\"2,1\"><span class=\"citation-829 citation-end-829\"><source-footnote ng-version=\"0.0.0-PLACEHOLDER\" _nghost-ng-c1831629214=\"\"><sup _ngcontent-ng-c1831629214=\"\" class=\"superscript\" data-turn-source-index=\"1\"><\/sup><\/source-footnote><source-footnote ng-version=\"0.0.0-PLACEHOLDER\" _nghost-ng-c1831629214=\"\"><sup _ngcontent-ng-c1831629214=\"\" class=\"superscript\" data-turn-source-index=\"1\"><\/sup><\/source-footnote><source-footnote ng-version=\"0.0.0-PLACEHOLDER\" _nghost-ng-c1831629214=\"\"><sup _ngcontent-ng-c1831629214=\"\" class=\"superscript\" data-turn-source-index=\"1\"><\/sup><\/source-footnote><source-footnote ng-version=\"0.0.0-PLACEHOLDER\" _nghost-ng-c1831629214=\"\"><sup _ngcontent-ng-c1831629214=\"\" class=\"superscript\" data-turn-source-index=\"1\"><\/sup><\/source-footnote><\/span><\/span><span data-path-to-node=\"2,2\">. <\/span><span data-path-to-node=\"2,3\"><span class=\"citation-828\"><\/span><\/span><span data-path-to-node=\"2,4\"><span class=\"citation-828\">It achieves high precision up to 0.05 mm <\/span><\/span><span data-path-to-node=\"2,5\"><span class=\"citation-828 citation-end-828\"><source-footnote ng-version=\"0.0.0-PLACEHOLDER\" _nghost-ng-c1831629214=\"\"><sup _ngcontent-ng-c1831629214=\"\" class=\"superscript\" data-turn-source-index=\"2\"><\/sup><\/source-footnote><\/span><\/span><span data-path-to-node=\"2,6\"><span class=\"citation-827\"><\/span><\/span><span data-path-to-node=\"2,7\"><span class=\"citation-827\">thanks to modern Japanese CNC machining<\/span><\/span><span data-path-to-node=\"2,8\"><span class=\"citation-827 citation-end-827\"><source-footnote ng-version=\"0.0.0-PLACEHOLDER\" _nghost-ng-c1831629214=\"\"><sup _ngcontent-ng-c1831629214=\"\" class=\"superscript\" data-turn-source-index=\"3\"><\/sup><\/source-footnote><\/span><\/span><span data-path-to-node=\"2,9\">. <\/span><span data-path-to-node=\"2,10\"><span class=\"citation-826\"><\/span><\/span><span data-path-to-node=\"2,11\"><span class=\"citation-826\">Built with a durable S45C steel spindle <\/span><\/span><span data-path-to-node=\"2,12\"><span class=\"citation-826 citation-end-826\"><source-footnote ng-version=\"0.0.0-PLACEHOLDER\" _nghost-ng-c1831629214=\"\"><sup _ngcontent-ng-c1831629214=\"\" class=\"superscript\" data-turn-source-index=\"4\"><\/sup><\/source-footnote><\/span><\/span><span data-path-to-node=\"2,13\"><span class=\"citation-825\"><\/span><\/span><span data-path-to-node=\"2,14\"><span class=\"citation-825\">, this machine is ideal for small-scale production and households <\/span><\/span><span data-path-to-node=\"2,15\"><span class=\"citation-825 citation-end-825\"><source-footnote ng-version=\"0.0.0-PLACEHOLDER\" _nghost-ng-c1831629214=\"\"><sup _ngcontent-ng-c1831629214=\"\" class=\"superscript\" data-turn-source-index=\"5\"><\/sup><\/source-footnote><source-footnote ng-version=\"0.0.0-PLACEHOLDER\" _nghost-ng-c1831629214=\"\"><sup _ngcontent-ng-c1831629214=\"\" class=\"superscript\" data-turn-source-index=\"5\"><\/sup><\/source-footnote><source-footnote ng-version=\"0.0.0-PLACEHOLDER\" _nghost-ng-c1831629214=\"\"><sup _ngcontent-ng-c1831629214=\"\" class=\"superscript\" data-turn-source-index=\"5\"><\/sup><\/source-footnote><source-footnote ng-version=\"0.0.0-PLACEHOLDER\" _nghost-ng-c1831629214=\"\"><sup _ngcontent-ng-c1831629214=\"\" class=\"superscript\" data-turn-source-index=\"5\"><\/sup><\/source-footnote><\/span><\/span><span data-path-to-node=\"2,16\"><span class=\"citation-824\"><\/span><\/span><span data-path-to-node=\"2,17\"><span class=\"citation-824\">with a low investment cost<\/span><\/span><span data-path-to-node=\"2,18\"><span class=\"citation-824 citation-end-824\"><source-footnote ng-version=\"0.0.0-PLACEHOLDER\" _nghost-ng-c1831629214=\"\"><sup _ngcontent-ng-c1831629214=\"\" class=\"superscript\" data-turn-source-index=\"6\"><\/sup><\/source-footnote><source-footnote ng-version=\"0.0.0-PLACEHOLDER\" _nghost-ng-c1831629214=\"\"><sup _ngcontent-ng-c1831629214=\"\" class=\"superscript\" data-turn-source-index=\"6\"><\/sup><\/source-footnote><source-footnote ng-version=\"0.0.0-PLACEHOLDER\" _nghost-ng-c1831629214=\"\"><sup _ngcontent-ng-c1831629214=\"\" class=\"superscript\" data-turn-source-index=\"6\"><\/sup><\/source-footnote><source-footnote ng-version=\"0.0.0-PLACEHOLDER\" _nghost-ng-c1831629214=\"\"><sup _ngcontent-ng-c1831629214=\"\" class=\"superscript\" data-turn-source-index=\"6\"><\/sup><\/source-footnote><\/span><\/span><span data-path-to-node=\"2,19\">.<\/span><\/p>\n","protected":false},"excerpt":{"rendered":"<ul>\n<li style=\"text-align: justify;\">Stroke 80mm<\/li>\n<li style=\"text-align: justify;\">Cap \u00d83 &#8211; \u00d816\/25<\/li>\n<li style=\"text-align: justify;\">Prec 0.05mm<\/li>\n<li style=\"text-align: justify;\">S45C steel spindle<\/li>\n<li style=\"text-align: justify;\">Multi material<\/li>\n<\/ul>\n","protected":false},"featured_media":12873,"menu_order":501,"comment_status":"open","ping_status":"closed","template":"","meta":{"_acf_changed":false,"inline_featured_image":false},"product_brand":[],"product_cat":[599,674],"product_tag":[2550],"class_list":{"0":"post-12901","1":"product","2":"type-product","3":"status-publish","4":"has-post-thumbnail","6":"product_cat-drilling-cutting-taro-machine","7":"product_cat-drill-press-1-2m-15m","8":"product_tag-kb120c-en","10":"first","11":"instock","12":"shipping-taxable","13":"purchasable","14":"product-type-simple"},"acf":[],"yoast_head":"<!-- This site is optimized with the Yoast SEO plugin v23.7 - https:\/\/yoast.com\/wordpress\/plugins\/seo\/ -->\n<title>KB120C bench drill press - C\u00f4ng ty C\u01a1 Kh\u00ed H\u1ed3ng K\u00fd<\/title>\n<meta name=\"description\" content=\"Hong Ky KB120C bench drill press with 80mm drilling depth and powerful capacity, providing fast circular hole processing on various materials. Check out this best-priced bench drill now!\" \/>\n<meta name=\"robots\" content=\"index, follow, max-snippet:-1, max-image-preview:large, max-video-preview:-1\" \/>\n<link rel=\"canonical\" href=\"https:\/\/www.hongky.com\/en\/kb120c-bench-drill-press\" \/>\n<meta property=\"og:locale\" content=\"en_US\" \/>\n<meta property=\"og:type\" content=\"article\" \/>\n<meta property=\"og:title\" content=\"KB120C bench drill press - C\u00f4ng ty C\u01a1 Kh\u00ed H\u1ed3ng K\u00fd\" \/>\n<meta property=\"og:description\" content=\"Hong Ky KB120C bench drill press with 80mm drilling depth and powerful capacity, providing fast circular hole processing on various materials. Check out this best-priced bench drill now!\" \/>\n<meta property=\"og:url\" content=\"https:\/\/www.hongky.com\/en\/kb120c-bench-drill-press\" \/>\n<meta property=\"og:site_name\" content=\"C\u00f4ng ty C\u01a1 Kh\u00ed H\u1ed3ng K\u00fd\" \/>\n<meta property=\"article:publisher\" content=\"https:\/\/www.facebook.com\/HongKyMayHan\" \/>\n<meta property=\"article:modified_time\" content=\"2026-01-14T10:25:15+00:00\" \/>\n<meta property=\"og:image\" content=\"https:\/\/www.hongky.com\/wp-content\/uploads\/2024\/10\/may-khoan-ban-hong-ky-1m2-mui-3-16-25mm-kb120c.jpg\" \/>\n\t<meta property=\"og:image:width\" content=\"2000\" \/>\n\t<meta property=\"og:image:height\" content=\"1574\" \/>\n\t<meta property=\"og:image:type\" content=\"image\/jpeg\" \/>\n<meta name=\"twitter:card\" content=\"summary_large_image\" \/>\n<meta name=\"twitter:label1\" content=\"Est. reading time\" \/>\n\t<meta name=\"twitter:data1\" content=\"1 minute\" \/>\n<script type=\"application\/ld+json\" class=\"yoast-schema-graph\">{\"@context\":\"https:\/\/schema.org\",\"@graph\":[{\"@type\":\"WebPage\",\"@id\":\"https:\/\/www.hongky.com\/en\/kb120c-bench-drill-press\/\",\"url\":\"https:\/\/www.hongky.com\/en\/kb120c-bench-drill-press\/\",\"name\":\"KB120C bench drill press - C\u00f4ng ty C\u01a1 Kh\u00ed H\u1ed3ng K\u00fd\",\"isPartOf\":{\"@id\":\"https:\/\/www.hongky.com\/en\/#website\"},\"primaryImageOfPage\":{\"@id\":\"https:\/\/www.hongky.com\/en\/kb120c-bench-drill-press\/#primaryimage\"},\"image\":{\"@id\":\"https:\/\/www.hongky.com\/en\/kb120c-bench-drill-press\/#primaryimage\"},\"thumbnailUrl\":\"https:\/\/www.hongky.com\/wp-content\/uploads\/2024\/10\/may-khoan-ban-hong-ky-1m2-mui-3-16-25mm-kb120c.jpg\",\"datePublished\":\"2025-11-06T04:52:05+00:00\",\"dateModified\":\"2026-01-14T10:25:15+00:00\",\"description\":\"Hong Ky KB120C bench drill press with 80mm drilling depth and powerful capacity, providing fast circular hole processing on various materials. Check out this best-priced bench drill now!\",\"breadcrumb\":{\"@id\":\"https:\/\/www.hongky.com\/en\/kb120c-bench-drill-press\/#breadcrumb\"},\"inLanguage\":\"en-US\",\"potentialAction\":[{\"@type\":\"ReadAction\",\"target\":[\"https:\/\/www.hongky.com\/en\/kb120c-bench-drill-press\/\"]}]},{\"@type\":\"ImageObject\",\"inLanguage\":\"en-US\",\"@id\":\"https:\/\/www.hongky.com\/en\/kb120c-bench-drill-press\/#primaryimage\",\"url\":\"https:\/\/www.hongky.com\/wp-content\/uploads\/2024\/10\/may-khoan-ban-hong-ky-1m2-mui-3-16-25mm-kb120c.jpg\",\"contentUrl\":\"https:\/\/www.hongky.com\/wp-content\/uploads\/2024\/10\/may-khoan-ban-hong-ky-1m2-mui-3-16-25mm-kb120c.jpg\",\"width\":2000,\"height\":1574,\"caption\":\"m\u00e1y khoan b\u00e0n H\u1ed3ng K\u00fd 1m2 m\u0169i 3\u201316\u201325mm KB120C\"},{\"@type\":\"BreadcrumbList\",\"@id\":\"https:\/\/www.hongky.com\/en\/kb120c-bench-drill-press\/#breadcrumb\",\"itemListElement\":[{\"@type\":\"ListItem\",\"position\":1,\"name\":\"Home\",\"item\":\"https:\/\/www.hongky.com\/en\/\"},{\"@type\":\"ListItem\",\"position\":2,\"name\":\"Shop\",\"item\":\"https:\/\/www.hongky.com\/en\/shop\/\"},{\"@type\":\"ListItem\",\"position\":3,\"name\":\"Product\",\"item\":\"https:\/\/www.hongky.com\/en\/product\/\"},{\"@type\":\"ListItem\",\"position\":4,\"name\":\"Drill - Cutting - Taro Machines\",\"item\":\"https:\/\/www.hongky.com\/en\/drill-cutting-taro-machines\/\"},{\"@type\":\"ListItem\",\"position\":5,\"name\":\"Drill Press 1.2m - 1,5m\",\"item\":\"https:\/\/www.hongky.com\/en\/drill-press-12m-15m\/\"},{\"@type\":\"ListItem\",\"position\":6,\"name\":\"KB120C bench drill press\"}]},{\"@type\":\"WebSite\",\"@id\":\"https:\/\/www.hongky.com\/en\/#website\",\"url\":\"https:\/\/www.hongky.com\/en\/\",\"name\":\"C\u00f4ng ty C\u01a1 Kh\u00ed H\u1ed3ng K\u00fd\",\"description\":\"Th\u01b0\u01a1ng hi\u1ec7u H\u1ed3ng K\u00fd l\u00e0 s\u1ef1 l\u1ef1a ch\u1ecdn h\u00e0ng \u0111\u1ea7u c\u1ee7a \u0111\u1ed1i t\u00e1c &amp; kh\u00e1ch h\u00e0ng\",\"publisher\":{\"@id\":\"https:\/\/www.hongky.com\/en\/#organization\"},\"potentialAction\":[{\"@type\":\"SearchAction\",\"target\":{\"@type\":\"EntryPoint\",\"urlTemplate\":\"https:\/\/www.hongky.com\/en\/?s={search_term_string}\"},\"query-input\":{\"@type\":\"PropertyValueSpecification\",\"valueRequired\":true,\"valueName\":\"search_term_string\"}}],\"inLanguage\":\"en-US\"},{\"@type\":\"Organization\",\"@id\":\"https:\/\/www.hongky.com\/en\/#organization\",\"name\":\"C\u00f4ng ty C\u01a1 Kh\u00ed H\u1ed3ng K\u00fd\",\"url\":\"https:\/\/www.hongky.com\/en\/\",\"logo\":{\"@type\":\"ImageObject\",\"inLanguage\":\"en-US\",\"@id\":\"https:\/\/www.hongky.com\/en\/#\/schema\/logo\/image\/\",\"url\":\"https:\/\/www.hongky.com\/wp-content\/uploads\/2025\/06\/cropped-hong-ky-mechanical-company-2.png\",\"contentUrl\":\"https:\/\/www.hongky.com\/wp-content\/uploads\/2025\/06\/cropped-hong-ky-mechanical-company-2.png\",\"width\":849,\"height\":849,\"caption\":\"C\u00f4ng ty C\u01a1 Kh\u00ed H\u1ed3ng K\u00fd\"},\"image\":{\"@id\":\"https:\/\/www.hongky.com\/en\/#\/schema\/logo\/image\/\"},\"sameAs\":[\"https:\/\/www.facebook.com\/HongKyMayHan\"]}]}<\/script>\n<!-- \/ Yoast SEO plugin. -->","yoast_head_json":{"title":"KB120C bench drill press - C\u00f4ng ty C\u01a1 Kh\u00ed H\u1ed3ng K\u00fd","description":"Hong Ky KB120C bench drill press with 80mm drilling depth and powerful capacity, providing fast circular hole processing on various materials. Check out this best-priced bench drill now!","robots":{"index":"index","follow":"follow","max-snippet":"max-snippet:-1","max-image-preview":"max-image-preview:large","max-video-preview":"max-video-preview:-1"},"canonical":"https:\/\/www.hongky.com\/en\/kb120c-bench-drill-press","og_locale":"en_US","og_type":"article","og_title":"KB120C bench drill press - C\u00f4ng ty C\u01a1 Kh\u00ed H\u1ed3ng K\u00fd","og_description":"Hong Ky KB120C bench drill press with 80mm drilling depth and powerful capacity, providing fast circular hole processing on various materials. Check out this best-priced bench drill now!","og_url":"https:\/\/www.hongky.com\/en\/kb120c-bench-drill-press","og_site_name":"C\u00f4ng ty C\u01a1 Kh\u00ed H\u1ed3ng K\u00fd","article_publisher":"https:\/\/www.facebook.com\/HongKyMayHan","article_modified_time":"2026-01-14T10:25:15+00:00","og_image":[{"width":2000,"height":1574,"url":"https:\/\/www.hongky.com\/wp-content\/uploads\/2024\/10\/may-khoan-ban-hong-ky-1m2-mui-3-16-25mm-kb120c.jpg","type":"image\/jpeg"}],"twitter_card":"summary_large_image","twitter_misc":{"Est. reading time":"1 minute"},"schema":{"@context":"https:\/\/schema.org","@graph":[{"@type":"WebPage","@id":"https:\/\/www.hongky.com\/en\/kb120c-bench-drill-press\/","url":"https:\/\/www.hongky.com\/en\/kb120c-bench-drill-press\/","name":"KB120C bench drill press - C\u00f4ng ty C\u01a1 Kh\u00ed H\u1ed3ng K\u00fd","isPartOf":{"@id":"https:\/\/www.hongky.com\/en\/#website"},"primaryImageOfPage":{"@id":"https:\/\/www.hongky.com\/en\/kb120c-bench-drill-press\/#primaryimage"},"image":{"@id":"https:\/\/www.hongky.com\/en\/kb120c-bench-drill-press\/#primaryimage"},"thumbnailUrl":"https:\/\/www.hongky.com\/wp-content\/uploads\/2024\/10\/may-khoan-ban-hong-ky-1m2-mui-3-16-25mm-kb120c.jpg","datePublished":"2025-11-06T04:52:05+00:00","dateModified":"2026-01-14T10:25:15+00:00","description":"Hong Ky KB120C bench drill press with 80mm drilling depth and powerful capacity, providing fast circular hole processing on various materials. Check out this best-priced bench drill now!","breadcrumb":{"@id":"https:\/\/www.hongky.com\/en\/kb120c-bench-drill-press\/#breadcrumb"},"inLanguage":"en-US","potentialAction":[{"@type":"ReadAction","target":["https:\/\/www.hongky.com\/en\/kb120c-bench-drill-press\/"]}]},{"@type":"ImageObject","inLanguage":"en-US","@id":"https:\/\/www.hongky.com\/en\/kb120c-bench-drill-press\/#primaryimage","url":"https:\/\/www.hongky.com\/wp-content\/uploads\/2024\/10\/may-khoan-ban-hong-ky-1m2-mui-3-16-25mm-kb120c.jpg","contentUrl":"https:\/\/www.hongky.com\/wp-content\/uploads\/2024\/10\/may-khoan-ban-hong-ky-1m2-mui-3-16-25mm-kb120c.jpg","width":2000,"height":1574,"caption":"m\u00e1y khoan b\u00e0n H\u1ed3ng K\u00fd 1m2 m\u0169i 3\u201316\u201325mm KB120C"},{"@type":"BreadcrumbList","@id":"https:\/\/www.hongky.com\/en\/kb120c-bench-drill-press\/#breadcrumb","itemListElement":[{"@type":"ListItem","position":1,"name":"Home","item":"https:\/\/www.hongky.com\/en\/"},{"@type":"ListItem","position":2,"name":"Shop","item":"https:\/\/www.hongky.com\/en\/shop\/"},{"@type":"ListItem","position":3,"name":"Product","item":"https:\/\/www.hongky.com\/en\/product\/"},{"@type":"ListItem","position":4,"name":"Drill - Cutting - Taro Machines","item":"https:\/\/www.hongky.com\/en\/drill-cutting-taro-machines\/"},{"@type":"ListItem","position":5,"name":"Drill Press 1.2m - 1,5m","item":"https:\/\/www.hongky.com\/en\/drill-press-12m-15m\/"},{"@type":"ListItem","position":6,"name":"KB120C bench drill press"}]},{"@type":"WebSite","@id":"https:\/\/www.hongky.com\/en\/#website","url":"https:\/\/www.hongky.com\/en\/","name":"C\u00f4ng ty C\u01a1 Kh\u00ed H\u1ed3ng K\u00fd","description":"Th\u01b0\u01a1ng hi\u1ec7u H\u1ed3ng K\u00fd l\u00e0 s\u1ef1 l\u1ef1a ch\u1ecdn h\u00e0ng \u0111\u1ea7u c\u1ee7a \u0111\u1ed1i t\u00e1c &amp; kh\u00e1ch h\u00e0ng","publisher":{"@id":"https:\/\/www.hongky.com\/en\/#organization"},"potentialAction":[{"@type":"SearchAction","target":{"@type":"EntryPoint","urlTemplate":"https:\/\/www.hongky.com\/en\/?s={search_term_string}"},"query-input":{"@type":"PropertyValueSpecification","valueRequired":true,"valueName":"search_term_string"}}],"inLanguage":"en-US"},{"@type":"Organization","@id":"https:\/\/www.hongky.com\/en\/#organization","name":"C\u00f4ng ty C\u01a1 Kh\u00ed H\u1ed3ng K\u00fd","url":"https:\/\/www.hongky.com\/en\/","logo":{"@type":"ImageObject","inLanguage":"en-US","@id":"https:\/\/www.hongky.com\/en\/#\/schema\/logo\/image\/","url":"https:\/\/www.hongky.com\/wp-content\/uploads\/2025\/06\/cropped-hong-ky-mechanical-company-2.png","contentUrl":"https:\/\/www.hongky.com\/wp-content\/uploads\/2025\/06\/cropped-hong-ky-mechanical-company-2.png","width":849,"height":849,"caption":"C\u00f4ng ty C\u01a1 Kh\u00ed H\u1ed3ng K\u00fd"},"image":{"@id":"https:\/\/www.hongky.com\/en\/#\/schema\/logo\/image\/"},"sameAs":["https:\/\/www.facebook.com\/HongKyMayHan"]}]}},"_links":{"self":[{"href":"https:\/\/www.hongky.com\/en\/wp-json\/wp\/v2\/product\/12901","targetHints":{"allow":["GET"]}}],"collection":[{"href":"https:\/\/www.hongky.com\/en\/wp-json\/wp\/v2\/product"}],"about":[{"href":"https:\/\/www.hongky.com\/en\/wp-json\/wp\/v2\/types\/product"}],"replies":[{"embeddable":true,"href":"https:\/\/www.hongky.com\/en\/wp-json\/wp\/v2\/comments?post=12901"}],"wp:featuredmedia":[{"embeddable":true,"href":"https:\/\/www.hongky.com\/en\/wp-json\/wp\/v2\/media\/12873"}],"wp:attachment":[{"href":"https:\/\/www.hongky.com\/en\/wp-json\/wp\/v2\/media?parent=12901"}],"wp:term":[{"taxonomy":"product_brand","embeddable":true,"href":"https:\/\/www.hongky.com\/en\/wp-json\/wp\/v2\/product_brand?post=12901"},{"taxonomy":"product_cat","embeddable":true,"href":"https:\/\/www.hongky.com\/en\/wp-json\/wp\/v2\/product_cat?post=12901"},{"taxonomy":"product_tag","embeddable":true,"href":"https:\/\/www.hongky.com\/en\/wp-json\/wp\/v2\/product_tag?post=12901"}],"curies":[{"name":"wp","href":"https:\/\/api.w.org\/{rel}","templated":true}]}}