{"id":14263,"date":"2026-04-14T14:32:23","date_gmt":"2026-04-14T07:32:23","guid":{"rendered":"https:\/\/www.hongky.com\/product\/may-can-ong-thep-hk-s127\/"},"modified":"2026-04-17T16:23:10","modified_gmt":"2026-04-17T09:23:10","slug":"tube-mill-line-hk-s127","status":"publish","type":"product","link":"https:\/\/www.hongky.com\/en\/tube-mill-line-hk-s127\/","title":{"rendered":"Tube mill line HK-S127"},"content":{"rendered":"<p>HK-S127 steel tube mill produces round pipes \u00d832\u2013127mm, square pipes 25&#215;25\u2013100x100mm, and rectangular pipes 30&#215;60\u201350x150mm with wall thickness 1.0\u20132.0mm, using galvanized steel and hot-rolled steel.<\/p>\n","protected":false},"excerpt":{"rendered":"<ul>\n<li><span>Round pipe \u00d832\u2013127<\/span><\/li>\n<li><span>Square pipe 25\u2013100<\/span><\/li>\n<li><span>Rectangular 30\u2013150<\/span><\/li>\n<li><span>Thickness 1.0\u20132.0mm<\/span><\/li>\n<li><span>Galvanized &amp; hot-rolled<\/span><\/li>\n<\/ul>\n","protected":false},"featured_media":14330,"menu_order":402,"comment_status":"open","ping_status":"closed","template":"","meta":{"_acf_changed":false,"inline_featured_image":false},"product_brand":[],"product_cat":[598,1418,1089],"product_tag":[],"class_list":{"0":"post-14263","1":"product","2":"type-product","3":"status-publish","4":"has-post-thumbnail","6":"product_cat-product","7":"product_cat-steel-processing-line","8":"product_cat-tube-mill-line","10":"first","11":"instock","12":"shipping-taxable","13":"product-type-simple"},"acf":[],"yoast_head":"<!-- This site is optimized with the Yoast SEO plugin v23.7 - https:\/\/yoast.com\/wordpress\/plugins\/seo\/ -->\n<title>Tube mill line HK-S127 - C\u00f4ng ty C\u01a1 Kh\u00ed H\u1ed3ng K\u00fd<\/title>\n<meta name=\"description\" content=\"HK-S127 steel tube mill produces round pipes \u00d832\u2013127mm, square pipes 25x25\u2013100x100mm, and rectangular pipes 30x60\u201350x150mm with wall thickness from 1.0\u20132.0mm.\" \/>\n<meta name=\"robots\" content=\"index, follow, max-snippet:-1, max-image-preview:large, max-video-preview:-1\" \/>\n<link rel=\"canonical\" href=\"https:\/\/www.hongky.com\/en\/tube-mill-line-hk-s127\" \/>\n<meta property=\"og:locale\" content=\"en_US\" \/>\n<meta property=\"og:type\" content=\"article\" \/>\n<meta property=\"og:title\" content=\"Tube mill line HK-S127 - C\u00f4ng ty C\u01a1 Kh\u00ed H\u1ed3ng K\u00fd\" \/>\n<meta property=\"og:description\" content=\"HK-S127 steel tube mill produces round pipes \u00d832\u2013127mm, square pipes 25x25\u2013100x100mm, and rectangular pipes 30x60\u201350x150mm with wall thickness from 1.0\u20132.0mm.\" \/>\n<meta property=\"og:url\" content=\"https:\/\/www.hongky.com\/en\/tube-mill-line-hk-s127\" \/>\n<meta property=\"og:site_name\" content=\"C\u00f4ng ty C\u01a1 Kh\u00ed H\u1ed3ng K\u00fd\" \/>\n<meta property=\"article:publisher\" content=\"https:\/\/www.facebook.com\/HongKyMayHan\" \/>\n<meta property=\"article:modified_time\" content=\"2026-04-17T09:23:10+00:00\" \/>\n<meta property=\"og:image\" content=\"https:\/\/www.hongky.com\/wp-content\/uploads\/2026\/04\/hk-s127-steel-pipe-forming-machine-hong-ky.png\" \/>\n\t<meta property=\"og:image:width\" content=\"1000\" \/>\n\t<meta property=\"og:image:height\" content=\"787\" \/>\n\t<meta property=\"og:image:type\" content=\"image\/png\" \/>\n<meta name=\"twitter:card\" content=\"summary_large_image\" \/>\n<meta name=\"twitter:label1\" content=\"Est. reading time\" \/>\n\t<meta name=\"twitter:data1\" content=\"1 minute\" \/>\n<script type=\"application\/ld+json\" class=\"yoast-schema-graph\">{\"@context\":\"https:\/\/schema.org\",\"@graph\":[{\"@type\":\"WebPage\",\"@id\":\"https:\/\/www.hongky.com\/en\/tube-mill-line-hk-s127\/\",\"url\":\"https:\/\/www.hongky.com\/en\/tube-mill-line-hk-s127\/\",\"name\":\"Tube mill line HK-S127 - C\u00f4ng ty C\u01a1 Kh\u00ed H\u1ed3ng K\u00fd\",\"isPartOf\":{\"@id\":\"https:\/\/www.hongky.com\/en\/#website\"},\"primaryImageOfPage\":{\"@id\":\"https:\/\/www.hongky.com\/en\/tube-mill-line-hk-s127\/#primaryimage\"},\"image\":{\"@id\":\"https:\/\/www.hongky.com\/en\/tube-mill-line-hk-s127\/#primaryimage\"},\"thumbnailUrl\":\"https:\/\/www.hongky.com\/wp-content\/uploads\/2026\/04\/hk-s127-steel-pipe-forming-machine-hong-ky.png\",\"datePublished\":\"2026-04-14T07:32:23+00:00\",\"dateModified\":\"2026-04-17T09:23:10+00:00\",\"description\":\"HK-S127 steel tube mill produces round pipes \u00d832\u2013127mm, square pipes 25x25\u2013100x100mm, and rectangular pipes 30x60\u201350x150mm with wall thickness from 1.0\u20132.0mm.\",\"breadcrumb\":{\"@id\":\"https:\/\/www.hongky.com\/en\/tube-mill-line-hk-s127\/#breadcrumb\"},\"inLanguage\":\"en-US\",\"potentialAction\":[{\"@type\":\"ReadAction\",\"target\":[\"https:\/\/www.hongky.com\/en\/tube-mill-line-hk-s127\/\"]}]},{\"@type\":\"ImageObject\",\"inLanguage\":\"en-US\",\"@id\":\"https:\/\/www.hongky.com\/en\/tube-mill-line-hk-s127\/#primaryimage\",\"url\":\"https:\/\/www.hongky.com\/wp-content\/uploads\/2026\/04\/hk-s127-steel-pipe-forming-machine-hong-ky.png\",\"contentUrl\":\"https:\/\/www.hongky.com\/wp-content\/uploads\/2026\/04\/hk-s127-steel-pipe-forming-machine-hong-ky.png\",\"width\":1000,\"height\":787},{\"@type\":\"BreadcrumbList\",\"@id\":\"https:\/\/www.hongky.com\/en\/tube-mill-line-hk-s127\/#breadcrumb\",\"itemListElement\":[{\"@type\":\"ListItem\",\"position\":1,\"name\":\"Home\",\"item\":\"https:\/\/www.hongky.com\/en\/\"},{\"@type\":\"ListItem\",\"position\":2,\"name\":\"Shop\",\"item\":\"https:\/\/www.hongky.com\/en\/shop\/\"},{\"@type\":\"ListItem\",\"position\":3,\"name\":\"Product\",\"item\":\"https:\/\/www.hongky.com\/en\/product\/\"},{\"@type\":\"ListItem\",\"position\":4,\"name\":\"Steel Processing line\",\"item\":\"https:\/\/www.hongky.com\/en\/steel-processing-line\/\"},{\"@type\":\"ListItem\",\"position\":5,\"name\":\"Tube mill line\",\"item\":\"https:\/\/www.hongky.com\/en\/tube-mill-line\/\"},{\"@type\":\"ListItem\",\"position\":6,\"name\":\"Tube mill line HK-S127\"}]},{\"@type\":\"WebSite\",\"@id\":\"https:\/\/www.hongky.com\/en\/#website\",\"url\":\"https:\/\/www.hongky.com\/en\/\",\"name\":\"C\u00f4ng ty C\u01a1 Kh\u00ed H\u1ed3ng K\u00fd\",\"description\":\"Th\u01b0\u01a1ng hi\u1ec7u H\u1ed3ng K\u00fd l\u00e0 s\u1ef1 l\u1ef1a ch\u1ecdn h\u00e0ng \u0111\u1ea7u c\u1ee7a \u0111\u1ed1i t\u00e1c &amp; kh\u00e1ch h\u00e0ng\",\"publisher\":{\"@id\":\"https:\/\/www.hongky.com\/en\/#organization\"},\"potentialAction\":[{\"@type\":\"SearchAction\",\"target\":{\"@type\":\"EntryPoint\",\"urlTemplate\":\"https:\/\/www.hongky.com\/en\/?s={search_term_string}\"},\"query-input\":{\"@type\":\"PropertyValueSpecification\",\"valueRequired\":true,\"valueName\":\"search_term_string\"}}],\"inLanguage\":\"en-US\"},{\"@type\":\"Organization\",\"@id\":\"https:\/\/www.hongky.com\/en\/#organization\",\"name\":\"C\u00f4ng ty C\u01a1 Kh\u00ed H\u1ed3ng K\u00fd\",\"url\":\"https:\/\/www.hongky.com\/en\/\",\"logo\":{\"@type\":\"ImageObject\",\"inLanguage\":\"en-US\",\"@id\":\"https:\/\/www.hongky.com\/en\/#\/schema\/logo\/image\/\",\"url\":\"https:\/\/www.hongky.com\/wp-content\/uploads\/2025\/06\/cropped-hong-ky-mechanical-company-2.png\",\"contentUrl\":\"https:\/\/www.hongky.com\/wp-content\/uploads\/2025\/06\/cropped-hong-ky-mechanical-company-2.png\",\"width\":849,\"height\":849,\"caption\":\"C\u00f4ng ty C\u01a1 Kh\u00ed H\u1ed3ng K\u00fd\"},\"image\":{\"@id\":\"https:\/\/www.hongky.com\/en\/#\/schema\/logo\/image\/\"},\"sameAs\":[\"https:\/\/www.facebook.com\/HongKyMayHan\"]}]}<\/script>\n<!-- \/ Yoast SEO plugin. -->","yoast_head_json":{"title":"Tube mill line HK-S127 - C\u00f4ng ty C\u01a1 Kh\u00ed H\u1ed3ng K\u00fd","description":"HK-S127 steel tube mill produces round pipes \u00d832\u2013127mm, square pipes 25x25\u2013100x100mm, and rectangular pipes 30x60\u201350x150mm with wall thickness from 1.0\u20132.0mm.","robots":{"index":"index","follow":"follow","max-snippet":"max-snippet:-1","max-image-preview":"max-image-preview:large","max-video-preview":"max-video-preview:-1"},"canonical":"https:\/\/www.hongky.com\/en\/tube-mill-line-hk-s127","og_locale":"en_US","og_type":"article","og_title":"Tube mill line HK-S127 - C\u00f4ng ty C\u01a1 Kh\u00ed H\u1ed3ng K\u00fd","og_description":"HK-S127 steel tube mill produces round pipes \u00d832\u2013127mm, square pipes 25x25\u2013100x100mm, and rectangular pipes 30x60\u201350x150mm with wall thickness from 1.0\u20132.0mm.","og_url":"https:\/\/www.hongky.com\/en\/tube-mill-line-hk-s127","og_site_name":"C\u00f4ng ty C\u01a1 Kh\u00ed H\u1ed3ng K\u00fd","article_publisher":"https:\/\/www.facebook.com\/HongKyMayHan","article_modified_time":"2026-04-17T09:23:10+00:00","og_image":[{"width":1000,"height":787,"url":"https:\/\/www.hongky.com\/wp-content\/uploads\/2026\/04\/hk-s127-steel-pipe-forming-machine-hong-ky.png","type":"image\/png"}],"twitter_card":"summary_large_image","twitter_misc":{"Est. reading time":"1 minute"},"schema":{"@context":"https:\/\/schema.org","@graph":[{"@type":"WebPage","@id":"https:\/\/www.hongky.com\/en\/tube-mill-line-hk-s127\/","url":"https:\/\/www.hongky.com\/en\/tube-mill-line-hk-s127\/","name":"Tube mill line HK-S127 - C\u00f4ng ty C\u01a1 Kh\u00ed H\u1ed3ng K\u00fd","isPartOf":{"@id":"https:\/\/www.hongky.com\/en\/#website"},"primaryImageOfPage":{"@id":"https:\/\/www.hongky.com\/en\/tube-mill-line-hk-s127\/#primaryimage"},"image":{"@id":"https:\/\/www.hongky.com\/en\/tube-mill-line-hk-s127\/#primaryimage"},"thumbnailUrl":"https:\/\/www.hongky.com\/wp-content\/uploads\/2026\/04\/hk-s127-steel-pipe-forming-machine-hong-ky.png","datePublished":"2026-04-14T07:32:23+00:00","dateModified":"2026-04-17T09:23:10+00:00","description":"HK-S127 steel tube mill produces round pipes \u00d832\u2013127mm, square pipes 25x25\u2013100x100mm, and rectangular pipes 30x60\u201350x150mm with wall thickness from 1.0\u20132.0mm.","breadcrumb":{"@id":"https:\/\/www.hongky.com\/en\/tube-mill-line-hk-s127\/#breadcrumb"},"inLanguage":"en-US","potentialAction":[{"@type":"ReadAction","target":["https:\/\/www.hongky.com\/en\/tube-mill-line-hk-s127\/"]}]},{"@type":"ImageObject","inLanguage":"en-US","@id":"https:\/\/www.hongky.com\/en\/tube-mill-line-hk-s127\/#primaryimage","url":"https:\/\/www.hongky.com\/wp-content\/uploads\/2026\/04\/hk-s127-steel-pipe-forming-machine-hong-ky.png","contentUrl":"https:\/\/www.hongky.com\/wp-content\/uploads\/2026\/04\/hk-s127-steel-pipe-forming-machine-hong-ky.png","width":1000,"height":787},{"@type":"BreadcrumbList","@id":"https:\/\/www.hongky.com\/en\/tube-mill-line-hk-s127\/#breadcrumb","itemListElement":[{"@type":"ListItem","position":1,"name":"Home","item":"https:\/\/www.hongky.com\/en\/"},{"@type":"ListItem","position":2,"name":"Shop","item":"https:\/\/www.hongky.com\/en\/shop\/"},{"@type":"ListItem","position":3,"name":"Product","item":"https:\/\/www.hongky.com\/en\/product\/"},{"@type":"ListItem","position":4,"name":"Steel Processing line","item":"https:\/\/www.hongky.com\/en\/steel-processing-line\/"},{"@type":"ListItem","position":5,"name":"Tube mill line","item":"https:\/\/www.hongky.com\/en\/tube-mill-line\/"},{"@type":"ListItem","position":6,"name":"Tube mill line HK-S127"}]},{"@type":"WebSite","@id":"https:\/\/www.hongky.com\/en\/#website","url":"https:\/\/www.hongky.com\/en\/","name":"C\u00f4ng ty C\u01a1 Kh\u00ed H\u1ed3ng K\u00fd","description":"Th\u01b0\u01a1ng hi\u1ec7u H\u1ed3ng K\u00fd l\u00e0 s\u1ef1 l\u1ef1a ch\u1ecdn h\u00e0ng \u0111\u1ea7u c\u1ee7a \u0111\u1ed1i t\u00e1c &amp; kh\u00e1ch h\u00e0ng","publisher":{"@id":"https:\/\/www.hongky.com\/en\/#organization"},"potentialAction":[{"@type":"SearchAction","target":{"@type":"EntryPoint","urlTemplate":"https:\/\/www.hongky.com\/en\/?s={search_term_string}"},"query-input":{"@type":"PropertyValueSpecification","valueRequired":true,"valueName":"search_term_string"}}],"inLanguage":"en-US"},{"@type":"Organization","@id":"https:\/\/www.hongky.com\/en\/#organization","name":"C\u00f4ng ty C\u01a1 Kh\u00ed H\u1ed3ng K\u00fd","url":"https:\/\/www.hongky.com\/en\/","logo":{"@type":"ImageObject","inLanguage":"en-US","@id":"https:\/\/www.hongky.com\/en\/#\/schema\/logo\/image\/","url":"https:\/\/www.hongky.com\/wp-content\/uploads\/2025\/06\/cropped-hong-ky-mechanical-company-2.png","contentUrl":"https:\/\/www.hongky.com\/wp-content\/uploads\/2025\/06\/cropped-hong-ky-mechanical-company-2.png","width":849,"height":849,"caption":"C\u00f4ng ty C\u01a1 Kh\u00ed H\u1ed3ng K\u00fd"},"image":{"@id":"https:\/\/www.hongky.com\/en\/#\/schema\/logo\/image\/"},"sameAs":["https:\/\/www.facebook.com\/HongKyMayHan"]}]}},"_links":{"self":[{"href":"https:\/\/www.hongky.com\/en\/wp-json\/wp\/v2\/product\/14263","targetHints":{"allow":["GET"]}}],"collection":[{"href":"https:\/\/www.hongky.com\/en\/wp-json\/wp\/v2\/product"}],"about":[{"href":"https:\/\/www.hongky.com\/en\/wp-json\/wp\/v2\/types\/product"}],"replies":[{"embeddable":true,"href":"https:\/\/www.hongky.com\/en\/wp-json\/wp\/v2\/comments?post=14263"}],"wp:featuredmedia":[{"embeddable":true,"href":"https:\/\/www.hongky.com\/en\/wp-json\/wp\/v2\/media\/14330"}],"wp:attachment":[{"href":"https:\/\/www.hongky.com\/en\/wp-json\/wp\/v2\/media?parent=14263"}],"wp:term":[{"taxonomy":"product_brand","embeddable":true,"href":"https:\/\/www.hongky.com\/en\/wp-json\/wp\/v2\/product_brand?post=14263"},{"taxonomy":"product_cat","embeddable":true,"href":"https:\/\/www.hongky.com\/en\/wp-json\/wp\/v2\/product_cat?post=14263"},{"taxonomy":"product_tag","embeddable":true,"href":"https:\/\/www.hongky.com\/en\/wp-json\/wp\/v2\/product_tag?post=14263"}],"curies":[{"name":"wp","href":"https:\/\/api.w.org\/{rel}","templated":true}]}}