{"id":5506,"date":"2024-09-24T12:46:23","date_gmt":"2024-09-24T05:46:23","guid":{"rendered":"https:\/\/hongky.com\/product\/may-han-dien-tu-hk-mig-250-3\/"},"modified":"2026-02-27T11:33:20","modified_gmt":"2026-02-27T04:33:20","slug":"hongky-master-mig-welder-hkmig250-3","status":"publish","type":"product","link":"https:\/\/www.hongky.com\/en\/hongky-master-mig-welder-hkmig250-3\/","title":{"rendered":"Hongky Master MIG Welder HKMIG250-3"},"content":{"rendered":"<p style=\"text-align: justify;\">The HKMIG250-3 250-amp MIG Welder, 380V, is designed for heavy-duty, industrial-grade performance with high efficiency and power savings. This versatile GMAW welder is engineered for precision welding across materials like stainless steel, mild steel, and more, making it ideal for metal fabrication shops and large projects.<\/p>\n","protected":false},"excerpt":{"rendered":"<ul>\n<li>Wire 0.8\u20131.2mm<\/li>\n<li>Wire feed 15kg<\/li>\n<li>3m B200 EU torch<\/li>\n<li>Fast\/slow feed<\/li>\n<li>Light industry weld<\/li>\n<\/ul>\n","protected":false},"featured_media":4067,"menu_order":81,"comment_status":"open","ping_status":"closed","template":"","meta":{"_acf_changed":false,"inline_featured_image":false},"product_brand":[2592],"product_cat":[607],"product_tag":[1285,1286,1578,1287,1577],"class_list":{"0":"post-5506","1":"product","2":"type-product","3":"status-publish","4":"has-post-thumbnail","6":"product_brand-master","7":"product_cat-mig-welding-machine","8":"product_tag-250-amp-mig-welder","9":"product_tag-gas-shielded-welder","10":"product_tag-gmaw-welder-en","11":"product_tag-professional-mig-welder","12":"product_tag-tank-welding","14":"first","15":"instock","16":"shipping-taxable","17":"product-type-simple"},"acf":[],"yoast_head":"<!-- This site is optimized with the Yoast SEO plugin v23.7 - https:\/\/yoast.com\/wordpress\/plugins\/seo\/ -->\n<title>Hongky Master MIG Welder HKMIG250-3 - C\u00f4ng ty C\u01a1 Kh\u00ed H\u1ed3ng K\u00fd<\/title>\n<meta name=\"description\" content=\"HKMIG250\u20113 is a high\u2011performance 250A industrial MIG welder offering efficient metal welding and supporting 0.8\u20131.2mm wire for versatile applications.\" \/>\n<meta name=\"robots\" content=\"index, follow, max-snippet:-1, max-image-preview:large, max-video-preview:-1\" \/>\n<link rel=\"canonical\" href=\"https:\/\/www.hongky.com\/en\/hongky-master-mig-welder-hkmig250-3\" \/>\n<meta property=\"og:locale\" content=\"en_US\" \/>\n<meta property=\"og:type\" content=\"article\" \/>\n<meta property=\"og:title\" content=\"Hongky Master MIG Welder HKMIG250-3 - C\u00f4ng ty C\u01a1 Kh\u00ed H\u1ed3ng K\u00fd\" \/>\n<meta property=\"og:description\" content=\"HKMIG250\u20113 is a high\u2011performance 250A industrial MIG welder offering efficient metal welding and supporting 0.8\u20131.2mm wire for versatile applications.\" \/>\n<meta property=\"og:url\" content=\"https:\/\/www.hongky.com\/en\/hongky-master-mig-welder-hkmig250-3\" \/>\n<meta property=\"og:site_name\" content=\"C\u00f4ng ty C\u01a1 Kh\u00ed H\u1ed3ng K\u00fd\" \/>\n<meta property=\"article:publisher\" content=\"https:\/\/www.facebook.com\/HongKyMayHan\" \/>\n<meta property=\"article:modified_time\" content=\"2026-02-27T04:33:20+00:00\" \/>\n<meta property=\"og:image\" content=\"https:\/\/www.hongky.com\/wp-content\/uploads\/2024\/11\/welding-machine-hk-mig-250-3-hong-ky-1a.jpg\" \/>\n\t<meta property=\"og:image:width\" content=\"1500\" \/>\n\t<meta property=\"og:image:height\" content=\"1170\" \/>\n\t<meta property=\"og:image:type\" content=\"image\/jpeg\" \/>\n<meta name=\"twitter:card\" content=\"summary_large_image\" \/>\n<meta name=\"twitter:label1\" content=\"Est. reading time\" \/>\n\t<meta name=\"twitter:data1\" content=\"1 minute\" \/>\n<script type=\"application\/ld+json\" class=\"yoast-schema-graph\">{\"@context\":\"https:\/\/schema.org\",\"@graph\":[{\"@type\":\"WebPage\",\"@id\":\"https:\/\/www.hongky.com\/en\/hongky-master-mig-welder-hkmig250-3\/\",\"url\":\"https:\/\/www.hongky.com\/en\/hongky-master-mig-welder-hkmig250-3\/\",\"name\":\"Hongky Master MIG Welder HKMIG250-3 - C\u00f4ng ty C\u01a1 Kh\u00ed H\u1ed3ng K\u00fd\",\"isPartOf\":{\"@id\":\"https:\/\/www.hongky.com\/en\/#website\"},\"primaryImageOfPage\":{\"@id\":\"https:\/\/www.hongky.com\/en\/hongky-master-mig-welder-hkmig250-3\/#primaryimage\"},\"image\":{\"@id\":\"https:\/\/www.hongky.com\/en\/hongky-master-mig-welder-hkmig250-3\/#primaryimage\"},\"thumbnailUrl\":\"https:\/\/www.hongky.com\/wp-content\/uploads\/2024\/11\/welding-machine-hk-mig-250-3-hong-ky-1a.jpg\",\"datePublished\":\"2024-09-24T05:46:23+00:00\",\"dateModified\":\"2026-02-27T04:33:20+00:00\",\"description\":\"HKMIG250\u20113 is a high\u2011performance 250A industrial MIG welder offering efficient metal welding and supporting 0.8\u20131.2mm wire for versatile applications.\",\"breadcrumb\":{\"@id\":\"https:\/\/www.hongky.com\/en\/hongky-master-mig-welder-hkmig250-3\/#breadcrumb\"},\"inLanguage\":\"en-US\",\"potentialAction\":[{\"@type\":\"ReadAction\",\"target\":[\"https:\/\/www.hongky.com\/en\/hongky-master-mig-welder-hkmig250-3\/\"]}]},{\"@type\":\"ImageObject\",\"inLanguage\":\"en-US\",\"@id\":\"https:\/\/www.hongky.com\/en\/hongky-master-mig-welder-hkmig250-3\/#primaryimage\",\"url\":\"https:\/\/www.hongky.com\/wp-content\/uploads\/2024\/11\/welding-machine-hk-mig-250-3-hong-ky-1a.jpg\",\"contentUrl\":\"https:\/\/www.hongky.com\/wp-content\/uploads\/2024\/11\/welding-machine-hk-mig-250-3-hong-ky-1a.jpg\",\"width\":1500,\"height\":1170,\"caption\":\"welding-machine-hk-mig-250-3-hong-ky-1a\"},{\"@type\":\"BreadcrumbList\",\"@id\":\"https:\/\/www.hongky.com\/en\/hongky-master-mig-welder-hkmig250-3\/#breadcrumb\",\"itemListElement\":[{\"@type\":\"ListItem\",\"position\":1,\"name\":\"Home\",\"item\":\"https:\/\/www.hongky.com\/en\/\"},{\"@type\":\"ListItem\",\"position\":2,\"name\":\"Shop\",\"item\":\"https:\/\/www.hongky.com\/en\/shop\/\"},{\"@type\":\"ListItem\",\"position\":3,\"name\":\"Product\",\"item\":\"https:\/\/www.hongky.com\/en\/product\/\"},{\"@type\":\"ListItem\",\"position\":4,\"name\":\"Welding machine, plasma metal cutter\",\"item\":\"https:\/\/www.hongky.com\/en\/welding-machine-plasma-metal-cutter\/\"},{\"@type\":\"ListItem\",\"position\":5,\"name\":\"MIG Welding Machine\",\"item\":\"https:\/\/www.hongky.com\/en\/mig-welding-machine\/\"},{\"@type\":\"ListItem\",\"position\":6,\"name\":\"Hongky Master MIG Welder HKMIG250-3\"}]},{\"@type\":\"WebSite\",\"@id\":\"https:\/\/www.hongky.com\/en\/#website\",\"url\":\"https:\/\/www.hongky.com\/en\/\",\"name\":\"C\u00f4ng ty C\u01a1 Kh\u00ed H\u1ed3ng K\u00fd\",\"description\":\"Th\u01b0\u01a1ng hi\u1ec7u H\u1ed3ng K\u00fd l\u00e0 s\u1ef1 l\u1ef1a ch\u1ecdn h\u00e0ng \u0111\u1ea7u c\u1ee7a \u0111\u1ed1i t\u00e1c &amp; kh\u00e1ch h\u00e0ng\",\"publisher\":{\"@id\":\"https:\/\/www.hongky.com\/en\/#organization\"},\"potentialAction\":[{\"@type\":\"SearchAction\",\"target\":{\"@type\":\"EntryPoint\",\"urlTemplate\":\"https:\/\/www.hongky.com\/en\/?s={search_term_string}\"},\"query-input\":{\"@type\":\"PropertyValueSpecification\",\"valueRequired\":true,\"valueName\":\"search_term_string\"}}],\"inLanguage\":\"en-US\"},{\"@type\":\"Organization\",\"@id\":\"https:\/\/www.hongky.com\/en\/#organization\",\"name\":\"C\u00f4ng ty C\u01a1 Kh\u00ed H\u1ed3ng K\u00fd\",\"url\":\"https:\/\/www.hongky.com\/en\/\",\"logo\":{\"@type\":\"ImageObject\",\"inLanguage\":\"en-US\",\"@id\":\"https:\/\/www.hongky.com\/en\/#\/schema\/logo\/image\/\",\"url\":\"https:\/\/www.hongky.com\/wp-content\/uploads\/2025\/06\/cropped-hong-ky-mechanical-company-2.png\",\"contentUrl\":\"https:\/\/www.hongky.com\/wp-content\/uploads\/2025\/06\/cropped-hong-ky-mechanical-company-2.png\",\"width\":849,\"height\":849,\"caption\":\"C\u00f4ng ty C\u01a1 Kh\u00ed H\u1ed3ng K\u00fd\"},\"image\":{\"@id\":\"https:\/\/www.hongky.com\/en\/#\/schema\/logo\/image\/\"},\"sameAs\":[\"https:\/\/www.facebook.com\/HongKyMayHan\"]}]}<\/script>\n<!-- \/ Yoast SEO plugin. -->","yoast_head_json":{"title":"Hongky Master MIG Welder HKMIG250-3 - C\u00f4ng ty C\u01a1 Kh\u00ed H\u1ed3ng K\u00fd","description":"HKMIG250\u20113 is a high\u2011performance 250A industrial MIG welder offering efficient metal welding and supporting 0.8\u20131.2mm wire for versatile applications.","robots":{"index":"index","follow":"follow","max-snippet":"max-snippet:-1","max-image-preview":"max-image-preview:large","max-video-preview":"max-video-preview:-1"},"canonical":"https:\/\/www.hongky.com\/en\/hongky-master-mig-welder-hkmig250-3","og_locale":"en_US","og_type":"article","og_title":"Hongky Master MIG Welder HKMIG250-3 - C\u00f4ng ty C\u01a1 Kh\u00ed H\u1ed3ng K\u00fd","og_description":"HKMIG250\u20113 is a high\u2011performance 250A industrial MIG welder offering efficient metal welding and supporting 0.8\u20131.2mm wire for versatile applications.","og_url":"https:\/\/www.hongky.com\/en\/hongky-master-mig-welder-hkmig250-3","og_site_name":"C\u00f4ng ty C\u01a1 Kh\u00ed H\u1ed3ng K\u00fd","article_publisher":"https:\/\/www.facebook.com\/HongKyMayHan","article_modified_time":"2026-02-27T04:33:20+00:00","og_image":[{"width":1500,"height":1170,"url":"https:\/\/www.hongky.com\/wp-content\/uploads\/2024\/11\/welding-machine-hk-mig-250-3-hong-ky-1a.jpg","type":"image\/jpeg"}],"twitter_card":"summary_large_image","twitter_misc":{"Est. reading time":"1 minute"},"schema":{"@context":"https:\/\/schema.org","@graph":[{"@type":"WebPage","@id":"https:\/\/www.hongky.com\/en\/hongky-master-mig-welder-hkmig250-3\/","url":"https:\/\/www.hongky.com\/en\/hongky-master-mig-welder-hkmig250-3\/","name":"Hongky Master MIG Welder HKMIG250-3 - C\u00f4ng ty C\u01a1 Kh\u00ed H\u1ed3ng K\u00fd","isPartOf":{"@id":"https:\/\/www.hongky.com\/en\/#website"},"primaryImageOfPage":{"@id":"https:\/\/www.hongky.com\/en\/hongky-master-mig-welder-hkmig250-3\/#primaryimage"},"image":{"@id":"https:\/\/www.hongky.com\/en\/hongky-master-mig-welder-hkmig250-3\/#primaryimage"},"thumbnailUrl":"https:\/\/www.hongky.com\/wp-content\/uploads\/2024\/11\/welding-machine-hk-mig-250-3-hong-ky-1a.jpg","datePublished":"2024-09-24T05:46:23+00:00","dateModified":"2026-02-27T04:33:20+00:00","description":"HKMIG250\u20113 is a high\u2011performance 250A industrial MIG welder offering efficient metal welding and supporting 0.8\u20131.2mm wire for versatile applications.","breadcrumb":{"@id":"https:\/\/www.hongky.com\/en\/hongky-master-mig-welder-hkmig250-3\/#breadcrumb"},"inLanguage":"en-US","potentialAction":[{"@type":"ReadAction","target":["https:\/\/www.hongky.com\/en\/hongky-master-mig-welder-hkmig250-3\/"]}]},{"@type":"ImageObject","inLanguage":"en-US","@id":"https:\/\/www.hongky.com\/en\/hongky-master-mig-welder-hkmig250-3\/#primaryimage","url":"https:\/\/www.hongky.com\/wp-content\/uploads\/2024\/11\/welding-machine-hk-mig-250-3-hong-ky-1a.jpg","contentUrl":"https:\/\/www.hongky.com\/wp-content\/uploads\/2024\/11\/welding-machine-hk-mig-250-3-hong-ky-1a.jpg","width":1500,"height":1170,"caption":"welding-machine-hk-mig-250-3-hong-ky-1a"},{"@type":"BreadcrumbList","@id":"https:\/\/www.hongky.com\/en\/hongky-master-mig-welder-hkmig250-3\/#breadcrumb","itemListElement":[{"@type":"ListItem","position":1,"name":"Home","item":"https:\/\/www.hongky.com\/en\/"},{"@type":"ListItem","position":2,"name":"Shop","item":"https:\/\/www.hongky.com\/en\/shop\/"},{"@type":"ListItem","position":3,"name":"Product","item":"https:\/\/www.hongky.com\/en\/product\/"},{"@type":"ListItem","position":4,"name":"Welding machine, plasma metal cutter","item":"https:\/\/www.hongky.com\/en\/welding-machine-plasma-metal-cutter\/"},{"@type":"ListItem","position":5,"name":"MIG Welding Machine","item":"https:\/\/www.hongky.com\/en\/mig-welding-machine\/"},{"@type":"ListItem","position":6,"name":"Hongky Master MIG Welder HKMIG250-3"}]},{"@type":"WebSite","@id":"https:\/\/www.hongky.com\/en\/#website","url":"https:\/\/www.hongky.com\/en\/","name":"C\u00f4ng ty C\u01a1 Kh\u00ed H\u1ed3ng K\u00fd","description":"Th\u01b0\u01a1ng hi\u1ec7u H\u1ed3ng K\u00fd l\u00e0 s\u1ef1 l\u1ef1a ch\u1ecdn h\u00e0ng \u0111\u1ea7u c\u1ee7a \u0111\u1ed1i t\u00e1c &amp; kh\u00e1ch h\u00e0ng","publisher":{"@id":"https:\/\/www.hongky.com\/en\/#organization"},"potentialAction":[{"@type":"SearchAction","target":{"@type":"EntryPoint","urlTemplate":"https:\/\/www.hongky.com\/en\/?s={search_term_string}"},"query-input":{"@type":"PropertyValueSpecification","valueRequired":true,"valueName":"search_term_string"}}],"inLanguage":"en-US"},{"@type":"Organization","@id":"https:\/\/www.hongky.com\/en\/#organization","name":"C\u00f4ng ty C\u01a1 Kh\u00ed H\u1ed3ng K\u00fd","url":"https:\/\/www.hongky.com\/en\/","logo":{"@type":"ImageObject","inLanguage":"en-US","@id":"https:\/\/www.hongky.com\/en\/#\/schema\/logo\/image\/","url":"https:\/\/www.hongky.com\/wp-content\/uploads\/2025\/06\/cropped-hong-ky-mechanical-company-2.png","contentUrl":"https:\/\/www.hongky.com\/wp-content\/uploads\/2025\/06\/cropped-hong-ky-mechanical-company-2.png","width":849,"height":849,"caption":"C\u00f4ng ty C\u01a1 Kh\u00ed H\u1ed3ng K\u00fd"},"image":{"@id":"https:\/\/www.hongky.com\/en\/#\/schema\/logo\/image\/"},"sameAs":["https:\/\/www.facebook.com\/HongKyMayHan"]}]}},"_links":{"self":[{"href":"https:\/\/www.hongky.com\/en\/wp-json\/wp\/v2\/product\/5506","targetHints":{"allow":["GET"]}}],"collection":[{"href":"https:\/\/www.hongky.com\/en\/wp-json\/wp\/v2\/product"}],"about":[{"href":"https:\/\/www.hongky.com\/en\/wp-json\/wp\/v2\/types\/product"}],"replies":[{"embeddable":true,"href":"https:\/\/www.hongky.com\/en\/wp-json\/wp\/v2\/comments?post=5506"}],"wp:featuredmedia":[{"embeddable":true,"href":"https:\/\/www.hongky.com\/en\/wp-json\/wp\/v2\/media\/4067"}],"wp:attachment":[{"href":"https:\/\/www.hongky.com\/en\/wp-json\/wp\/v2\/media?parent=5506"}],"wp:term":[{"taxonomy":"product_brand","embeddable":true,"href":"https:\/\/www.hongky.com\/en\/wp-json\/wp\/v2\/product_brand?post=5506"},{"taxonomy":"product_cat","embeddable":true,"href":"https:\/\/www.hongky.com\/en\/wp-json\/wp\/v2\/product_cat?post=5506"},{"taxonomy":"product_tag","embeddable":true,"href":"https:\/\/www.hongky.com\/en\/wp-json\/wp\/v2\/product_tag?post=5506"}],"curies":[{"name":"wp","href":"https:\/\/api.w.org\/{rel}","templated":true}]}}