{"id":5673,"date":"2024-10-29T18:26:28","date_gmt":"2024-10-29T11:26:28","guid":{"rendered":"https:\/\/hongky.com\/?post_type=product&#038;p=5673"},"modified":"2025-06-12T09:29:46","modified_gmt":"2025-06-12T02:29:46","slug":"electronic-welding-helmet","status":"publish","type":"product","link":"https:\/\/www.hongky.com\/en\/electronic-welding-helmet\/","title":{"rendered":"Electronic welding helmet"},"content":{"rendered":"<p data-pm-slice=\"1 1 []\">Hong Ky electronic welding helmet features 3 modes (welding, cutting, grinding) with an auto-darkening lens adjustable for shade, sensitivity, and delay. Rubber sealing protects the eyes, durable hard plastic resists impact, and a scratch-resistant mica lens ensures clarity. Comfortable for all-day wear, providing maximum safety at work<\/p>\n","protected":false},"excerpt":{"rendered":"<ul>\n<li>3-mode welding helmet with optimized auto-darkening lens<\/li>\n<li>Effective eye protection with rubber seal and scratch-resistant lens.<\/li>\n<li>Durable hard plastic shell, impact-resistant and easy to detach.<\/li>\n<li>Simple, convenient adjustment of shade, sensitivity, and delay.<\/li>\n<li>Comfortable to wear, safe in all working environments.<\/li>\n<\/ul>\n","protected":false},"featured_media":7603,"menu_order":341,"comment_status":"open","ping_status":"closed","template":"","meta":{"_acf_changed":false,"inline_featured_image":false},"product_brand":[],"product_cat":[686],"product_tag":[2399,2398],"class_list":{"0":"post-5673","1":"product","2":"type-product","3":"status-publish","4":"has-post-thumbnail","6":"product_cat-welding-accessories-welding-materials","7":"product_tag-electronic-welding-helmet-hong-ky","8":"product_tag-welding-helmet","10":"first","11":"instock","12":"shipping-taxable","13":"product-type-simple"},"acf":[],"yoast_head":"<!-- This site is optimized with the Yoast SEO plugin v23.7 - https:\/\/yoast.com\/wordpress\/plugins\/seo\/ -->\n<title>Electronic welding helmet - C\u00f4ng ty C\u01a1 Kh\u00ed H\u1ed3ng K\u00fd<\/title>\n<meta name=\"description\" content=\"Hong Ky welding helmet with 3 modes (WELD, CUT, GRIND), spark-resistant, adjustable shade, sensitivity &amp; delay. Eye protection &amp; comfort.\" \/>\n<meta name=\"robots\" content=\"index, follow, max-snippet:-1, max-image-preview:large, max-video-preview:-1\" \/>\n<link rel=\"canonical\" href=\"https:\/\/www.hongky.com\/en\/electronic-welding-helmet\" \/>\n<meta property=\"og:locale\" content=\"en_US\" \/>\n<meta property=\"og:type\" content=\"article\" \/>\n<meta property=\"og:title\" content=\"Electronic welding helmet - C\u00f4ng ty C\u01a1 Kh\u00ed H\u1ed3ng K\u00fd\" \/>\n<meta property=\"og:description\" content=\"Hong Ky welding helmet with 3 modes (WELD, CUT, GRIND), spark-resistant, adjustable shade, sensitivity &amp; delay. Eye protection &amp; comfort.\" \/>\n<meta property=\"og:url\" content=\"https:\/\/www.hongky.com\/en\/electronic-welding-helmet\" \/>\n<meta property=\"og:site_name\" content=\"C\u00f4ng ty C\u01a1 Kh\u00ed H\u1ed3ng K\u00fd\" \/>\n<meta property=\"article:publisher\" content=\"https:\/\/www.facebook.com\/HongKyMayHan\" \/>\n<meta property=\"article:modified_time\" content=\"2025-06-12T02:29:46+00:00\" \/>\n<meta property=\"og:image\" content=\"https:\/\/www.hongky.com\/wp-content\/uploads\/2025\/06\/welding-helmet-hong-ky.jpg\" \/>\n\t<meta property=\"og:image:width\" content=\"2000\" \/>\n\t<meta property=\"og:image:height\" content=\"1574\" \/>\n\t<meta property=\"og:image:type\" content=\"image\/jpeg\" \/>\n<meta name=\"twitter:card\" content=\"summary_large_image\" \/>\n<meta name=\"twitter:label1\" content=\"Est. reading time\" \/>\n\t<meta name=\"twitter:data1\" content=\"1 minute\" \/>\n<script type=\"application\/ld+json\" class=\"yoast-schema-graph\">{\"@context\":\"https:\/\/schema.org\",\"@graph\":[{\"@type\":\"WebPage\",\"@id\":\"https:\/\/www.hongky.com\/en\/electronic-welding-helmet\/\",\"url\":\"https:\/\/www.hongky.com\/en\/electronic-welding-helmet\/\",\"name\":\"Electronic welding helmet - C\u00f4ng ty C\u01a1 Kh\u00ed H\u1ed3ng K\u00fd\",\"isPartOf\":{\"@id\":\"https:\/\/www.hongky.com\/en\/#website\"},\"primaryImageOfPage\":{\"@id\":\"https:\/\/www.hongky.com\/en\/electronic-welding-helmet\/#primaryimage\"},\"image\":{\"@id\":\"https:\/\/www.hongky.com\/en\/electronic-welding-helmet\/#primaryimage\"},\"thumbnailUrl\":\"https:\/\/www.hongky.com\/wp-content\/uploads\/2025\/06\/welding-helmet-hong-ky.jpg\",\"datePublished\":\"2024-10-29T11:26:28+00:00\",\"dateModified\":\"2025-06-12T02:29:46+00:00\",\"description\":\"Hong Ky welding helmet with 3 modes (WELD, CUT, GRIND), spark-resistant, adjustable shade, sensitivity & delay. Eye protection & comfort.\",\"breadcrumb\":{\"@id\":\"https:\/\/www.hongky.com\/en\/electronic-welding-helmet\/#breadcrumb\"},\"inLanguage\":\"en-US\",\"potentialAction\":[{\"@type\":\"ReadAction\",\"target\":[\"https:\/\/www.hongky.com\/en\/electronic-welding-helmet\/\"]}]},{\"@type\":\"ImageObject\",\"inLanguage\":\"en-US\",\"@id\":\"https:\/\/www.hongky.com\/en\/electronic-welding-helmet\/#primaryimage\",\"url\":\"https:\/\/www.hongky.com\/wp-content\/uploads\/2025\/06\/welding-helmet-hong-ky.jpg\",\"contentUrl\":\"https:\/\/www.hongky.com\/wp-content\/uploads\/2025\/06\/welding-helmet-hong-ky.jpg\",\"width\":2000,\"height\":1574,\"caption\":\"The Hong Ky digital welding helmet is an essential safety equipment for those who frequently work with welding machines. Unlike traditional welding helmets, the digital welding helmet is equipped with advanced technology, providing optimal protection for the eyes and face.\"},{\"@type\":\"BreadcrumbList\",\"@id\":\"https:\/\/www.hongky.com\/en\/electronic-welding-helmet\/#breadcrumb\",\"itemListElement\":[{\"@type\":\"ListItem\",\"position\":1,\"name\":\"Home\",\"item\":\"https:\/\/www.hongky.com\/en\/\"},{\"@type\":\"ListItem\",\"position\":2,\"name\":\"Shop\",\"item\":\"https:\/\/www.hongky.com\/en\/shop\/\"},{\"@type\":\"ListItem\",\"position\":3,\"name\":\"Product\",\"item\":\"https:\/\/www.hongky.com\/en\/product\/\"},{\"@type\":\"ListItem\",\"position\":4,\"name\":\"Welding Accessories &amp; Materials\",\"item\":\"https:\/\/www.hongky.com\/en\/welding-accessories-materials\/\"},{\"@type\":\"ListItem\",\"position\":5,\"name\":\"Electronic welding helmet\"}]},{\"@type\":\"WebSite\",\"@id\":\"https:\/\/www.hongky.com\/en\/#website\",\"url\":\"https:\/\/www.hongky.com\/en\/\",\"name\":\"C\u00f4ng ty C\u01a1 Kh\u00ed H\u1ed3ng K\u00fd\",\"description\":\"Th\u01b0\u01a1ng hi\u1ec7u H\u1ed3ng K\u00fd l\u00e0 s\u1ef1 l\u1ef1a ch\u1ecdn h\u00e0ng \u0111\u1ea7u c\u1ee7a \u0111\u1ed1i t\u00e1c &amp; kh\u00e1ch h\u00e0ng\",\"publisher\":{\"@id\":\"https:\/\/www.hongky.com\/en\/#organization\"},\"potentialAction\":[{\"@type\":\"SearchAction\",\"target\":{\"@type\":\"EntryPoint\",\"urlTemplate\":\"https:\/\/www.hongky.com\/en\/?s={search_term_string}\"},\"query-input\":{\"@type\":\"PropertyValueSpecification\",\"valueRequired\":true,\"valueName\":\"search_term_string\"}}],\"inLanguage\":\"en-US\"},{\"@type\":\"Organization\",\"@id\":\"https:\/\/www.hongky.com\/en\/#organization\",\"name\":\"C\u00f4ng ty C\u01a1 Kh\u00ed H\u1ed3ng K\u00fd\",\"url\":\"https:\/\/www.hongky.com\/en\/\",\"logo\":{\"@type\":\"ImageObject\",\"inLanguage\":\"en-US\",\"@id\":\"https:\/\/www.hongky.com\/en\/#\/schema\/logo\/image\/\",\"url\":\"https:\/\/www.hongky.com\/wp-content\/uploads\/2025\/06\/cropped-hong-ky-mechanical-company-2.png\",\"contentUrl\":\"https:\/\/www.hongky.com\/wp-content\/uploads\/2025\/06\/cropped-hong-ky-mechanical-company-2.png\",\"width\":849,\"height\":849,\"caption\":\"C\u00f4ng ty C\u01a1 Kh\u00ed H\u1ed3ng K\u00fd\"},\"image\":{\"@id\":\"https:\/\/www.hongky.com\/en\/#\/schema\/logo\/image\/\"},\"sameAs\":[\"https:\/\/www.facebook.com\/HongKyMayHan\"]}]}<\/script>\n<!-- \/ Yoast SEO plugin. -->","yoast_head_json":{"title":"Electronic welding helmet - C\u00f4ng ty C\u01a1 Kh\u00ed H\u1ed3ng K\u00fd","description":"Hong Ky welding helmet with 3 modes (WELD, CUT, GRIND), spark-resistant, adjustable shade, sensitivity & delay. Eye protection & comfort.","robots":{"index":"index","follow":"follow","max-snippet":"max-snippet:-1","max-image-preview":"max-image-preview:large","max-video-preview":"max-video-preview:-1"},"canonical":"https:\/\/www.hongky.com\/en\/electronic-welding-helmet","og_locale":"en_US","og_type":"article","og_title":"Electronic welding helmet - C\u00f4ng ty C\u01a1 Kh\u00ed H\u1ed3ng K\u00fd","og_description":"Hong Ky welding helmet with 3 modes (WELD, CUT, GRIND), spark-resistant, adjustable shade, sensitivity & delay. Eye protection & comfort.","og_url":"https:\/\/www.hongky.com\/en\/electronic-welding-helmet","og_site_name":"C\u00f4ng ty C\u01a1 Kh\u00ed H\u1ed3ng K\u00fd","article_publisher":"https:\/\/www.facebook.com\/HongKyMayHan","article_modified_time":"2025-06-12T02:29:46+00:00","og_image":[{"width":2000,"height":1574,"url":"https:\/\/www.hongky.com\/wp-content\/uploads\/2025\/06\/welding-helmet-hong-ky.jpg","type":"image\/jpeg"}],"twitter_card":"summary_large_image","twitter_misc":{"Est. reading time":"1 minute"},"schema":{"@context":"https:\/\/schema.org","@graph":[{"@type":"WebPage","@id":"https:\/\/www.hongky.com\/en\/electronic-welding-helmet\/","url":"https:\/\/www.hongky.com\/en\/electronic-welding-helmet\/","name":"Electronic welding helmet - C\u00f4ng ty C\u01a1 Kh\u00ed H\u1ed3ng K\u00fd","isPartOf":{"@id":"https:\/\/www.hongky.com\/en\/#website"},"primaryImageOfPage":{"@id":"https:\/\/www.hongky.com\/en\/electronic-welding-helmet\/#primaryimage"},"image":{"@id":"https:\/\/www.hongky.com\/en\/electronic-welding-helmet\/#primaryimage"},"thumbnailUrl":"https:\/\/www.hongky.com\/wp-content\/uploads\/2025\/06\/welding-helmet-hong-ky.jpg","datePublished":"2024-10-29T11:26:28+00:00","dateModified":"2025-06-12T02:29:46+00:00","description":"Hong Ky welding helmet with 3 modes (WELD, CUT, GRIND), spark-resistant, adjustable shade, sensitivity & delay. Eye protection & comfort.","breadcrumb":{"@id":"https:\/\/www.hongky.com\/en\/electronic-welding-helmet\/#breadcrumb"},"inLanguage":"en-US","potentialAction":[{"@type":"ReadAction","target":["https:\/\/www.hongky.com\/en\/electronic-welding-helmet\/"]}]},{"@type":"ImageObject","inLanguage":"en-US","@id":"https:\/\/www.hongky.com\/en\/electronic-welding-helmet\/#primaryimage","url":"https:\/\/www.hongky.com\/wp-content\/uploads\/2025\/06\/welding-helmet-hong-ky.jpg","contentUrl":"https:\/\/www.hongky.com\/wp-content\/uploads\/2025\/06\/welding-helmet-hong-ky.jpg","width":2000,"height":1574,"caption":"The Hong Ky digital welding helmet is an essential safety equipment for those who frequently work with welding machines. Unlike traditional welding helmets, the digital welding helmet is equipped with advanced technology, providing optimal protection for the eyes and face."},{"@type":"BreadcrumbList","@id":"https:\/\/www.hongky.com\/en\/electronic-welding-helmet\/#breadcrumb","itemListElement":[{"@type":"ListItem","position":1,"name":"Home","item":"https:\/\/www.hongky.com\/en\/"},{"@type":"ListItem","position":2,"name":"Shop","item":"https:\/\/www.hongky.com\/en\/shop\/"},{"@type":"ListItem","position":3,"name":"Product","item":"https:\/\/www.hongky.com\/en\/product\/"},{"@type":"ListItem","position":4,"name":"Welding Accessories &amp; Materials","item":"https:\/\/www.hongky.com\/en\/welding-accessories-materials\/"},{"@type":"ListItem","position":5,"name":"Electronic welding helmet"}]},{"@type":"WebSite","@id":"https:\/\/www.hongky.com\/en\/#website","url":"https:\/\/www.hongky.com\/en\/","name":"C\u00f4ng ty C\u01a1 Kh\u00ed H\u1ed3ng K\u00fd","description":"Th\u01b0\u01a1ng hi\u1ec7u H\u1ed3ng K\u00fd l\u00e0 s\u1ef1 l\u1ef1a ch\u1ecdn h\u00e0ng \u0111\u1ea7u c\u1ee7a \u0111\u1ed1i t\u00e1c &amp; kh\u00e1ch h\u00e0ng","publisher":{"@id":"https:\/\/www.hongky.com\/en\/#organization"},"potentialAction":[{"@type":"SearchAction","target":{"@type":"EntryPoint","urlTemplate":"https:\/\/www.hongky.com\/en\/?s={search_term_string}"},"query-input":{"@type":"PropertyValueSpecification","valueRequired":true,"valueName":"search_term_string"}}],"inLanguage":"en-US"},{"@type":"Organization","@id":"https:\/\/www.hongky.com\/en\/#organization","name":"C\u00f4ng ty C\u01a1 Kh\u00ed H\u1ed3ng K\u00fd","url":"https:\/\/www.hongky.com\/en\/","logo":{"@type":"ImageObject","inLanguage":"en-US","@id":"https:\/\/www.hongky.com\/en\/#\/schema\/logo\/image\/","url":"https:\/\/www.hongky.com\/wp-content\/uploads\/2025\/06\/cropped-hong-ky-mechanical-company-2.png","contentUrl":"https:\/\/www.hongky.com\/wp-content\/uploads\/2025\/06\/cropped-hong-ky-mechanical-company-2.png","width":849,"height":849,"caption":"C\u00f4ng ty C\u01a1 Kh\u00ed H\u1ed3ng K\u00fd"},"image":{"@id":"https:\/\/www.hongky.com\/en\/#\/schema\/logo\/image\/"},"sameAs":["https:\/\/www.facebook.com\/HongKyMayHan"]}]}},"_links":{"self":[{"href":"https:\/\/www.hongky.com\/en\/wp-json\/wp\/v2\/product\/5673","targetHints":{"allow":["GET"]}}],"collection":[{"href":"https:\/\/www.hongky.com\/en\/wp-json\/wp\/v2\/product"}],"about":[{"href":"https:\/\/www.hongky.com\/en\/wp-json\/wp\/v2\/types\/product"}],"replies":[{"embeddable":true,"href":"https:\/\/www.hongky.com\/en\/wp-json\/wp\/v2\/comments?post=5673"}],"wp:featuredmedia":[{"embeddable":true,"href":"https:\/\/www.hongky.com\/en\/wp-json\/wp\/v2\/media\/7603"}],"wp:attachment":[{"href":"https:\/\/www.hongky.com\/en\/wp-json\/wp\/v2\/media?parent=5673"}],"wp:term":[{"taxonomy":"product_brand","embeddable":true,"href":"https:\/\/www.hongky.com\/en\/wp-json\/wp\/v2\/product_brand?post=5673"},{"taxonomy":"product_cat","embeddable":true,"href":"https:\/\/www.hongky.com\/en\/wp-json\/wp\/v2\/product_cat?post=5673"},{"taxonomy":"product_tag","embeddable":true,"href":"https:\/\/www.hongky.com\/en\/wp-json\/wp\/v2\/product_tag?post=5673"}],"curies":[{"name":"wp","href":"https:\/\/api.w.org\/{rel}","templated":true}]}}