{"id":5822,"date":"2024-10-04T17:54:36","date_gmt":"2024-10-04T10:54:36","guid":{"rendered":"https:\/\/hongky.com\/product\/may-khoan-go-dung-1-mui\/"},"modified":"2025-06-25T16:48:27","modified_gmt":"2025-06-25T09:48:27","slug":"may-khoan-go-dung-1-mui","status":"publish","type":"product","link":"https:\/\/www.hongky.com\/en\/single-bit-vertical-drill\/","title":{"rendered":"Single bit vertical drill"},"content":{"rendered":"<p>The Single-Spindle Vertical Wood Drill is a precise wood auger and vertical drill press designed for woodworking applications that demand accuracy and efficiency. This vertical boring machine is ideal for straightforward drilling tasks, especially in furniture and cabinetry projects. Made in Vietnam, it combines durability with precision, tailored for professional workshops.<\/p>\n","protected":false},"excerpt":{"rendered":"<ul>\n<li>Reliable wood auger for precise, single-point drilling.<\/li>\n<li>Robust vertical drill press construction for stability.<\/li>\n<li>Versatile vertical boring machine suitable for various wood types.<\/li>\n<li>Compact design ideal for small and large woodworking shops.<\/li>\n<li>Easy-to-use controls for efficiency in professional applications.<\/li>\n<\/ul>\n","protected":false},"featured_media":11245,"menu_order":263,"comment_status":"open","ping_status":"closed","template":"","meta":{"_acf_changed":false,"inline_featured_image":false},"product_brand":[],"product_cat":[1417],"product_tag":[1891,1890,1889,1888],"class_list":{"0":"post-5822","1":"product","2":"type-product","3":"status-publish","4":"has-post-thumbnail","6":"product_cat-drilling-machines","7":"product_tag-single-spindle-horizontal-boring-machine","8":"product_tag-vertical-boring-machine","9":"product_tag-vertical-drill-press","10":"product_tag-wood-auger","12":"first","13":"instock","14":"shipping-taxable","15":"product-type-simple"},"acf":[],"yoast_head":"<!-- This site is optimized with the Yoast SEO plugin v23.7 - https:\/\/yoast.com\/wordpress\/plugins\/seo\/ -->\n<title>Single bit vertical drill - C\u00f4ng ty C\u01a1 Kh\u00ed H\u1ed3ng K\u00fd<\/title>\n<meta name=\"description\" content=\"Single-spindle vertical wood drill: precision wood auger and vertical boring machine. Made in Vietnam, ideal for professional woodworking and cabinetry\" \/>\n<meta name=\"robots\" content=\"index, follow, max-snippet:-1, max-image-preview:large, max-video-preview:-1\" \/>\n<link rel=\"canonical\" href=\"https:\/\/www.hongky.com\/en\/single-bit-vertical-drill\" \/>\n<meta property=\"og:locale\" content=\"en_US\" \/>\n<meta property=\"og:type\" content=\"article\" \/>\n<meta property=\"og:title\" content=\"Single bit vertical drill - C\u00f4ng ty C\u01a1 Kh\u00ed H\u1ed3ng K\u00fd\" \/>\n<meta property=\"og:description\" content=\"Single-spindle vertical wood drill: precision wood auger and vertical boring machine. Made in Vietnam, ideal for professional woodworking and cabinetry\" \/>\n<meta property=\"og:url\" content=\"https:\/\/www.hongky.com\/en\/single-bit-vertical-drill\" \/>\n<meta property=\"og:site_name\" content=\"C\u00f4ng ty C\u01a1 Kh\u00ed H\u1ed3ng K\u00fd\" \/>\n<meta property=\"article:publisher\" content=\"https:\/\/www.facebook.com\/HongKyMayHan\" \/>\n<meta property=\"article:modified_time\" content=\"2025-06-25T09:48:27+00:00\" \/>\n<meta property=\"og:image\" content=\"https:\/\/www.hongky.com\/wp-content\/uploads\/2025\/06\/hong-ky-single-spindle-wood-drilling-machine-1.png\" \/>\n\t<meta property=\"og:image:width\" content=\"2000\" \/>\n\t<meta property=\"og:image:height\" content=\"1574\" \/>\n\t<meta property=\"og:image:type\" content=\"image\/png\" \/>\n<meta name=\"twitter:card\" content=\"summary_large_image\" \/>\n<meta name=\"twitter:label1\" content=\"Est. reading time\" \/>\n\t<meta name=\"twitter:data1\" content=\"1 minute\" \/>\n<script type=\"application\/ld+json\" class=\"yoast-schema-graph\">{\"@context\":\"https:\/\/schema.org\",\"@graph\":[{\"@type\":\"WebPage\",\"@id\":\"https:\/\/www.hongky.com\/en\/single-bit-vertical-drill\/\",\"url\":\"https:\/\/www.hongky.com\/en\/single-bit-vertical-drill\/\",\"name\":\"Single bit vertical drill - C\u00f4ng ty C\u01a1 Kh\u00ed H\u1ed3ng K\u00fd\",\"isPartOf\":{\"@id\":\"https:\/\/www.hongky.com\/en\/#website\"},\"primaryImageOfPage\":{\"@id\":\"https:\/\/www.hongky.com\/en\/single-bit-vertical-drill\/#primaryimage\"},\"image\":{\"@id\":\"https:\/\/www.hongky.com\/en\/single-bit-vertical-drill\/#primaryimage\"},\"thumbnailUrl\":\"https:\/\/www.hongky.com\/wp-content\/uploads\/2025\/06\/hong-ky-single-spindle-wood-drilling-machine-1.png\",\"datePublished\":\"2024-10-04T10:54:36+00:00\",\"dateModified\":\"2025-06-25T09:48:27+00:00\",\"description\":\"Single-spindle vertical wood drill: precision wood auger and vertical boring machine. Made in Vietnam, ideal for professional woodworking and cabinetry\",\"breadcrumb\":{\"@id\":\"https:\/\/www.hongky.com\/en\/single-bit-vertical-drill\/#breadcrumb\"},\"inLanguage\":\"en-US\",\"potentialAction\":[{\"@type\":\"ReadAction\",\"target\":[\"https:\/\/www.hongky.com\/en\/single-bit-vertical-drill\/\"]}]},{\"@type\":\"ImageObject\",\"inLanguage\":\"en-US\",\"@id\":\"https:\/\/www.hongky.com\/en\/single-bit-vertical-drill\/#primaryimage\",\"url\":\"https:\/\/www.hongky.com\/wp-content\/uploads\/2025\/06\/hong-ky-single-spindle-wood-drilling-machine-1.png\",\"contentUrl\":\"https:\/\/www.hongky.com\/wp-content\/uploads\/2025\/06\/hong-ky-single-spindle-wood-drilling-machine-1.png\",\"width\":2000,\"height\":1574,\"caption\":\"Hong Ky vertical single head wood drill\"},{\"@type\":\"BreadcrumbList\",\"@id\":\"https:\/\/www.hongky.com\/en\/single-bit-vertical-drill\/#breadcrumb\",\"itemListElement\":[{\"@type\":\"ListItem\",\"position\":1,\"name\":\"Home\",\"item\":\"https:\/\/www.hongky.com\/en\/\"},{\"@type\":\"ListItem\",\"position\":2,\"name\":\"Shop\",\"item\":\"https:\/\/www.hongky.com\/en\/shop\/\"},{\"@type\":\"ListItem\",\"position\":3,\"name\":\"Product\",\"item\":\"https:\/\/www.hongky.com\/en\/product\/\"},{\"@type\":\"ListItem\",\"position\":4,\"name\":\"Woodworking machine\",\"item\":\"https:\/\/www.hongky.com\/en\/woodworking-machine\/\"},{\"@type\":\"ListItem\",\"position\":5,\"name\":\"Drilling machines\",\"item\":\"https:\/\/www.hongky.com\/en\/drilling-machines\/\"},{\"@type\":\"ListItem\",\"position\":6,\"name\":\"Single bit vertical drill\"}]},{\"@type\":\"WebSite\",\"@id\":\"https:\/\/www.hongky.com\/en\/#website\",\"url\":\"https:\/\/www.hongky.com\/en\/\",\"name\":\"C\u00f4ng ty C\u01a1 Kh\u00ed H\u1ed3ng K\u00fd\",\"description\":\"Th\u01b0\u01a1ng hi\u1ec7u H\u1ed3ng K\u00fd l\u00e0 s\u1ef1 l\u1ef1a ch\u1ecdn h\u00e0ng \u0111\u1ea7u c\u1ee7a \u0111\u1ed1i t\u00e1c &amp; kh\u00e1ch h\u00e0ng\",\"publisher\":{\"@id\":\"https:\/\/www.hongky.com\/en\/#organization\"},\"potentialAction\":[{\"@type\":\"SearchAction\",\"target\":{\"@type\":\"EntryPoint\",\"urlTemplate\":\"https:\/\/www.hongky.com\/en\/?s={search_term_string}\"},\"query-input\":{\"@type\":\"PropertyValueSpecification\",\"valueRequired\":true,\"valueName\":\"search_term_string\"}}],\"inLanguage\":\"en-US\"},{\"@type\":\"Organization\",\"@id\":\"https:\/\/www.hongky.com\/en\/#organization\",\"name\":\"C\u00f4ng ty C\u01a1 Kh\u00ed H\u1ed3ng K\u00fd\",\"url\":\"https:\/\/www.hongky.com\/en\/\",\"logo\":{\"@type\":\"ImageObject\",\"inLanguage\":\"en-US\",\"@id\":\"https:\/\/www.hongky.com\/en\/#\/schema\/logo\/image\/\",\"url\":\"https:\/\/www.hongky.com\/wp-content\/uploads\/2025\/06\/cropped-hong-ky-mechanical-company-2.png\",\"contentUrl\":\"https:\/\/www.hongky.com\/wp-content\/uploads\/2025\/06\/cropped-hong-ky-mechanical-company-2.png\",\"width\":849,\"height\":849,\"caption\":\"C\u00f4ng ty C\u01a1 Kh\u00ed H\u1ed3ng K\u00fd\"},\"image\":{\"@id\":\"https:\/\/www.hongky.com\/en\/#\/schema\/logo\/image\/\"},\"sameAs\":[\"https:\/\/www.facebook.com\/HongKyMayHan\"]}]}<\/script>\n<!-- \/ Yoast SEO plugin. -->","yoast_head_json":{"title":"Single bit vertical drill - C\u00f4ng ty C\u01a1 Kh\u00ed H\u1ed3ng K\u00fd","description":"Single-spindle vertical wood drill: precision wood auger and vertical boring machine. Made in Vietnam, ideal for professional woodworking and cabinetry","robots":{"index":"index","follow":"follow","max-snippet":"max-snippet:-1","max-image-preview":"max-image-preview:large","max-video-preview":"max-video-preview:-1"},"canonical":"https:\/\/www.hongky.com\/en\/single-bit-vertical-drill","og_locale":"en_US","og_type":"article","og_title":"Single bit vertical drill - C\u00f4ng ty C\u01a1 Kh\u00ed H\u1ed3ng K\u00fd","og_description":"Single-spindle vertical wood drill: precision wood auger and vertical boring machine. Made in Vietnam, ideal for professional woodworking and cabinetry","og_url":"https:\/\/www.hongky.com\/en\/single-bit-vertical-drill","og_site_name":"C\u00f4ng ty C\u01a1 Kh\u00ed H\u1ed3ng K\u00fd","article_publisher":"https:\/\/www.facebook.com\/HongKyMayHan","article_modified_time":"2025-06-25T09:48:27+00:00","og_image":[{"width":2000,"height":1574,"url":"https:\/\/www.hongky.com\/wp-content\/uploads\/2025\/06\/hong-ky-single-spindle-wood-drilling-machine-1.png","type":"image\/png"}],"twitter_card":"summary_large_image","twitter_misc":{"Est. reading time":"1 minute"},"schema":{"@context":"https:\/\/schema.org","@graph":[{"@type":"WebPage","@id":"https:\/\/www.hongky.com\/en\/single-bit-vertical-drill\/","url":"https:\/\/www.hongky.com\/en\/single-bit-vertical-drill\/","name":"Single bit vertical drill - C\u00f4ng ty C\u01a1 Kh\u00ed H\u1ed3ng K\u00fd","isPartOf":{"@id":"https:\/\/www.hongky.com\/en\/#website"},"primaryImageOfPage":{"@id":"https:\/\/www.hongky.com\/en\/single-bit-vertical-drill\/#primaryimage"},"image":{"@id":"https:\/\/www.hongky.com\/en\/single-bit-vertical-drill\/#primaryimage"},"thumbnailUrl":"https:\/\/www.hongky.com\/wp-content\/uploads\/2025\/06\/hong-ky-single-spindle-wood-drilling-machine-1.png","datePublished":"2024-10-04T10:54:36+00:00","dateModified":"2025-06-25T09:48:27+00:00","description":"Single-spindle vertical wood drill: precision wood auger and vertical boring machine. Made in Vietnam, ideal for professional woodworking and cabinetry","breadcrumb":{"@id":"https:\/\/www.hongky.com\/en\/single-bit-vertical-drill\/#breadcrumb"},"inLanguage":"en-US","potentialAction":[{"@type":"ReadAction","target":["https:\/\/www.hongky.com\/en\/single-bit-vertical-drill\/"]}]},{"@type":"ImageObject","inLanguage":"en-US","@id":"https:\/\/www.hongky.com\/en\/single-bit-vertical-drill\/#primaryimage","url":"https:\/\/www.hongky.com\/wp-content\/uploads\/2025\/06\/hong-ky-single-spindle-wood-drilling-machine-1.png","contentUrl":"https:\/\/www.hongky.com\/wp-content\/uploads\/2025\/06\/hong-ky-single-spindle-wood-drilling-machine-1.png","width":2000,"height":1574,"caption":"Hong Ky vertical single head wood drill"},{"@type":"BreadcrumbList","@id":"https:\/\/www.hongky.com\/en\/single-bit-vertical-drill\/#breadcrumb","itemListElement":[{"@type":"ListItem","position":1,"name":"Home","item":"https:\/\/www.hongky.com\/en\/"},{"@type":"ListItem","position":2,"name":"Shop","item":"https:\/\/www.hongky.com\/en\/shop\/"},{"@type":"ListItem","position":3,"name":"Product","item":"https:\/\/www.hongky.com\/en\/product\/"},{"@type":"ListItem","position":4,"name":"Woodworking machine","item":"https:\/\/www.hongky.com\/en\/woodworking-machine\/"},{"@type":"ListItem","position":5,"name":"Drilling machines","item":"https:\/\/www.hongky.com\/en\/drilling-machines\/"},{"@type":"ListItem","position":6,"name":"Single bit vertical drill"}]},{"@type":"WebSite","@id":"https:\/\/www.hongky.com\/en\/#website","url":"https:\/\/www.hongky.com\/en\/","name":"C\u00f4ng ty C\u01a1 Kh\u00ed H\u1ed3ng K\u00fd","description":"Th\u01b0\u01a1ng hi\u1ec7u H\u1ed3ng K\u00fd l\u00e0 s\u1ef1 l\u1ef1a ch\u1ecdn h\u00e0ng \u0111\u1ea7u c\u1ee7a \u0111\u1ed1i t\u00e1c &amp; kh\u00e1ch h\u00e0ng","publisher":{"@id":"https:\/\/www.hongky.com\/en\/#organization"},"potentialAction":[{"@type":"SearchAction","target":{"@type":"EntryPoint","urlTemplate":"https:\/\/www.hongky.com\/en\/?s={search_term_string}"},"query-input":{"@type":"PropertyValueSpecification","valueRequired":true,"valueName":"search_term_string"}}],"inLanguage":"en-US"},{"@type":"Organization","@id":"https:\/\/www.hongky.com\/en\/#organization","name":"C\u00f4ng ty C\u01a1 Kh\u00ed H\u1ed3ng K\u00fd","url":"https:\/\/www.hongky.com\/en\/","logo":{"@type":"ImageObject","inLanguage":"en-US","@id":"https:\/\/www.hongky.com\/en\/#\/schema\/logo\/image\/","url":"https:\/\/www.hongky.com\/wp-content\/uploads\/2025\/06\/cropped-hong-ky-mechanical-company-2.png","contentUrl":"https:\/\/www.hongky.com\/wp-content\/uploads\/2025\/06\/cropped-hong-ky-mechanical-company-2.png","width":849,"height":849,"caption":"C\u00f4ng ty C\u01a1 Kh\u00ed H\u1ed3ng K\u00fd"},"image":{"@id":"https:\/\/www.hongky.com\/en\/#\/schema\/logo\/image\/"},"sameAs":["https:\/\/www.facebook.com\/HongKyMayHan"]}]}},"_links":{"self":[{"href":"https:\/\/www.hongky.com\/en\/wp-json\/wp\/v2\/product\/5822","targetHints":{"allow":["GET"]}}],"collection":[{"href":"https:\/\/www.hongky.com\/en\/wp-json\/wp\/v2\/product"}],"about":[{"href":"https:\/\/www.hongky.com\/en\/wp-json\/wp\/v2\/types\/product"}],"replies":[{"embeddable":true,"href":"https:\/\/www.hongky.com\/en\/wp-json\/wp\/v2\/comments?post=5822"}],"wp:featuredmedia":[{"embeddable":true,"href":"https:\/\/www.hongky.com\/en\/wp-json\/wp\/v2\/media\/11245"}],"wp:attachment":[{"href":"https:\/\/www.hongky.com\/en\/wp-json\/wp\/v2\/media?parent=5822"}],"wp:term":[{"taxonomy":"product_brand","embeddable":true,"href":"https:\/\/www.hongky.com\/en\/wp-json\/wp\/v2\/product_brand?post=5822"},{"taxonomy":"product_cat","embeddable":true,"href":"https:\/\/www.hongky.com\/en\/wp-json\/wp\/v2\/product_cat?post=5822"},{"taxonomy":"product_tag","embeddable":true,"href":"https:\/\/www.hongky.com\/en\/wp-json\/wp\/v2\/product_tag?post=5822"}],"curies":[{"name":"wp","href":"https:\/\/api.w.org\/{rel}","templated":true}]}}