{"id":5834,"date":"2024-10-03T18:12:02","date_gmt":"2024-10-03T11:12:02","guid":{"rendered":"https:\/\/hongky.com\/product\/nham-to-fb0303\/"},"modified":"2024-11-16T15:09:55","modified_gmt":"2024-11-16T08:09:55","slug":"sheet-sanding-fb0303","status":"publish","type":"product","link":"https:\/\/www.hongky.com\/en\/sheet-sanding-fb0303\/","title":{"rendered":"Sheet sanding FB0303"},"content":{"rendered":"<p style=\"text-align: justify;\">High-Performance Sanding Solution: Our sanding pad and accessories are designed for efficient hand sanding on both hard and soft wood surfaces and general metal polishing, with the ability to perform well even in wet conditions. Made in Vietnam for top quality and durability.<\/p>\n","protected":false},"excerpt":{"rendered":"<ul>\n<li>Versatile Use: Suitable for a variety of surfaces, from hardwood to standard metals.<\/li>\n<li>Water-Resistant: Efficiently handles wet applications using wet and dry sand paper and Waterproof Sandpaper.<\/li>\n<li>Durable Materials: Built to withstand both dry and wet conditions with superior sanding sheets.<\/li>\n<li>Enhanced Polishing: Provides a smooth finish using polishing paper and emery paper.<\/li>\n<li>Comprehensive Kit: Includes multiple accessories like sanding cloth and sandpaper sheets.<\/li>\n<\/ul>\n","protected":false},"featured_media":5241,"menu_order":208,"comment_status":"open","ping_status":"closed","template":"","meta":{"_acf_changed":false,"inline_featured_image":false},"product_brand":[],"product_cat":[659],"product_tag":[1920,1929,1930,1927,1926,1931,1917,1919,1928,1932,1925,1918,1921,1922,1924,1923],"class_list":{"0":"post-5834","1":"product","2":"type-product","3":"status-publish","4":"has-post-thumbnail","6":"product_cat-abrasive-sheet","7":"product_tag-abrasive-sheet","8":"product_tag-emery-paper","9":"product_tag-metal-polishing","10":"product_tag-polishing-paper","11":"product_tag-sanding-cloth","12":"product_tag-sanding-metal","13":"product_tag-sanding-pad","14":"product_tag-sanding-sheet","15":"product_tag-sandpaper","16":"product_tag-sandpaper-for-metal","17":"product_tag-sandpaper-grit","18":"product_tag-sandpaper-sheet","19":"product_tag-waterproof-sandpaper","20":"product_tag-wet-and-dry-sand-paper","21":"product_tag-wet-sanding-paper","22":"product_tag-wet-sanding-sponge","24":"first","25":"instock","26":"shipping-taxable","27":"product-type-simple"},"acf":[],"yoast_head":"<!-- This site is optimized with the Yoast SEO plugin v23.7 - https:\/\/yoast.com\/wordpress\/plugins\/seo\/ -->\n<title>Sheet sanding FB0303 - C\u00f4ng ty C\u01a1 Kh\u00ed H\u1ed3ng K\u00fd<\/title>\n<meta name=\"description\" content=\"Durable sanding pads and sheets for wood and metal finishing. Effective for both dry and wet conditions. Made in Vietnam for superior quality.\" \/>\n<meta name=\"robots\" content=\"index, follow, max-snippet:-1, max-image-preview:large, max-video-preview:-1\" \/>\n<link rel=\"canonical\" href=\"https:\/\/www.hongky.com\/en\/sheet-sanding-fb0303\" \/>\n<meta property=\"og:locale\" content=\"en_US\" \/>\n<meta property=\"og:type\" content=\"article\" \/>\n<meta property=\"og:title\" content=\"Sheet sanding FB0303 - C\u00f4ng ty C\u01a1 Kh\u00ed H\u1ed3ng K\u00fd\" \/>\n<meta property=\"og:description\" content=\"Durable sanding pads and sheets for wood and metal finishing. Effective for both dry and wet conditions. Made in Vietnam for superior quality.\" \/>\n<meta property=\"og:url\" content=\"https:\/\/www.hongky.com\/en\/sheet-sanding-fb0303\" \/>\n<meta property=\"og:site_name\" content=\"C\u00f4ng ty C\u01a1 Kh\u00ed H\u1ed3ng K\u00fd\" \/>\n<meta property=\"article:publisher\" content=\"https:\/\/www.facebook.com\/HongKyMayHan\" \/>\n<meta property=\"article:modified_time\" content=\"2024-11-16T08:09:55+00:00\" \/>\n<meta property=\"og:image\" content=\"https:\/\/www.hongky.com\/wp-content\/uploads\/2024\/11\/sheet-sanding-fb0303-hong-ky-1-1.jpg\" \/>\n\t<meta property=\"og:image:width\" content=\"1110\" \/>\n\t<meta property=\"og:image:height\" content=\"1110\" \/>\n\t<meta property=\"og:image:type\" content=\"image\/jpeg\" \/>\n<meta name=\"twitter:card\" content=\"summary_large_image\" \/>\n<meta name=\"twitter:label1\" content=\"Est. reading time\" \/>\n\t<meta name=\"twitter:data1\" content=\"1 minute\" \/>\n<script type=\"application\/ld+json\" class=\"yoast-schema-graph\">{\"@context\":\"https:\/\/schema.org\",\"@graph\":[{\"@type\":\"WebPage\",\"@id\":\"https:\/\/www.hongky.com\/en\/sheet-sanding-fb0303\/\",\"url\":\"https:\/\/www.hongky.com\/en\/sheet-sanding-fb0303\/\",\"name\":\"Sheet sanding FB0303 - C\u00f4ng ty C\u01a1 Kh\u00ed H\u1ed3ng K\u00fd\",\"isPartOf\":{\"@id\":\"https:\/\/www.hongky.com\/en\/#website\"},\"primaryImageOfPage\":{\"@id\":\"https:\/\/www.hongky.com\/en\/sheet-sanding-fb0303\/#primaryimage\"},\"image\":{\"@id\":\"https:\/\/www.hongky.com\/en\/sheet-sanding-fb0303\/#primaryimage\"},\"thumbnailUrl\":\"https:\/\/www.hongky.com\/wp-content\/uploads\/2024\/11\/sheet-sanding-fb0303-hong-ky-1-1.jpg\",\"datePublished\":\"2024-10-03T11:12:02+00:00\",\"dateModified\":\"2024-11-16T08:09:55+00:00\",\"description\":\"Durable sanding pads and sheets for wood and metal finishing. Effective for both dry and wet conditions. Made in Vietnam for superior quality.\",\"breadcrumb\":{\"@id\":\"https:\/\/www.hongky.com\/en\/sheet-sanding-fb0303\/#breadcrumb\"},\"inLanguage\":\"en-US\",\"potentialAction\":[{\"@type\":\"ReadAction\",\"target\":[\"https:\/\/www.hongky.com\/en\/sheet-sanding-fb0303\/\"]}]},{\"@type\":\"ImageObject\",\"inLanguage\":\"en-US\",\"@id\":\"https:\/\/www.hongky.com\/en\/sheet-sanding-fb0303\/#primaryimage\",\"url\":\"https:\/\/www.hongky.com\/wp-content\/uploads\/2024\/11\/sheet-sanding-fb0303-hong-ky-1-1.jpg\",\"contentUrl\":\"https:\/\/www.hongky.com\/wp-content\/uploads\/2024\/11\/sheet-sanding-fb0303-hong-ky-1-1.jpg\",\"width\":1110,\"height\":1110,\"caption\":\"sheet-sanding-fb0303-hong-ky\"},{\"@type\":\"BreadcrumbList\",\"@id\":\"https:\/\/www.hongky.com\/en\/sheet-sanding-fb0303\/#breadcrumb\",\"itemListElement\":[{\"@type\":\"ListItem\",\"position\":1,\"name\":\"Home\",\"item\":\"https:\/\/www.hongky.com\/en\/\"},{\"@type\":\"ListItem\",\"position\":2,\"name\":\"Shop\",\"item\":\"https:\/\/www.hongky.com\/en\/shop\/\"},{\"@type\":\"ListItem\",\"position\":3,\"name\":\"Product\",\"item\":\"https:\/\/www.hongky.com\/en\/product\/\"},{\"@type\":\"ListItem\",\"position\":4,\"name\":\"Abrasive Material\",\"item\":\"https:\/\/www.hongky.com\/en\/abrasive-material\/\"},{\"@type\":\"ListItem\",\"position\":5,\"name\":\"White Brush\",\"item\":\"https:\/\/www.hongky.com\/en\/white-brush\/\"},{\"@type\":\"ListItem\",\"position\":6,\"name\":\"Sheet sanding FB0303\"}]},{\"@type\":\"WebSite\",\"@id\":\"https:\/\/www.hongky.com\/en\/#website\",\"url\":\"https:\/\/www.hongky.com\/en\/\",\"name\":\"C\u00f4ng ty C\u01a1 Kh\u00ed H\u1ed3ng K\u00fd\",\"description\":\"Th\u01b0\u01a1ng hi\u1ec7u H\u1ed3ng K\u00fd l\u00e0 s\u1ef1 l\u1ef1a ch\u1ecdn h\u00e0ng \u0111\u1ea7u c\u1ee7a \u0111\u1ed1i t\u00e1c &amp; kh\u00e1ch h\u00e0ng\",\"publisher\":{\"@id\":\"https:\/\/www.hongky.com\/en\/#organization\"},\"potentialAction\":[{\"@type\":\"SearchAction\",\"target\":{\"@type\":\"EntryPoint\",\"urlTemplate\":\"https:\/\/www.hongky.com\/en\/?s={search_term_string}\"},\"query-input\":{\"@type\":\"PropertyValueSpecification\",\"valueRequired\":true,\"valueName\":\"search_term_string\"}}],\"inLanguage\":\"en-US\"},{\"@type\":\"Organization\",\"@id\":\"https:\/\/www.hongky.com\/en\/#organization\",\"name\":\"C\u00f4ng ty C\u01a1 Kh\u00ed H\u1ed3ng K\u00fd\",\"url\":\"https:\/\/www.hongky.com\/en\/\",\"logo\":{\"@type\":\"ImageObject\",\"inLanguage\":\"en-US\",\"@id\":\"https:\/\/www.hongky.com\/en\/#\/schema\/logo\/image\/\",\"url\":\"https:\/\/www.hongky.com\/wp-content\/uploads\/2025\/06\/cropped-hong-ky-mechanical-company-2.png\",\"contentUrl\":\"https:\/\/www.hongky.com\/wp-content\/uploads\/2025\/06\/cropped-hong-ky-mechanical-company-2.png\",\"width\":849,\"height\":849,\"caption\":\"C\u00f4ng ty C\u01a1 Kh\u00ed H\u1ed3ng K\u00fd\"},\"image\":{\"@id\":\"https:\/\/www.hongky.com\/en\/#\/schema\/logo\/image\/\"},\"sameAs\":[\"https:\/\/www.facebook.com\/HongKyMayHan\"]}]}<\/script>\n<!-- \/ Yoast SEO plugin. -->","yoast_head_json":{"title":"Sheet sanding FB0303 - C\u00f4ng ty C\u01a1 Kh\u00ed H\u1ed3ng K\u00fd","description":"Durable sanding pads and sheets for wood and metal finishing. Effective for both dry and wet conditions. Made in Vietnam for superior quality.","robots":{"index":"index","follow":"follow","max-snippet":"max-snippet:-1","max-image-preview":"max-image-preview:large","max-video-preview":"max-video-preview:-1"},"canonical":"https:\/\/www.hongky.com\/en\/sheet-sanding-fb0303","og_locale":"en_US","og_type":"article","og_title":"Sheet sanding FB0303 - C\u00f4ng ty C\u01a1 Kh\u00ed H\u1ed3ng K\u00fd","og_description":"Durable sanding pads and sheets for wood and metal finishing. Effective for both dry and wet conditions. Made in Vietnam for superior quality.","og_url":"https:\/\/www.hongky.com\/en\/sheet-sanding-fb0303","og_site_name":"C\u00f4ng ty C\u01a1 Kh\u00ed H\u1ed3ng K\u00fd","article_publisher":"https:\/\/www.facebook.com\/HongKyMayHan","article_modified_time":"2024-11-16T08:09:55+00:00","og_image":[{"width":1110,"height":1110,"url":"https:\/\/www.hongky.com\/wp-content\/uploads\/2024\/11\/sheet-sanding-fb0303-hong-ky-1-1.jpg","type":"image\/jpeg"}],"twitter_card":"summary_large_image","twitter_misc":{"Est. reading time":"1 minute"},"schema":{"@context":"https:\/\/schema.org","@graph":[{"@type":"WebPage","@id":"https:\/\/www.hongky.com\/en\/sheet-sanding-fb0303\/","url":"https:\/\/www.hongky.com\/en\/sheet-sanding-fb0303\/","name":"Sheet sanding FB0303 - C\u00f4ng ty C\u01a1 Kh\u00ed H\u1ed3ng K\u00fd","isPartOf":{"@id":"https:\/\/www.hongky.com\/en\/#website"},"primaryImageOfPage":{"@id":"https:\/\/www.hongky.com\/en\/sheet-sanding-fb0303\/#primaryimage"},"image":{"@id":"https:\/\/www.hongky.com\/en\/sheet-sanding-fb0303\/#primaryimage"},"thumbnailUrl":"https:\/\/www.hongky.com\/wp-content\/uploads\/2024\/11\/sheet-sanding-fb0303-hong-ky-1-1.jpg","datePublished":"2024-10-03T11:12:02+00:00","dateModified":"2024-11-16T08:09:55+00:00","description":"Durable sanding pads and sheets for wood and metal finishing. Effective for both dry and wet conditions. Made in Vietnam for superior quality.","breadcrumb":{"@id":"https:\/\/www.hongky.com\/en\/sheet-sanding-fb0303\/#breadcrumb"},"inLanguage":"en-US","potentialAction":[{"@type":"ReadAction","target":["https:\/\/www.hongky.com\/en\/sheet-sanding-fb0303\/"]}]},{"@type":"ImageObject","inLanguage":"en-US","@id":"https:\/\/www.hongky.com\/en\/sheet-sanding-fb0303\/#primaryimage","url":"https:\/\/www.hongky.com\/wp-content\/uploads\/2024\/11\/sheet-sanding-fb0303-hong-ky-1-1.jpg","contentUrl":"https:\/\/www.hongky.com\/wp-content\/uploads\/2024\/11\/sheet-sanding-fb0303-hong-ky-1-1.jpg","width":1110,"height":1110,"caption":"sheet-sanding-fb0303-hong-ky"},{"@type":"BreadcrumbList","@id":"https:\/\/www.hongky.com\/en\/sheet-sanding-fb0303\/#breadcrumb","itemListElement":[{"@type":"ListItem","position":1,"name":"Home","item":"https:\/\/www.hongky.com\/en\/"},{"@type":"ListItem","position":2,"name":"Shop","item":"https:\/\/www.hongky.com\/en\/shop\/"},{"@type":"ListItem","position":3,"name":"Product","item":"https:\/\/www.hongky.com\/en\/product\/"},{"@type":"ListItem","position":4,"name":"Abrasive Material","item":"https:\/\/www.hongky.com\/en\/abrasive-material\/"},{"@type":"ListItem","position":5,"name":"White Brush","item":"https:\/\/www.hongky.com\/en\/white-brush\/"},{"@type":"ListItem","position":6,"name":"Sheet sanding FB0303"}]},{"@type":"WebSite","@id":"https:\/\/www.hongky.com\/en\/#website","url":"https:\/\/www.hongky.com\/en\/","name":"C\u00f4ng ty C\u01a1 Kh\u00ed H\u1ed3ng K\u00fd","description":"Th\u01b0\u01a1ng hi\u1ec7u H\u1ed3ng K\u00fd l\u00e0 s\u1ef1 l\u1ef1a ch\u1ecdn h\u00e0ng \u0111\u1ea7u c\u1ee7a \u0111\u1ed1i t\u00e1c &amp; kh\u00e1ch h\u00e0ng","publisher":{"@id":"https:\/\/www.hongky.com\/en\/#organization"},"potentialAction":[{"@type":"SearchAction","target":{"@type":"EntryPoint","urlTemplate":"https:\/\/www.hongky.com\/en\/?s={search_term_string}"},"query-input":{"@type":"PropertyValueSpecification","valueRequired":true,"valueName":"search_term_string"}}],"inLanguage":"en-US"},{"@type":"Organization","@id":"https:\/\/www.hongky.com\/en\/#organization","name":"C\u00f4ng ty C\u01a1 Kh\u00ed H\u1ed3ng K\u00fd","url":"https:\/\/www.hongky.com\/en\/","logo":{"@type":"ImageObject","inLanguage":"en-US","@id":"https:\/\/www.hongky.com\/en\/#\/schema\/logo\/image\/","url":"https:\/\/www.hongky.com\/wp-content\/uploads\/2025\/06\/cropped-hong-ky-mechanical-company-2.png","contentUrl":"https:\/\/www.hongky.com\/wp-content\/uploads\/2025\/06\/cropped-hong-ky-mechanical-company-2.png","width":849,"height":849,"caption":"C\u00f4ng ty C\u01a1 Kh\u00ed H\u1ed3ng K\u00fd"},"image":{"@id":"https:\/\/www.hongky.com\/en\/#\/schema\/logo\/image\/"},"sameAs":["https:\/\/www.facebook.com\/HongKyMayHan"]}]}},"_links":{"self":[{"href":"https:\/\/www.hongky.com\/en\/wp-json\/wp\/v2\/product\/5834","targetHints":{"allow":["GET"]}}],"collection":[{"href":"https:\/\/www.hongky.com\/en\/wp-json\/wp\/v2\/product"}],"about":[{"href":"https:\/\/www.hongky.com\/en\/wp-json\/wp\/v2\/types\/product"}],"replies":[{"embeddable":true,"href":"https:\/\/www.hongky.com\/en\/wp-json\/wp\/v2\/comments?post=5834"}],"wp:featuredmedia":[{"embeddable":true,"href":"https:\/\/www.hongky.com\/en\/wp-json\/wp\/v2\/media\/5241"}],"wp:attachment":[{"href":"https:\/\/www.hongky.com\/en\/wp-json\/wp\/v2\/media?parent=5834"}],"wp:term":[{"taxonomy":"product_brand","embeddable":true,"href":"https:\/\/www.hongky.com\/en\/wp-json\/wp\/v2\/product_brand?post=5834"},{"taxonomy":"product_cat","embeddable":true,"href":"https:\/\/www.hongky.com\/en\/wp-json\/wp\/v2\/product_cat?post=5834"},{"taxonomy":"product_tag","embeddable":true,"href":"https:\/\/www.hongky.com\/en\/wp-json\/wp\/v2\/product_tag?post=5834"}],"curies":[{"name":"wp","href":"https:\/\/api.w.org\/{rel}","templated":true}]}}