{"id":5842,"date":"2024-10-03T16:34:22","date_gmt":"2024-10-03T09:34:22","guid":{"rendered":"https:\/\/hongky.com\/product\/vai-nham-hong-ky-tj113-jb-5-ao-hat-180-240-320\/"},"modified":"2024-11-28T09:19:34","modified_gmt":"2024-11-28T02:19:34","slug":"sandpaper-tj113-jb-5-a-o-grit-180-240-320","status":"publish","type":"product","link":"https:\/\/www.hongky.com\/en\/sandpaper-tj113-jb-5-ao-grit-180-240-320\/","title":{"rendered":"Sandpaper TJ113 (JB-5) A\/O grit 180-240-320"},"content":{"rendered":"<p style=\"text-align: justify;\">The A\/O sanding cloth is a versatile solution for wood sanding, designed to efficiently remove fibres and prepare surfaces for painting. Ideal for both hardwood and softwood, this sanding cloth provides precision and durability for a variety of sanding applications. Made in Vietnam.<\/p>\n","protected":false},"excerpt":{"rendered":"<ul>\n<li>Flexible soft sanding cloth adapts to flat or profile products<\/li>\n<li>Available in various grit levels for different sanding requirements<\/li>\n<li>Sanding Flaps provide effective and uniform sanding on both hardwood and softwood<\/li>\n<li>Standard cloth height options: 56mm, 61mm, and 70mm<\/li>\n<li>Customizable sanding cloth length to fit machine standards or customer requirements<\/li>\n<\/ul>\n","protected":false},"featured_media":5167,"menu_order":215,"comment_status":"open","ping_status":"closed","template":"","meta":{"_acf_changed":false,"inline_featured_image":false},"product_brand":[],"product_cat":[656],"product_tag":[1943,1945,1946,1944],"class_list":{"0":"post-5842","1":"product","2":"type-product","3":"status-publish","4":"has-post-thumbnail","6":"product_cat-abrasive-brush","7":"product_tag-240-sandpaper","8":"product_tag-abrasive-flaps","9":"product_tag-flap-sanding-strips","10":"product_tag-sanding-flaps","12":"first","13":"instock","14":"shipping-taxable","15":"product-type-simple"},"acf":[],"yoast_head":"<!-- This site is optimized with the Yoast SEO plugin v23.7 - https:\/\/yoast.com\/wordpress\/plugins\/seo\/ -->\n<title>Sandpaper TJ113 (JB-5) A\/O grit 180-240-320 - C\u00f4ng ty C\u01a1 Kh\u00ed H\u1ed3ng K\u00fd<\/title>\n<meta name=\"description\" content=\"Premium A\/O sanding cloth for wood sanding, featuring flexible Sanding Flaps and customizable grit levels. Suitable for hardwood and softwood.\" \/>\n<meta name=\"robots\" content=\"index, follow, max-snippet:-1, max-image-preview:large, max-video-preview:-1\" \/>\n<link rel=\"canonical\" href=\"https:\/\/www.hongky.com\/en\/sandpaper-tj113-jb-5-ao-grit-180-240-320\" \/>\n<meta property=\"og:locale\" content=\"en_US\" \/>\n<meta property=\"og:type\" content=\"article\" \/>\n<meta property=\"og:title\" content=\"Sandpaper TJ113 (JB-5) A\/O grit 180-240-320 - C\u00f4ng ty C\u01a1 Kh\u00ed H\u1ed3ng K\u00fd\" \/>\n<meta property=\"og:description\" content=\"Premium A\/O sanding cloth for wood sanding, featuring flexible Sanding Flaps and customizable grit levels. Suitable for hardwood and softwood.\" \/>\n<meta property=\"og:url\" content=\"https:\/\/www.hongky.com\/en\/sandpaper-tj113-jb-5-ao-grit-180-240-320\" \/>\n<meta property=\"og:site_name\" content=\"C\u00f4ng ty C\u01a1 Kh\u00ed H\u1ed3ng K\u00fd\" \/>\n<meta property=\"article:publisher\" content=\"https:\/\/www.facebook.com\/HongKyMayHan\" \/>\n<meta property=\"article:modified_time\" content=\"2024-11-28T02:19:34+00:00\" \/>\n<meta property=\"og:image\" content=\"https:\/\/www.hongky.com\/wp-content\/uploads\/2024\/11\/sandpaper-tj113-jb-5-a-o-grit-180-240-320-8-1.jpg\" \/>\n\t<meta property=\"og:image:width\" content=\"1429\" \/>\n\t<meta property=\"og:image:height\" content=\"1430\" \/>\n\t<meta property=\"og:image:type\" content=\"image\/jpeg\" \/>\n<meta name=\"twitter:card\" content=\"summary_large_image\" \/>\n<meta name=\"twitter:label1\" content=\"Est. reading time\" \/>\n\t<meta name=\"twitter:data1\" content=\"1 minute\" \/>\n<script type=\"application\/ld+json\" class=\"yoast-schema-graph\">{\"@context\":\"https:\/\/schema.org\",\"@graph\":[{\"@type\":\"WebPage\",\"@id\":\"https:\/\/www.hongky.com\/en\/sandpaper-tj113-jb-5-ao-grit-180-240-320\/\",\"url\":\"https:\/\/www.hongky.com\/en\/sandpaper-tj113-jb-5-ao-grit-180-240-320\/\",\"name\":\"Sandpaper TJ113 (JB-5) A\/O grit 180-240-320 - C\u00f4ng ty C\u01a1 Kh\u00ed H\u1ed3ng K\u00fd\",\"isPartOf\":{\"@id\":\"https:\/\/www.hongky.com\/en\/#website\"},\"primaryImageOfPage\":{\"@id\":\"https:\/\/www.hongky.com\/en\/sandpaper-tj113-jb-5-ao-grit-180-240-320\/#primaryimage\"},\"image\":{\"@id\":\"https:\/\/www.hongky.com\/en\/sandpaper-tj113-jb-5-ao-grit-180-240-320\/#primaryimage\"},\"thumbnailUrl\":\"https:\/\/www.hongky.com\/wp-content\/uploads\/2024\/11\/sandpaper-tj113-jb-5-a-o-grit-180-240-320-8-1.jpg\",\"datePublished\":\"2024-10-03T09:34:22+00:00\",\"dateModified\":\"2024-11-28T02:19:34+00:00\",\"description\":\"Premium A\/O sanding cloth for wood sanding, featuring flexible Sanding Flaps and customizable grit levels. Suitable for hardwood and softwood.\",\"breadcrumb\":{\"@id\":\"https:\/\/www.hongky.com\/en\/sandpaper-tj113-jb-5-ao-grit-180-240-320\/#breadcrumb\"},\"inLanguage\":\"en-US\",\"potentialAction\":[{\"@type\":\"ReadAction\",\"target\":[\"https:\/\/www.hongky.com\/en\/sandpaper-tj113-jb-5-ao-grit-180-240-320\/\"]}]},{\"@type\":\"ImageObject\",\"inLanguage\":\"en-US\",\"@id\":\"https:\/\/www.hongky.com\/en\/sandpaper-tj113-jb-5-ao-grit-180-240-320\/#primaryimage\",\"url\":\"https:\/\/www.hongky.com\/wp-content\/uploads\/2024\/11\/sandpaper-tj113-jb-5-a-o-grit-180-240-320-8-1.jpg\",\"contentUrl\":\"https:\/\/www.hongky.com\/wp-content\/uploads\/2024\/11\/sandpaper-tj113-jb-5-a-o-grit-180-240-320-8-1.jpg\",\"width\":1429,\"height\":1430,\"caption\":\"sandpaper-tj113-jb-5-a-o-grit-180-240-320-8\"},{\"@type\":\"BreadcrumbList\",\"@id\":\"https:\/\/www.hongky.com\/en\/sandpaper-tj113-jb-5-ao-grit-180-240-320\/#breadcrumb\",\"itemListElement\":[{\"@type\":\"ListItem\",\"position\":1,\"name\":\"Home\",\"item\":\"https:\/\/www.hongky.com\/en\/\"},{\"@type\":\"ListItem\",\"position\":2,\"name\":\"Shop\",\"item\":\"https:\/\/www.hongky.com\/en\/shop\/\"},{\"@type\":\"ListItem\",\"position\":3,\"name\":\"Product\",\"item\":\"https:\/\/www.hongky.com\/en\/product\/\"},{\"@type\":\"ListItem\",\"position\":4,\"name\":\"Abrasive Material\",\"item\":\"https:\/\/www.hongky.com\/en\/abrasive-material\/\"},{\"@type\":\"ListItem\",\"position\":5,\"name\":\"Brush Sandpaper\",\"item\":\"https:\/\/www.hongky.com\/en\/brush-sandpaper\/\"},{\"@type\":\"ListItem\",\"position\":6,\"name\":\"Sandpaper TJ113 (JB-5) A\/O grit 180-240-320\"}]},{\"@type\":\"WebSite\",\"@id\":\"https:\/\/www.hongky.com\/en\/#website\",\"url\":\"https:\/\/www.hongky.com\/en\/\",\"name\":\"C\u00f4ng ty C\u01a1 Kh\u00ed H\u1ed3ng K\u00fd\",\"description\":\"Th\u01b0\u01a1ng hi\u1ec7u H\u1ed3ng K\u00fd l\u00e0 s\u1ef1 l\u1ef1a ch\u1ecdn h\u00e0ng \u0111\u1ea7u c\u1ee7a \u0111\u1ed1i t\u00e1c &amp; kh\u00e1ch h\u00e0ng\",\"publisher\":{\"@id\":\"https:\/\/www.hongky.com\/en\/#organization\"},\"potentialAction\":[{\"@type\":\"SearchAction\",\"target\":{\"@type\":\"EntryPoint\",\"urlTemplate\":\"https:\/\/www.hongky.com\/en\/?s={search_term_string}\"},\"query-input\":{\"@type\":\"PropertyValueSpecification\",\"valueRequired\":true,\"valueName\":\"search_term_string\"}}],\"inLanguage\":\"en-US\"},{\"@type\":\"Organization\",\"@id\":\"https:\/\/www.hongky.com\/en\/#organization\",\"name\":\"C\u00f4ng ty C\u01a1 Kh\u00ed H\u1ed3ng K\u00fd\",\"url\":\"https:\/\/www.hongky.com\/en\/\",\"logo\":{\"@type\":\"ImageObject\",\"inLanguage\":\"en-US\",\"@id\":\"https:\/\/www.hongky.com\/en\/#\/schema\/logo\/image\/\",\"url\":\"https:\/\/www.hongky.com\/wp-content\/uploads\/2025\/06\/cropped-hong-ky-mechanical-company-2.png\",\"contentUrl\":\"https:\/\/www.hongky.com\/wp-content\/uploads\/2025\/06\/cropped-hong-ky-mechanical-company-2.png\",\"width\":849,\"height\":849,\"caption\":\"C\u00f4ng ty C\u01a1 Kh\u00ed H\u1ed3ng K\u00fd\"},\"image\":{\"@id\":\"https:\/\/www.hongky.com\/en\/#\/schema\/logo\/image\/\"},\"sameAs\":[\"https:\/\/www.facebook.com\/HongKyMayHan\"]}]}<\/script>\n<!-- \/ Yoast SEO plugin. -->","yoast_head_json":{"title":"Sandpaper TJ113 (JB-5) A\/O grit 180-240-320 - C\u00f4ng ty C\u01a1 Kh\u00ed H\u1ed3ng K\u00fd","description":"Premium A\/O sanding cloth for wood sanding, featuring flexible Sanding Flaps and customizable grit levels. Suitable for hardwood and softwood.","robots":{"index":"index","follow":"follow","max-snippet":"max-snippet:-1","max-image-preview":"max-image-preview:large","max-video-preview":"max-video-preview:-1"},"canonical":"https:\/\/www.hongky.com\/en\/sandpaper-tj113-jb-5-ao-grit-180-240-320","og_locale":"en_US","og_type":"article","og_title":"Sandpaper TJ113 (JB-5) A\/O grit 180-240-320 - C\u00f4ng ty C\u01a1 Kh\u00ed H\u1ed3ng K\u00fd","og_description":"Premium A\/O sanding cloth for wood sanding, featuring flexible Sanding Flaps and customizable grit levels. Suitable for hardwood and softwood.","og_url":"https:\/\/www.hongky.com\/en\/sandpaper-tj113-jb-5-ao-grit-180-240-320","og_site_name":"C\u00f4ng ty C\u01a1 Kh\u00ed H\u1ed3ng K\u00fd","article_publisher":"https:\/\/www.facebook.com\/HongKyMayHan","article_modified_time":"2024-11-28T02:19:34+00:00","og_image":[{"width":1429,"height":1430,"url":"https:\/\/www.hongky.com\/wp-content\/uploads\/2024\/11\/sandpaper-tj113-jb-5-a-o-grit-180-240-320-8-1.jpg","type":"image\/jpeg"}],"twitter_card":"summary_large_image","twitter_misc":{"Est. reading time":"1 minute"},"schema":{"@context":"https:\/\/schema.org","@graph":[{"@type":"WebPage","@id":"https:\/\/www.hongky.com\/en\/sandpaper-tj113-jb-5-ao-grit-180-240-320\/","url":"https:\/\/www.hongky.com\/en\/sandpaper-tj113-jb-5-ao-grit-180-240-320\/","name":"Sandpaper TJ113 (JB-5) A\/O grit 180-240-320 - C\u00f4ng ty C\u01a1 Kh\u00ed H\u1ed3ng K\u00fd","isPartOf":{"@id":"https:\/\/www.hongky.com\/en\/#website"},"primaryImageOfPage":{"@id":"https:\/\/www.hongky.com\/en\/sandpaper-tj113-jb-5-ao-grit-180-240-320\/#primaryimage"},"image":{"@id":"https:\/\/www.hongky.com\/en\/sandpaper-tj113-jb-5-ao-grit-180-240-320\/#primaryimage"},"thumbnailUrl":"https:\/\/www.hongky.com\/wp-content\/uploads\/2024\/11\/sandpaper-tj113-jb-5-a-o-grit-180-240-320-8-1.jpg","datePublished":"2024-10-03T09:34:22+00:00","dateModified":"2024-11-28T02:19:34+00:00","description":"Premium A\/O sanding cloth for wood sanding, featuring flexible Sanding Flaps and customizable grit levels. Suitable for hardwood and softwood.","breadcrumb":{"@id":"https:\/\/www.hongky.com\/en\/sandpaper-tj113-jb-5-ao-grit-180-240-320\/#breadcrumb"},"inLanguage":"en-US","potentialAction":[{"@type":"ReadAction","target":["https:\/\/www.hongky.com\/en\/sandpaper-tj113-jb-5-ao-grit-180-240-320\/"]}]},{"@type":"ImageObject","inLanguage":"en-US","@id":"https:\/\/www.hongky.com\/en\/sandpaper-tj113-jb-5-ao-grit-180-240-320\/#primaryimage","url":"https:\/\/www.hongky.com\/wp-content\/uploads\/2024\/11\/sandpaper-tj113-jb-5-a-o-grit-180-240-320-8-1.jpg","contentUrl":"https:\/\/www.hongky.com\/wp-content\/uploads\/2024\/11\/sandpaper-tj113-jb-5-a-o-grit-180-240-320-8-1.jpg","width":1429,"height":1430,"caption":"sandpaper-tj113-jb-5-a-o-grit-180-240-320-8"},{"@type":"BreadcrumbList","@id":"https:\/\/www.hongky.com\/en\/sandpaper-tj113-jb-5-ao-grit-180-240-320\/#breadcrumb","itemListElement":[{"@type":"ListItem","position":1,"name":"Home","item":"https:\/\/www.hongky.com\/en\/"},{"@type":"ListItem","position":2,"name":"Shop","item":"https:\/\/www.hongky.com\/en\/shop\/"},{"@type":"ListItem","position":3,"name":"Product","item":"https:\/\/www.hongky.com\/en\/product\/"},{"@type":"ListItem","position":4,"name":"Abrasive Material","item":"https:\/\/www.hongky.com\/en\/abrasive-material\/"},{"@type":"ListItem","position":5,"name":"Brush Sandpaper","item":"https:\/\/www.hongky.com\/en\/brush-sandpaper\/"},{"@type":"ListItem","position":6,"name":"Sandpaper TJ113 (JB-5) A\/O grit 180-240-320"}]},{"@type":"WebSite","@id":"https:\/\/www.hongky.com\/en\/#website","url":"https:\/\/www.hongky.com\/en\/","name":"C\u00f4ng ty C\u01a1 Kh\u00ed H\u1ed3ng K\u00fd","description":"Th\u01b0\u01a1ng hi\u1ec7u H\u1ed3ng K\u00fd l\u00e0 s\u1ef1 l\u1ef1a ch\u1ecdn h\u00e0ng \u0111\u1ea7u c\u1ee7a \u0111\u1ed1i t\u00e1c &amp; kh\u00e1ch h\u00e0ng","publisher":{"@id":"https:\/\/www.hongky.com\/en\/#organization"},"potentialAction":[{"@type":"SearchAction","target":{"@type":"EntryPoint","urlTemplate":"https:\/\/www.hongky.com\/en\/?s={search_term_string}"},"query-input":{"@type":"PropertyValueSpecification","valueRequired":true,"valueName":"search_term_string"}}],"inLanguage":"en-US"},{"@type":"Organization","@id":"https:\/\/www.hongky.com\/en\/#organization","name":"C\u00f4ng ty C\u01a1 Kh\u00ed H\u1ed3ng K\u00fd","url":"https:\/\/www.hongky.com\/en\/","logo":{"@type":"ImageObject","inLanguage":"en-US","@id":"https:\/\/www.hongky.com\/en\/#\/schema\/logo\/image\/","url":"https:\/\/www.hongky.com\/wp-content\/uploads\/2025\/06\/cropped-hong-ky-mechanical-company-2.png","contentUrl":"https:\/\/www.hongky.com\/wp-content\/uploads\/2025\/06\/cropped-hong-ky-mechanical-company-2.png","width":849,"height":849,"caption":"C\u00f4ng ty C\u01a1 Kh\u00ed H\u1ed3ng K\u00fd"},"image":{"@id":"https:\/\/www.hongky.com\/en\/#\/schema\/logo\/image\/"},"sameAs":["https:\/\/www.facebook.com\/HongKyMayHan"]}]}},"_links":{"self":[{"href":"https:\/\/www.hongky.com\/en\/wp-json\/wp\/v2\/product\/5842","targetHints":{"allow":["GET"]}}],"collection":[{"href":"https:\/\/www.hongky.com\/en\/wp-json\/wp\/v2\/product"}],"about":[{"href":"https:\/\/www.hongky.com\/en\/wp-json\/wp\/v2\/types\/product"}],"replies":[{"embeddable":true,"href":"https:\/\/www.hongky.com\/en\/wp-json\/wp\/v2\/comments?post=5842"}],"wp:featuredmedia":[{"embeddable":true,"href":"https:\/\/www.hongky.com\/en\/wp-json\/wp\/v2\/media\/5167"}],"wp:attachment":[{"href":"https:\/\/www.hongky.com\/en\/wp-json\/wp\/v2\/media?parent=5842"}],"wp:term":[{"taxonomy":"product_brand","embeddable":true,"href":"https:\/\/www.hongky.com\/en\/wp-json\/wp\/v2\/product_brand?post=5842"},{"taxonomy":"product_cat","embeddable":true,"href":"https:\/\/www.hongky.com\/en\/wp-json\/wp\/v2\/product_cat?post=5842"},{"taxonomy":"product_tag","embeddable":true,"href":"https:\/\/www.hongky.com\/en\/wp-json\/wp\/v2\/product_tag?post=5842"}],"curies":[{"name":"wp","href":"https:\/\/api.w.org\/{rel}","templated":true}]}}