{"id":5850,"date":"2024-10-03T10:03:35","date_gmt":"2024-10-03T03:03:35","guid":{"rendered":"https:\/\/hongky.com\/product\/may-ghep-doc-2m5-tu-dong\/"},"modified":"2024-11-15T13:52:22","modified_gmt":"2024-11-15T06:52:22","slug":"2500-longitudinal-jointing-machine","status":"publish","type":"product","link":"https:\/\/www.hongky.com\/en\/2500-finger-jointing-press\/","title":{"rendered":"2500 FINGER JOINTING PRESS"},"content":{"rendered":"<p style=\"text-align: justify;\">The Automatic 2M5 Vertical Finger Jointing Machine is the ultimate solution for woodworking factories aiming to enhance productivity and reduce labor costs. Designed for high-efficiency operations, this machine tackles labor shortages while ensuring top-quality output.<\/p>\n","protected":false},"excerpt":{"rendered":"<ul>\n<li>High-Efficiency Feeding System: Equipped with independent top and bottom feeding units, powered by dual motors, achieving speeds of up to 120m\/min.<\/li>\n<li>Impressive Productivity: With two jointing tables, the machine operates at a cycle time of 6 to 8 seconds per piece.<\/li>\n<li>User-Friendly Interface: Features a touchscreen display in both English and Vietnamese, making it easy to adjust settings.<\/li>\n<li>Smart Control System: Managed entirely by PLC and inverter technology for precision and energy savings.<\/li>\n<li>Compact Design: Streamlined for seamless integration into your production line, ensuring maximum space utilization.<\/li>\n<\/ul>\n","protected":false},"featured_media":5106,"menu_order":298,"comment_status":"open","ping_status":"closed","template":"","meta":{"_acf_changed":false,"inline_featured_image":false},"product_brand":[],"product_cat":[678],"product_tag":[1757,1758],"class_list":{"0":"post-5850","1":"product","2":"type-product","3":"status-publish","4":"has-post-thumbnail","6":"product_cat-jointing-machines","7":"product_tag-high-frequency-wood-board-jointing-machine","8":"product_tag-press-machine","10":"first","11":"instock","12":"shipping-taxable","13":"product-type-simple"},"acf":[],"yoast_head":"<!-- This site is optimized with the Yoast SEO plugin v23.7 - https:\/\/yoast.com\/wordpress\/plugins\/seo\/ -->\n<title>2500 FINGER JOINTING PRESS - C\u00f4ng ty C\u01a1 Kh\u00ed H\u1ed3ng K\u00fd<\/title>\n<meta name=\"description\" content=\"Efficient Automatic 2M5 Vertical Finger Jointing Machine: Boost wood production, save labor, and achieve precise results with advanced PLC technology.\" \/>\n<meta name=\"robots\" content=\"index, follow, max-snippet:-1, max-image-preview:large, max-video-preview:-1\" \/>\n<link rel=\"canonical\" href=\"https:\/\/www.hongky.com\/en\/2500-finger-jointing-press\" \/>\n<meta property=\"og:locale\" content=\"en_US\" \/>\n<meta property=\"og:type\" content=\"article\" \/>\n<meta property=\"og:title\" content=\"2500 FINGER JOINTING PRESS - C\u00f4ng ty C\u01a1 Kh\u00ed H\u1ed3ng K\u00fd\" \/>\n<meta property=\"og:description\" content=\"Efficient Automatic 2M5 Vertical Finger Jointing Machine: Boost wood production, save labor, and achieve precise results with advanced PLC technology.\" \/>\n<meta property=\"og:url\" content=\"https:\/\/www.hongky.com\/en\/2500-finger-jointing-press\" \/>\n<meta property=\"og:site_name\" content=\"C\u00f4ng ty C\u01a1 Kh\u00ed H\u1ed3ng K\u00fd\" \/>\n<meta property=\"article:publisher\" content=\"https:\/\/www.facebook.com\/HongKyMayHan\" \/>\n<meta property=\"article:modified_time\" content=\"2024-11-15T06:52:22+00:00\" \/>\n<meta property=\"og:image\" content=\"https:\/\/www.hongky.com\/wp-content\/uploads\/2024\/11\/2500-FINGER-JOINTING-PRESS-HONG-KY-1.jpg\" \/>\n\t<meta property=\"og:image:width\" content=\"1488\" \/>\n\t<meta property=\"og:image:height\" content=\"1488\" \/>\n\t<meta property=\"og:image:type\" content=\"image\/jpeg\" \/>\n<meta name=\"twitter:card\" content=\"summary_large_image\" \/>\n<meta name=\"twitter:label1\" content=\"Est. reading time\" \/>\n\t<meta name=\"twitter:data1\" content=\"1 minute\" \/>\n<script type=\"application\/ld+json\" class=\"yoast-schema-graph\">{\"@context\":\"https:\/\/schema.org\",\"@graph\":[{\"@type\":\"WebPage\",\"@id\":\"https:\/\/www.hongky.com\/en\/2500-finger-jointing-press\/\",\"url\":\"https:\/\/www.hongky.com\/en\/2500-finger-jointing-press\/\",\"name\":\"2500 FINGER JOINTING PRESS - C\u00f4ng ty C\u01a1 Kh\u00ed H\u1ed3ng K\u00fd\",\"isPartOf\":{\"@id\":\"https:\/\/www.hongky.com\/en\/#website\"},\"primaryImageOfPage\":{\"@id\":\"https:\/\/www.hongky.com\/en\/2500-finger-jointing-press\/#primaryimage\"},\"image\":{\"@id\":\"https:\/\/www.hongky.com\/en\/2500-finger-jointing-press\/#primaryimage\"},\"thumbnailUrl\":\"https:\/\/www.hongky.com\/wp-content\/uploads\/2024\/11\/2500-FINGER-JOINTING-PRESS-HONG-KY-1.jpg\",\"datePublished\":\"2024-10-03T03:03:35+00:00\",\"dateModified\":\"2024-11-15T06:52:22+00:00\",\"description\":\"Efficient Automatic 2M5 Vertical Finger Jointing Machine: Boost wood production, save labor, and achieve precise results with advanced PLC technology.\",\"breadcrumb\":{\"@id\":\"https:\/\/www.hongky.com\/en\/2500-finger-jointing-press\/#breadcrumb\"},\"inLanguage\":\"en-US\",\"potentialAction\":[{\"@type\":\"ReadAction\",\"target\":[\"https:\/\/www.hongky.com\/en\/2500-finger-jointing-press\/\"]}]},{\"@type\":\"ImageObject\",\"inLanguage\":\"en-US\",\"@id\":\"https:\/\/www.hongky.com\/en\/2500-finger-jointing-press\/#primaryimage\",\"url\":\"https:\/\/www.hongky.com\/wp-content\/uploads\/2024\/11\/2500-FINGER-JOINTING-PRESS-HONG-KY-1.jpg\",\"contentUrl\":\"https:\/\/www.hongky.com\/wp-content\/uploads\/2024\/11\/2500-FINGER-JOINTING-PRESS-HONG-KY-1.jpg\",\"width\":1488,\"height\":1488,\"caption\":\"2500-FINGER-JOINTING-PRESS-HONG-KY\"},{\"@type\":\"BreadcrumbList\",\"@id\":\"https:\/\/www.hongky.com\/en\/2500-finger-jointing-press\/#breadcrumb\",\"itemListElement\":[{\"@type\":\"ListItem\",\"position\":1,\"name\":\"Home\",\"item\":\"https:\/\/www.hongky.com\/en\/\"},{\"@type\":\"ListItem\",\"position\":2,\"name\":\"Shop\",\"item\":\"https:\/\/www.hongky.com\/en\/shop\/\"},{\"@type\":\"ListItem\",\"position\":3,\"name\":\"Product\",\"item\":\"https:\/\/www.hongky.com\/en\/product\/\"},{\"@type\":\"ListItem\",\"position\":4,\"name\":\"Woodworking machine\",\"item\":\"https:\/\/www.hongky.com\/en\/woodworking-machine\/\"},{\"@type\":\"ListItem\",\"position\":5,\"name\":\"Jointing machines\",\"item\":\"https:\/\/www.hongky.com\/en\/jointing-machines\/\"},{\"@type\":\"ListItem\",\"position\":6,\"name\":\"2500 FINGER JOINTING PRESS\"}]},{\"@type\":\"WebSite\",\"@id\":\"https:\/\/www.hongky.com\/en\/#website\",\"url\":\"https:\/\/www.hongky.com\/en\/\",\"name\":\"C\u00f4ng ty C\u01a1 Kh\u00ed H\u1ed3ng K\u00fd\",\"description\":\"Th\u01b0\u01a1ng hi\u1ec7u H\u1ed3ng K\u00fd l\u00e0 s\u1ef1 l\u1ef1a ch\u1ecdn h\u00e0ng \u0111\u1ea7u c\u1ee7a \u0111\u1ed1i t\u00e1c &amp; kh\u00e1ch h\u00e0ng\",\"publisher\":{\"@id\":\"https:\/\/www.hongky.com\/en\/#organization\"},\"potentialAction\":[{\"@type\":\"SearchAction\",\"target\":{\"@type\":\"EntryPoint\",\"urlTemplate\":\"https:\/\/www.hongky.com\/en\/?s={search_term_string}\"},\"query-input\":{\"@type\":\"PropertyValueSpecification\",\"valueRequired\":true,\"valueName\":\"search_term_string\"}}],\"inLanguage\":\"en-US\"},{\"@type\":\"Organization\",\"@id\":\"https:\/\/www.hongky.com\/en\/#organization\",\"name\":\"C\u00f4ng ty C\u01a1 Kh\u00ed H\u1ed3ng K\u00fd\",\"url\":\"https:\/\/www.hongky.com\/en\/\",\"logo\":{\"@type\":\"ImageObject\",\"inLanguage\":\"en-US\",\"@id\":\"https:\/\/www.hongky.com\/en\/#\/schema\/logo\/image\/\",\"url\":\"https:\/\/www.hongky.com\/wp-content\/uploads\/2025\/06\/cropped-hong-ky-mechanical-company-2.png\",\"contentUrl\":\"https:\/\/www.hongky.com\/wp-content\/uploads\/2025\/06\/cropped-hong-ky-mechanical-company-2.png\",\"width\":849,\"height\":849,\"caption\":\"C\u00f4ng ty C\u01a1 Kh\u00ed H\u1ed3ng K\u00fd\"},\"image\":{\"@id\":\"https:\/\/www.hongky.com\/en\/#\/schema\/logo\/image\/\"},\"sameAs\":[\"https:\/\/www.facebook.com\/HongKyMayHan\"]}]}<\/script>\n<!-- \/ Yoast SEO plugin. -->","yoast_head_json":{"title":"2500 FINGER JOINTING PRESS - C\u00f4ng ty C\u01a1 Kh\u00ed H\u1ed3ng K\u00fd","description":"Efficient Automatic 2M5 Vertical Finger Jointing Machine: Boost wood production, save labor, and achieve precise results with advanced PLC technology.","robots":{"index":"index","follow":"follow","max-snippet":"max-snippet:-1","max-image-preview":"max-image-preview:large","max-video-preview":"max-video-preview:-1"},"canonical":"https:\/\/www.hongky.com\/en\/2500-finger-jointing-press","og_locale":"en_US","og_type":"article","og_title":"2500 FINGER JOINTING PRESS - C\u00f4ng ty C\u01a1 Kh\u00ed H\u1ed3ng K\u00fd","og_description":"Efficient Automatic 2M5 Vertical Finger Jointing Machine: Boost wood production, save labor, and achieve precise results with advanced PLC technology.","og_url":"https:\/\/www.hongky.com\/en\/2500-finger-jointing-press","og_site_name":"C\u00f4ng ty C\u01a1 Kh\u00ed H\u1ed3ng K\u00fd","article_publisher":"https:\/\/www.facebook.com\/HongKyMayHan","article_modified_time":"2024-11-15T06:52:22+00:00","og_image":[{"width":1488,"height":1488,"url":"https:\/\/www.hongky.com\/wp-content\/uploads\/2024\/11\/2500-FINGER-JOINTING-PRESS-HONG-KY-1.jpg","type":"image\/jpeg"}],"twitter_card":"summary_large_image","twitter_misc":{"Est. reading time":"1 minute"},"schema":{"@context":"https:\/\/schema.org","@graph":[{"@type":"WebPage","@id":"https:\/\/www.hongky.com\/en\/2500-finger-jointing-press\/","url":"https:\/\/www.hongky.com\/en\/2500-finger-jointing-press\/","name":"2500 FINGER JOINTING PRESS - C\u00f4ng ty C\u01a1 Kh\u00ed H\u1ed3ng K\u00fd","isPartOf":{"@id":"https:\/\/www.hongky.com\/en\/#website"},"primaryImageOfPage":{"@id":"https:\/\/www.hongky.com\/en\/2500-finger-jointing-press\/#primaryimage"},"image":{"@id":"https:\/\/www.hongky.com\/en\/2500-finger-jointing-press\/#primaryimage"},"thumbnailUrl":"https:\/\/www.hongky.com\/wp-content\/uploads\/2024\/11\/2500-FINGER-JOINTING-PRESS-HONG-KY-1.jpg","datePublished":"2024-10-03T03:03:35+00:00","dateModified":"2024-11-15T06:52:22+00:00","description":"Efficient Automatic 2M5 Vertical Finger Jointing Machine: Boost wood production, save labor, and achieve precise results with advanced PLC technology.","breadcrumb":{"@id":"https:\/\/www.hongky.com\/en\/2500-finger-jointing-press\/#breadcrumb"},"inLanguage":"en-US","potentialAction":[{"@type":"ReadAction","target":["https:\/\/www.hongky.com\/en\/2500-finger-jointing-press\/"]}]},{"@type":"ImageObject","inLanguage":"en-US","@id":"https:\/\/www.hongky.com\/en\/2500-finger-jointing-press\/#primaryimage","url":"https:\/\/www.hongky.com\/wp-content\/uploads\/2024\/11\/2500-FINGER-JOINTING-PRESS-HONG-KY-1.jpg","contentUrl":"https:\/\/www.hongky.com\/wp-content\/uploads\/2024\/11\/2500-FINGER-JOINTING-PRESS-HONG-KY-1.jpg","width":1488,"height":1488,"caption":"2500-FINGER-JOINTING-PRESS-HONG-KY"},{"@type":"BreadcrumbList","@id":"https:\/\/www.hongky.com\/en\/2500-finger-jointing-press\/#breadcrumb","itemListElement":[{"@type":"ListItem","position":1,"name":"Home","item":"https:\/\/www.hongky.com\/en\/"},{"@type":"ListItem","position":2,"name":"Shop","item":"https:\/\/www.hongky.com\/en\/shop\/"},{"@type":"ListItem","position":3,"name":"Product","item":"https:\/\/www.hongky.com\/en\/product\/"},{"@type":"ListItem","position":4,"name":"Woodworking machine","item":"https:\/\/www.hongky.com\/en\/woodworking-machine\/"},{"@type":"ListItem","position":5,"name":"Jointing machines","item":"https:\/\/www.hongky.com\/en\/jointing-machines\/"},{"@type":"ListItem","position":6,"name":"2500 FINGER JOINTING PRESS"}]},{"@type":"WebSite","@id":"https:\/\/www.hongky.com\/en\/#website","url":"https:\/\/www.hongky.com\/en\/","name":"C\u00f4ng ty C\u01a1 Kh\u00ed H\u1ed3ng K\u00fd","description":"Th\u01b0\u01a1ng hi\u1ec7u H\u1ed3ng K\u00fd l\u00e0 s\u1ef1 l\u1ef1a ch\u1ecdn h\u00e0ng \u0111\u1ea7u c\u1ee7a \u0111\u1ed1i t\u00e1c &amp; kh\u00e1ch h\u00e0ng","publisher":{"@id":"https:\/\/www.hongky.com\/en\/#organization"},"potentialAction":[{"@type":"SearchAction","target":{"@type":"EntryPoint","urlTemplate":"https:\/\/www.hongky.com\/en\/?s={search_term_string}"},"query-input":{"@type":"PropertyValueSpecification","valueRequired":true,"valueName":"search_term_string"}}],"inLanguage":"en-US"},{"@type":"Organization","@id":"https:\/\/www.hongky.com\/en\/#organization","name":"C\u00f4ng ty C\u01a1 Kh\u00ed H\u1ed3ng K\u00fd","url":"https:\/\/www.hongky.com\/en\/","logo":{"@type":"ImageObject","inLanguage":"en-US","@id":"https:\/\/www.hongky.com\/en\/#\/schema\/logo\/image\/","url":"https:\/\/www.hongky.com\/wp-content\/uploads\/2025\/06\/cropped-hong-ky-mechanical-company-2.png","contentUrl":"https:\/\/www.hongky.com\/wp-content\/uploads\/2025\/06\/cropped-hong-ky-mechanical-company-2.png","width":849,"height":849,"caption":"C\u00f4ng ty C\u01a1 Kh\u00ed H\u1ed3ng K\u00fd"},"image":{"@id":"https:\/\/www.hongky.com\/en\/#\/schema\/logo\/image\/"},"sameAs":["https:\/\/www.facebook.com\/HongKyMayHan"]}]}},"_links":{"self":[{"href":"https:\/\/www.hongky.com\/en\/wp-json\/wp\/v2\/product\/5850","targetHints":{"allow":["GET"]}}],"collection":[{"href":"https:\/\/www.hongky.com\/en\/wp-json\/wp\/v2\/product"}],"about":[{"href":"https:\/\/www.hongky.com\/en\/wp-json\/wp\/v2\/types\/product"}],"replies":[{"embeddable":true,"href":"https:\/\/www.hongky.com\/en\/wp-json\/wp\/v2\/comments?post=5850"}],"wp:featuredmedia":[{"embeddable":true,"href":"https:\/\/www.hongky.com\/en\/wp-json\/wp\/v2\/media\/5106"}],"wp:attachment":[{"href":"https:\/\/www.hongky.com\/en\/wp-json\/wp\/v2\/media?parent=5850"}],"wp:term":[{"taxonomy":"product_brand","embeddable":true,"href":"https:\/\/www.hongky.com\/en\/wp-json\/wp\/v2\/product_brand?post=5850"},{"taxonomy":"product_cat","embeddable":true,"href":"https:\/\/www.hongky.com\/en\/wp-json\/wp\/v2\/product_cat?post=5850"},{"taxonomy":"product_tag","embeddable":true,"href":"https:\/\/www.hongky.com\/en\/wp-json\/wp\/v2\/product_tag?post=5850"}],"curies":[{"name":"wp","href":"https:\/\/api.w.org\/{rel}","templated":true}]}}