{"id":5852,"date":"2024-10-03T08:19:22","date_gmt":"2024-10-03T01:19:22","guid":{"rendered":"https:\/\/hongky.com\/product\/chuyen-finger-ghep-doc-hkt-620\/"},"modified":"2024-11-15T13:58:35","modified_gmt":"2024-11-15T06:58:35","slug":"high-speed-finger-joint-system-hkt-620","status":"publish","type":"product","link":"https:\/\/www.hongky.com\/en\/high-speed-finger-joint-system-hkt-620\/","title":{"rendered":"High speed finger joint system HKT-620"},"content":{"rendered":"<p style=\"text-align: justify;\">Optimize your wood joining process with the HKT-620 Automatic Finger Joint Machine from Hong Ky. With over 30 years of woodworking machinery expertise, Hong Ky provides an all-in-one, high-efficiency solution designed with advanced European technology, delivering quality, performance, and cost efficiency for wood manufacturers.<\/p>\n","protected":false},"excerpt":{"rendered":"<ul>\n<li>Exceptional Bonding Strength: finger joint cutting and adhesive application ensure deep penetration and a clean, secure bond.<\/li>\n<li>Increased Productivity: Dual pressing tables and automated rollers boost output by 30% compared to traditional hydraulic jointers.<\/li>\n<li>User-Friendly Automation: Fully automated controls with a multilingual display simplify operations.<\/li>\n<li>Enhanced Glue System: Specialized adhesive rollers prevent dust contamination, preserving glue integrity.<\/li>\n<li>Continuous Performance: Integrated components allow simultaneous processing for seamless workflow.<\/li>\n<\/ul>\n","protected":false},"featured_media":5081,"menu_order":302,"comment_status":"open","ping_status":"closed","template":"","meta":{"_acf_changed":false,"inline_featured_image":false},"product_brand":[],"product_cat":[678],"product_tag":[1764,1761,1766,1763,1759,1765,1760,1762],"class_list":{"0":"post-5852","1":"product","2":"type-product","3":"status-publish","4":"has-post-thumbnail","6":"product_cat-jointing-machines","7":"product_tag-automatic-finger","8":"product_tag-automatic-finger-joint-machine","9":"product_tag-automatic-press-machine","10":"product_tag-finger-joint-line","11":"product_tag-finger-joint-machine","12":"product_tag-finger-joint-press-machine","13":"product_tag-finger-jointer","14":"product_tag-finger-jointer-machine","16":"first","17":"instock","18":"shipping-taxable","19":"product-type-simple"},"acf":[],"yoast_head":"<!-- This site is optimized with the Yoast SEO plugin v23.7 - https:\/\/yoast.com\/wordpress\/plugins\/seo\/ -->\n<title>High speed finger joint system HKT-620 - C\u00f4ng ty C\u01a1 Kh\u00ed H\u1ed3ng K\u00fd<\/title>\n<meta name=\"description\" content=\"The HKT-620 Automatic Finger Joint Machine by Hong Ky enhances productivity with precise adhesive application and continuous performance, Made in Vietnam.\" \/>\n<meta name=\"robots\" content=\"index, follow, max-snippet:-1, max-image-preview:large, max-video-preview:-1\" \/>\n<link rel=\"canonical\" href=\"https:\/\/www.hongky.com\/en\/high-speed-finger-joint-system-hkt-620\" \/>\n<meta property=\"og:locale\" content=\"en_US\" \/>\n<meta property=\"og:type\" content=\"article\" \/>\n<meta property=\"og:title\" content=\"High speed finger joint system HKT-620 - C\u00f4ng ty C\u01a1 Kh\u00ed H\u1ed3ng K\u00fd\" \/>\n<meta property=\"og:description\" content=\"The HKT-620 Automatic Finger Joint Machine by Hong Ky enhances productivity with precise adhesive application and continuous performance, Made in Vietnam.\" \/>\n<meta property=\"og:url\" content=\"https:\/\/www.hongky.com\/en\/high-speed-finger-joint-system-hkt-620\" \/>\n<meta property=\"og:site_name\" content=\"C\u00f4ng ty C\u01a1 Kh\u00ed H\u1ed3ng K\u00fd\" \/>\n<meta property=\"article:publisher\" content=\"https:\/\/www.facebook.com\/HongKyMayHan\" \/>\n<meta property=\"article:modified_time\" content=\"2024-11-15T06:58:35+00:00\" \/>\n<meta property=\"og:image\" content=\"https:\/\/www.hongky.com\/wp-content\/uploads\/2024\/11\/Automatic-fingerjoin-line-system-HKT-620-hong-ky-5.jpg\" \/>\n\t<meta property=\"og:image:width\" content=\"1510\" \/>\n\t<meta property=\"og:image:height\" content=\"1510\" \/>\n\t<meta property=\"og:image:type\" content=\"image\/jpeg\" \/>\n<meta name=\"twitter:card\" content=\"summary_large_image\" \/>\n<meta name=\"twitter:label1\" content=\"Est. reading time\" \/>\n\t<meta name=\"twitter:data1\" content=\"1 minute\" \/>\n<script type=\"application\/ld+json\" class=\"yoast-schema-graph\">{\"@context\":\"https:\/\/schema.org\",\"@graph\":[{\"@type\":\"WebPage\",\"@id\":\"https:\/\/www.hongky.com\/en\/high-speed-finger-joint-system-hkt-620\/\",\"url\":\"https:\/\/www.hongky.com\/en\/high-speed-finger-joint-system-hkt-620\/\",\"name\":\"High speed finger joint system HKT-620 - C\u00f4ng ty C\u01a1 Kh\u00ed H\u1ed3ng K\u00fd\",\"isPartOf\":{\"@id\":\"https:\/\/www.hongky.com\/en\/#website\"},\"primaryImageOfPage\":{\"@id\":\"https:\/\/www.hongky.com\/en\/high-speed-finger-joint-system-hkt-620\/#primaryimage\"},\"image\":{\"@id\":\"https:\/\/www.hongky.com\/en\/high-speed-finger-joint-system-hkt-620\/#primaryimage\"},\"thumbnailUrl\":\"https:\/\/www.hongky.com\/wp-content\/uploads\/2024\/11\/Automatic-fingerjoin-line-system-HKT-620-hong-ky-5.jpg\",\"datePublished\":\"2024-10-03T01:19:22+00:00\",\"dateModified\":\"2024-11-15T06:58:35+00:00\",\"description\":\"The HKT-620 Automatic Finger Joint Machine by Hong Ky enhances productivity with precise adhesive application and continuous performance, Made in Vietnam.\",\"breadcrumb\":{\"@id\":\"https:\/\/www.hongky.com\/en\/high-speed-finger-joint-system-hkt-620\/#breadcrumb\"},\"inLanguage\":\"en-US\",\"potentialAction\":[{\"@type\":\"ReadAction\",\"target\":[\"https:\/\/www.hongky.com\/en\/high-speed-finger-joint-system-hkt-620\/\"]}]},{\"@type\":\"ImageObject\",\"inLanguage\":\"en-US\",\"@id\":\"https:\/\/www.hongky.com\/en\/high-speed-finger-joint-system-hkt-620\/#primaryimage\",\"url\":\"https:\/\/www.hongky.com\/wp-content\/uploads\/2024\/11\/Automatic-fingerjoin-line-system-HKT-620-hong-ky-5.jpg\",\"contentUrl\":\"https:\/\/www.hongky.com\/wp-content\/uploads\/2024\/11\/Automatic-fingerjoin-line-system-HKT-620-hong-ky-5.jpg\",\"width\":1510,\"height\":1510,\"caption\":\"Automatic-fingerjoin-line system-HKT-620-hong-ky-5\"},{\"@type\":\"BreadcrumbList\",\"@id\":\"https:\/\/www.hongky.com\/en\/high-speed-finger-joint-system-hkt-620\/#breadcrumb\",\"itemListElement\":[{\"@type\":\"ListItem\",\"position\":1,\"name\":\"Home\",\"item\":\"https:\/\/www.hongky.com\/en\/\"},{\"@type\":\"ListItem\",\"position\":2,\"name\":\"Shop\",\"item\":\"https:\/\/www.hongky.com\/en\/shop\/\"},{\"@type\":\"ListItem\",\"position\":3,\"name\":\"Product\",\"item\":\"https:\/\/www.hongky.com\/en\/product\/\"},{\"@type\":\"ListItem\",\"position\":4,\"name\":\"Woodworking machine\",\"item\":\"https:\/\/www.hongky.com\/en\/woodworking-machine\/\"},{\"@type\":\"ListItem\",\"position\":5,\"name\":\"Jointing machines\",\"item\":\"https:\/\/www.hongky.com\/en\/jointing-machines\/\"},{\"@type\":\"ListItem\",\"position\":6,\"name\":\"High speed finger joint system HKT-620\"}]},{\"@type\":\"WebSite\",\"@id\":\"https:\/\/www.hongky.com\/en\/#website\",\"url\":\"https:\/\/www.hongky.com\/en\/\",\"name\":\"C\u00f4ng ty C\u01a1 Kh\u00ed H\u1ed3ng K\u00fd\",\"description\":\"Th\u01b0\u01a1ng hi\u1ec7u H\u1ed3ng K\u00fd l\u00e0 s\u1ef1 l\u1ef1a ch\u1ecdn h\u00e0ng \u0111\u1ea7u c\u1ee7a \u0111\u1ed1i t\u00e1c &amp; kh\u00e1ch h\u00e0ng\",\"publisher\":{\"@id\":\"https:\/\/www.hongky.com\/en\/#organization\"},\"potentialAction\":[{\"@type\":\"SearchAction\",\"target\":{\"@type\":\"EntryPoint\",\"urlTemplate\":\"https:\/\/www.hongky.com\/en\/?s={search_term_string}\"},\"query-input\":{\"@type\":\"PropertyValueSpecification\",\"valueRequired\":true,\"valueName\":\"search_term_string\"}}],\"inLanguage\":\"en-US\"},{\"@type\":\"Organization\",\"@id\":\"https:\/\/www.hongky.com\/en\/#organization\",\"name\":\"C\u00f4ng ty C\u01a1 Kh\u00ed H\u1ed3ng K\u00fd\",\"url\":\"https:\/\/www.hongky.com\/en\/\",\"logo\":{\"@type\":\"ImageObject\",\"inLanguage\":\"en-US\",\"@id\":\"https:\/\/www.hongky.com\/en\/#\/schema\/logo\/image\/\",\"url\":\"https:\/\/www.hongky.com\/wp-content\/uploads\/2025\/06\/cropped-hong-ky-mechanical-company-2.png\",\"contentUrl\":\"https:\/\/www.hongky.com\/wp-content\/uploads\/2025\/06\/cropped-hong-ky-mechanical-company-2.png\",\"width\":849,\"height\":849,\"caption\":\"C\u00f4ng ty C\u01a1 Kh\u00ed H\u1ed3ng K\u00fd\"},\"image\":{\"@id\":\"https:\/\/www.hongky.com\/en\/#\/schema\/logo\/image\/\"},\"sameAs\":[\"https:\/\/www.facebook.com\/HongKyMayHan\"]}]}<\/script>\n<!-- \/ Yoast SEO plugin. -->","yoast_head_json":{"title":"High speed finger joint system HKT-620 - C\u00f4ng ty C\u01a1 Kh\u00ed H\u1ed3ng K\u00fd","description":"The HKT-620 Automatic Finger Joint Machine by Hong Ky enhances productivity with precise adhesive application and continuous performance, Made in Vietnam.","robots":{"index":"index","follow":"follow","max-snippet":"max-snippet:-1","max-image-preview":"max-image-preview:large","max-video-preview":"max-video-preview:-1"},"canonical":"https:\/\/www.hongky.com\/en\/high-speed-finger-joint-system-hkt-620","og_locale":"en_US","og_type":"article","og_title":"High speed finger joint system HKT-620 - C\u00f4ng ty C\u01a1 Kh\u00ed H\u1ed3ng K\u00fd","og_description":"The HKT-620 Automatic Finger Joint Machine by Hong Ky enhances productivity with precise adhesive application and continuous performance, Made in Vietnam.","og_url":"https:\/\/www.hongky.com\/en\/high-speed-finger-joint-system-hkt-620","og_site_name":"C\u00f4ng ty C\u01a1 Kh\u00ed H\u1ed3ng K\u00fd","article_publisher":"https:\/\/www.facebook.com\/HongKyMayHan","article_modified_time":"2024-11-15T06:58:35+00:00","og_image":[{"width":1510,"height":1510,"url":"https:\/\/www.hongky.com\/wp-content\/uploads\/2024\/11\/Automatic-fingerjoin-line-system-HKT-620-hong-ky-5.jpg","type":"image\/jpeg"}],"twitter_card":"summary_large_image","twitter_misc":{"Est. reading time":"1 minute"},"schema":{"@context":"https:\/\/schema.org","@graph":[{"@type":"WebPage","@id":"https:\/\/www.hongky.com\/en\/high-speed-finger-joint-system-hkt-620\/","url":"https:\/\/www.hongky.com\/en\/high-speed-finger-joint-system-hkt-620\/","name":"High speed finger joint system HKT-620 - C\u00f4ng ty C\u01a1 Kh\u00ed H\u1ed3ng K\u00fd","isPartOf":{"@id":"https:\/\/www.hongky.com\/en\/#website"},"primaryImageOfPage":{"@id":"https:\/\/www.hongky.com\/en\/high-speed-finger-joint-system-hkt-620\/#primaryimage"},"image":{"@id":"https:\/\/www.hongky.com\/en\/high-speed-finger-joint-system-hkt-620\/#primaryimage"},"thumbnailUrl":"https:\/\/www.hongky.com\/wp-content\/uploads\/2024\/11\/Automatic-fingerjoin-line-system-HKT-620-hong-ky-5.jpg","datePublished":"2024-10-03T01:19:22+00:00","dateModified":"2024-11-15T06:58:35+00:00","description":"The HKT-620 Automatic Finger Joint Machine by Hong Ky enhances productivity with precise adhesive application and continuous performance, Made in Vietnam.","breadcrumb":{"@id":"https:\/\/www.hongky.com\/en\/high-speed-finger-joint-system-hkt-620\/#breadcrumb"},"inLanguage":"en-US","potentialAction":[{"@type":"ReadAction","target":["https:\/\/www.hongky.com\/en\/high-speed-finger-joint-system-hkt-620\/"]}]},{"@type":"ImageObject","inLanguage":"en-US","@id":"https:\/\/www.hongky.com\/en\/high-speed-finger-joint-system-hkt-620\/#primaryimage","url":"https:\/\/www.hongky.com\/wp-content\/uploads\/2024\/11\/Automatic-fingerjoin-line-system-HKT-620-hong-ky-5.jpg","contentUrl":"https:\/\/www.hongky.com\/wp-content\/uploads\/2024\/11\/Automatic-fingerjoin-line-system-HKT-620-hong-ky-5.jpg","width":1510,"height":1510,"caption":"Automatic-fingerjoin-line system-HKT-620-hong-ky-5"},{"@type":"BreadcrumbList","@id":"https:\/\/www.hongky.com\/en\/high-speed-finger-joint-system-hkt-620\/#breadcrumb","itemListElement":[{"@type":"ListItem","position":1,"name":"Home","item":"https:\/\/www.hongky.com\/en\/"},{"@type":"ListItem","position":2,"name":"Shop","item":"https:\/\/www.hongky.com\/en\/shop\/"},{"@type":"ListItem","position":3,"name":"Product","item":"https:\/\/www.hongky.com\/en\/product\/"},{"@type":"ListItem","position":4,"name":"Woodworking machine","item":"https:\/\/www.hongky.com\/en\/woodworking-machine\/"},{"@type":"ListItem","position":5,"name":"Jointing machines","item":"https:\/\/www.hongky.com\/en\/jointing-machines\/"},{"@type":"ListItem","position":6,"name":"High speed finger joint system HKT-620"}]},{"@type":"WebSite","@id":"https:\/\/www.hongky.com\/en\/#website","url":"https:\/\/www.hongky.com\/en\/","name":"C\u00f4ng ty C\u01a1 Kh\u00ed H\u1ed3ng K\u00fd","description":"Th\u01b0\u01a1ng hi\u1ec7u H\u1ed3ng K\u00fd l\u00e0 s\u1ef1 l\u1ef1a ch\u1ecdn h\u00e0ng \u0111\u1ea7u c\u1ee7a \u0111\u1ed1i t\u00e1c &amp; kh\u00e1ch h\u00e0ng","publisher":{"@id":"https:\/\/www.hongky.com\/en\/#organization"},"potentialAction":[{"@type":"SearchAction","target":{"@type":"EntryPoint","urlTemplate":"https:\/\/www.hongky.com\/en\/?s={search_term_string}"},"query-input":{"@type":"PropertyValueSpecification","valueRequired":true,"valueName":"search_term_string"}}],"inLanguage":"en-US"},{"@type":"Organization","@id":"https:\/\/www.hongky.com\/en\/#organization","name":"C\u00f4ng ty C\u01a1 Kh\u00ed H\u1ed3ng K\u00fd","url":"https:\/\/www.hongky.com\/en\/","logo":{"@type":"ImageObject","inLanguage":"en-US","@id":"https:\/\/www.hongky.com\/en\/#\/schema\/logo\/image\/","url":"https:\/\/www.hongky.com\/wp-content\/uploads\/2025\/06\/cropped-hong-ky-mechanical-company-2.png","contentUrl":"https:\/\/www.hongky.com\/wp-content\/uploads\/2025\/06\/cropped-hong-ky-mechanical-company-2.png","width":849,"height":849,"caption":"C\u00f4ng ty C\u01a1 Kh\u00ed H\u1ed3ng K\u00fd"},"image":{"@id":"https:\/\/www.hongky.com\/en\/#\/schema\/logo\/image\/"},"sameAs":["https:\/\/www.facebook.com\/HongKyMayHan"]}]}},"_links":{"self":[{"href":"https:\/\/www.hongky.com\/en\/wp-json\/wp\/v2\/product\/5852","targetHints":{"allow":["GET"]}}],"collection":[{"href":"https:\/\/www.hongky.com\/en\/wp-json\/wp\/v2\/product"}],"about":[{"href":"https:\/\/www.hongky.com\/en\/wp-json\/wp\/v2\/types\/product"}],"replies":[{"embeddable":true,"href":"https:\/\/www.hongky.com\/en\/wp-json\/wp\/v2\/comments?post=5852"}],"wp:featuredmedia":[{"embeddable":true,"href":"https:\/\/www.hongky.com\/en\/wp-json\/wp\/v2\/media\/5081"}],"wp:attachment":[{"href":"https:\/\/www.hongky.com\/en\/wp-json\/wp\/v2\/media?parent=5852"}],"wp:term":[{"taxonomy":"product_brand","embeddable":true,"href":"https:\/\/www.hongky.com\/en\/wp-json\/wp\/v2\/product_brand?post=5852"},{"taxonomy":"product_cat","embeddable":true,"href":"https:\/\/www.hongky.com\/en\/wp-json\/wp\/v2\/product_cat?post=5852"},{"taxonomy":"product_tag","embeddable":true,"href":"https:\/\/www.hongky.com\/en\/wp-json\/wp\/v2\/product_tag?post=5852"}],"curies":[{"name":"wp","href":"https:\/\/api.w.org\/{rel}","templated":true}]}}