{"id":5857,"date":"2024-10-02T17:26:01","date_gmt":"2024-10-02T10:26:01","guid":{"rendered":"https:\/\/hongky.com\/product\/may-cha-nham-cam-2-tay-khi-nen\/"},"modified":"2025-07-08T11:09:54","modified_gmt":"2025-07-08T04:09:54","slug":"two-hand-air-sander","status":"publish","type":"product","link":"https:\/\/www.hongky.com\/en\/two-hand-air-sander\/","title":{"rendered":"TWO HAND AIR SANDER"},"content":{"rendered":"<p style=\"text-align: justify;\">Our Handheld Brush Sander is designed for precision and efficiency, making it the ultimate tool for sanding large wood surfaces like doors and interior panels. Made in Vietnam, it ensures superior craftsmanship and reliable results.<\/p>\n","protected":false},"excerpt":{"rendered":"<ul>\n<li style=\"text-align: justify;\">Powerful Air Sander: Delivers stable and consistent force for smooth, even sanding.<\/li>\n<li style=\"text-align: justify;\">Dual Handles: Provides excellent control and maneuverability for precise sanding lines.<\/li>\n<li style=\"text-align: justify;\">Mobile Frame with Wheels: Easy to move and position throughout your workshop.<\/li>\n<li style=\"text-align: justify;\">Durable Build: Designed for heavy-duty use with minimal maintenance.<\/li>\n<li style=\"text-align: justify;\">Energy Efficient: Low energy consumption without sacrificing performance.<\/li>\n<\/ul>\n","protected":false},"featured_media":5024,"menu_order":279,"comment_status":"open","ping_status":"closed","template":"","meta":{"_acf_changed":false,"inline_featured_image":false},"product_brand":[],"product_cat":[601],"product_tag":[1749,1746,1744,1747,1751,1741,1750,1748,1743,1742,1745],"class_list":{"0":"post-5857","1":"product","2":"type-product","3":"status-publish","4":"has-post-thumbnail","6":"product_cat-sanding-machine","7":"product_tag-air-sander","8":"product_tag-electric-orbital-sander","9":"product_tag-electric-sander","10":"product_tag-electric-sander-for-wood","11":"product_tag-electric-sanding-machine","12":"product_tag-handheld-brush-sander","13":"product_tag-mini-sander","14":"product_tag-palm-sander","15":"product_tag-random-orbital-sander","16":"product_tag-rotary-brush-sander","17":"product_tag-rotary-sander","19":"first","20":"instock","21":"shipping-taxable","22":"product-type-simple"},"acf":[],"yoast_head":"<!-- This site is optimized with the Yoast SEO plugin v23.7 - https:\/\/yoast.com\/wordpress\/plugins\/seo\/ -->\n<title>TWO HAND AIR SANDER - C\u00f4ng ty C\u01a1 Kh\u00ed H\u1ed3ng K\u00fd<\/title>\n<meta name=\"description\" content=\"Premium Handheld Brush Sander for efficient, high-quality sanding of doors and wood panels, with ergonomic design and mobile functionality. Made in Vietnam.\" \/>\n<meta name=\"robots\" content=\"index, follow, max-snippet:-1, max-image-preview:large, max-video-preview:-1\" \/>\n<link rel=\"canonical\" href=\"https:\/\/www.hongky.com\/en\/two-hand-air-sander\" \/>\n<meta property=\"og:locale\" content=\"en_US\" \/>\n<meta property=\"og:type\" content=\"article\" \/>\n<meta property=\"og:title\" content=\"TWO HAND AIR SANDER - C\u00f4ng ty C\u01a1 Kh\u00ed H\u1ed3ng K\u00fd\" \/>\n<meta property=\"og:description\" content=\"Premium Handheld Brush Sander for efficient, high-quality sanding of doors and wood panels, with ergonomic design and mobile functionality. Made in Vietnam.\" \/>\n<meta property=\"og:url\" content=\"https:\/\/www.hongky.com\/en\/two-hand-air-sander\" \/>\n<meta property=\"og:site_name\" content=\"C\u00f4ng ty C\u01a1 Kh\u00ed H\u1ed3ng K\u00fd\" \/>\n<meta property=\"article:publisher\" content=\"https:\/\/www.facebook.com\/HongKyMayHan\" \/>\n<meta property=\"article:modified_time\" content=\"2025-07-08T04:09:54+00:00\" \/>\n<meta property=\"og:image\" content=\"https:\/\/www.hongky.com\/wp-content\/uploads\/2024\/11\/two-hand-air-sander-hong-ky-5.jpg\" \/>\n\t<meta property=\"og:image:width\" content=\"1502\" \/>\n\t<meta property=\"og:image:height\" content=\"1502\" \/>\n\t<meta property=\"og:image:type\" content=\"image\/jpeg\" \/>\n<meta name=\"twitter:card\" content=\"summary_large_image\" \/>\n<meta name=\"twitter:label1\" content=\"Est. reading time\" \/>\n\t<meta name=\"twitter:data1\" content=\"1 minute\" \/>\n<script type=\"application\/ld+json\" class=\"yoast-schema-graph\">{\"@context\":\"https:\/\/schema.org\",\"@graph\":[{\"@type\":\"WebPage\",\"@id\":\"https:\/\/www.hongky.com\/en\/two-hand-air-sander\/\",\"url\":\"https:\/\/www.hongky.com\/en\/two-hand-air-sander\/\",\"name\":\"TWO HAND AIR SANDER - C\u00f4ng ty C\u01a1 Kh\u00ed H\u1ed3ng K\u00fd\",\"isPartOf\":{\"@id\":\"https:\/\/www.hongky.com\/en\/#website\"},\"primaryImageOfPage\":{\"@id\":\"https:\/\/www.hongky.com\/en\/two-hand-air-sander\/#primaryimage\"},\"image\":{\"@id\":\"https:\/\/www.hongky.com\/en\/two-hand-air-sander\/#primaryimage\"},\"thumbnailUrl\":\"https:\/\/www.hongky.com\/wp-content\/uploads\/2024\/11\/two-hand-air-sander-hong-ky-5.jpg\",\"datePublished\":\"2024-10-02T10:26:01+00:00\",\"dateModified\":\"2025-07-08T04:09:54+00:00\",\"description\":\"Premium Handheld Brush Sander for efficient, high-quality sanding of doors and wood panels, with ergonomic design and mobile functionality. Made in Vietnam.\",\"breadcrumb\":{\"@id\":\"https:\/\/www.hongky.com\/en\/two-hand-air-sander\/#breadcrumb\"},\"inLanguage\":\"en-US\",\"potentialAction\":[{\"@type\":\"ReadAction\",\"target\":[\"https:\/\/www.hongky.com\/en\/two-hand-air-sander\/\"]}]},{\"@type\":\"ImageObject\",\"inLanguage\":\"en-US\",\"@id\":\"https:\/\/www.hongky.com\/en\/two-hand-air-sander\/#primaryimage\",\"url\":\"https:\/\/www.hongky.com\/wp-content\/uploads\/2024\/11\/two-hand-air-sander-hong-ky-5.jpg\",\"contentUrl\":\"https:\/\/www.hongky.com\/wp-content\/uploads\/2024\/11\/two-hand-air-sander-hong-ky-5.jpg\",\"width\":1502,\"height\":1502,\"caption\":\"two-hand-air-sander-hong-ky-5\"},{\"@type\":\"BreadcrumbList\",\"@id\":\"https:\/\/www.hongky.com\/en\/two-hand-air-sander\/#breadcrumb\",\"itemListElement\":[{\"@type\":\"ListItem\",\"position\":1,\"name\":\"Home\",\"item\":\"https:\/\/www.hongky.com\/en\/\"},{\"@type\":\"ListItem\",\"position\":2,\"name\":\"Shop\",\"item\":\"https:\/\/www.hongky.com\/en\/shop\/\"},{\"@type\":\"ListItem\",\"position\":3,\"name\":\"Product\",\"item\":\"https:\/\/www.hongky.com\/en\/product\/\"},{\"@type\":\"ListItem\",\"position\":4,\"name\":\"Woodworking machine\",\"item\":\"https:\/\/www.hongky.com\/en\/woodworking-machine\/\"},{\"@type\":\"ListItem\",\"position\":5,\"name\":\"Sanding machine\",\"item\":\"https:\/\/www.hongky.com\/en\/sanding-machine\/\"},{\"@type\":\"ListItem\",\"position\":6,\"name\":\"TWO HAND AIR SANDER\"}]},{\"@type\":\"WebSite\",\"@id\":\"https:\/\/www.hongky.com\/en\/#website\",\"url\":\"https:\/\/www.hongky.com\/en\/\",\"name\":\"C\u00f4ng ty C\u01a1 Kh\u00ed H\u1ed3ng K\u00fd\",\"description\":\"Th\u01b0\u01a1ng hi\u1ec7u H\u1ed3ng K\u00fd l\u00e0 s\u1ef1 l\u1ef1a ch\u1ecdn h\u00e0ng \u0111\u1ea7u c\u1ee7a \u0111\u1ed1i t\u00e1c &amp; kh\u00e1ch h\u00e0ng\",\"publisher\":{\"@id\":\"https:\/\/www.hongky.com\/en\/#organization\"},\"potentialAction\":[{\"@type\":\"SearchAction\",\"target\":{\"@type\":\"EntryPoint\",\"urlTemplate\":\"https:\/\/www.hongky.com\/en\/?s={search_term_string}\"},\"query-input\":{\"@type\":\"PropertyValueSpecification\",\"valueRequired\":true,\"valueName\":\"search_term_string\"}}],\"inLanguage\":\"en-US\"},{\"@type\":\"Organization\",\"@id\":\"https:\/\/www.hongky.com\/en\/#organization\",\"name\":\"C\u00f4ng ty C\u01a1 Kh\u00ed H\u1ed3ng K\u00fd\",\"url\":\"https:\/\/www.hongky.com\/en\/\",\"logo\":{\"@type\":\"ImageObject\",\"inLanguage\":\"en-US\",\"@id\":\"https:\/\/www.hongky.com\/en\/#\/schema\/logo\/image\/\",\"url\":\"https:\/\/www.hongky.com\/wp-content\/uploads\/2025\/06\/cropped-hong-ky-mechanical-company-2.png\",\"contentUrl\":\"https:\/\/www.hongky.com\/wp-content\/uploads\/2025\/06\/cropped-hong-ky-mechanical-company-2.png\",\"width\":849,\"height\":849,\"caption\":\"C\u00f4ng ty C\u01a1 Kh\u00ed H\u1ed3ng K\u00fd\"},\"image\":{\"@id\":\"https:\/\/www.hongky.com\/en\/#\/schema\/logo\/image\/\"},\"sameAs\":[\"https:\/\/www.facebook.com\/HongKyMayHan\"]}]}<\/script>\n<!-- \/ Yoast SEO plugin. -->","yoast_head_json":{"title":"TWO HAND AIR SANDER - C\u00f4ng ty C\u01a1 Kh\u00ed H\u1ed3ng K\u00fd","description":"Premium Handheld Brush Sander for efficient, high-quality sanding of doors and wood panels, with ergonomic design and mobile functionality. Made in Vietnam.","robots":{"index":"index","follow":"follow","max-snippet":"max-snippet:-1","max-image-preview":"max-image-preview:large","max-video-preview":"max-video-preview:-1"},"canonical":"https:\/\/www.hongky.com\/en\/two-hand-air-sander","og_locale":"en_US","og_type":"article","og_title":"TWO HAND AIR SANDER - C\u00f4ng ty C\u01a1 Kh\u00ed H\u1ed3ng K\u00fd","og_description":"Premium Handheld Brush Sander for efficient, high-quality sanding of doors and wood panels, with ergonomic design and mobile functionality. Made in Vietnam.","og_url":"https:\/\/www.hongky.com\/en\/two-hand-air-sander","og_site_name":"C\u00f4ng ty C\u01a1 Kh\u00ed H\u1ed3ng K\u00fd","article_publisher":"https:\/\/www.facebook.com\/HongKyMayHan","article_modified_time":"2025-07-08T04:09:54+00:00","og_image":[{"width":1502,"height":1502,"url":"https:\/\/www.hongky.com\/wp-content\/uploads\/2024\/11\/two-hand-air-sander-hong-ky-5.jpg","type":"image\/jpeg"}],"twitter_card":"summary_large_image","twitter_misc":{"Est. reading time":"1 minute"},"schema":{"@context":"https:\/\/schema.org","@graph":[{"@type":"WebPage","@id":"https:\/\/www.hongky.com\/en\/two-hand-air-sander\/","url":"https:\/\/www.hongky.com\/en\/two-hand-air-sander\/","name":"TWO HAND AIR SANDER - C\u00f4ng ty C\u01a1 Kh\u00ed H\u1ed3ng K\u00fd","isPartOf":{"@id":"https:\/\/www.hongky.com\/en\/#website"},"primaryImageOfPage":{"@id":"https:\/\/www.hongky.com\/en\/two-hand-air-sander\/#primaryimage"},"image":{"@id":"https:\/\/www.hongky.com\/en\/two-hand-air-sander\/#primaryimage"},"thumbnailUrl":"https:\/\/www.hongky.com\/wp-content\/uploads\/2024\/11\/two-hand-air-sander-hong-ky-5.jpg","datePublished":"2024-10-02T10:26:01+00:00","dateModified":"2025-07-08T04:09:54+00:00","description":"Premium Handheld Brush Sander for efficient, high-quality sanding of doors and wood panels, with ergonomic design and mobile functionality. Made in Vietnam.","breadcrumb":{"@id":"https:\/\/www.hongky.com\/en\/two-hand-air-sander\/#breadcrumb"},"inLanguage":"en-US","potentialAction":[{"@type":"ReadAction","target":["https:\/\/www.hongky.com\/en\/two-hand-air-sander\/"]}]},{"@type":"ImageObject","inLanguage":"en-US","@id":"https:\/\/www.hongky.com\/en\/two-hand-air-sander\/#primaryimage","url":"https:\/\/www.hongky.com\/wp-content\/uploads\/2024\/11\/two-hand-air-sander-hong-ky-5.jpg","contentUrl":"https:\/\/www.hongky.com\/wp-content\/uploads\/2024\/11\/two-hand-air-sander-hong-ky-5.jpg","width":1502,"height":1502,"caption":"two-hand-air-sander-hong-ky-5"},{"@type":"BreadcrumbList","@id":"https:\/\/www.hongky.com\/en\/two-hand-air-sander\/#breadcrumb","itemListElement":[{"@type":"ListItem","position":1,"name":"Home","item":"https:\/\/www.hongky.com\/en\/"},{"@type":"ListItem","position":2,"name":"Shop","item":"https:\/\/www.hongky.com\/en\/shop\/"},{"@type":"ListItem","position":3,"name":"Product","item":"https:\/\/www.hongky.com\/en\/product\/"},{"@type":"ListItem","position":4,"name":"Woodworking machine","item":"https:\/\/www.hongky.com\/en\/woodworking-machine\/"},{"@type":"ListItem","position":5,"name":"Sanding machine","item":"https:\/\/www.hongky.com\/en\/sanding-machine\/"},{"@type":"ListItem","position":6,"name":"TWO HAND AIR SANDER"}]},{"@type":"WebSite","@id":"https:\/\/www.hongky.com\/en\/#website","url":"https:\/\/www.hongky.com\/en\/","name":"C\u00f4ng ty C\u01a1 Kh\u00ed H\u1ed3ng K\u00fd","description":"Th\u01b0\u01a1ng hi\u1ec7u H\u1ed3ng K\u00fd l\u00e0 s\u1ef1 l\u1ef1a ch\u1ecdn h\u00e0ng \u0111\u1ea7u c\u1ee7a \u0111\u1ed1i t\u00e1c &amp; kh\u00e1ch h\u00e0ng","publisher":{"@id":"https:\/\/www.hongky.com\/en\/#organization"},"potentialAction":[{"@type":"SearchAction","target":{"@type":"EntryPoint","urlTemplate":"https:\/\/www.hongky.com\/en\/?s={search_term_string}"},"query-input":{"@type":"PropertyValueSpecification","valueRequired":true,"valueName":"search_term_string"}}],"inLanguage":"en-US"},{"@type":"Organization","@id":"https:\/\/www.hongky.com\/en\/#organization","name":"C\u00f4ng ty C\u01a1 Kh\u00ed H\u1ed3ng K\u00fd","url":"https:\/\/www.hongky.com\/en\/","logo":{"@type":"ImageObject","inLanguage":"en-US","@id":"https:\/\/www.hongky.com\/en\/#\/schema\/logo\/image\/","url":"https:\/\/www.hongky.com\/wp-content\/uploads\/2025\/06\/cropped-hong-ky-mechanical-company-2.png","contentUrl":"https:\/\/www.hongky.com\/wp-content\/uploads\/2025\/06\/cropped-hong-ky-mechanical-company-2.png","width":849,"height":849,"caption":"C\u00f4ng ty C\u01a1 Kh\u00ed H\u1ed3ng K\u00fd"},"image":{"@id":"https:\/\/www.hongky.com\/en\/#\/schema\/logo\/image\/"},"sameAs":["https:\/\/www.facebook.com\/HongKyMayHan"]}]}},"_links":{"self":[{"href":"https:\/\/www.hongky.com\/en\/wp-json\/wp\/v2\/product\/5857","targetHints":{"allow":["GET"]}}],"collection":[{"href":"https:\/\/www.hongky.com\/en\/wp-json\/wp\/v2\/product"}],"about":[{"href":"https:\/\/www.hongky.com\/en\/wp-json\/wp\/v2\/types\/product"}],"replies":[{"embeddable":true,"href":"https:\/\/www.hongky.com\/en\/wp-json\/wp\/v2\/comments?post=5857"}],"wp:featuredmedia":[{"embeddable":true,"href":"https:\/\/www.hongky.com\/en\/wp-json\/wp\/v2\/media\/5024"}],"wp:attachment":[{"href":"https:\/\/www.hongky.com\/en\/wp-json\/wp\/v2\/media?parent=5857"}],"wp:term":[{"taxonomy":"product_brand","embeddable":true,"href":"https:\/\/www.hongky.com\/en\/wp-json\/wp\/v2\/product_brand?post=5857"},{"taxonomy":"product_cat","embeddable":true,"href":"https:\/\/www.hongky.com\/en\/wp-json\/wp\/v2\/product_cat?post=5857"},{"taxonomy":"product_tag","embeddable":true,"href":"https:\/\/www.hongky.com\/en\/wp-json\/wp\/v2\/product_tag?post=5857"}],"curies":[{"name":"wp","href":"https:\/\/api.w.org\/{rel}","templated":true}]}}