{"id":5863,"date":"2024-10-02T16:12:53","date_gmt":"2024-10-02T09:12:53","guid":{"rendered":"https:\/\/hongky.com\/product\/may-cha-nham-choi-thu-cong-2-truc-trai-phai-f-200ma-2u\/"},"modified":"2025-07-08T15:10:25","modified_gmt":"2025-07-08T08:10:25","slug":"handwork-sanding-machine-f-200ma-2u","status":"publish","type":"product","link":"https:\/\/www.hongky.com\/en\/brush-sanding-machine-f-200ma-2u\/","title":{"rendered":"Brush sanding machine F-200MA-2U"},"content":{"rendered":"<p>The F-200MA-2U Manual Sander, proudly Made in Vietnam by Hong Ky, is tailored to meet the diverse sanding needs of woodworking enterprises. With its dual-axis design, safety features, and cost-saving efficiency, this sander is ideal for handling intricate details and complex profiles, ensuring high-quality finishes.<\/p>\n","protected":false},"excerpt":{"rendered":"<ul>\n<li>Designed for Intricate Details: Efficiently sands complex wood profiles with its 200mm brush, perfect for small or highly detailed wood components.<\/li>\n<li>Dual-Axis for Efficiency: The dual left-right axis setup allows two operators to work simultaneously, doubling productivity.<\/li>\n<li>Easy Brush and Sandpaper Change: Users can quickly adapt the machine to different wood surfaces for maximum flexibility.<\/li>\n<li>Energy Efficient and Safe: Runs at an optimal speed for safe operation while minimizing energy consumption.<\/li>\n<li>Versatile Applications: Supports a variety of sanding tasks with high efficiency and consistent quality.<\/li>\n<\/ul>\n","protected":false},"featured_media":4928,"menu_order":249,"comment_status":"open","ping_status":"closed","template":"","meta":{"_acf_changed":false,"inline_featured_image":false},"product_brand":[],"product_cat":[601],"product_tag":[1716,1714],"class_list":{"0":"post-5863","1":"product","2":"type-product","3":"status-publish","4":"has-post-thumbnail","6":"product_cat-sanding-machine","7":"product_tag-brush-sander-for-wood","8":"product_tag-sanding-machine-for-wood","10":"first","11":"instock","12":"shipping-taxable","13":"product-type-simple"},"acf":[],"yoast_head":"<!-- This site is optimized with the Yoast SEO plugin v23.7 - https:\/\/yoast.com\/wordpress\/plugins\/seo\/ -->\n<title>Brush sanding machine F-200MA-2U - C\u00f4ng ty C\u01a1 Kh\u00ed H\u1ed3ng K\u00fd<\/title>\n<meta name=\"description\" content=\"Manual Sander F-200MA-2U: Efficient dual-axis design for detailed wood sanding, energy-saving performance, safe operation. Made in Vietnam for quality.\" \/>\n<meta name=\"robots\" content=\"index, follow, max-snippet:-1, max-image-preview:large, max-video-preview:-1\" \/>\n<link rel=\"canonical\" href=\"https:\/\/www.hongky.com\/en\/brush-sanding-machine-f-200ma-2u\" \/>\n<meta property=\"og:locale\" content=\"en_US\" \/>\n<meta property=\"og:type\" content=\"article\" \/>\n<meta property=\"og:title\" content=\"Brush sanding machine F-200MA-2U - C\u00f4ng ty C\u01a1 Kh\u00ed H\u1ed3ng K\u00fd\" \/>\n<meta property=\"og:description\" content=\"Manual Sander F-200MA-2U: Efficient dual-axis design for detailed wood sanding, energy-saving performance, safe operation. Made in Vietnam for quality.\" \/>\n<meta property=\"og:url\" content=\"https:\/\/www.hongky.com\/en\/brush-sanding-machine-f-200ma-2u\" \/>\n<meta property=\"og:site_name\" content=\"C\u00f4ng ty C\u01a1 Kh\u00ed H\u1ed3ng K\u00fd\" \/>\n<meta property=\"article:publisher\" content=\"https:\/\/www.facebook.com\/HongKyMayHan\" \/>\n<meta property=\"article:modified_time\" content=\"2025-07-08T08:10:25+00:00\" \/>\n<meta property=\"og:image\" content=\"https:\/\/www.hongky.com\/wp-content\/uploads\/2024\/11\/Brush-sanding-machine-F-200MA-4U-hong-ky.jpg\" \/>\n\t<meta property=\"og:image:width\" content=\"1500\" \/>\n\t<meta property=\"og:image:height\" content=\"1200\" \/>\n\t<meta property=\"og:image:type\" content=\"image\/jpeg\" \/>\n<meta name=\"twitter:card\" content=\"summary_large_image\" \/>\n<meta name=\"twitter:label1\" content=\"Est. reading time\" \/>\n\t<meta name=\"twitter:data1\" content=\"1 minute\" \/>\n<script type=\"application\/ld+json\" class=\"yoast-schema-graph\">{\"@context\":\"https:\/\/schema.org\",\"@graph\":[{\"@type\":\"WebPage\",\"@id\":\"https:\/\/www.hongky.com\/en\/brush-sanding-machine-f-200ma-2u\/\",\"url\":\"https:\/\/www.hongky.com\/en\/brush-sanding-machine-f-200ma-2u\/\",\"name\":\"Brush sanding machine F-200MA-2U - C\u00f4ng ty C\u01a1 Kh\u00ed H\u1ed3ng K\u00fd\",\"isPartOf\":{\"@id\":\"https:\/\/www.hongky.com\/en\/#website\"},\"primaryImageOfPage\":{\"@id\":\"https:\/\/www.hongky.com\/en\/brush-sanding-machine-f-200ma-2u\/#primaryimage\"},\"image\":{\"@id\":\"https:\/\/www.hongky.com\/en\/brush-sanding-machine-f-200ma-2u\/#primaryimage\"},\"thumbnailUrl\":\"https:\/\/www.hongky.com\/wp-content\/uploads\/2024\/11\/Brush-sanding-machine-F-200MA-4U-hong-ky.jpg\",\"datePublished\":\"2024-10-02T09:12:53+00:00\",\"dateModified\":\"2025-07-08T08:10:25+00:00\",\"description\":\"Manual Sander F-200MA-2U: Efficient dual-axis design for detailed wood sanding, energy-saving performance, safe operation. Made in Vietnam for quality.\",\"breadcrumb\":{\"@id\":\"https:\/\/www.hongky.com\/en\/brush-sanding-machine-f-200ma-2u\/#breadcrumb\"},\"inLanguage\":\"en-US\",\"potentialAction\":[{\"@type\":\"ReadAction\",\"target\":[\"https:\/\/www.hongky.com\/en\/brush-sanding-machine-f-200ma-2u\/\"]}]},{\"@type\":\"ImageObject\",\"inLanguage\":\"en-US\",\"@id\":\"https:\/\/www.hongky.com\/en\/brush-sanding-machine-f-200ma-2u\/#primaryimage\",\"url\":\"https:\/\/www.hongky.com\/wp-content\/uploads\/2024\/11\/Brush-sanding-machine-F-200MA-4U-hong-ky.jpg\",\"contentUrl\":\"https:\/\/www.hongky.com\/wp-content\/uploads\/2024\/11\/Brush-sanding-machine-F-200MA-4U-hong-ky.jpg\",\"width\":1500,\"height\":1200,\"caption\":\"Brush-sanding-machine-F-200MA-4U- hong-ky\"},{\"@type\":\"BreadcrumbList\",\"@id\":\"https:\/\/www.hongky.com\/en\/brush-sanding-machine-f-200ma-2u\/#breadcrumb\",\"itemListElement\":[{\"@type\":\"ListItem\",\"position\":1,\"name\":\"Home\",\"item\":\"https:\/\/www.hongky.com\/en\/\"},{\"@type\":\"ListItem\",\"position\":2,\"name\":\"Shop\",\"item\":\"https:\/\/www.hongky.com\/en\/shop\/\"},{\"@type\":\"ListItem\",\"position\":3,\"name\":\"Product\",\"item\":\"https:\/\/www.hongky.com\/en\/product\/\"},{\"@type\":\"ListItem\",\"position\":4,\"name\":\"Woodworking machine\",\"item\":\"https:\/\/www.hongky.com\/en\/woodworking-machine\/\"},{\"@type\":\"ListItem\",\"position\":5,\"name\":\"Sanding machine\",\"item\":\"https:\/\/www.hongky.com\/en\/sanding-machine\/\"},{\"@type\":\"ListItem\",\"position\":6,\"name\":\"Brush sanding machine F-200MA-2U\"}]},{\"@type\":\"WebSite\",\"@id\":\"https:\/\/www.hongky.com\/en\/#website\",\"url\":\"https:\/\/www.hongky.com\/en\/\",\"name\":\"C\u00f4ng ty C\u01a1 Kh\u00ed H\u1ed3ng K\u00fd\",\"description\":\"Th\u01b0\u01a1ng hi\u1ec7u H\u1ed3ng K\u00fd l\u00e0 s\u1ef1 l\u1ef1a ch\u1ecdn h\u00e0ng \u0111\u1ea7u c\u1ee7a \u0111\u1ed1i t\u00e1c &amp; kh\u00e1ch h\u00e0ng\",\"publisher\":{\"@id\":\"https:\/\/www.hongky.com\/en\/#organization\"},\"potentialAction\":[{\"@type\":\"SearchAction\",\"target\":{\"@type\":\"EntryPoint\",\"urlTemplate\":\"https:\/\/www.hongky.com\/en\/?s={search_term_string}\"},\"query-input\":{\"@type\":\"PropertyValueSpecification\",\"valueRequired\":true,\"valueName\":\"search_term_string\"}}],\"inLanguage\":\"en-US\"},{\"@type\":\"Organization\",\"@id\":\"https:\/\/www.hongky.com\/en\/#organization\",\"name\":\"C\u00f4ng ty C\u01a1 Kh\u00ed H\u1ed3ng K\u00fd\",\"url\":\"https:\/\/www.hongky.com\/en\/\",\"logo\":{\"@type\":\"ImageObject\",\"inLanguage\":\"en-US\",\"@id\":\"https:\/\/www.hongky.com\/en\/#\/schema\/logo\/image\/\",\"url\":\"https:\/\/www.hongky.com\/wp-content\/uploads\/2025\/06\/cropped-hong-ky-mechanical-company-2.png\",\"contentUrl\":\"https:\/\/www.hongky.com\/wp-content\/uploads\/2025\/06\/cropped-hong-ky-mechanical-company-2.png\",\"width\":849,\"height\":849,\"caption\":\"C\u00f4ng ty C\u01a1 Kh\u00ed H\u1ed3ng K\u00fd\"},\"image\":{\"@id\":\"https:\/\/www.hongky.com\/en\/#\/schema\/logo\/image\/\"},\"sameAs\":[\"https:\/\/www.facebook.com\/HongKyMayHan\"]}]}<\/script>\n<!-- \/ Yoast SEO plugin. -->","yoast_head_json":{"title":"Brush sanding machine F-200MA-2U - C\u00f4ng ty C\u01a1 Kh\u00ed H\u1ed3ng K\u00fd","description":"Manual Sander F-200MA-2U: Efficient dual-axis design for detailed wood sanding, energy-saving performance, safe operation. Made in Vietnam for quality.","robots":{"index":"index","follow":"follow","max-snippet":"max-snippet:-1","max-image-preview":"max-image-preview:large","max-video-preview":"max-video-preview:-1"},"canonical":"https:\/\/www.hongky.com\/en\/brush-sanding-machine-f-200ma-2u","og_locale":"en_US","og_type":"article","og_title":"Brush sanding machine F-200MA-2U - C\u00f4ng ty C\u01a1 Kh\u00ed H\u1ed3ng K\u00fd","og_description":"Manual Sander F-200MA-2U: Efficient dual-axis design for detailed wood sanding, energy-saving performance, safe operation. Made in Vietnam for quality.","og_url":"https:\/\/www.hongky.com\/en\/brush-sanding-machine-f-200ma-2u","og_site_name":"C\u00f4ng ty C\u01a1 Kh\u00ed H\u1ed3ng K\u00fd","article_publisher":"https:\/\/www.facebook.com\/HongKyMayHan","article_modified_time":"2025-07-08T08:10:25+00:00","og_image":[{"width":1500,"height":1200,"url":"https:\/\/www.hongky.com\/wp-content\/uploads\/2024\/11\/Brush-sanding-machine-F-200MA-4U-hong-ky.jpg","type":"image\/jpeg"}],"twitter_card":"summary_large_image","twitter_misc":{"Est. reading time":"1 minute"},"schema":{"@context":"https:\/\/schema.org","@graph":[{"@type":"WebPage","@id":"https:\/\/www.hongky.com\/en\/brush-sanding-machine-f-200ma-2u\/","url":"https:\/\/www.hongky.com\/en\/brush-sanding-machine-f-200ma-2u\/","name":"Brush sanding machine F-200MA-2U - C\u00f4ng ty C\u01a1 Kh\u00ed H\u1ed3ng K\u00fd","isPartOf":{"@id":"https:\/\/www.hongky.com\/en\/#website"},"primaryImageOfPage":{"@id":"https:\/\/www.hongky.com\/en\/brush-sanding-machine-f-200ma-2u\/#primaryimage"},"image":{"@id":"https:\/\/www.hongky.com\/en\/brush-sanding-machine-f-200ma-2u\/#primaryimage"},"thumbnailUrl":"https:\/\/www.hongky.com\/wp-content\/uploads\/2024\/11\/Brush-sanding-machine-F-200MA-4U-hong-ky.jpg","datePublished":"2024-10-02T09:12:53+00:00","dateModified":"2025-07-08T08:10:25+00:00","description":"Manual Sander F-200MA-2U: Efficient dual-axis design for detailed wood sanding, energy-saving performance, safe operation. Made in Vietnam for quality.","breadcrumb":{"@id":"https:\/\/www.hongky.com\/en\/brush-sanding-machine-f-200ma-2u\/#breadcrumb"},"inLanguage":"en-US","potentialAction":[{"@type":"ReadAction","target":["https:\/\/www.hongky.com\/en\/brush-sanding-machine-f-200ma-2u\/"]}]},{"@type":"ImageObject","inLanguage":"en-US","@id":"https:\/\/www.hongky.com\/en\/brush-sanding-machine-f-200ma-2u\/#primaryimage","url":"https:\/\/www.hongky.com\/wp-content\/uploads\/2024\/11\/Brush-sanding-machine-F-200MA-4U-hong-ky.jpg","contentUrl":"https:\/\/www.hongky.com\/wp-content\/uploads\/2024\/11\/Brush-sanding-machine-F-200MA-4U-hong-ky.jpg","width":1500,"height":1200,"caption":"Brush-sanding-machine-F-200MA-4U- hong-ky"},{"@type":"BreadcrumbList","@id":"https:\/\/www.hongky.com\/en\/brush-sanding-machine-f-200ma-2u\/#breadcrumb","itemListElement":[{"@type":"ListItem","position":1,"name":"Home","item":"https:\/\/www.hongky.com\/en\/"},{"@type":"ListItem","position":2,"name":"Shop","item":"https:\/\/www.hongky.com\/en\/shop\/"},{"@type":"ListItem","position":3,"name":"Product","item":"https:\/\/www.hongky.com\/en\/product\/"},{"@type":"ListItem","position":4,"name":"Woodworking machine","item":"https:\/\/www.hongky.com\/en\/woodworking-machine\/"},{"@type":"ListItem","position":5,"name":"Sanding machine","item":"https:\/\/www.hongky.com\/en\/sanding-machine\/"},{"@type":"ListItem","position":6,"name":"Brush sanding machine F-200MA-2U"}]},{"@type":"WebSite","@id":"https:\/\/www.hongky.com\/en\/#website","url":"https:\/\/www.hongky.com\/en\/","name":"C\u00f4ng ty C\u01a1 Kh\u00ed H\u1ed3ng K\u00fd","description":"Th\u01b0\u01a1ng hi\u1ec7u H\u1ed3ng K\u00fd l\u00e0 s\u1ef1 l\u1ef1a ch\u1ecdn h\u00e0ng \u0111\u1ea7u c\u1ee7a \u0111\u1ed1i t\u00e1c &amp; kh\u00e1ch h\u00e0ng","publisher":{"@id":"https:\/\/www.hongky.com\/en\/#organization"},"potentialAction":[{"@type":"SearchAction","target":{"@type":"EntryPoint","urlTemplate":"https:\/\/www.hongky.com\/en\/?s={search_term_string}"},"query-input":{"@type":"PropertyValueSpecification","valueRequired":true,"valueName":"search_term_string"}}],"inLanguage":"en-US"},{"@type":"Organization","@id":"https:\/\/www.hongky.com\/en\/#organization","name":"C\u00f4ng ty C\u01a1 Kh\u00ed H\u1ed3ng K\u00fd","url":"https:\/\/www.hongky.com\/en\/","logo":{"@type":"ImageObject","inLanguage":"en-US","@id":"https:\/\/www.hongky.com\/en\/#\/schema\/logo\/image\/","url":"https:\/\/www.hongky.com\/wp-content\/uploads\/2025\/06\/cropped-hong-ky-mechanical-company-2.png","contentUrl":"https:\/\/www.hongky.com\/wp-content\/uploads\/2025\/06\/cropped-hong-ky-mechanical-company-2.png","width":849,"height":849,"caption":"C\u00f4ng ty C\u01a1 Kh\u00ed H\u1ed3ng K\u00fd"},"image":{"@id":"https:\/\/www.hongky.com\/en\/#\/schema\/logo\/image\/"},"sameAs":["https:\/\/www.facebook.com\/HongKyMayHan"]}]}},"_links":{"self":[{"href":"https:\/\/www.hongky.com\/en\/wp-json\/wp\/v2\/product\/5863","targetHints":{"allow":["GET"]}}],"collection":[{"href":"https:\/\/www.hongky.com\/en\/wp-json\/wp\/v2\/product"}],"about":[{"href":"https:\/\/www.hongky.com\/en\/wp-json\/wp\/v2\/types\/product"}],"replies":[{"embeddable":true,"href":"https:\/\/www.hongky.com\/en\/wp-json\/wp\/v2\/comments?post=5863"}],"wp:featuredmedia":[{"embeddable":true,"href":"https:\/\/www.hongky.com\/en\/wp-json\/wp\/v2\/media\/4928"}],"wp:attachment":[{"href":"https:\/\/www.hongky.com\/en\/wp-json\/wp\/v2\/media?parent=5863"}],"wp:term":[{"taxonomy":"product_brand","embeddable":true,"href":"https:\/\/www.hongky.com\/en\/wp-json\/wp\/v2\/product_brand?post=5863"},{"taxonomy":"product_cat","embeddable":true,"href":"https:\/\/www.hongky.com\/en\/wp-json\/wp\/v2\/product_cat?post=5863"},{"taxonomy":"product_tag","embeddable":true,"href":"https:\/\/www.hongky.com\/en\/wp-json\/wp\/v2\/product_tag?post=5863"}],"curies":[{"name":"wp","href":"https:\/\/api.w.org\/{rel}","templated":true}]}}