{"id":5865,"date":"2024-10-02T15:09:19","date_gmt":"2024-10-02T08:09:19","guid":{"rendered":"https:\/\/hongky.com\/product\/xe-goong-chuyen-ton\/"},"modified":"2025-11-13T15:04:40","modified_gmt":"2025-11-13T08:04:40","slug":"coil-transfer-car-hk","status":"publish","type":"product","link":"https:\/\/www.hongky.com\/en\/coil-transfer-car\/","title":{"rendered":"Coil Transfer Car"},"content":{"rendered":"<p>The coil trolley is designed to move large steel coils efficiently across factory floors. Featuring robust construction, it operates on installed rails and ensures quick, safe transport with a capacity of up to 20,000 kg. Made in Vietnam, it\u2019s ideal for heavy-duty coil handling equipment.<\/p>\n","protected":false},"excerpt":{"rendered":"<ul>\n<li>Efficient coil handling equipment for horizontal coil transport in factories.<\/li>\n<li>Moves coils at speeds of up to 8.2 meters per minute, ensuring high productivity.<\/li>\n<li>Supports up to 20,000 kg with coil diameter ranging from 1400mm to 2000mm.<\/li>\n<li>Coil transfer car operates on pre-installed rails, enhancing maneuverability and safety.<\/li>\n<li>Optimized for moving large steel coils, offering better efficiency and safety than traditional methods.<\/li>\n<\/ul>\n","protected":false},"featured_media":4900,"menu_order":390,"comment_status":"open","ping_status":"closed","template":"","meta":{"_acf_changed":false,"inline_featured_image":false},"product_brand":[],"product_cat":[648],"product_tag":[2128,2132,2130,2129,2133,2134,2131],"class_list":{"0":"post-5865","1":"product","2":"type-product","3":"status-publish","4":"has-post-thumbnail","6":"product_cat-steel-coil-transfer-cart","7":"product_tag-coil-carrier","8":"product_tag-coil-cart","9":"product_tag-coil-handling-equipment","10":"product_tag-coil-lifter","11":"product_tag-coil-transfer-car","12":"product_tag-coil-transfer-trolley","13":"product_tag-coil-trolley","15":"first","16":"instock","17":"shipping-taxable","18":"product-type-simple"},"acf":[],"yoast_head":"<!-- This site is optimized with the Yoast SEO plugin v23.7 - https:\/\/yoast.com\/wordpress\/plugins\/seo\/ -->\n<title>Coil Transfer Car - C\u00f4ng ty C\u01a1 Kh\u00ed H\u1ed3ng K\u00fd<\/title>\n<meta name=\"description\" content=\"Efficient coil trolley for safe and fast transport of large coils up to 20,000 kg. Ideal coil handling equipment for steel and metal industries.\" \/>\n<meta name=\"robots\" content=\"index, follow, max-snippet:-1, max-image-preview:large, max-video-preview:-1\" \/>\n<link rel=\"canonical\" href=\"https:\/\/www.hongky.com\/en\/coil-transfer-car\" \/>\n<meta property=\"og:locale\" content=\"en_US\" \/>\n<meta property=\"og:type\" content=\"article\" \/>\n<meta property=\"og:title\" content=\"Coil Transfer Car - C\u00f4ng ty C\u01a1 Kh\u00ed H\u1ed3ng K\u00fd\" \/>\n<meta property=\"og:description\" content=\"Efficient coil trolley for safe and fast transport of large coils up to 20,000 kg. Ideal coil handling equipment for steel and metal industries.\" \/>\n<meta property=\"og:url\" content=\"https:\/\/www.hongky.com\/en\/coil-transfer-car\" \/>\n<meta property=\"og:site_name\" content=\"C\u00f4ng ty C\u01a1 Kh\u00ed H\u1ed3ng K\u00fd\" \/>\n<meta property=\"article:publisher\" content=\"https:\/\/www.facebook.com\/HongKyMayHan\" \/>\n<meta property=\"article:modified_time\" content=\"2025-11-13T08:04:40+00:00\" \/>\n<meta property=\"og:image\" content=\"https:\/\/www.hongky.com\/wp-content\/uploads\/2024\/11\/coil-transfer-car-hong-ky-3.jpg\" \/>\n\t<meta property=\"og:image:width\" content=\"1000\" \/>\n\t<meta property=\"og:image:height\" content=\"979\" \/>\n\t<meta property=\"og:image:type\" content=\"image\/jpeg\" \/>\n<meta name=\"twitter:card\" content=\"summary_large_image\" \/>\n<meta name=\"twitter:label1\" content=\"Est. reading time\" \/>\n\t<meta name=\"twitter:data1\" content=\"1 minute\" \/>\n<script type=\"application\/ld+json\" class=\"yoast-schema-graph\">{\"@context\":\"https:\/\/schema.org\",\"@graph\":[{\"@type\":\"WebPage\",\"@id\":\"https:\/\/www.hongky.com\/en\/coil-transfer-car\/\",\"url\":\"https:\/\/www.hongky.com\/en\/coil-transfer-car\/\",\"name\":\"Coil Transfer Car - C\u00f4ng ty C\u01a1 Kh\u00ed H\u1ed3ng K\u00fd\",\"isPartOf\":{\"@id\":\"https:\/\/www.hongky.com\/en\/#website\"},\"primaryImageOfPage\":{\"@id\":\"https:\/\/www.hongky.com\/en\/coil-transfer-car\/#primaryimage\"},\"image\":{\"@id\":\"https:\/\/www.hongky.com\/en\/coil-transfer-car\/#primaryimage\"},\"thumbnailUrl\":\"https:\/\/www.hongky.com\/wp-content\/uploads\/2024\/11\/coil-transfer-car-hong-ky-3.jpg\",\"datePublished\":\"2024-10-02T08:09:19+00:00\",\"dateModified\":\"2025-11-13T08:04:40+00:00\",\"description\":\"Efficient coil trolley for safe and fast transport of large coils up to 20,000 kg. Ideal coil handling equipment for steel and metal industries.\",\"breadcrumb\":{\"@id\":\"https:\/\/www.hongky.com\/en\/coil-transfer-car\/#breadcrumb\"},\"inLanguage\":\"en-US\",\"potentialAction\":[{\"@type\":\"ReadAction\",\"target\":[\"https:\/\/www.hongky.com\/en\/coil-transfer-car\/\"]}]},{\"@type\":\"ImageObject\",\"inLanguage\":\"en-US\",\"@id\":\"https:\/\/www.hongky.com\/en\/coil-transfer-car\/#primaryimage\",\"url\":\"https:\/\/www.hongky.com\/wp-content\/uploads\/2024\/11\/coil-transfer-car-hong-ky-3.jpg\",\"contentUrl\":\"https:\/\/www.hongky.com\/wp-content\/uploads\/2024\/11\/coil-transfer-car-hong-ky-3.jpg\",\"width\":1000,\"height\":979,\"caption\":\"coil-transfer-car-hong-ky-3\"},{\"@type\":\"BreadcrumbList\",\"@id\":\"https:\/\/www.hongky.com\/en\/coil-transfer-car\/#breadcrumb\",\"itemListElement\":[{\"@type\":\"ListItem\",\"position\":1,\"name\":\"Home\",\"item\":\"https:\/\/www.hongky.com\/en\/\"},{\"@type\":\"ListItem\",\"position\":2,\"name\":\"Shop\",\"item\":\"https:\/\/www.hongky.com\/en\/shop\/\"},{\"@type\":\"ListItem\",\"position\":3,\"name\":\"Product\",\"item\":\"https:\/\/www.hongky.com\/en\/product\/\"},{\"@type\":\"ListItem\",\"position\":4,\"name\":\"Steel Processing line\",\"item\":\"https:\/\/www.hongky.com\/en\/steel-processing-line\/\"},{\"@type\":\"ListItem\",\"position\":5,\"name\":\"Steel coil transfer cart\",\"item\":\"https:\/\/www.hongky.com\/en\/steel-coil-transfer-cart\/\"},{\"@type\":\"ListItem\",\"position\":6,\"name\":\"Coil Transfer Car\"}]},{\"@type\":\"WebSite\",\"@id\":\"https:\/\/www.hongky.com\/en\/#website\",\"url\":\"https:\/\/www.hongky.com\/en\/\",\"name\":\"C\u00f4ng ty C\u01a1 Kh\u00ed H\u1ed3ng K\u00fd\",\"description\":\"Th\u01b0\u01a1ng hi\u1ec7u H\u1ed3ng K\u00fd l\u00e0 s\u1ef1 l\u1ef1a ch\u1ecdn h\u00e0ng \u0111\u1ea7u c\u1ee7a \u0111\u1ed1i t\u00e1c &amp; kh\u00e1ch h\u00e0ng\",\"publisher\":{\"@id\":\"https:\/\/www.hongky.com\/en\/#organization\"},\"potentialAction\":[{\"@type\":\"SearchAction\",\"target\":{\"@type\":\"EntryPoint\",\"urlTemplate\":\"https:\/\/www.hongky.com\/en\/?s={search_term_string}\"},\"query-input\":{\"@type\":\"PropertyValueSpecification\",\"valueRequired\":true,\"valueName\":\"search_term_string\"}}],\"inLanguage\":\"en-US\"},{\"@type\":\"Organization\",\"@id\":\"https:\/\/www.hongky.com\/en\/#organization\",\"name\":\"C\u00f4ng ty C\u01a1 Kh\u00ed H\u1ed3ng K\u00fd\",\"url\":\"https:\/\/www.hongky.com\/en\/\",\"logo\":{\"@type\":\"ImageObject\",\"inLanguage\":\"en-US\",\"@id\":\"https:\/\/www.hongky.com\/en\/#\/schema\/logo\/image\/\",\"url\":\"https:\/\/www.hongky.com\/wp-content\/uploads\/2025\/06\/cropped-hong-ky-mechanical-company-2.png\",\"contentUrl\":\"https:\/\/www.hongky.com\/wp-content\/uploads\/2025\/06\/cropped-hong-ky-mechanical-company-2.png\",\"width\":849,\"height\":849,\"caption\":\"C\u00f4ng ty C\u01a1 Kh\u00ed H\u1ed3ng K\u00fd\"},\"image\":{\"@id\":\"https:\/\/www.hongky.com\/en\/#\/schema\/logo\/image\/\"},\"sameAs\":[\"https:\/\/www.facebook.com\/HongKyMayHan\"]}]}<\/script>\n<!-- \/ Yoast SEO plugin. -->","yoast_head_json":{"title":"Coil Transfer Car - C\u00f4ng ty C\u01a1 Kh\u00ed H\u1ed3ng K\u00fd","description":"Efficient coil trolley for safe and fast transport of large coils up to 20,000 kg. Ideal coil handling equipment for steel and metal industries.","robots":{"index":"index","follow":"follow","max-snippet":"max-snippet:-1","max-image-preview":"max-image-preview:large","max-video-preview":"max-video-preview:-1"},"canonical":"https:\/\/www.hongky.com\/en\/coil-transfer-car","og_locale":"en_US","og_type":"article","og_title":"Coil Transfer Car - C\u00f4ng ty C\u01a1 Kh\u00ed H\u1ed3ng K\u00fd","og_description":"Efficient coil trolley for safe and fast transport of large coils up to 20,000 kg. Ideal coil handling equipment for steel and metal industries.","og_url":"https:\/\/www.hongky.com\/en\/coil-transfer-car","og_site_name":"C\u00f4ng ty C\u01a1 Kh\u00ed H\u1ed3ng K\u00fd","article_publisher":"https:\/\/www.facebook.com\/HongKyMayHan","article_modified_time":"2025-11-13T08:04:40+00:00","og_image":[{"width":1000,"height":979,"url":"https:\/\/www.hongky.com\/wp-content\/uploads\/2024\/11\/coil-transfer-car-hong-ky-3.jpg","type":"image\/jpeg"}],"twitter_card":"summary_large_image","twitter_misc":{"Est. reading time":"1 minute"},"schema":{"@context":"https:\/\/schema.org","@graph":[{"@type":"WebPage","@id":"https:\/\/www.hongky.com\/en\/coil-transfer-car\/","url":"https:\/\/www.hongky.com\/en\/coil-transfer-car\/","name":"Coil Transfer Car - C\u00f4ng ty C\u01a1 Kh\u00ed H\u1ed3ng K\u00fd","isPartOf":{"@id":"https:\/\/www.hongky.com\/en\/#website"},"primaryImageOfPage":{"@id":"https:\/\/www.hongky.com\/en\/coil-transfer-car\/#primaryimage"},"image":{"@id":"https:\/\/www.hongky.com\/en\/coil-transfer-car\/#primaryimage"},"thumbnailUrl":"https:\/\/www.hongky.com\/wp-content\/uploads\/2024\/11\/coil-transfer-car-hong-ky-3.jpg","datePublished":"2024-10-02T08:09:19+00:00","dateModified":"2025-11-13T08:04:40+00:00","description":"Efficient coil trolley for safe and fast transport of large coils up to 20,000 kg. Ideal coil handling equipment for steel and metal industries.","breadcrumb":{"@id":"https:\/\/www.hongky.com\/en\/coil-transfer-car\/#breadcrumb"},"inLanguage":"en-US","potentialAction":[{"@type":"ReadAction","target":["https:\/\/www.hongky.com\/en\/coil-transfer-car\/"]}]},{"@type":"ImageObject","inLanguage":"en-US","@id":"https:\/\/www.hongky.com\/en\/coil-transfer-car\/#primaryimage","url":"https:\/\/www.hongky.com\/wp-content\/uploads\/2024\/11\/coil-transfer-car-hong-ky-3.jpg","contentUrl":"https:\/\/www.hongky.com\/wp-content\/uploads\/2024\/11\/coil-transfer-car-hong-ky-3.jpg","width":1000,"height":979,"caption":"coil-transfer-car-hong-ky-3"},{"@type":"BreadcrumbList","@id":"https:\/\/www.hongky.com\/en\/coil-transfer-car\/#breadcrumb","itemListElement":[{"@type":"ListItem","position":1,"name":"Home","item":"https:\/\/www.hongky.com\/en\/"},{"@type":"ListItem","position":2,"name":"Shop","item":"https:\/\/www.hongky.com\/en\/shop\/"},{"@type":"ListItem","position":3,"name":"Product","item":"https:\/\/www.hongky.com\/en\/product\/"},{"@type":"ListItem","position":4,"name":"Steel Processing line","item":"https:\/\/www.hongky.com\/en\/steel-processing-line\/"},{"@type":"ListItem","position":5,"name":"Steel coil transfer cart","item":"https:\/\/www.hongky.com\/en\/steel-coil-transfer-cart\/"},{"@type":"ListItem","position":6,"name":"Coil Transfer Car"}]},{"@type":"WebSite","@id":"https:\/\/www.hongky.com\/en\/#website","url":"https:\/\/www.hongky.com\/en\/","name":"C\u00f4ng ty C\u01a1 Kh\u00ed H\u1ed3ng K\u00fd","description":"Th\u01b0\u01a1ng hi\u1ec7u H\u1ed3ng K\u00fd l\u00e0 s\u1ef1 l\u1ef1a ch\u1ecdn h\u00e0ng \u0111\u1ea7u c\u1ee7a \u0111\u1ed1i t\u00e1c &amp; kh\u00e1ch h\u00e0ng","publisher":{"@id":"https:\/\/www.hongky.com\/en\/#organization"},"potentialAction":[{"@type":"SearchAction","target":{"@type":"EntryPoint","urlTemplate":"https:\/\/www.hongky.com\/en\/?s={search_term_string}"},"query-input":{"@type":"PropertyValueSpecification","valueRequired":true,"valueName":"search_term_string"}}],"inLanguage":"en-US"},{"@type":"Organization","@id":"https:\/\/www.hongky.com\/en\/#organization","name":"C\u00f4ng ty C\u01a1 Kh\u00ed H\u1ed3ng K\u00fd","url":"https:\/\/www.hongky.com\/en\/","logo":{"@type":"ImageObject","inLanguage":"en-US","@id":"https:\/\/www.hongky.com\/en\/#\/schema\/logo\/image\/","url":"https:\/\/www.hongky.com\/wp-content\/uploads\/2025\/06\/cropped-hong-ky-mechanical-company-2.png","contentUrl":"https:\/\/www.hongky.com\/wp-content\/uploads\/2025\/06\/cropped-hong-ky-mechanical-company-2.png","width":849,"height":849,"caption":"C\u00f4ng ty C\u01a1 Kh\u00ed H\u1ed3ng K\u00fd"},"image":{"@id":"https:\/\/www.hongky.com\/en\/#\/schema\/logo\/image\/"},"sameAs":["https:\/\/www.facebook.com\/HongKyMayHan"]}]}},"_links":{"self":[{"href":"https:\/\/www.hongky.com\/en\/wp-json\/wp\/v2\/product\/5865","targetHints":{"allow":["GET"]}}],"collection":[{"href":"https:\/\/www.hongky.com\/en\/wp-json\/wp\/v2\/product"}],"about":[{"href":"https:\/\/www.hongky.com\/en\/wp-json\/wp\/v2\/types\/product"}],"replies":[{"embeddable":true,"href":"https:\/\/www.hongky.com\/en\/wp-json\/wp\/v2\/comments?post=5865"}],"wp:featuredmedia":[{"embeddable":true,"href":"https:\/\/www.hongky.com\/en\/wp-json\/wp\/v2\/media\/4900"}],"wp:attachment":[{"href":"https:\/\/www.hongky.com\/en\/wp-json\/wp\/v2\/media?parent=5865"}],"wp:term":[{"taxonomy":"product_brand","embeddable":true,"href":"https:\/\/www.hongky.com\/en\/wp-json\/wp\/v2\/product_brand?post=5865"},{"taxonomy":"product_cat","embeddable":true,"href":"https:\/\/www.hongky.com\/en\/wp-json\/wp\/v2\/product_cat?post=5865"},{"taxonomy":"product_tag","embeddable":true,"href":"https:\/\/www.hongky.com\/en\/wp-json\/wp\/v2\/product_tag?post=5865"}],"curies":[{"name":"wp","href":"https:\/\/api.w.org\/{rel}","templated":true}]}}