{"id":5869,"date":"2024-10-02T14:13:38","date_gmt":"2024-10-02T07:13:38","guid":{"rendered":"https:\/\/hongky.com\/product\/may-cha-nham-bang-choi-bbts-4u\/"},"modified":"2024-11-14T13:55:12","modified_gmt":"2024-11-14T06:55:12","slug":"belt-sander-bbts-4u","status":"publish","type":"product","link":"https:\/\/www.hongky.com\/en\/belt-sander-bbts-4u\/","title":{"rendered":"Belt Sander BBTS 4U"},"content":{"rendered":"<p style=\"text-align: justify;\">BBTS-4U Brush Belt Sander, Made in Vietnam, sets the standard in sanding technology for woodworking. Ideal for complex door frames, this wide belt sander simplifies surface preparation, ensuring even and smooth finishes. Engineered by Hong Ky expert team, it delivers European-quality performance.<\/p>\n","protected":false},"excerpt":{"rendered":"<ul>\n<li>Heavy duty belt sander design for straight and even edge sanding, providing a perfect base for coatings.<\/li>\n<li>Dual brush heads rotate in opposite directions, tackling intricate surfaces with exceptional precision.<\/li>\n<li>User-friendly construction enables quick assembly and tool replacement.<\/li>\n<li>Flexible adjustment with frequency inverters for customizable sanding speeds via a multilingual HDMI touch screen.<\/li>\n<li>Minimizes labor and maintenance costs, boosting overall productivity and efficiency.<\/li>\n<\/ul>\n","protected":false},"featured_media":4867,"menu_order":239,"comment_status":"open","ping_status":"closed","template":"","meta":{"_acf_changed":false,"inline_featured_image":false},"product_brand":[],"product_cat":[601],"product_tag":[1671,1669,1670],"class_list":{"0":"post-5869","1":"product","2":"type-product","3":"status-publish","4":"has-post-thumbnail","6":"product_cat-sanding-machine","7":"product_tag-belt-sander","8":"product_tag-heavy-duty-belt-sander","9":"product_tag-wide-belt-sander","11":"first","12":"instock","13":"shipping-taxable","14":"product-type-simple"},"acf":[],"yoast_head":"<!-- This site is optimized with the Yoast SEO plugin v23.7 - https:\/\/yoast.com\/wordpress\/plugins\/seo\/ -->\n<title>Belt Sander BBTS 4U - C\u00f4ng ty C\u01a1 Kh\u00ed H\u1ed3ng K\u00fd<\/title>\n<meta name=\"description\" content=\"High-efficiency BBTS-4U Brush Belt Sander, Made in Vietnam, perfect for sanding intricate wooden surfaces with precision, flexibility,low maintenance costs.\" \/>\n<meta name=\"robots\" content=\"index, follow, max-snippet:-1, max-image-preview:large, max-video-preview:-1\" \/>\n<link rel=\"canonical\" href=\"https:\/\/www.hongky.com\/en\/belt-sander-bbts-4u\" \/>\n<meta property=\"og:locale\" content=\"en_US\" \/>\n<meta property=\"og:type\" content=\"article\" \/>\n<meta property=\"og:title\" content=\"Belt Sander BBTS 4U - C\u00f4ng ty C\u01a1 Kh\u00ed H\u1ed3ng K\u00fd\" \/>\n<meta property=\"og:description\" content=\"High-efficiency BBTS-4U Brush Belt Sander, Made in Vietnam, perfect for sanding intricate wooden surfaces with precision, flexibility,low maintenance costs.\" \/>\n<meta property=\"og:url\" content=\"https:\/\/www.hongky.com\/en\/belt-sander-bbts-4u\" \/>\n<meta property=\"og:site_name\" content=\"C\u00f4ng ty C\u01a1 Kh\u00ed H\u1ed3ng K\u00fd\" \/>\n<meta property=\"article:publisher\" content=\"https:\/\/www.facebook.com\/HongKyMayHan\" \/>\n<meta property=\"article:modified_time\" content=\"2024-11-14T06:55:12+00:00\" \/>\n<meta property=\"og:image\" content=\"https:\/\/www.hongky.com\/wp-content\/uploads\/2024\/11\/sanding-belt-brush-machine-bbts-4u-hong-ky-1.jpg\" \/>\n\t<meta property=\"og:image:width\" content=\"1500\" \/>\n\t<meta property=\"og:image:height\" content=\"1200\" \/>\n\t<meta property=\"og:image:type\" content=\"image\/jpeg\" \/>\n<meta name=\"twitter:card\" content=\"summary_large_image\" \/>\n<meta name=\"twitter:label1\" content=\"Est. reading time\" \/>\n\t<meta name=\"twitter:data1\" content=\"1 minute\" \/>\n<script type=\"application\/ld+json\" class=\"yoast-schema-graph\">{\"@context\":\"https:\/\/schema.org\",\"@graph\":[{\"@type\":\"WebPage\",\"@id\":\"https:\/\/www.hongky.com\/en\/belt-sander-bbts-4u\/\",\"url\":\"https:\/\/www.hongky.com\/en\/belt-sander-bbts-4u\/\",\"name\":\"Belt Sander BBTS 4U - C\u00f4ng ty C\u01a1 Kh\u00ed H\u1ed3ng K\u00fd\",\"isPartOf\":{\"@id\":\"https:\/\/www.hongky.com\/en\/#website\"},\"primaryImageOfPage\":{\"@id\":\"https:\/\/www.hongky.com\/en\/belt-sander-bbts-4u\/#primaryimage\"},\"image\":{\"@id\":\"https:\/\/www.hongky.com\/en\/belt-sander-bbts-4u\/#primaryimage\"},\"thumbnailUrl\":\"https:\/\/www.hongky.com\/wp-content\/uploads\/2024\/11\/sanding-belt-brush-machine-bbts-4u-hong-ky-1.jpg\",\"datePublished\":\"2024-10-02T07:13:38+00:00\",\"dateModified\":\"2024-11-14T06:55:12+00:00\",\"description\":\"High-efficiency BBTS-4U Brush Belt Sander, Made in Vietnam, perfect for sanding intricate wooden surfaces with precision, flexibility,low maintenance costs.\",\"breadcrumb\":{\"@id\":\"https:\/\/www.hongky.com\/en\/belt-sander-bbts-4u\/#breadcrumb\"},\"inLanguage\":\"en-US\",\"potentialAction\":[{\"@type\":\"ReadAction\",\"target\":[\"https:\/\/www.hongky.com\/en\/belt-sander-bbts-4u\/\"]}]},{\"@type\":\"ImageObject\",\"inLanguage\":\"en-US\",\"@id\":\"https:\/\/www.hongky.com\/en\/belt-sander-bbts-4u\/#primaryimage\",\"url\":\"https:\/\/www.hongky.com\/wp-content\/uploads\/2024\/11\/sanding-belt-brush-machine-bbts-4u-hong-ky-1.jpg\",\"contentUrl\":\"https:\/\/www.hongky.com\/wp-content\/uploads\/2024\/11\/sanding-belt-brush-machine-bbts-4u-hong-ky-1.jpg\",\"width\":1500,\"height\":1200,\"caption\":\"sanding-belt-brush-machine-bbts-4u-hong-ky\"},{\"@type\":\"BreadcrumbList\",\"@id\":\"https:\/\/www.hongky.com\/en\/belt-sander-bbts-4u\/#breadcrumb\",\"itemListElement\":[{\"@type\":\"ListItem\",\"position\":1,\"name\":\"Home\",\"item\":\"https:\/\/www.hongky.com\/en\/\"},{\"@type\":\"ListItem\",\"position\":2,\"name\":\"Shop\",\"item\":\"https:\/\/www.hongky.com\/en\/shop\/\"},{\"@type\":\"ListItem\",\"position\":3,\"name\":\"Product\",\"item\":\"https:\/\/www.hongky.com\/en\/product\/\"},{\"@type\":\"ListItem\",\"position\":4,\"name\":\"Woodworking machine\",\"item\":\"https:\/\/www.hongky.com\/en\/woodworking-machine\/\"},{\"@type\":\"ListItem\",\"position\":5,\"name\":\"Sanding machine\",\"item\":\"https:\/\/www.hongky.com\/en\/sanding-machine\/\"},{\"@type\":\"ListItem\",\"position\":6,\"name\":\"Belt Sander BBTS 4U\"}]},{\"@type\":\"WebSite\",\"@id\":\"https:\/\/www.hongky.com\/en\/#website\",\"url\":\"https:\/\/www.hongky.com\/en\/\",\"name\":\"C\u00f4ng ty C\u01a1 Kh\u00ed H\u1ed3ng K\u00fd\",\"description\":\"Th\u01b0\u01a1ng hi\u1ec7u H\u1ed3ng K\u00fd l\u00e0 s\u1ef1 l\u1ef1a ch\u1ecdn h\u00e0ng \u0111\u1ea7u c\u1ee7a \u0111\u1ed1i t\u00e1c &amp; kh\u00e1ch h\u00e0ng\",\"publisher\":{\"@id\":\"https:\/\/www.hongky.com\/en\/#organization\"},\"potentialAction\":[{\"@type\":\"SearchAction\",\"target\":{\"@type\":\"EntryPoint\",\"urlTemplate\":\"https:\/\/www.hongky.com\/en\/?s={search_term_string}\"},\"query-input\":{\"@type\":\"PropertyValueSpecification\",\"valueRequired\":true,\"valueName\":\"search_term_string\"}}],\"inLanguage\":\"en-US\"},{\"@type\":\"Organization\",\"@id\":\"https:\/\/www.hongky.com\/en\/#organization\",\"name\":\"C\u00f4ng ty C\u01a1 Kh\u00ed H\u1ed3ng K\u00fd\",\"url\":\"https:\/\/www.hongky.com\/en\/\",\"logo\":{\"@type\":\"ImageObject\",\"inLanguage\":\"en-US\",\"@id\":\"https:\/\/www.hongky.com\/en\/#\/schema\/logo\/image\/\",\"url\":\"https:\/\/www.hongky.com\/wp-content\/uploads\/2025\/06\/cropped-hong-ky-mechanical-company-2.png\",\"contentUrl\":\"https:\/\/www.hongky.com\/wp-content\/uploads\/2025\/06\/cropped-hong-ky-mechanical-company-2.png\",\"width\":849,\"height\":849,\"caption\":\"C\u00f4ng ty C\u01a1 Kh\u00ed H\u1ed3ng K\u00fd\"},\"image\":{\"@id\":\"https:\/\/www.hongky.com\/en\/#\/schema\/logo\/image\/\"},\"sameAs\":[\"https:\/\/www.facebook.com\/HongKyMayHan\"]}]}<\/script>\n<!-- \/ Yoast SEO plugin. -->","yoast_head_json":{"title":"Belt Sander BBTS 4U - C\u00f4ng ty C\u01a1 Kh\u00ed H\u1ed3ng K\u00fd","description":"High-efficiency BBTS-4U Brush Belt Sander, Made in Vietnam, perfect for sanding intricate wooden surfaces with precision, flexibility,low maintenance costs.","robots":{"index":"index","follow":"follow","max-snippet":"max-snippet:-1","max-image-preview":"max-image-preview:large","max-video-preview":"max-video-preview:-1"},"canonical":"https:\/\/www.hongky.com\/en\/belt-sander-bbts-4u","og_locale":"en_US","og_type":"article","og_title":"Belt Sander BBTS 4U - C\u00f4ng ty C\u01a1 Kh\u00ed H\u1ed3ng K\u00fd","og_description":"High-efficiency BBTS-4U Brush Belt Sander, Made in Vietnam, perfect for sanding intricate wooden surfaces with precision, flexibility,low maintenance costs.","og_url":"https:\/\/www.hongky.com\/en\/belt-sander-bbts-4u","og_site_name":"C\u00f4ng ty C\u01a1 Kh\u00ed H\u1ed3ng K\u00fd","article_publisher":"https:\/\/www.facebook.com\/HongKyMayHan","article_modified_time":"2024-11-14T06:55:12+00:00","og_image":[{"width":1500,"height":1200,"url":"https:\/\/www.hongky.com\/wp-content\/uploads\/2024\/11\/sanding-belt-brush-machine-bbts-4u-hong-ky-1.jpg","type":"image\/jpeg"}],"twitter_card":"summary_large_image","twitter_misc":{"Est. reading time":"1 minute"},"schema":{"@context":"https:\/\/schema.org","@graph":[{"@type":"WebPage","@id":"https:\/\/www.hongky.com\/en\/belt-sander-bbts-4u\/","url":"https:\/\/www.hongky.com\/en\/belt-sander-bbts-4u\/","name":"Belt Sander BBTS 4U - C\u00f4ng ty C\u01a1 Kh\u00ed H\u1ed3ng K\u00fd","isPartOf":{"@id":"https:\/\/www.hongky.com\/en\/#website"},"primaryImageOfPage":{"@id":"https:\/\/www.hongky.com\/en\/belt-sander-bbts-4u\/#primaryimage"},"image":{"@id":"https:\/\/www.hongky.com\/en\/belt-sander-bbts-4u\/#primaryimage"},"thumbnailUrl":"https:\/\/www.hongky.com\/wp-content\/uploads\/2024\/11\/sanding-belt-brush-machine-bbts-4u-hong-ky-1.jpg","datePublished":"2024-10-02T07:13:38+00:00","dateModified":"2024-11-14T06:55:12+00:00","description":"High-efficiency BBTS-4U Brush Belt Sander, Made in Vietnam, perfect for sanding intricate wooden surfaces with precision, flexibility,low maintenance costs.","breadcrumb":{"@id":"https:\/\/www.hongky.com\/en\/belt-sander-bbts-4u\/#breadcrumb"},"inLanguage":"en-US","potentialAction":[{"@type":"ReadAction","target":["https:\/\/www.hongky.com\/en\/belt-sander-bbts-4u\/"]}]},{"@type":"ImageObject","inLanguage":"en-US","@id":"https:\/\/www.hongky.com\/en\/belt-sander-bbts-4u\/#primaryimage","url":"https:\/\/www.hongky.com\/wp-content\/uploads\/2024\/11\/sanding-belt-brush-machine-bbts-4u-hong-ky-1.jpg","contentUrl":"https:\/\/www.hongky.com\/wp-content\/uploads\/2024\/11\/sanding-belt-brush-machine-bbts-4u-hong-ky-1.jpg","width":1500,"height":1200,"caption":"sanding-belt-brush-machine-bbts-4u-hong-ky"},{"@type":"BreadcrumbList","@id":"https:\/\/www.hongky.com\/en\/belt-sander-bbts-4u\/#breadcrumb","itemListElement":[{"@type":"ListItem","position":1,"name":"Home","item":"https:\/\/www.hongky.com\/en\/"},{"@type":"ListItem","position":2,"name":"Shop","item":"https:\/\/www.hongky.com\/en\/shop\/"},{"@type":"ListItem","position":3,"name":"Product","item":"https:\/\/www.hongky.com\/en\/product\/"},{"@type":"ListItem","position":4,"name":"Woodworking machine","item":"https:\/\/www.hongky.com\/en\/woodworking-machine\/"},{"@type":"ListItem","position":5,"name":"Sanding machine","item":"https:\/\/www.hongky.com\/en\/sanding-machine\/"},{"@type":"ListItem","position":6,"name":"Belt Sander BBTS 4U"}]},{"@type":"WebSite","@id":"https:\/\/www.hongky.com\/en\/#website","url":"https:\/\/www.hongky.com\/en\/","name":"C\u00f4ng ty C\u01a1 Kh\u00ed H\u1ed3ng K\u00fd","description":"Th\u01b0\u01a1ng hi\u1ec7u H\u1ed3ng K\u00fd l\u00e0 s\u1ef1 l\u1ef1a ch\u1ecdn h\u00e0ng \u0111\u1ea7u c\u1ee7a \u0111\u1ed1i t\u00e1c &amp; kh\u00e1ch h\u00e0ng","publisher":{"@id":"https:\/\/www.hongky.com\/en\/#organization"},"potentialAction":[{"@type":"SearchAction","target":{"@type":"EntryPoint","urlTemplate":"https:\/\/www.hongky.com\/en\/?s={search_term_string}"},"query-input":{"@type":"PropertyValueSpecification","valueRequired":true,"valueName":"search_term_string"}}],"inLanguage":"en-US"},{"@type":"Organization","@id":"https:\/\/www.hongky.com\/en\/#organization","name":"C\u00f4ng ty C\u01a1 Kh\u00ed H\u1ed3ng K\u00fd","url":"https:\/\/www.hongky.com\/en\/","logo":{"@type":"ImageObject","inLanguage":"en-US","@id":"https:\/\/www.hongky.com\/en\/#\/schema\/logo\/image\/","url":"https:\/\/www.hongky.com\/wp-content\/uploads\/2025\/06\/cropped-hong-ky-mechanical-company-2.png","contentUrl":"https:\/\/www.hongky.com\/wp-content\/uploads\/2025\/06\/cropped-hong-ky-mechanical-company-2.png","width":849,"height":849,"caption":"C\u00f4ng ty C\u01a1 Kh\u00ed H\u1ed3ng K\u00fd"},"image":{"@id":"https:\/\/www.hongky.com\/en\/#\/schema\/logo\/image\/"},"sameAs":["https:\/\/www.facebook.com\/HongKyMayHan"]}]}},"_links":{"self":[{"href":"https:\/\/www.hongky.com\/en\/wp-json\/wp\/v2\/product\/5869","targetHints":{"allow":["GET"]}}],"collection":[{"href":"https:\/\/www.hongky.com\/en\/wp-json\/wp\/v2\/product"}],"about":[{"href":"https:\/\/www.hongky.com\/en\/wp-json\/wp\/v2\/types\/product"}],"replies":[{"embeddable":true,"href":"https:\/\/www.hongky.com\/en\/wp-json\/wp\/v2\/comments?post=5869"}],"wp:featuredmedia":[{"embeddable":true,"href":"https:\/\/www.hongky.com\/en\/wp-json\/wp\/v2\/media\/4867"}],"wp:attachment":[{"href":"https:\/\/www.hongky.com\/en\/wp-json\/wp\/v2\/media?parent=5869"}],"wp:term":[{"taxonomy":"product_brand","embeddable":true,"href":"https:\/\/www.hongky.com\/en\/wp-json\/wp\/v2\/product_brand?post=5869"},{"taxonomy":"product_cat","embeddable":true,"href":"https:\/\/www.hongky.com\/en\/wp-json\/wp\/v2\/product_cat?post=5869"},{"taxonomy":"product_tag","embeddable":true,"href":"https:\/\/www.hongky.com\/en\/wp-json\/wp\/v2\/product_tag?post=5869"}],"curies":[{"name":"wp","href":"https:\/\/api.w.org\/{rel}","templated":true}]}}