{"id":5874,"date":"2024-10-02T10:58:57","date_gmt":"2024-10-02T03:58:57","guid":{"rendered":"https:\/\/hongky.com\/product\/may-cha-nham-choi-thung-truc-dia-ket-hop-truc-thang-1300-dnn\/"},"modified":"2024-11-14T13:28:36","modified_gmt":"2024-11-14T06:28:36","slug":"disc-drum-brush-sanding-machine-1300-dnn","status":"publish","type":"product","link":"https:\/\/www.hongky.com\/en\/disc-drum-brush-sanding-machine-1300dnn\/","title":{"rendered":"Disc drum brush sanding machine 1300DNN"},"content":{"rendered":"<p>Revolutionize your woodworking process with the 1300DNN Wood Sander Machine, a cutting-edge sanding system built to deliver high-precision sanding for increased productivity and exceptional finishing quality. Made in Vietnam, this large sander is designed to meet the rigorous demands of furniture production while optimizing manpower and ensuring a perfect finish.<\/p>\n","protected":false},"excerpt":{"rendered":"<ul>\n<li>Oscillating movement without stopping points for seamless sanding.<\/li>\n<li>Efficiently sands thin wood panels as slim as 5mm.<\/li>\n<li>Easy and fast sandpaper replacement.<\/li>\n<li>Eliminates visible sanding lines for smooth results.<\/li>\n<li>Suitable for pre-paint sanding and sealer sanding.<\/li>\n<\/ul>\n","protected":false},"featured_media":4809,"menu_order":234,"comment_status":"open","ping_status":"closed","template":"","meta":{"_acf_changed":false,"inline_featured_image":false},"product_brand":[],"product_cat":[601],"product_tag":[1657,1656,1655,1659,1660,1654,1658,1661,1653],"class_list":{"0":"post-5874","1":"product","2":"type-product","3":"status-publish","4":"has-post-thumbnail","6":"product_cat-sanding-machine","7":"product_tag-brush-sander-machine-for-wood","8":"product_tag-furniture-sander","9":"product_tag-large-sander","10":"product_tag-oscillating-edge-sander","11":"product_tag-sander-profile","12":"product_tag-sanding-system","13":"product_tag-surface-sander","14":"product_tag-thickness-sander-100mm","15":"product_tag-wood-sander-machine","17":"first","18":"instock","19":"shipping-taxable","20":"product-type-simple"},"acf":[],"yoast_head":"<!-- This site is optimized with the Yoast SEO plugin v23.7 - https:\/\/yoast.com\/wordpress\/plugins\/seo\/ -->\n<title>Disc drum brush sanding machine 1300DNN - C\u00f4ng ty C\u01a1 Kh\u00ed H\u1ed3ng K\u00fd<\/title>\n<meta name=\"description\" content=\"High-performance 1300DNN Wood Sander Machine by Hong Ky: seamless, efficient, and precise sanding for premium woodworking. Made in Vietnam.\" \/>\n<meta name=\"robots\" content=\"index, follow, max-snippet:-1, max-image-preview:large, max-video-preview:-1\" \/>\n<link rel=\"canonical\" href=\"https:\/\/www.hongky.com\/en\/disc-drum-brush-sanding-machine-1300dnn\" \/>\n<meta property=\"og:locale\" content=\"en_US\" \/>\n<meta property=\"og:type\" content=\"article\" \/>\n<meta property=\"og:title\" content=\"Disc drum brush sanding machine 1300DNN - C\u00f4ng ty C\u01a1 Kh\u00ed H\u1ed3ng K\u00fd\" \/>\n<meta property=\"og:description\" content=\"High-performance 1300DNN Wood Sander Machine by Hong Ky: seamless, efficient, and precise sanding for premium woodworking. Made in Vietnam.\" \/>\n<meta property=\"og:url\" content=\"https:\/\/www.hongky.com\/en\/disc-drum-brush-sanding-machine-1300dnn\" \/>\n<meta property=\"og:site_name\" content=\"C\u00f4ng ty C\u01a1 Kh\u00ed H\u1ed3ng K\u00fd\" \/>\n<meta property=\"article:publisher\" content=\"https:\/\/www.facebook.com\/HongKyMayHan\" \/>\n<meta property=\"article:modified_time\" content=\"2024-11-14T06:28:36+00:00\" \/>\n<meta property=\"og:image\" content=\"https:\/\/www.hongky.com\/wp-content\/uploads\/2024\/11\/disc-drum-brush-sanding-machine-1300-dnn-hong-ky-4.jpg\" \/>\n\t<meta property=\"og:image:width\" content=\"1500\" \/>\n\t<meta property=\"og:image:height\" content=\"1500\" \/>\n\t<meta property=\"og:image:type\" content=\"image\/jpeg\" \/>\n<meta name=\"twitter:card\" content=\"summary_large_image\" \/>\n<meta name=\"twitter:label1\" content=\"Est. reading time\" \/>\n\t<meta name=\"twitter:data1\" content=\"1 minute\" \/>\n<script type=\"application\/ld+json\" class=\"yoast-schema-graph\">{\"@context\":\"https:\/\/schema.org\",\"@graph\":[{\"@type\":\"WebPage\",\"@id\":\"https:\/\/www.hongky.com\/en\/disc-drum-brush-sanding-machine-1300dnn\/\",\"url\":\"https:\/\/www.hongky.com\/en\/disc-drum-brush-sanding-machine-1300dnn\/\",\"name\":\"Disc drum brush sanding machine 1300DNN - C\u00f4ng ty C\u01a1 Kh\u00ed H\u1ed3ng K\u00fd\",\"isPartOf\":{\"@id\":\"https:\/\/www.hongky.com\/en\/#website\"},\"primaryImageOfPage\":{\"@id\":\"https:\/\/www.hongky.com\/en\/disc-drum-brush-sanding-machine-1300dnn\/#primaryimage\"},\"image\":{\"@id\":\"https:\/\/www.hongky.com\/en\/disc-drum-brush-sanding-machine-1300dnn\/#primaryimage\"},\"thumbnailUrl\":\"https:\/\/www.hongky.com\/wp-content\/uploads\/2024\/11\/disc-drum-brush-sanding-machine-1300-dnn-hong-ky-4.jpg\",\"datePublished\":\"2024-10-02T03:58:57+00:00\",\"dateModified\":\"2024-11-14T06:28:36+00:00\",\"description\":\"High-performance 1300DNN Wood Sander Machine by Hong Ky: seamless, efficient, and precise sanding for premium woodworking. Made in Vietnam.\",\"breadcrumb\":{\"@id\":\"https:\/\/www.hongky.com\/en\/disc-drum-brush-sanding-machine-1300dnn\/#breadcrumb\"},\"inLanguage\":\"en-US\",\"potentialAction\":[{\"@type\":\"ReadAction\",\"target\":[\"https:\/\/www.hongky.com\/en\/disc-drum-brush-sanding-machine-1300dnn\/\"]}]},{\"@type\":\"ImageObject\",\"inLanguage\":\"en-US\",\"@id\":\"https:\/\/www.hongky.com\/en\/disc-drum-brush-sanding-machine-1300dnn\/#primaryimage\",\"url\":\"https:\/\/www.hongky.com\/wp-content\/uploads\/2024\/11\/disc-drum-brush-sanding-machine-1300-dnn-hong-ky-4.jpg\",\"contentUrl\":\"https:\/\/www.hongky.com\/wp-content\/uploads\/2024\/11\/disc-drum-brush-sanding-machine-1300-dnn-hong-ky-4.jpg\",\"width\":1500,\"height\":1500,\"caption\":\"disc-drum-brush-sanding-machine-1300-dnn-hong-ky-4\"},{\"@type\":\"BreadcrumbList\",\"@id\":\"https:\/\/www.hongky.com\/en\/disc-drum-brush-sanding-machine-1300dnn\/#breadcrumb\",\"itemListElement\":[{\"@type\":\"ListItem\",\"position\":1,\"name\":\"Home\",\"item\":\"https:\/\/www.hongky.com\/en\/\"},{\"@type\":\"ListItem\",\"position\":2,\"name\":\"Shop\",\"item\":\"https:\/\/www.hongky.com\/en\/shop\/\"},{\"@type\":\"ListItem\",\"position\":3,\"name\":\"Product\",\"item\":\"https:\/\/www.hongky.com\/en\/product\/\"},{\"@type\":\"ListItem\",\"position\":4,\"name\":\"Woodworking machine\",\"item\":\"https:\/\/www.hongky.com\/en\/woodworking-machine\/\"},{\"@type\":\"ListItem\",\"position\":5,\"name\":\"Sanding machine\",\"item\":\"https:\/\/www.hongky.com\/en\/sanding-machine\/\"},{\"@type\":\"ListItem\",\"position\":6,\"name\":\"Disc drum brush sanding machine 1300DNN\"}]},{\"@type\":\"WebSite\",\"@id\":\"https:\/\/www.hongky.com\/en\/#website\",\"url\":\"https:\/\/www.hongky.com\/en\/\",\"name\":\"C\u00f4ng ty C\u01a1 Kh\u00ed H\u1ed3ng K\u00fd\",\"description\":\"Th\u01b0\u01a1ng hi\u1ec7u H\u1ed3ng K\u00fd l\u00e0 s\u1ef1 l\u1ef1a ch\u1ecdn h\u00e0ng \u0111\u1ea7u c\u1ee7a \u0111\u1ed1i t\u00e1c &amp; kh\u00e1ch h\u00e0ng\",\"publisher\":{\"@id\":\"https:\/\/www.hongky.com\/en\/#organization\"},\"potentialAction\":[{\"@type\":\"SearchAction\",\"target\":{\"@type\":\"EntryPoint\",\"urlTemplate\":\"https:\/\/www.hongky.com\/en\/?s={search_term_string}\"},\"query-input\":{\"@type\":\"PropertyValueSpecification\",\"valueRequired\":true,\"valueName\":\"search_term_string\"}}],\"inLanguage\":\"en-US\"},{\"@type\":\"Organization\",\"@id\":\"https:\/\/www.hongky.com\/en\/#organization\",\"name\":\"C\u00f4ng ty C\u01a1 Kh\u00ed H\u1ed3ng K\u00fd\",\"url\":\"https:\/\/www.hongky.com\/en\/\",\"logo\":{\"@type\":\"ImageObject\",\"inLanguage\":\"en-US\",\"@id\":\"https:\/\/www.hongky.com\/en\/#\/schema\/logo\/image\/\",\"url\":\"https:\/\/www.hongky.com\/wp-content\/uploads\/2025\/06\/cropped-hong-ky-mechanical-company-2.png\",\"contentUrl\":\"https:\/\/www.hongky.com\/wp-content\/uploads\/2025\/06\/cropped-hong-ky-mechanical-company-2.png\",\"width\":849,\"height\":849,\"caption\":\"C\u00f4ng ty C\u01a1 Kh\u00ed H\u1ed3ng K\u00fd\"},\"image\":{\"@id\":\"https:\/\/www.hongky.com\/en\/#\/schema\/logo\/image\/\"},\"sameAs\":[\"https:\/\/www.facebook.com\/HongKyMayHan\"]}]}<\/script>\n<!-- \/ Yoast SEO plugin. -->","yoast_head_json":{"title":"Disc drum brush sanding machine 1300DNN - C\u00f4ng ty C\u01a1 Kh\u00ed H\u1ed3ng K\u00fd","description":"High-performance 1300DNN Wood Sander Machine by Hong Ky: seamless, efficient, and precise sanding for premium woodworking. Made in Vietnam.","robots":{"index":"index","follow":"follow","max-snippet":"max-snippet:-1","max-image-preview":"max-image-preview:large","max-video-preview":"max-video-preview:-1"},"canonical":"https:\/\/www.hongky.com\/en\/disc-drum-brush-sanding-machine-1300dnn","og_locale":"en_US","og_type":"article","og_title":"Disc drum brush sanding machine 1300DNN - C\u00f4ng ty C\u01a1 Kh\u00ed H\u1ed3ng K\u00fd","og_description":"High-performance 1300DNN Wood Sander Machine by Hong Ky: seamless, efficient, and precise sanding for premium woodworking. Made in Vietnam.","og_url":"https:\/\/www.hongky.com\/en\/disc-drum-brush-sanding-machine-1300dnn","og_site_name":"C\u00f4ng ty C\u01a1 Kh\u00ed H\u1ed3ng K\u00fd","article_publisher":"https:\/\/www.facebook.com\/HongKyMayHan","article_modified_time":"2024-11-14T06:28:36+00:00","og_image":[{"width":1500,"height":1500,"url":"https:\/\/www.hongky.com\/wp-content\/uploads\/2024\/11\/disc-drum-brush-sanding-machine-1300-dnn-hong-ky-4.jpg","type":"image\/jpeg"}],"twitter_card":"summary_large_image","twitter_misc":{"Est. reading time":"1 minute"},"schema":{"@context":"https:\/\/schema.org","@graph":[{"@type":"WebPage","@id":"https:\/\/www.hongky.com\/en\/disc-drum-brush-sanding-machine-1300dnn\/","url":"https:\/\/www.hongky.com\/en\/disc-drum-brush-sanding-machine-1300dnn\/","name":"Disc drum brush sanding machine 1300DNN - C\u00f4ng ty C\u01a1 Kh\u00ed H\u1ed3ng K\u00fd","isPartOf":{"@id":"https:\/\/www.hongky.com\/en\/#website"},"primaryImageOfPage":{"@id":"https:\/\/www.hongky.com\/en\/disc-drum-brush-sanding-machine-1300dnn\/#primaryimage"},"image":{"@id":"https:\/\/www.hongky.com\/en\/disc-drum-brush-sanding-machine-1300dnn\/#primaryimage"},"thumbnailUrl":"https:\/\/www.hongky.com\/wp-content\/uploads\/2024\/11\/disc-drum-brush-sanding-machine-1300-dnn-hong-ky-4.jpg","datePublished":"2024-10-02T03:58:57+00:00","dateModified":"2024-11-14T06:28:36+00:00","description":"High-performance 1300DNN Wood Sander Machine by Hong Ky: seamless, efficient, and precise sanding for premium woodworking. Made in Vietnam.","breadcrumb":{"@id":"https:\/\/www.hongky.com\/en\/disc-drum-brush-sanding-machine-1300dnn\/#breadcrumb"},"inLanguage":"en-US","potentialAction":[{"@type":"ReadAction","target":["https:\/\/www.hongky.com\/en\/disc-drum-brush-sanding-machine-1300dnn\/"]}]},{"@type":"ImageObject","inLanguage":"en-US","@id":"https:\/\/www.hongky.com\/en\/disc-drum-brush-sanding-machine-1300dnn\/#primaryimage","url":"https:\/\/www.hongky.com\/wp-content\/uploads\/2024\/11\/disc-drum-brush-sanding-machine-1300-dnn-hong-ky-4.jpg","contentUrl":"https:\/\/www.hongky.com\/wp-content\/uploads\/2024\/11\/disc-drum-brush-sanding-machine-1300-dnn-hong-ky-4.jpg","width":1500,"height":1500,"caption":"disc-drum-brush-sanding-machine-1300-dnn-hong-ky-4"},{"@type":"BreadcrumbList","@id":"https:\/\/www.hongky.com\/en\/disc-drum-brush-sanding-machine-1300dnn\/#breadcrumb","itemListElement":[{"@type":"ListItem","position":1,"name":"Home","item":"https:\/\/www.hongky.com\/en\/"},{"@type":"ListItem","position":2,"name":"Shop","item":"https:\/\/www.hongky.com\/en\/shop\/"},{"@type":"ListItem","position":3,"name":"Product","item":"https:\/\/www.hongky.com\/en\/product\/"},{"@type":"ListItem","position":4,"name":"Woodworking machine","item":"https:\/\/www.hongky.com\/en\/woodworking-machine\/"},{"@type":"ListItem","position":5,"name":"Sanding machine","item":"https:\/\/www.hongky.com\/en\/sanding-machine\/"},{"@type":"ListItem","position":6,"name":"Disc drum brush sanding machine 1300DNN"}]},{"@type":"WebSite","@id":"https:\/\/www.hongky.com\/en\/#website","url":"https:\/\/www.hongky.com\/en\/","name":"C\u00f4ng ty C\u01a1 Kh\u00ed H\u1ed3ng K\u00fd","description":"Th\u01b0\u01a1ng hi\u1ec7u H\u1ed3ng K\u00fd l\u00e0 s\u1ef1 l\u1ef1a ch\u1ecdn h\u00e0ng \u0111\u1ea7u c\u1ee7a \u0111\u1ed1i t\u00e1c &amp; kh\u00e1ch h\u00e0ng","publisher":{"@id":"https:\/\/www.hongky.com\/en\/#organization"},"potentialAction":[{"@type":"SearchAction","target":{"@type":"EntryPoint","urlTemplate":"https:\/\/www.hongky.com\/en\/?s={search_term_string}"},"query-input":{"@type":"PropertyValueSpecification","valueRequired":true,"valueName":"search_term_string"}}],"inLanguage":"en-US"},{"@type":"Organization","@id":"https:\/\/www.hongky.com\/en\/#organization","name":"C\u00f4ng ty C\u01a1 Kh\u00ed H\u1ed3ng K\u00fd","url":"https:\/\/www.hongky.com\/en\/","logo":{"@type":"ImageObject","inLanguage":"en-US","@id":"https:\/\/www.hongky.com\/en\/#\/schema\/logo\/image\/","url":"https:\/\/www.hongky.com\/wp-content\/uploads\/2025\/06\/cropped-hong-ky-mechanical-company-2.png","contentUrl":"https:\/\/www.hongky.com\/wp-content\/uploads\/2025\/06\/cropped-hong-ky-mechanical-company-2.png","width":849,"height":849,"caption":"C\u00f4ng ty C\u01a1 Kh\u00ed H\u1ed3ng K\u00fd"},"image":{"@id":"https:\/\/www.hongky.com\/en\/#\/schema\/logo\/image\/"},"sameAs":["https:\/\/www.facebook.com\/HongKyMayHan"]}]}},"_links":{"self":[{"href":"https:\/\/www.hongky.com\/en\/wp-json\/wp\/v2\/product\/5874","targetHints":{"allow":["GET"]}}],"collection":[{"href":"https:\/\/www.hongky.com\/en\/wp-json\/wp\/v2\/product"}],"about":[{"href":"https:\/\/www.hongky.com\/en\/wp-json\/wp\/v2\/types\/product"}],"replies":[{"embeddable":true,"href":"https:\/\/www.hongky.com\/en\/wp-json\/wp\/v2\/comments?post=5874"}],"wp:featuredmedia":[{"embeddable":true,"href":"https:\/\/www.hongky.com\/en\/wp-json\/wp\/v2\/media\/4809"}],"wp:attachment":[{"href":"https:\/\/www.hongky.com\/en\/wp-json\/wp\/v2\/media?parent=5874"}],"wp:term":[{"taxonomy":"product_brand","embeddable":true,"href":"https:\/\/www.hongky.com\/en\/wp-json\/wp\/v2\/product_brand?post=5874"},{"taxonomy":"product_cat","embeddable":true,"href":"https:\/\/www.hongky.com\/en\/wp-json\/wp\/v2\/product_cat?post=5874"},{"taxonomy":"product_tag","embeddable":true,"href":"https:\/\/www.hongky.com\/en\/wp-json\/wp\/v2\/product_tag?post=5874"}],"curies":[{"name":"wp","href":"https:\/\/api.w.org\/{rel}","templated":true}]}}