{"id":5878,"date":"2024-10-02T08:57:50","date_gmt":"2024-10-02T01:57:50","guid":{"rendered":"https:\/\/hongky.com\/product\/may-cha-nham-thung-mo-dun-1300-uu-nn-dd\/"},"modified":"2024-11-14T13:25:03","modified_gmt":"2024-11-14T06:25:03","slug":"sanding-machine-module-1300-uu-nn-dd","status":"publish","type":"product","link":"https:\/\/www.hongky.com\/en\/sanding-machine-module-1300-uu-nn-dd\/","title":{"rendered":"Sanding Machine Module 1300 UU-NN-DD"},"content":{"rendered":"<p>Effortlessly sand a variety of profiles and flat surfaces with the HK-FLEX 1300-UU-NN-DD automatic sander. Engineered for precision, this woodworking sander is perfect for pre-paint sanding and sealer sanding from rough to fine finishes.<\/p>\n","protected":false},"excerpt":{"rendered":"<ul>\n<li>Efficient sanding for grooves, contours, and profiles with independent module operations.<\/li>\n<li>High productivity with a wide conveyor belt for up to 1300mm width sanding.<\/li>\n<li>Independent speed controls for optimal performance on various woodworking details.<\/li>\n<li>Advanced module combination for a smoother, scratch-free finish.<\/li>\n<li>Made in Vietnam with European standards for durability and efficiency.<\/li>\n<\/ul>\n","protected":false},"featured_media":4739,"menu_order":232,"comment_status":"open","ping_status":"closed","template":"","meta":{"_acf_changed":false,"inline_featured_image":false},"product_brand":[],"product_cat":[601],"product_tag":[1647,1644,1648,1645,1646],"class_list":{"0":"post-5878","1":"product","2":"type-product","3":"status-publish","4":"has-post-thumbnail","6":"product_cat-sanding-machine","7":"product_tag-automatic-sander","8":"product_tag-contour-sander","9":"product_tag-fine-finish-sander","10":"product_tag-profile-sander","11":"product_tag-woodworking-sander","13":"first","14":"instock","15":"shipping-taxable","16":"product-type-simple"},"acf":[],"yoast_head":"<!-- This site is optimized with the Yoast SEO plugin v23.7 - https:\/\/yoast.com\/wordpress\/plugins\/seo\/ -->\n<title>Sanding Machine Module 1300 UU-NN-DD - C\u00f4ng ty C\u01a1 Kh\u00ed H\u1ed3ng K\u00fd<\/title>\n<meta name=\"description\" content=\"Precision automatic sander designed for smooth, efficient sanding of wood surfaces and profiles. Made in Vietnam for durability and high performance.\" \/>\n<meta name=\"robots\" content=\"index, follow, max-snippet:-1, max-image-preview:large, max-video-preview:-1\" \/>\n<link rel=\"canonical\" href=\"https:\/\/www.hongky.com\/en\/sanding-machine-module-1300-uu-nn-dd\" \/>\n<meta property=\"og:locale\" content=\"en_US\" \/>\n<meta property=\"og:type\" content=\"article\" \/>\n<meta property=\"og:title\" content=\"Sanding Machine Module 1300 UU-NN-DD - C\u00f4ng ty C\u01a1 Kh\u00ed H\u1ed3ng K\u00fd\" \/>\n<meta property=\"og:description\" content=\"Precision automatic sander designed for smooth, efficient sanding of wood surfaces and profiles. Made in Vietnam for durability and high performance.\" \/>\n<meta property=\"og:url\" content=\"https:\/\/www.hongky.com\/en\/sanding-machine-module-1300-uu-nn-dd\" \/>\n<meta property=\"og:site_name\" content=\"C\u00f4ng ty C\u01a1 Kh\u00ed H\u1ed3ng K\u00fd\" \/>\n<meta property=\"article:publisher\" content=\"https:\/\/www.facebook.com\/HongKyMayHan\" \/>\n<meta property=\"article:modified_time\" content=\"2024-11-14T06:25:03+00:00\" \/>\n<meta property=\"og:image\" content=\"https:\/\/www.hongky.com\/wp-content\/uploads\/2024\/11\/Sanding-Machine-Module-1300-UU-NN-DD-hong-ky-5-3.jpg\" \/>\n\t<meta property=\"og:image:width\" content=\"1486\" \/>\n\t<meta property=\"og:image:height\" content=\"1486\" \/>\n\t<meta property=\"og:image:type\" content=\"image\/jpeg\" \/>\n<meta name=\"twitter:card\" content=\"summary_large_image\" \/>\n<meta name=\"twitter:label1\" content=\"Est. reading time\" \/>\n\t<meta name=\"twitter:data1\" content=\"1 minute\" \/>\n<script type=\"application\/ld+json\" class=\"yoast-schema-graph\">{\"@context\":\"https:\/\/schema.org\",\"@graph\":[{\"@type\":\"WebPage\",\"@id\":\"https:\/\/www.hongky.com\/en\/sanding-machine-module-1300-uu-nn-dd\/\",\"url\":\"https:\/\/www.hongky.com\/en\/sanding-machine-module-1300-uu-nn-dd\/\",\"name\":\"Sanding Machine Module 1300 UU-NN-DD - C\u00f4ng ty C\u01a1 Kh\u00ed H\u1ed3ng K\u00fd\",\"isPartOf\":{\"@id\":\"https:\/\/www.hongky.com\/en\/#website\"},\"primaryImageOfPage\":{\"@id\":\"https:\/\/www.hongky.com\/en\/sanding-machine-module-1300-uu-nn-dd\/#primaryimage\"},\"image\":{\"@id\":\"https:\/\/www.hongky.com\/en\/sanding-machine-module-1300-uu-nn-dd\/#primaryimage\"},\"thumbnailUrl\":\"https:\/\/www.hongky.com\/wp-content\/uploads\/2024\/11\/Sanding-Machine-Module-1300-UU-NN-DD-hong-ky-5-3.jpg\",\"datePublished\":\"2024-10-02T01:57:50+00:00\",\"dateModified\":\"2024-11-14T06:25:03+00:00\",\"description\":\"Precision automatic sander designed for smooth, efficient sanding of wood surfaces and profiles. Made in Vietnam for durability and high performance.\",\"breadcrumb\":{\"@id\":\"https:\/\/www.hongky.com\/en\/sanding-machine-module-1300-uu-nn-dd\/#breadcrumb\"},\"inLanguage\":\"en-US\",\"potentialAction\":[{\"@type\":\"ReadAction\",\"target\":[\"https:\/\/www.hongky.com\/en\/sanding-machine-module-1300-uu-nn-dd\/\"]}]},{\"@type\":\"ImageObject\",\"inLanguage\":\"en-US\",\"@id\":\"https:\/\/www.hongky.com\/en\/sanding-machine-module-1300-uu-nn-dd\/#primaryimage\",\"url\":\"https:\/\/www.hongky.com\/wp-content\/uploads\/2024\/11\/Sanding-Machine-Module-1300-UU-NN-DD-hong-ky-5-3.jpg\",\"contentUrl\":\"https:\/\/www.hongky.com\/wp-content\/uploads\/2024\/11\/Sanding-Machine-Module-1300-UU-NN-DD-hong-ky-5-3.jpg\",\"width\":1486,\"height\":1486,\"caption\":\"Sanding-Machine-Module 1300 UU-NN-DD-hong-ky-5\"},{\"@type\":\"BreadcrumbList\",\"@id\":\"https:\/\/www.hongky.com\/en\/sanding-machine-module-1300-uu-nn-dd\/#breadcrumb\",\"itemListElement\":[{\"@type\":\"ListItem\",\"position\":1,\"name\":\"Home\",\"item\":\"https:\/\/www.hongky.com\/en\/\"},{\"@type\":\"ListItem\",\"position\":2,\"name\":\"Shop\",\"item\":\"https:\/\/www.hongky.com\/en\/shop\/\"},{\"@type\":\"ListItem\",\"position\":3,\"name\":\"Product\",\"item\":\"https:\/\/www.hongky.com\/en\/product\/\"},{\"@type\":\"ListItem\",\"position\":4,\"name\":\"Woodworking machine\",\"item\":\"https:\/\/www.hongky.com\/en\/woodworking-machine\/\"},{\"@type\":\"ListItem\",\"position\":5,\"name\":\"Sanding machine\",\"item\":\"https:\/\/www.hongky.com\/en\/sanding-machine\/\"},{\"@type\":\"ListItem\",\"position\":6,\"name\":\"Sanding Machine Module 1300 UU-NN-DD\"}]},{\"@type\":\"WebSite\",\"@id\":\"https:\/\/www.hongky.com\/en\/#website\",\"url\":\"https:\/\/www.hongky.com\/en\/\",\"name\":\"C\u00f4ng ty C\u01a1 Kh\u00ed H\u1ed3ng K\u00fd\",\"description\":\"Th\u01b0\u01a1ng hi\u1ec7u H\u1ed3ng K\u00fd l\u00e0 s\u1ef1 l\u1ef1a ch\u1ecdn h\u00e0ng \u0111\u1ea7u c\u1ee7a \u0111\u1ed1i t\u00e1c &amp; kh\u00e1ch h\u00e0ng\",\"publisher\":{\"@id\":\"https:\/\/www.hongky.com\/en\/#organization\"},\"potentialAction\":[{\"@type\":\"SearchAction\",\"target\":{\"@type\":\"EntryPoint\",\"urlTemplate\":\"https:\/\/www.hongky.com\/en\/?s={search_term_string}\"},\"query-input\":{\"@type\":\"PropertyValueSpecification\",\"valueRequired\":true,\"valueName\":\"search_term_string\"}}],\"inLanguage\":\"en-US\"},{\"@type\":\"Organization\",\"@id\":\"https:\/\/www.hongky.com\/en\/#organization\",\"name\":\"C\u00f4ng ty C\u01a1 Kh\u00ed H\u1ed3ng K\u00fd\",\"url\":\"https:\/\/www.hongky.com\/en\/\",\"logo\":{\"@type\":\"ImageObject\",\"inLanguage\":\"en-US\",\"@id\":\"https:\/\/www.hongky.com\/en\/#\/schema\/logo\/image\/\",\"url\":\"https:\/\/www.hongky.com\/wp-content\/uploads\/2025\/06\/cropped-hong-ky-mechanical-company-2.png\",\"contentUrl\":\"https:\/\/www.hongky.com\/wp-content\/uploads\/2025\/06\/cropped-hong-ky-mechanical-company-2.png\",\"width\":849,\"height\":849,\"caption\":\"C\u00f4ng ty C\u01a1 Kh\u00ed H\u1ed3ng K\u00fd\"},\"image\":{\"@id\":\"https:\/\/www.hongky.com\/en\/#\/schema\/logo\/image\/\"},\"sameAs\":[\"https:\/\/www.facebook.com\/HongKyMayHan\"]}]}<\/script>\n<!-- \/ Yoast SEO plugin. -->","yoast_head_json":{"title":"Sanding Machine Module 1300 UU-NN-DD - C\u00f4ng ty C\u01a1 Kh\u00ed H\u1ed3ng K\u00fd","description":"Precision automatic sander designed for smooth, efficient sanding of wood surfaces and profiles. Made in Vietnam for durability and high performance.","robots":{"index":"index","follow":"follow","max-snippet":"max-snippet:-1","max-image-preview":"max-image-preview:large","max-video-preview":"max-video-preview:-1"},"canonical":"https:\/\/www.hongky.com\/en\/sanding-machine-module-1300-uu-nn-dd","og_locale":"en_US","og_type":"article","og_title":"Sanding Machine Module 1300 UU-NN-DD - C\u00f4ng ty C\u01a1 Kh\u00ed H\u1ed3ng K\u00fd","og_description":"Precision automatic sander designed for smooth, efficient sanding of wood surfaces and profiles. Made in Vietnam for durability and high performance.","og_url":"https:\/\/www.hongky.com\/en\/sanding-machine-module-1300-uu-nn-dd","og_site_name":"C\u00f4ng ty C\u01a1 Kh\u00ed H\u1ed3ng K\u00fd","article_publisher":"https:\/\/www.facebook.com\/HongKyMayHan","article_modified_time":"2024-11-14T06:25:03+00:00","og_image":[{"width":1486,"height":1486,"url":"https:\/\/www.hongky.com\/wp-content\/uploads\/2024\/11\/Sanding-Machine-Module-1300-UU-NN-DD-hong-ky-5-3.jpg","type":"image\/jpeg"}],"twitter_card":"summary_large_image","twitter_misc":{"Est. reading time":"1 minute"},"schema":{"@context":"https:\/\/schema.org","@graph":[{"@type":"WebPage","@id":"https:\/\/www.hongky.com\/en\/sanding-machine-module-1300-uu-nn-dd\/","url":"https:\/\/www.hongky.com\/en\/sanding-machine-module-1300-uu-nn-dd\/","name":"Sanding Machine Module 1300 UU-NN-DD - C\u00f4ng ty C\u01a1 Kh\u00ed H\u1ed3ng K\u00fd","isPartOf":{"@id":"https:\/\/www.hongky.com\/en\/#website"},"primaryImageOfPage":{"@id":"https:\/\/www.hongky.com\/en\/sanding-machine-module-1300-uu-nn-dd\/#primaryimage"},"image":{"@id":"https:\/\/www.hongky.com\/en\/sanding-machine-module-1300-uu-nn-dd\/#primaryimage"},"thumbnailUrl":"https:\/\/www.hongky.com\/wp-content\/uploads\/2024\/11\/Sanding-Machine-Module-1300-UU-NN-DD-hong-ky-5-3.jpg","datePublished":"2024-10-02T01:57:50+00:00","dateModified":"2024-11-14T06:25:03+00:00","description":"Precision automatic sander designed for smooth, efficient sanding of wood surfaces and profiles. Made in Vietnam for durability and high performance.","breadcrumb":{"@id":"https:\/\/www.hongky.com\/en\/sanding-machine-module-1300-uu-nn-dd\/#breadcrumb"},"inLanguage":"en-US","potentialAction":[{"@type":"ReadAction","target":["https:\/\/www.hongky.com\/en\/sanding-machine-module-1300-uu-nn-dd\/"]}]},{"@type":"ImageObject","inLanguage":"en-US","@id":"https:\/\/www.hongky.com\/en\/sanding-machine-module-1300-uu-nn-dd\/#primaryimage","url":"https:\/\/www.hongky.com\/wp-content\/uploads\/2024\/11\/Sanding-Machine-Module-1300-UU-NN-DD-hong-ky-5-3.jpg","contentUrl":"https:\/\/www.hongky.com\/wp-content\/uploads\/2024\/11\/Sanding-Machine-Module-1300-UU-NN-DD-hong-ky-5-3.jpg","width":1486,"height":1486,"caption":"Sanding-Machine-Module 1300 UU-NN-DD-hong-ky-5"},{"@type":"BreadcrumbList","@id":"https:\/\/www.hongky.com\/en\/sanding-machine-module-1300-uu-nn-dd\/#breadcrumb","itemListElement":[{"@type":"ListItem","position":1,"name":"Home","item":"https:\/\/www.hongky.com\/en\/"},{"@type":"ListItem","position":2,"name":"Shop","item":"https:\/\/www.hongky.com\/en\/shop\/"},{"@type":"ListItem","position":3,"name":"Product","item":"https:\/\/www.hongky.com\/en\/product\/"},{"@type":"ListItem","position":4,"name":"Woodworking machine","item":"https:\/\/www.hongky.com\/en\/woodworking-machine\/"},{"@type":"ListItem","position":5,"name":"Sanding machine","item":"https:\/\/www.hongky.com\/en\/sanding-machine\/"},{"@type":"ListItem","position":6,"name":"Sanding Machine Module 1300 UU-NN-DD"}]},{"@type":"WebSite","@id":"https:\/\/www.hongky.com\/en\/#website","url":"https:\/\/www.hongky.com\/en\/","name":"C\u00f4ng ty C\u01a1 Kh\u00ed H\u1ed3ng K\u00fd","description":"Th\u01b0\u01a1ng hi\u1ec7u H\u1ed3ng K\u00fd l\u00e0 s\u1ef1 l\u1ef1a ch\u1ecdn h\u00e0ng \u0111\u1ea7u c\u1ee7a \u0111\u1ed1i t\u00e1c &amp; kh\u00e1ch h\u00e0ng","publisher":{"@id":"https:\/\/www.hongky.com\/en\/#organization"},"potentialAction":[{"@type":"SearchAction","target":{"@type":"EntryPoint","urlTemplate":"https:\/\/www.hongky.com\/en\/?s={search_term_string}"},"query-input":{"@type":"PropertyValueSpecification","valueRequired":true,"valueName":"search_term_string"}}],"inLanguage":"en-US"},{"@type":"Organization","@id":"https:\/\/www.hongky.com\/en\/#organization","name":"C\u00f4ng ty C\u01a1 Kh\u00ed H\u1ed3ng K\u00fd","url":"https:\/\/www.hongky.com\/en\/","logo":{"@type":"ImageObject","inLanguage":"en-US","@id":"https:\/\/www.hongky.com\/en\/#\/schema\/logo\/image\/","url":"https:\/\/www.hongky.com\/wp-content\/uploads\/2025\/06\/cropped-hong-ky-mechanical-company-2.png","contentUrl":"https:\/\/www.hongky.com\/wp-content\/uploads\/2025\/06\/cropped-hong-ky-mechanical-company-2.png","width":849,"height":849,"caption":"C\u00f4ng ty C\u01a1 Kh\u00ed H\u1ed3ng K\u00fd"},"image":{"@id":"https:\/\/www.hongky.com\/en\/#\/schema\/logo\/image\/"},"sameAs":["https:\/\/www.facebook.com\/HongKyMayHan"]}]}},"_links":{"self":[{"href":"https:\/\/www.hongky.com\/en\/wp-json\/wp\/v2\/product\/5878","targetHints":{"allow":["GET"]}}],"collection":[{"href":"https:\/\/www.hongky.com\/en\/wp-json\/wp\/v2\/product"}],"about":[{"href":"https:\/\/www.hongky.com\/en\/wp-json\/wp\/v2\/types\/product"}],"replies":[{"embeddable":true,"href":"https:\/\/www.hongky.com\/en\/wp-json\/wp\/v2\/comments?post=5878"}],"wp:featuredmedia":[{"embeddable":true,"href":"https:\/\/www.hongky.com\/en\/wp-json\/wp\/v2\/media\/4739"}],"wp:attachment":[{"href":"https:\/\/www.hongky.com\/en\/wp-json\/wp\/v2\/media?parent=5878"}],"wp:term":[{"taxonomy":"product_brand","embeddable":true,"href":"https:\/\/www.hongky.com\/en\/wp-json\/wp\/v2\/product_brand?post=5878"},{"taxonomy":"product_cat","embeddable":true,"href":"https:\/\/www.hongky.com\/en\/wp-json\/wp\/v2\/product_cat?post=5878"},{"taxonomy":"product_tag","embeddable":true,"href":"https:\/\/www.hongky.com\/en\/wp-json\/wp\/v2\/product_tag?post=5878"}],"curies":[{"name":"wp","href":"https:\/\/api.w.org\/{rel}","templated":true}]}}