{"id":5881,"date":"2024-10-01T18:15:14","date_gmt":"2024-10-01T11:15:14","guid":{"rendered":"https:\/\/hongky.com\/product\/may-cat-sat-da-phip-hk-cp332\/"},"modified":"2024-11-04T17:56:07","modified_gmt":"2024-11-04T10:56:07","slug":"iron-cuttung-machine-hk-cf332","status":"publish","type":"product","link":"https:\/\/www.hongky.com\/en\/abrasive-saw-hk-cp-3hp-380v\/","title":{"rendered":"Abrasive Saw HK-CP 3HP 380V"},"content":{"rendered":"<p style=\"text-align: justify;\">The Hong Ky Iron Cutter is crafted using advanced CNC technology from Japan, ensuring exceptional precision and durability. Designed for high-performance applications, it handles rigorous cutting tasks with ease and is perfect for diverse industrial needs. Made in Vietnam, this machine is built to last, reducing maintenance costs significantly.<\/p>\n","protected":false},"excerpt":{"rendered":"<ul>\n<li>High Accuracy: Ensures smooth cuts with precision up to 0.05 mm, ideal for detailed metalwork.<\/li>\n<li>Durable Construction: Built with S45C steel, providing exceptional wear resistance and longevity.<\/li>\n<li>Enhanced Safety: Rigid frame minimizes vibrations, ensuring safe operation.<\/li>\n<li>Versatile Applications: Suitable for various materials in construction and mechanical engineering.<\/li>\n<li>Cost-Effective: High durability reduces maintenance and replacement expenses.<\/li>\n<\/ul>\n","protected":false},"featured_media":10189,"menu_order":346,"comment_status":"open","ping_status":"closed","template":"","meta":{"_acf_changed":false,"inline_featured_image":false},"product_brand":[],"product_cat":[1080],"product_tag":[821,822,823,824,825,826,827],"class_list":{"0":"post-5881","1":"product","2":"type-product","3":"status-publish","4":"has-post-thumbnail","6":"product_cat-may-cat-sat-en","7":"product_tag-may-cat-sat-cnc-en","8":"product_tag-may-cat-sat-cong-nghiep-en","9":"product_tag-may-cat-sat-gia-re-en","10":"product_tag-may-cat-sat-hong-ky-en","11":"product_tag-may-cat-sat-thep-tron-en","12":"product_tag-may-cat-sat-xay-dung-en","13":"product_tag-thuong-hieu-hong-ky-en","15":"first","16":"instock","17":"shipping-taxable","18":"purchasable","19":"product-type-simple"},"acf":[],"yoast_head":"<!-- This site is optimized with the Yoast SEO plugin v23.7 - https:\/\/yoast.com\/wordpress\/plugins\/seo\/ -->\n<title>Abrasive Saw HK-CP 3HP 380V - C\u00f4ng ty C\u01a1 Kh\u00ed H\u1ed3ng K\u00fd<\/title>\n<meta name=\"description\" content=\"High-precision, durable metal cutting saw for industrial applications, built with advanced CNC technology and Made in Vietnam.\" \/>\n<meta name=\"robots\" content=\"index, follow, max-snippet:-1, max-image-preview:large, max-video-preview:-1\" \/>\n<link rel=\"canonical\" href=\"https:\/\/www.hongky.com\/en\/abrasive-saw-hk-cp-3hp-380v\" \/>\n<meta property=\"og:locale\" content=\"en_US\" \/>\n<meta property=\"og:type\" content=\"article\" \/>\n<meta property=\"og:title\" content=\"Abrasive Saw HK-CP 3HP 380V - C\u00f4ng ty C\u01a1 Kh\u00ed H\u1ed3ng K\u00fd\" \/>\n<meta property=\"og:description\" content=\"High-precision, durable metal cutting saw for industrial applications, built with advanced CNC technology and Made in Vietnam.\" \/>\n<meta property=\"og:url\" content=\"https:\/\/www.hongky.com\/en\/abrasive-saw-hk-cp-3hp-380v\" \/>\n<meta property=\"og:site_name\" content=\"C\u00f4ng ty C\u01a1 Kh\u00ed H\u1ed3ng K\u00fd\" \/>\n<meta property=\"article:publisher\" content=\"https:\/\/www.facebook.com\/HongKyMayHan\" \/>\n<meta property=\"article:modified_time\" content=\"2024-11-04T10:56:07+00:00\" \/>\n<meta property=\"og:image\" content=\"https:\/\/www.hongky.com\/wp-content\/uploads\/2024\/10\/may-cat-sat-hong-ky-3hp-hk-cp332.jpg\" \/>\n\t<meta property=\"og:image:width\" content=\"2000\" \/>\n\t<meta property=\"og:image:height\" content=\"1574\" \/>\n\t<meta property=\"og:image:type\" content=\"image\/jpeg\" \/>\n<meta name=\"twitter:card\" content=\"summary_large_image\" \/>\n<meta name=\"twitter:label1\" content=\"Est. reading time\" \/>\n\t<meta name=\"twitter:data1\" content=\"1 minute\" \/>\n<script type=\"application\/ld+json\" class=\"yoast-schema-graph\">{\"@context\":\"https:\/\/schema.org\",\"@graph\":[{\"@type\":\"WebPage\",\"@id\":\"https:\/\/www.hongky.com\/en\/abrasive-saw-hk-cp-3hp-380v\/\",\"url\":\"https:\/\/www.hongky.com\/en\/abrasive-saw-hk-cp-3hp-380v\/\",\"name\":\"Abrasive Saw HK-CP 3HP 380V - C\u00f4ng ty C\u01a1 Kh\u00ed H\u1ed3ng K\u00fd\",\"isPartOf\":{\"@id\":\"https:\/\/www.hongky.com\/en\/#website\"},\"primaryImageOfPage\":{\"@id\":\"https:\/\/www.hongky.com\/en\/abrasive-saw-hk-cp-3hp-380v\/#primaryimage\"},\"image\":{\"@id\":\"https:\/\/www.hongky.com\/en\/abrasive-saw-hk-cp-3hp-380v\/#primaryimage\"},\"thumbnailUrl\":\"https:\/\/www.hongky.com\/wp-content\/uploads\/2024\/10\/may-cat-sat-hong-ky-3hp-hk-cp332.jpg\",\"datePublished\":\"2024-10-01T11:15:14+00:00\",\"dateModified\":\"2024-11-04T10:56:07+00:00\",\"description\":\"High-precision, durable metal cutting saw for industrial applications, built with advanced CNC technology and Made in Vietnam.\",\"breadcrumb\":{\"@id\":\"https:\/\/www.hongky.com\/en\/abrasive-saw-hk-cp-3hp-380v\/#breadcrumb\"},\"inLanguage\":\"en-US\",\"potentialAction\":[{\"@type\":\"ReadAction\",\"target\":[\"https:\/\/www.hongky.com\/en\/abrasive-saw-hk-cp-3hp-380v\/\"]}]},{\"@type\":\"ImageObject\",\"inLanguage\":\"en-US\",\"@id\":\"https:\/\/www.hongky.com\/en\/abrasive-saw-hk-cp-3hp-380v\/#primaryimage\",\"url\":\"https:\/\/www.hongky.com\/wp-content\/uploads\/2024\/10\/may-cat-sat-hong-ky-3hp-hk-cp332.jpg\",\"contentUrl\":\"https:\/\/www.hongky.com\/wp-content\/uploads\/2024\/10\/may-cat-sat-hong-ky-3hp-hk-cp332.jpg\",\"width\":2000,\"height\":1574,\"caption\":\"may-cat-sat-hong-ky-3hp-hk-cp332\"},{\"@type\":\"BreadcrumbList\",\"@id\":\"https:\/\/www.hongky.com\/en\/abrasive-saw-hk-cp-3hp-380v\/#breadcrumb\",\"itemListElement\":[{\"@type\":\"ListItem\",\"position\":1,\"name\":\"Home\",\"item\":\"https:\/\/www.hongky.com\/en\/\"},{\"@type\":\"ListItem\",\"position\":2,\"name\":\"Shop\",\"item\":\"https:\/\/www.hongky.com\/en\/shop\/\"},{\"@type\":\"ListItem\",\"position\":3,\"name\":\"Product\",\"item\":\"https:\/\/www.hongky.com\/en\/product\/\"},{\"@type\":\"ListItem\",\"position\":4,\"name\":\"Drill - Cutting - Taro Machines\",\"item\":\"https:\/\/www.hongky.com\/en\/drill-cutting-taro-machines\/\"},{\"@type\":\"ListItem\",\"position\":5,\"name\":\"Iron cutting machines\",\"item\":\"https:\/\/www.hongky.com\/en\/iron-cutting-machines\/\"},{\"@type\":\"ListItem\",\"position\":6,\"name\":\"Abrasive Saw HK-CP 3HP 380V\"}]},{\"@type\":\"WebSite\",\"@id\":\"https:\/\/www.hongky.com\/en\/#website\",\"url\":\"https:\/\/www.hongky.com\/en\/\",\"name\":\"C\u00f4ng ty C\u01a1 Kh\u00ed H\u1ed3ng K\u00fd\",\"description\":\"Th\u01b0\u01a1ng hi\u1ec7u H\u1ed3ng K\u00fd l\u00e0 s\u1ef1 l\u1ef1a ch\u1ecdn h\u00e0ng \u0111\u1ea7u c\u1ee7a \u0111\u1ed1i t\u00e1c &amp; kh\u00e1ch h\u00e0ng\",\"publisher\":{\"@id\":\"https:\/\/www.hongky.com\/en\/#organization\"},\"potentialAction\":[{\"@type\":\"SearchAction\",\"target\":{\"@type\":\"EntryPoint\",\"urlTemplate\":\"https:\/\/www.hongky.com\/en\/?s={search_term_string}\"},\"query-input\":{\"@type\":\"PropertyValueSpecification\",\"valueRequired\":true,\"valueName\":\"search_term_string\"}}],\"inLanguage\":\"en-US\"},{\"@type\":\"Organization\",\"@id\":\"https:\/\/www.hongky.com\/en\/#organization\",\"name\":\"C\u00f4ng ty C\u01a1 Kh\u00ed H\u1ed3ng K\u00fd\",\"url\":\"https:\/\/www.hongky.com\/en\/\",\"logo\":{\"@type\":\"ImageObject\",\"inLanguage\":\"en-US\",\"@id\":\"https:\/\/www.hongky.com\/en\/#\/schema\/logo\/image\/\",\"url\":\"https:\/\/www.hongky.com\/wp-content\/uploads\/2025\/06\/cropped-hong-ky-mechanical-company-2.png\",\"contentUrl\":\"https:\/\/www.hongky.com\/wp-content\/uploads\/2025\/06\/cropped-hong-ky-mechanical-company-2.png\",\"width\":849,\"height\":849,\"caption\":\"C\u00f4ng ty C\u01a1 Kh\u00ed H\u1ed3ng K\u00fd\"},\"image\":{\"@id\":\"https:\/\/www.hongky.com\/en\/#\/schema\/logo\/image\/\"},\"sameAs\":[\"https:\/\/www.facebook.com\/HongKyMayHan\"]}]}<\/script>\n<!-- \/ Yoast SEO plugin. -->","yoast_head_json":{"title":"Abrasive Saw HK-CP 3HP 380V - C\u00f4ng ty C\u01a1 Kh\u00ed H\u1ed3ng K\u00fd","description":"High-precision, durable metal cutting saw for industrial applications, built with advanced CNC technology and Made in Vietnam.","robots":{"index":"index","follow":"follow","max-snippet":"max-snippet:-1","max-image-preview":"max-image-preview:large","max-video-preview":"max-video-preview:-1"},"canonical":"https:\/\/www.hongky.com\/en\/abrasive-saw-hk-cp-3hp-380v","og_locale":"en_US","og_type":"article","og_title":"Abrasive Saw HK-CP 3HP 380V - C\u00f4ng ty C\u01a1 Kh\u00ed H\u1ed3ng K\u00fd","og_description":"High-precision, durable metal cutting saw for industrial applications, built with advanced CNC technology and Made in Vietnam.","og_url":"https:\/\/www.hongky.com\/en\/abrasive-saw-hk-cp-3hp-380v","og_site_name":"C\u00f4ng ty C\u01a1 Kh\u00ed H\u1ed3ng K\u00fd","article_publisher":"https:\/\/www.facebook.com\/HongKyMayHan","article_modified_time":"2024-11-04T10:56:07+00:00","og_image":[{"width":2000,"height":1574,"url":"https:\/\/www.hongky.com\/wp-content\/uploads\/2024\/10\/may-cat-sat-hong-ky-3hp-hk-cp332.jpg","type":"image\/jpeg"}],"twitter_card":"summary_large_image","twitter_misc":{"Est. reading time":"1 minute"},"schema":{"@context":"https:\/\/schema.org","@graph":[{"@type":"WebPage","@id":"https:\/\/www.hongky.com\/en\/abrasive-saw-hk-cp-3hp-380v\/","url":"https:\/\/www.hongky.com\/en\/abrasive-saw-hk-cp-3hp-380v\/","name":"Abrasive Saw HK-CP 3HP 380V - C\u00f4ng ty C\u01a1 Kh\u00ed H\u1ed3ng K\u00fd","isPartOf":{"@id":"https:\/\/www.hongky.com\/en\/#website"},"primaryImageOfPage":{"@id":"https:\/\/www.hongky.com\/en\/abrasive-saw-hk-cp-3hp-380v\/#primaryimage"},"image":{"@id":"https:\/\/www.hongky.com\/en\/abrasive-saw-hk-cp-3hp-380v\/#primaryimage"},"thumbnailUrl":"https:\/\/www.hongky.com\/wp-content\/uploads\/2024\/10\/may-cat-sat-hong-ky-3hp-hk-cp332.jpg","datePublished":"2024-10-01T11:15:14+00:00","dateModified":"2024-11-04T10:56:07+00:00","description":"High-precision, durable metal cutting saw for industrial applications, built with advanced CNC technology and Made in Vietnam.","breadcrumb":{"@id":"https:\/\/www.hongky.com\/en\/abrasive-saw-hk-cp-3hp-380v\/#breadcrumb"},"inLanguage":"en-US","potentialAction":[{"@type":"ReadAction","target":["https:\/\/www.hongky.com\/en\/abrasive-saw-hk-cp-3hp-380v\/"]}]},{"@type":"ImageObject","inLanguage":"en-US","@id":"https:\/\/www.hongky.com\/en\/abrasive-saw-hk-cp-3hp-380v\/#primaryimage","url":"https:\/\/www.hongky.com\/wp-content\/uploads\/2024\/10\/may-cat-sat-hong-ky-3hp-hk-cp332.jpg","contentUrl":"https:\/\/www.hongky.com\/wp-content\/uploads\/2024\/10\/may-cat-sat-hong-ky-3hp-hk-cp332.jpg","width":2000,"height":1574,"caption":"may-cat-sat-hong-ky-3hp-hk-cp332"},{"@type":"BreadcrumbList","@id":"https:\/\/www.hongky.com\/en\/abrasive-saw-hk-cp-3hp-380v\/#breadcrumb","itemListElement":[{"@type":"ListItem","position":1,"name":"Home","item":"https:\/\/www.hongky.com\/en\/"},{"@type":"ListItem","position":2,"name":"Shop","item":"https:\/\/www.hongky.com\/en\/shop\/"},{"@type":"ListItem","position":3,"name":"Product","item":"https:\/\/www.hongky.com\/en\/product\/"},{"@type":"ListItem","position":4,"name":"Drill - Cutting - Taro Machines","item":"https:\/\/www.hongky.com\/en\/drill-cutting-taro-machines\/"},{"@type":"ListItem","position":5,"name":"Iron cutting machines","item":"https:\/\/www.hongky.com\/en\/iron-cutting-machines\/"},{"@type":"ListItem","position":6,"name":"Abrasive Saw HK-CP 3HP 380V"}]},{"@type":"WebSite","@id":"https:\/\/www.hongky.com\/en\/#website","url":"https:\/\/www.hongky.com\/en\/","name":"C\u00f4ng ty C\u01a1 Kh\u00ed H\u1ed3ng K\u00fd","description":"Th\u01b0\u01a1ng hi\u1ec7u H\u1ed3ng K\u00fd l\u00e0 s\u1ef1 l\u1ef1a ch\u1ecdn h\u00e0ng \u0111\u1ea7u c\u1ee7a \u0111\u1ed1i t\u00e1c &amp; kh\u00e1ch h\u00e0ng","publisher":{"@id":"https:\/\/www.hongky.com\/en\/#organization"},"potentialAction":[{"@type":"SearchAction","target":{"@type":"EntryPoint","urlTemplate":"https:\/\/www.hongky.com\/en\/?s={search_term_string}"},"query-input":{"@type":"PropertyValueSpecification","valueRequired":true,"valueName":"search_term_string"}}],"inLanguage":"en-US"},{"@type":"Organization","@id":"https:\/\/www.hongky.com\/en\/#organization","name":"C\u00f4ng ty C\u01a1 Kh\u00ed H\u1ed3ng K\u00fd","url":"https:\/\/www.hongky.com\/en\/","logo":{"@type":"ImageObject","inLanguage":"en-US","@id":"https:\/\/www.hongky.com\/en\/#\/schema\/logo\/image\/","url":"https:\/\/www.hongky.com\/wp-content\/uploads\/2025\/06\/cropped-hong-ky-mechanical-company-2.png","contentUrl":"https:\/\/www.hongky.com\/wp-content\/uploads\/2025\/06\/cropped-hong-ky-mechanical-company-2.png","width":849,"height":849,"caption":"C\u00f4ng ty C\u01a1 Kh\u00ed H\u1ed3ng K\u00fd"},"image":{"@id":"https:\/\/www.hongky.com\/en\/#\/schema\/logo\/image\/"},"sameAs":["https:\/\/www.facebook.com\/HongKyMayHan"]}]}},"_links":{"self":[{"href":"https:\/\/www.hongky.com\/en\/wp-json\/wp\/v2\/product\/5881","targetHints":{"allow":["GET"]}}],"collection":[{"href":"https:\/\/www.hongky.com\/en\/wp-json\/wp\/v2\/product"}],"about":[{"href":"https:\/\/www.hongky.com\/en\/wp-json\/wp\/v2\/types\/product"}],"replies":[{"embeddable":true,"href":"https:\/\/www.hongky.com\/en\/wp-json\/wp\/v2\/comments?post=5881"}],"wp:featuredmedia":[{"embeddable":true,"href":"https:\/\/www.hongky.com\/en\/wp-json\/wp\/v2\/media\/10189"}],"wp:attachment":[{"href":"https:\/\/www.hongky.com\/en\/wp-json\/wp\/v2\/media?parent=5881"}],"wp:term":[{"taxonomy":"product_brand","embeddable":true,"href":"https:\/\/www.hongky.com\/en\/wp-json\/wp\/v2\/product_brand?post=5881"},{"taxonomy":"product_cat","embeddable":true,"href":"https:\/\/www.hongky.com\/en\/wp-json\/wp\/v2\/product_cat?post=5881"},{"taxonomy":"product_tag","embeddable":true,"href":"https:\/\/www.hongky.com\/en\/wp-json\/wp\/v2\/product_tag?post=5881"}],"curies":[{"name":"wp","href":"https:\/\/api.w.org\/{rel}","templated":true}]}}