{"id":5898,"date":"2024-09-27T11:20:38","date_gmt":"2024-09-27T04:20:38","guid":{"rendered":"https:\/\/hongky.com\/product\/may-han-dien-tu-tig250pro\/"},"modified":"2026-04-04T15:49:00","modified_gmt":"2026-04-04T08:49:00","slug":"hongky-pro-tig-dc-mma-welder-tig250pro","status":"publish","type":"product","link":"https:\/\/www.hongky.com\/en\/hongky-pro-tig-dc-mma-welder-tig250pro\/","title":{"rendered":"Hongky Pro TIG DC MMA Welder TIG250PRO"},"content":{"rendered":"<p>The TIG250PRO is a versatile inverter welding machine engineered for precision and efficiency, offering exceptional performance for TIG and MMA welding. Made in Vietnam, it features high-frequency ignition and an intuitive digital display for seamless operation.<\/p>\n","protected":false},"excerpt":{"rendered":"<ul>\n<li>\n<div class=\"ewa-rteLine\">IGBT Technology<\/div>\n<\/li>\n<li>\n<div class=\"ewa-rteLine\"><\/div>\n<div class=\"ewa-rteLine\">TIG weld rod 1.6-3.2<\/div>\n<\/li>\n<li>\n<div class=\"ewa-rteLine\"><\/div>\n<div class=\"ewa-rteLine\">Stick weld 2.6-5.0mm<\/div>\n<\/li>\n<li>\n<div class=\"ewa-rteLine\"><\/div>\n<div class=\"ewa-rteLine\">TIG mode 2T\/4T<\/div>\n<\/li>\n<li>\n<div class=\"ewa-rteLine\"><\/div>\n<div class=\"ewa-rteLine\">Light industry weld<\/div>\n<\/li>\n<\/ul>\n","protected":false},"featured_media":6842,"menu_order":41,"comment_status":"open","ping_status":"closed","template":"","meta":{"_acf_changed":false,"inline_featured_image":false},"product_brand":[2591],"product_cat":[634],"product_tag":[1709,1708,1293],"class_list":{"0":"post-5898","1":"product","2":"type-product","3":"status-publish","4":"has-post-thumbnail","6":"product_brand-pro","7":"product_cat-tig-welding-machine","8":"product_tag-inverter-welding-machine","9":"product_tag-precision-tig-welder","10":"product_tag-stainless-steel-welder","12":"first","13":"instock","14":"shipping-taxable","15":"product-type-simple"},"acf":[],"yoast_head":"<!-- This site is optimized with the Yoast SEO plugin v23.7 - https:\/\/yoast.com\/wordpress\/plugins\/seo\/ -->\n<title>Hongky Pro TIG DC MMA Welder TIG250PRO - C\u00f4ng ty C\u01a1 Kh\u00ed H\u1ed3ng K\u00fd<\/title>\n<meta name=\"description\" content=\"High-performance inverter welder, 8.5kg, 200A output. Precision TIG 1.6\u20133.2mm &amp; stick 2.6\u20135.0mm. Compact, powerful, made in Vietnam.\" \/>\n<meta name=\"robots\" content=\"index, follow, max-snippet:-1, max-image-preview:large, max-video-preview:-1\" \/>\n<link rel=\"canonical\" href=\"https:\/\/www.hongky.com\/en\/hongky-pro-tig-dc-mma-welder-tig250pro\" \/>\n<meta property=\"og:locale\" content=\"en_US\" \/>\n<meta property=\"og:type\" content=\"article\" \/>\n<meta property=\"og:title\" content=\"Hongky Pro TIG DC MMA Welder TIG250PRO - C\u00f4ng ty C\u01a1 Kh\u00ed H\u1ed3ng K\u00fd\" \/>\n<meta property=\"og:description\" content=\"High-performance inverter welder, 8.5kg, 200A output. Precision TIG 1.6\u20133.2mm &amp; stick 2.6\u20135.0mm. Compact, powerful, made in Vietnam.\" \/>\n<meta property=\"og:url\" content=\"https:\/\/www.hongky.com\/en\/hongky-pro-tig-dc-mma-welder-tig250pro\" \/>\n<meta property=\"og:site_name\" content=\"C\u00f4ng ty C\u01a1 Kh\u00ed H\u1ed3ng K\u00fd\" \/>\n<meta property=\"article:publisher\" content=\"https:\/\/www.facebook.com\/HongKyMayHan\" \/>\n<meta property=\"article:modified_time\" content=\"2026-04-04T08:49:00+00:00\" \/>\n<meta property=\"og:image\" content=\"https:\/\/www.hongky.com\/wp-content\/uploads\/2024\/09\/may-han-dien-tu-tig250pro-hong-ky.jpg\" \/>\n\t<meta property=\"og:image:width\" content=\"2000\" \/>\n\t<meta property=\"og:image:height\" content=\"1574\" \/>\n\t<meta property=\"og:image:type\" content=\"image\/jpeg\" \/>\n<meta name=\"twitter:card\" content=\"summary_large_image\" \/>\n<meta name=\"twitter:label1\" content=\"Est. reading time\" \/>\n\t<meta name=\"twitter:data1\" content=\"1 minute\" \/>\n<script type=\"application\/ld+json\" class=\"yoast-schema-graph\">{\"@context\":\"https:\/\/schema.org\",\"@graph\":[{\"@type\":\"WebPage\",\"@id\":\"https:\/\/www.hongky.com\/en\/hongky-pro-tig-dc-mma-welder-tig250pro\/\",\"url\":\"https:\/\/www.hongky.com\/en\/hongky-pro-tig-dc-mma-welder-tig250pro\/\",\"name\":\"Hongky Pro TIG DC MMA Welder TIG250PRO - C\u00f4ng ty C\u01a1 Kh\u00ed H\u1ed3ng K\u00fd\",\"isPartOf\":{\"@id\":\"https:\/\/www.hongky.com\/en\/#website\"},\"primaryImageOfPage\":{\"@id\":\"https:\/\/www.hongky.com\/en\/hongky-pro-tig-dc-mma-welder-tig250pro\/#primaryimage\"},\"image\":{\"@id\":\"https:\/\/www.hongky.com\/en\/hongky-pro-tig-dc-mma-welder-tig250pro\/#primaryimage\"},\"thumbnailUrl\":\"https:\/\/www.hongky.com\/wp-content\/uploads\/2024\/09\/may-han-dien-tu-tig250pro-hong-ky.jpg\",\"datePublished\":\"2024-09-27T04:20:38+00:00\",\"dateModified\":\"2026-04-04T08:49:00+00:00\",\"description\":\"High-performance inverter welder, 8.5kg, 200A output. Precision TIG 1.6\u20133.2mm & stick 2.6\u20135.0mm. Compact, powerful, made in Vietnam.\",\"breadcrumb\":{\"@id\":\"https:\/\/www.hongky.com\/en\/hongky-pro-tig-dc-mma-welder-tig250pro\/#breadcrumb\"},\"inLanguage\":\"en-US\",\"potentialAction\":[{\"@type\":\"ReadAction\",\"target\":[\"https:\/\/www.hongky.com\/en\/hongky-pro-tig-dc-mma-welder-tig250pro\/\"]}]},{\"@type\":\"ImageObject\",\"inLanguage\":\"en-US\",\"@id\":\"https:\/\/www.hongky.com\/en\/hongky-pro-tig-dc-mma-welder-tig250pro\/#primaryimage\",\"url\":\"https:\/\/www.hongky.com\/wp-content\/uploads\/2024\/09\/may-han-dien-tu-tig250pro-hong-ky.jpg\",\"contentUrl\":\"https:\/\/www.hongky.com\/wp-content\/uploads\/2024\/09\/may-han-dien-tu-tig250pro-hong-ky.jpg\",\"width\":2000,\"height\":1574,\"caption\":\"may-han-dien-tu-tig250pro-hong-ky-mau-xanh\"},{\"@type\":\"BreadcrumbList\",\"@id\":\"https:\/\/www.hongky.com\/en\/hongky-pro-tig-dc-mma-welder-tig250pro\/#breadcrumb\",\"itemListElement\":[{\"@type\":\"ListItem\",\"position\":1,\"name\":\"Home\",\"item\":\"https:\/\/www.hongky.com\/en\/\"},{\"@type\":\"ListItem\",\"position\":2,\"name\":\"Shop\",\"item\":\"https:\/\/www.hongky.com\/en\/shop\/\"},{\"@type\":\"ListItem\",\"position\":3,\"name\":\"Product\",\"item\":\"https:\/\/www.hongky.com\/en\/product\/\"},{\"@type\":\"ListItem\",\"position\":4,\"name\":\"Welding machine, plasma metal cutter\",\"item\":\"https:\/\/www.hongky.com\/en\/welding-machine-plasma-metal-cutter\/\"},{\"@type\":\"ListItem\",\"position\":5,\"name\":\"TIG Welding Machine\",\"item\":\"https:\/\/www.hongky.com\/en\/tig-welding-machine\/\"},{\"@type\":\"ListItem\",\"position\":6,\"name\":\"Hongky Pro TIG DC MMA Welder TIG250PRO\"}]},{\"@type\":\"WebSite\",\"@id\":\"https:\/\/www.hongky.com\/en\/#website\",\"url\":\"https:\/\/www.hongky.com\/en\/\",\"name\":\"C\u00f4ng ty C\u01a1 Kh\u00ed H\u1ed3ng K\u00fd\",\"description\":\"Th\u01b0\u01a1ng hi\u1ec7u H\u1ed3ng K\u00fd l\u00e0 s\u1ef1 l\u1ef1a ch\u1ecdn h\u00e0ng \u0111\u1ea7u c\u1ee7a \u0111\u1ed1i t\u00e1c &amp; kh\u00e1ch h\u00e0ng\",\"publisher\":{\"@id\":\"https:\/\/www.hongky.com\/en\/#organization\"},\"potentialAction\":[{\"@type\":\"SearchAction\",\"target\":{\"@type\":\"EntryPoint\",\"urlTemplate\":\"https:\/\/www.hongky.com\/en\/?s={search_term_string}\"},\"query-input\":{\"@type\":\"PropertyValueSpecification\",\"valueRequired\":true,\"valueName\":\"search_term_string\"}}],\"inLanguage\":\"en-US\"},{\"@type\":\"Organization\",\"@id\":\"https:\/\/www.hongky.com\/en\/#organization\",\"name\":\"C\u00f4ng ty C\u01a1 Kh\u00ed H\u1ed3ng K\u00fd\",\"url\":\"https:\/\/www.hongky.com\/en\/\",\"logo\":{\"@type\":\"ImageObject\",\"inLanguage\":\"en-US\",\"@id\":\"https:\/\/www.hongky.com\/en\/#\/schema\/logo\/image\/\",\"url\":\"https:\/\/www.hongky.com\/wp-content\/uploads\/2025\/06\/cropped-hong-ky-mechanical-company-2.png\",\"contentUrl\":\"https:\/\/www.hongky.com\/wp-content\/uploads\/2025\/06\/cropped-hong-ky-mechanical-company-2.png\",\"width\":849,\"height\":849,\"caption\":\"C\u00f4ng ty C\u01a1 Kh\u00ed H\u1ed3ng K\u00fd\"},\"image\":{\"@id\":\"https:\/\/www.hongky.com\/en\/#\/schema\/logo\/image\/\"},\"sameAs\":[\"https:\/\/www.facebook.com\/HongKyMayHan\"]}]}<\/script>\n<!-- \/ Yoast SEO plugin. -->","yoast_head_json":{"title":"Hongky Pro TIG DC MMA Welder TIG250PRO - C\u00f4ng ty C\u01a1 Kh\u00ed H\u1ed3ng K\u00fd","description":"High-performance inverter welder, 8.5kg, 200A output. Precision TIG 1.6\u20133.2mm & stick 2.6\u20135.0mm. Compact, powerful, made in Vietnam.","robots":{"index":"index","follow":"follow","max-snippet":"max-snippet:-1","max-image-preview":"max-image-preview:large","max-video-preview":"max-video-preview:-1"},"canonical":"https:\/\/www.hongky.com\/en\/hongky-pro-tig-dc-mma-welder-tig250pro","og_locale":"en_US","og_type":"article","og_title":"Hongky Pro TIG DC MMA Welder TIG250PRO - C\u00f4ng ty C\u01a1 Kh\u00ed H\u1ed3ng K\u00fd","og_description":"High-performance inverter welder, 8.5kg, 200A output. Precision TIG 1.6\u20133.2mm & stick 2.6\u20135.0mm. Compact, powerful, made in Vietnam.","og_url":"https:\/\/www.hongky.com\/en\/hongky-pro-tig-dc-mma-welder-tig250pro","og_site_name":"C\u00f4ng ty C\u01a1 Kh\u00ed H\u1ed3ng K\u00fd","article_publisher":"https:\/\/www.facebook.com\/HongKyMayHan","article_modified_time":"2026-04-04T08:49:00+00:00","og_image":[{"width":2000,"height":1574,"url":"https:\/\/www.hongky.com\/wp-content\/uploads\/2024\/09\/may-han-dien-tu-tig250pro-hong-ky.jpg","type":"image\/jpeg"}],"twitter_card":"summary_large_image","twitter_misc":{"Est. reading time":"1 minute"},"schema":{"@context":"https:\/\/schema.org","@graph":[{"@type":"WebPage","@id":"https:\/\/www.hongky.com\/en\/hongky-pro-tig-dc-mma-welder-tig250pro\/","url":"https:\/\/www.hongky.com\/en\/hongky-pro-tig-dc-mma-welder-tig250pro\/","name":"Hongky Pro TIG DC MMA Welder TIG250PRO - C\u00f4ng ty C\u01a1 Kh\u00ed H\u1ed3ng K\u00fd","isPartOf":{"@id":"https:\/\/www.hongky.com\/en\/#website"},"primaryImageOfPage":{"@id":"https:\/\/www.hongky.com\/en\/hongky-pro-tig-dc-mma-welder-tig250pro\/#primaryimage"},"image":{"@id":"https:\/\/www.hongky.com\/en\/hongky-pro-tig-dc-mma-welder-tig250pro\/#primaryimage"},"thumbnailUrl":"https:\/\/www.hongky.com\/wp-content\/uploads\/2024\/09\/may-han-dien-tu-tig250pro-hong-ky.jpg","datePublished":"2024-09-27T04:20:38+00:00","dateModified":"2026-04-04T08:49:00+00:00","description":"High-performance inverter welder, 8.5kg, 200A output. Precision TIG 1.6\u20133.2mm & stick 2.6\u20135.0mm. Compact, powerful, made in Vietnam.","breadcrumb":{"@id":"https:\/\/www.hongky.com\/en\/hongky-pro-tig-dc-mma-welder-tig250pro\/#breadcrumb"},"inLanguage":"en-US","potentialAction":[{"@type":"ReadAction","target":["https:\/\/www.hongky.com\/en\/hongky-pro-tig-dc-mma-welder-tig250pro\/"]}]},{"@type":"ImageObject","inLanguage":"en-US","@id":"https:\/\/www.hongky.com\/en\/hongky-pro-tig-dc-mma-welder-tig250pro\/#primaryimage","url":"https:\/\/www.hongky.com\/wp-content\/uploads\/2024\/09\/may-han-dien-tu-tig250pro-hong-ky.jpg","contentUrl":"https:\/\/www.hongky.com\/wp-content\/uploads\/2024\/09\/may-han-dien-tu-tig250pro-hong-ky.jpg","width":2000,"height":1574,"caption":"may-han-dien-tu-tig250pro-hong-ky-mau-xanh"},{"@type":"BreadcrumbList","@id":"https:\/\/www.hongky.com\/en\/hongky-pro-tig-dc-mma-welder-tig250pro\/#breadcrumb","itemListElement":[{"@type":"ListItem","position":1,"name":"Home","item":"https:\/\/www.hongky.com\/en\/"},{"@type":"ListItem","position":2,"name":"Shop","item":"https:\/\/www.hongky.com\/en\/shop\/"},{"@type":"ListItem","position":3,"name":"Product","item":"https:\/\/www.hongky.com\/en\/product\/"},{"@type":"ListItem","position":4,"name":"Welding machine, plasma metal cutter","item":"https:\/\/www.hongky.com\/en\/welding-machine-plasma-metal-cutter\/"},{"@type":"ListItem","position":5,"name":"TIG Welding Machine","item":"https:\/\/www.hongky.com\/en\/tig-welding-machine\/"},{"@type":"ListItem","position":6,"name":"Hongky Pro TIG DC MMA Welder TIG250PRO"}]},{"@type":"WebSite","@id":"https:\/\/www.hongky.com\/en\/#website","url":"https:\/\/www.hongky.com\/en\/","name":"C\u00f4ng ty C\u01a1 Kh\u00ed H\u1ed3ng K\u00fd","description":"Th\u01b0\u01a1ng hi\u1ec7u H\u1ed3ng K\u00fd l\u00e0 s\u1ef1 l\u1ef1a ch\u1ecdn h\u00e0ng \u0111\u1ea7u c\u1ee7a \u0111\u1ed1i t\u00e1c &amp; kh\u00e1ch h\u00e0ng","publisher":{"@id":"https:\/\/www.hongky.com\/en\/#organization"},"potentialAction":[{"@type":"SearchAction","target":{"@type":"EntryPoint","urlTemplate":"https:\/\/www.hongky.com\/en\/?s={search_term_string}"},"query-input":{"@type":"PropertyValueSpecification","valueRequired":true,"valueName":"search_term_string"}}],"inLanguage":"en-US"},{"@type":"Organization","@id":"https:\/\/www.hongky.com\/en\/#organization","name":"C\u00f4ng ty C\u01a1 Kh\u00ed H\u1ed3ng K\u00fd","url":"https:\/\/www.hongky.com\/en\/","logo":{"@type":"ImageObject","inLanguage":"en-US","@id":"https:\/\/www.hongky.com\/en\/#\/schema\/logo\/image\/","url":"https:\/\/www.hongky.com\/wp-content\/uploads\/2025\/06\/cropped-hong-ky-mechanical-company-2.png","contentUrl":"https:\/\/www.hongky.com\/wp-content\/uploads\/2025\/06\/cropped-hong-ky-mechanical-company-2.png","width":849,"height":849,"caption":"C\u00f4ng ty C\u01a1 Kh\u00ed H\u1ed3ng K\u00fd"},"image":{"@id":"https:\/\/www.hongky.com\/en\/#\/schema\/logo\/image\/"},"sameAs":["https:\/\/www.facebook.com\/HongKyMayHan"]}]}},"_links":{"self":[{"href":"https:\/\/www.hongky.com\/en\/wp-json\/wp\/v2\/product\/5898","targetHints":{"allow":["GET"]}}],"collection":[{"href":"https:\/\/www.hongky.com\/en\/wp-json\/wp\/v2\/product"}],"about":[{"href":"https:\/\/www.hongky.com\/en\/wp-json\/wp\/v2\/types\/product"}],"replies":[{"embeddable":true,"href":"https:\/\/www.hongky.com\/en\/wp-json\/wp\/v2\/comments?post=5898"}],"wp:featuredmedia":[{"embeddable":true,"href":"https:\/\/www.hongky.com\/en\/wp-json\/wp\/v2\/media\/6842"}],"wp:attachment":[{"href":"https:\/\/www.hongky.com\/en\/wp-json\/wp\/v2\/media?parent=5898"}],"wp:term":[{"taxonomy":"product_brand","embeddable":true,"href":"https:\/\/www.hongky.com\/en\/wp-json\/wp\/v2\/product_brand?post=5898"},{"taxonomy":"product_cat","embeddable":true,"href":"https:\/\/www.hongky.com\/en\/wp-json\/wp\/v2\/product_cat?post=5898"},{"taxonomy":"product_tag","embeddable":true,"href":"https:\/\/www.hongky.com\/en\/wp-json\/wp\/v2\/product_tag?post=5898"}],"curies":[{"name":"wp","href":"https:\/\/api.w.org\/{rel}","templated":true}]}}