{"id":5920,"date":"2024-09-26T16:27:59","date_gmt":"2024-09-26T09:27:59","guid":{"rendered":"https:\/\/hongky.com\/product\/may-han-dien-tu-tig-400xpro\/"},"modified":"2026-04-04T16:25:50","modified_gmt":"2026-04-04T09:25:50","slug":"hongky-pro-tig-dc-pulse-mma-welder-tig400xpro","status":"publish","type":"product","link":"https:\/\/www.hongky.com\/en\/hongky-pro-tig-dc-pulse-mma-welder-tig400xpro\/","title":{"rendered":"Hongky Pro TIG DC Pulse MMA Welder TIG400XPRO"},"content":{"rendered":"<p>The TIG400XPRO tig machine offers advanced tig pulser and MMA capabilities, delivering 400A output for heavy-duty tasks. Its high-efficiency design and digital controls make it the perfect precision welder. Made in Vietnam.<\/p>\n","protected":false},"excerpt":{"rendered":"<ul>\n<li>\n<div class=\"ewa-rteLine\">IGBT Block Tech<\/div>\n<\/li>\n<li>\n<div class=\"ewa-rteLine\"><\/div>\n<div class=\"ewa-rteLine\">TIG weld rod 1.6\u20133.2<\/div>\n<\/li>\n<li>\n<div class=\"ewa-rteLine\"><\/div>\n<div class=\"ewa-rteLine\">Stick weld 2.6\u20135.0mm<\/div>\n<\/li>\n<li>\n<div class=\"ewa-rteLine\"><\/div>\n<div class=\"ewa-rteLine\">TIG DC\/Pulse\/MMA<\/div>\n<\/li>\n<li>\n<div class=\"ewa-rteLine\"><\/div>\n<div class=\"ewa-rteLine\">Industry weld<\/div>\n<\/li>\n<\/ul>\n","protected":false},"featured_media":4270,"menu_order":55,"comment_status":"open","ping_status":"closed","template":"","meta":{"_acf_changed":false,"inline_featured_image":false},"product_brand":[2591],"product_cat":[634],"product_tag":[1844,1843,1842,1845,1839,1841,1840],"class_list":{"0":"post-5920","1":"product","2":"type-product","3":"status-publish","4":"has-post-thumbnail","6":"product_brand-pro","7":"product_cat-tig-welding-machine","8":"product_tag-high-frequency-start-tig-welder","9":"product_tag-precision-welder","10":"product_tag-tig-400","11":"product_tag-tig-400a-en","12":"product_tag-tig-machine","13":"product_tag-tig-pulser","14":"product_tag-tig-welding-machine-price","16":"first","17":"instock","18":"shipping-taxable","19":"product-type-simple"},"acf":[],"yoast_head":"<!-- This site is optimized with the Yoast SEO plugin v23.7 - https:\/\/yoast.com\/wordpress\/plugins\/seo\/ -->\n<title>Hongky Pro TIG DC Pulse MMA Welder TIG400XPRO - C\u00f4ng ty C\u01a1 Kh\u00ed H\u1ed3ng K\u00fd<\/title>\n<meta name=\"description\" content=\"TIG400XPRO Pulse TIG welder with MMA, 400A output, precision controls. Welds TIG rods 1.6\u20133.2mm &amp; stick 2.6\u20135.0mm. Made in Vietnam.\" \/>\n<meta name=\"robots\" content=\"index, follow, max-snippet:-1, max-image-preview:large, max-video-preview:-1\" \/>\n<link rel=\"canonical\" href=\"https:\/\/www.hongky.com\/en\/hongky-pro-tig-dc-pulse-mma-welder-tig400xpro\" \/>\n<meta property=\"og:locale\" content=\"en_US\" \/>\n<meta property=\"og:type\" content=\"article\" \/>\n<meta property=\"og:title\" content=\"Hongky Pro TIG DC Pulse MMA Welder TIG400XPRO - C\u00f4ng ty C\u01a1 Kh\u00ed H\u1ed3ng K\u00fd\" \/>\n<meta property=\"og:description\" content=\"TIG400XPRO Pulse TIG welder with MMA, 400A output, precision controls. Welds TIG rods 1.6\u20133.2mm &amp; stick 2.6\u20135.0mm. Made in Vietnam.\" \/>\n<meta property=\"og:url\" content=\"https:\/\/www.hongky.com\/en\/hongky-pro-tig-dc-pulse-mma-welder-tig400xpro\" \/>\n<meta property=\"og:site_name\" content=\"C\u00f4ng ty C\u01a1 Kh\u00ed H\u1ed3ng K\u00fd\" \/>\n<meta property=\"article:publisher\" content=\"https:\/\/www.facebook.com\/HongKyMayHan\" \/>\n<meta property=\"article:modified_time\" content=\"2026-04-04T09:25:50+00:00\" \/>\n<meta property=\"og:image\" content=\"https:\/\/www.hongky.com\/wp-content\/uploads\/2024\/09\/may-han-dien-tu-tig400xpro-hong-ky-2-2.jpg\" \/>\n\t<meta property=\"og:image:width\" content=\"2000\" \/>\n\t<meta property=\"og:image:height\" content=\"1574\" \/>\n\t<meta property=\"og:image:type\" content=\"image\/jpeg\" \/>\n<meta name=\"twitter:card\" content=\"summary_large_image\" \/>\n<meta name=\"twitter:label1\" content=\"Est. reading time\" \/>\n\t<meta name=\"twitter:data1\" content=\"1 minute\" \/>\n<script type=\"application\/ld+json\" class=\"yoast-schema-graph\">{\"@context\":\"https:\/\/schema.org\",\"@graph\":[{\"@type\":\"WebPage\",\"@id\":\"https:\/\/www.hongky.com\/en\/hongky-pro-tig-dc-pulse-mma-welder-tig400xpro\/\",\"url\":\"https:\/\/www.hongky.com\/en\/hongky-pro-tig-dc-pulse-mma-welder-tig400xpro\/\",\"name\":\"Hongky Pro TIG DC Pulse MMA Welder TIG400XPRO - C\u00f4ng ty C\u01a1 Kh\u00ed H\u1ed3ng K\u00fd\",\"isPartOf\":{\"@id\":\"https:\/\/www.hongky.com\/en\/#website\"},\"primaryImageOfPage\":{\"@id\":\"https:\/\/www.hongky.com\/en\/hongky-pro-tig-dc-pulse-mma-welder-tig400xpro\/#primaryimage\"},\"image\":{\"@id\":\"https:\/\/www.hongky.com\/en\/hongky-pro-tig-dc-pulse-mma-welder-tig400xpro\/#primaryimage\"},\"thumbnailUrl\":\"https:\/\/www.hongky.com\/wp-content\/uploads\/2024\/09\/may-han-dien-tu-tig400xpro-hong-ky-2-2.jpg\",\"datePublished\":\"2024-09-26T09:27:59+00:00\",\"dateModified\":\"2026-04-04T09:25:50+00:00\",\"description\":\"TIG400XPRO Pulse TIG welder with MMA, 400A output, precision controls. Welds TIG rods 1.6\u20133.2mm & stick 2.6\u20135.0mm. Made in Vietnam.\",\"breadcrumb\":{\"@id\":\"https:\/\/www.hongky.com\/en\/hongky-pro-tig-dc-pulse-mma-welder-tig400xpro\/#breadcrumb\"},\"inLanguage\":\"en-US\",\"potentialAction\":[{\"@type\":\"ReadAction\",\"target\":[\"https:\/\/www.hongky.com\/en\/hongky-pro-tig-dc-pulse-mma-welder-tig400xpro\/\"]}]},{\"@type\":\"ImageObject\",\"inLanguage\":\"en-US\",\"@id\":\"https:\/\/www.hongky.com\/en\/hongky-pro-tig-dc-pulse-mma-welder-tig400xpro\/#primaryimage\",\"url\":\"https:\/\/www.hongky.com\/wp-content\/uploads\/2024\/09\/may-han-dien-tu-tig400xpro-hong-ky-2-2.jpg\",\"contentUrl\":\"https:\/\/www.hongky.com\/wp-content\/uploads\/2024\/09\/may-han-dien-tu-tig400xpro-hong-ky-2-2.jpg\",\"width\":2000,\"height\":1574,\"caption\":\"may-han-dien-tu-tig400xpro-hong-ky-mau-xanh\"},{\"@type\":\"BreadcrumbList\",\"@id\":\"https:\/\/www.hongky.com\/en\/hongky-pro-tig-dc-pulse-mma-welder-tig400xpro\/#breadcrumb\",\"itemListElement\":[{\"@type\":\"ListItem\",\"position\":1,\"name\":\"Home\",\"item\":\"https:\/\/www.hongky.com\/en\/\"},{\"@type\":\"ListItem\",\"position\":2,\"name\":\"Shop\",\"item\":\"https:\/\/www.hongky.com\/en\/shop\/\"},{\"@type\":\"ListItem\",\"position\":3,\"name\":\"Product\",\"item\":\"https:\/\/www.hongky.com\/en\/product\/\"},{\"@type\":\"ListItem\",\"position\":4,\"name\":\"Welding machine, plasma metal cutter\",\"item\":\"https:\/\/www.hongky.com\/en\/welding-machine-plasma-metal-cutter\/\"},{\"@type\":\"ListItem\",\"position\":5,\"name\":\"TIG Welding Machine\",\"item\":\"https:\/\/www.hongky.com\/en\/tig-welding-machine\/\"},{\"@type\":\"ListItem\",\"position\":6,\"name\":\"Hongky Pro TIG DC Pulse MMA Welder TIG400XPRO\"}]},{\"@type\":\"WebSite\",\"@id\":\"https:\/\/www.hongky.com\/en\/#website\",\"url\":\"https:\/\/www.hongky.com\/en\/\",\"name\":\"C\u00f4ng ty C\u01a1 Kh\u00ed H\u1ed3ng K\u00fd\",\"description\":\"Th\u01b0\u01a1ng hi\u1ec7u H\u1ed3ng K\u00fd l\u00e0 s\u1ef1 l\u1ef1a ch\u1ecdn h\u00e0ng \u0111\u1ea7u c\u1ee7a \u0111\u1ed1i t\u00e1c &amp; kh\u00e1ch h\u00e0ng\",\"publisher\":{\"@id\":\"https:\/\/www.hongky.com\/en\/#organization\"},\"potentialAction\":[{\"@type\":\"SearchAction\",\"target\":{\"@type\":\"EntryPoint\",\"urlTemplate\":\"https:\/\/www.hongky.com\/en\/?s={search_term_string}\"},\"query-input\":{\"@type\":\"PropertyValueSpecification\",\"valueRequired\":true,\"valueName\":\"search_term_string\"}}],\"inLanguage\":\"en-US\"},{\"@type\":\"Organization\",\"@id\":\"https:\/\/www.hongky.com\/en\/#organization\",\"name\":\"C\u00f4ng ty C\u01a1 Kh\u00ed H\u1ed3ng K\u00fd\",\"url\":\"https:\/\/www.hongky.com\/en\/\",\"logo\":{\"@type\":\"ImageObject\",\"inLanguage\":\"en-US\",\"@id\":\"https:\/\/www.hongky.com\/en\/#\/schema\/logo\/image\/\",\"url\":\"https:\/\/www.hongky.com\/wp-content\/uploads\/2025\/06\/cropped-hong-ky-mechanical-company-2.png\",\"contentUrl\":\"https:\/\/www.hongky.com\/wp-content\/uploads\/2025\/06\/cropped-hong-ky-mechanical-company-2.png\",\"width\":849,\"height\":849,\"caption\":\"C\u00f4ng ty C\u01a1 Kh\u00ed H\u1ed3ng K\u00fd\"},\"image\":{\"@id\":\"https:\/\/www.hongky.com\/en\/#\/schema\/logo\/image\/\"},\"sameAs\":[\"https:\/\/www.facebook.com\/HongKyMayHan\"]}]}<\/script>\n<!-- \/ Yoast SEO plugin. -->","yoast_head_json":{"title":"Hongky Pro TIG DC Pulse MMA Welder TIG400XPRO - C\u00f4ng ty C\u01a1 Kh\u00ed H\u1ed3ng K\u00fd","description":"TIG400XPRO Pulse TIG welder with MMA, 400A output, precision controls. Welds TIG rods 1.6\u20133.2mm & stick 2.6\u20135.0mm. Made in Vietnam.","robots":{"index":"index","follow":"follow","max-snippet":"max-snippet:-1","max-image-preview":"max-image-preview:large","max-video-preview":"max-video-preview:-1"},"canonical":"https:\/\/www.hongky.com\/en\/hongky-pro-tig-dc-pulse-mma-welder-tig400xpro","og_locale":"en_US","og_type":"article","og_title":"Hongky Pro TIG DC Pulse MMA Welder TIG400XPRO - C\u00f4ng ty C\u01a1 Kh\u00ed H\u1ed3ng K\u00fd","og_description":"TIG400XPRO Pulse TIG welder with MMA, 400A output, precision controls. Welds TIG rods 1.6\u20133.2mm & stick 2.6\u20135.0mm. Made in Vietnam.","og_url":"https:\/\/www.hongky.com\/en\/hongky-pro-tig-dc-pulse-mma-welder-tig400xpro","og_site_name":"C\u00f4ng ty C\u01a1 Kh\u00ed H\u1ed3ng K\u00fd","article_publisher":"https:\/\/www.facebook.com\/HongKyMayHan","article_modified_time":"2026-04-04T09:25:50+00:00","og_image":[{"width":2000,"height":1574,"url":"https:\/\/www.hongky.com\/wp-content\/uploads\/2024\/09\/may-han-dien-tu-tig400xpro-hong-ky-2-2.jpg","type":"image\/jpeg"}],"twitter_card":"summary_large_image","twitter_misc":{"Est. reading time":"1 minute"},"schema":{"@context":"https:\/\/schema.org","@graph":[{"@type":"WebPage","@id":"https:\/\/www.hongky.com\/en\/hongky-pro-tig-dc-pulse-mma-welder-tig400xpro\/","url":"https:\/\/www.hongky.com\/en\/hongky-pro-tig-dc-pulse-mma-welder-tig400xpro\/","name":"Hongky Pro TIG DC Pulse MMA Welder TIG400XPRO - C\u00f4ng ty C\u01a1 Kh\u00ed H\u1ed3ng K\u00fd","isPartOf":{"@id":"https:\/\/www.hongky.com\/en\/#website"},"primaryImageOfPage":{"@id":"https:\/\/www.hongky.com\/en\/hongky-pro-tig-dc-pulse-mma-welder-tig400xpro\/#primaryimage"},"image":{"@id":"https:\/\/www.hongky.com\/en\/hongky-pro-tig-dc-pulse-mma-welder-tig400xpro\/#primaryimage"},"thumbnailUrl":"https:\/\/www.hongky.com\/wp-content\/uploads\/2024\/09\/may-han-dien-tu-tig400xpro-hong-ky-2-2.jpg","datePublished":"2024-09-26T09:27:59+00:00","dateModified":"2026-04-04T09:25:50+00:00","description":"TIG400XPRO Pulse TIG welder with MMA, 400A output, precision controls. Welds TIG rods 1.6\u20133.2mm & stick 2.6\u20135.0mm. Made in Vietnam.","breadcrumb":{"@id":"https:\/\/www.hongky.com\/en\/hongky-pro-tig-dc-pulse-mma-welder-tig400xpro\/#breadcrumb"},"inLanguage":"en-US","potentialAction":[{"@type":"ReadAction","target":["https:\/\/www.hongky.com\/en\/hongky-pro-tig-dc-pulse-mma-welder-tig400xpro\/"]}]},{"@type":"ImageObject","inLanguage":"en-US","@id":"https:\/\/www.hongky.com\/en\/hongky-pro-tig-dc-pulse-mma-welder-tig400xpro\/#primaryimage","url":"https:\/\/www.hongky.com\/wp-content\/uploads\/2024\/09\/may-han-dien-tu-tig400xpro-hong-ky-2-2.jpg","contentUrl":"https:\/\/www.hongky.com\/wp-content\/uploads\/2024\/09\/may-han-dien-tu-tig400xpro-hong-ky-2-2.jpg","width":2000,"height":1574,"caption":"may-han-dien-tu-tig400xpro-hong-ky-mau-xanh"},{"@type":"BreadcrumbList","@id":"https:\/\/www.hongky.com\/en\/hongky-pro-tig-dc-pulse-mma-welder-tig400xpro\/#breadcrumb","itemListElement":[{"@type":"ListItem","position":1,"name":"Home","item":"https:\/\/www.hongky.com\/en\/"},{"@type":"ListItem","position":2,"name":"Shop","item":"https:\/\/www.hongky.com\/en\/shop\/"},{"@type":"ListItem","position":3,"name":"Product","item":"https:\/\/www.hongky.com\/en\/product\/"},{"@type":"ListItem","position":4,"name":"Welding machine, plasma metal cutter","item":"https:\/\/www.hongky.com\/en\/welding-machine-plasma-metal-cutter\/"},{"@type":"ListItem","position":5,"name":"TIG Welding Machine","item":"https:\/\/www.hongky.com\/en\/tig-welding-machine\/"},{"@type":"ListItem","position":6,"name":"Hongky Pro TIG DC Pulse MMA Welder TIG400XPRO"}]},{"@type":"WebSite","@id":"https:\/\/www.hongky.com\/en\/#website","url":"https:\/\/www.hongky.com\/en\/","name":"C\u00f4ng ty C\u01a1 Kh\u00ed H\u1ed3ng K\u00fd","description":"Th\u01b0\u01a1ng hi\u1ec7u H\u1ed3ng K\u00fd l\u00e0 s\u1ef1 l\u1ef1a ch\u1ecdn h\u00e0ng \u0111\u1ea7u c\u1ee7a \u0111\u1ed1i t\u00e1c &amp; kh\u00e1ch h\u00e0ng","publisher":{"@id":"https:\/\/www.hongky.com\/en\/#organization"},"potentialAction":[{"@type":"SearchAction","target":{"@type":"EntryPoint","urlTemplate":"https:\/\/www.hongky.com\/en\/?s={search_term_string}"},"query-input":{"@type":"PropertyValueSpecification","valueRequired":true,"valueName":"search_term_string"}}],"inLanguage":"en-US"},{"@type":"Organization","@id":"https:\/\/www.hongky.com\/en\/#organization","name":"C\u00f4ng ty C\u01a1 Kh\u00ed H\u1ed3ng K\u00fd","url":"https:\/\/www.hongky.com\/en\/","logo":{"@type":"ImageObject","inLanguage":"en-US","@id":"https:\/\/www.hongky.com\/en\/#\/schema\/logo\/image\/","url":"https:\/\/www.hongky.com\/wp-content\/uploads\/2025\/06\/cropped-hong-ky-mechanical-company-2.png","contentUrl":"https:\/\/www.hongky.com\/wp-content\/uploads\/2025\/06\/cropped-hong-ky-mechanical-company-2.png","width":849,"height":849,"caption":"C\u00f4ng ty C\u01a1 Kh\u00ed H\u1ed3ng K\u00fd"},"image":{"@id":"https:\/\/www.hongky.com\/en\/#\/schema\/logo\/image\/"},"sameAs":["https:\/\/www.facebook.com\/HongKyMayHan"]}]}},"_links":{"self":[{"href":"https:\/\/www.hongky.com\/en\/wp-json\/wp\/v2\/product\/5920","targetHints":{"allow":["GET"]}}],"collection":[{"href":"https:\/\/www.hongky.com\/en\/wp-json\/wp\/v2\/product"}],"about":[{"href":"https:\/\/www.hongky.com\/en\/wp-json\/wp\/v2\/types\/product"}],"replies":[{"embeddable":true,"href":"https:\/\/www.hongky.com\/en\/wp-json\/wp\/v2\/comments?post=5920"}],"wp:featuredmedia":[{"embeddable":true,"href":"https:\/\/www.hongky.com\/en\/wp-json\/wp\/v2\/media\/4270"}],"wp:attachment":[{"href":"https:\/\/www.hongky.com\/en\/wp-json\/wp\/v2\/media?parent=5920"}],"wp:term":[{"taxonomy":"product_brand","embeddable":true,"href":"https:\/\/www.hongky.com\/en\/wp-json\/wp\/v2\/product_brand?post=5920"},{"taxonomy":"product_cat","embeddable":true,"href":"https:\/\/www.hongky.com\/en\/wp-json\/wp\/v2\/product_cat?post=5920"},{"taxonomy":"product_tag","embeddable":true,"href":"https:\/\/www.hongky.com\/en\/wp-json\/wp\/v2\/product_tag?post=5920"}],"curies":[{"name":"wp","href":"https:\/\/api.w.org\/{rel}","templated":true}]}}