{"id":5933,"date":"2024-09-26T11:23:18","date_gmt":"2024-09-26T04:23:18","guid":{"rendered":"https:\/\/hongky.com\/product\/may-mai-mb-1-2hp\/"},"modified":"2024-11-04T15:52:53","modified_gmt":"2024-11-04T08:52:53","slug":"grinding-machine-mb-1-2hp","status":"publish","type":"product","link":"https:\/\/www.hongky.com\/en\/bench-grinder-mb-12hp\/","title":{"rendered":"Bench grinder MB 1\/2HP"},"content":{"rendered":"<p style=\"text-align: justify;\">The Hong Ky Double-Wheeled Bench Grinder is designed to meet the diverse needs of metalworking industries, offering high performance in grinding, sharpening, and smoothing metal surfaces. This compact yet powerful machine is Made in Vietnam for exceptional quality.<\/p>\n","protected":false},"excerpt":{"rendered":"<ul>\n<li style=\"text-align: justify;\">High-performance dual wheel bench grinder for precise grinding and sharpening.<\/li>\n<li style=\"text-align: justify;\">Compact design suitable for various workshops and metalworking environments.<\/li>\n<li style=\"text-align: justify;\">Powerful motor for stable and efficient operation, reducing overheating.<\/li>\n<li style=\"text-align: justify;\">Energy-saving technology optimized for long hours of continuous use.<\/li>\n<li style=\"text-align: justify;\">Equipped with essential safety features, including emergency stop.<\/li>\n<\/ul>\n","protected":false},"featured_media":3878,"menu_order":364,"comment_status":"open","ping_status":"closed","template":"","meta":{"_acf_changed":false,"inline_featured_image":false},"product_brand":[],"product_cat":[664],"product_tag":[1184,1185,1186,1187],"class_list":{"0":"post-5933","1":"product","2":"type-product","3":"status-publish","4":"has-post-thumbnail","6":"product_cat-bench-grinder","7":"product_tag-may-mai-2-da-en","8":"product_tag-may-mai-ban-en","9":"product_tag-may-mai-dao-en","10":"product_tag-may-mai-kim-loai-en","12":"first","13":"instock","14":"shipping-taxable","15":"product-type-simple"},"acf":[],"yoast_head":"<!-- This site is optimized with the Yoast SEO plugin v23.7 - https:\/\/yoast.com\/wordpress\/plugins\/seo\/ -->\n<title>Bench grinder MB 1\/2HP - C\u00f4ng ty C\u01a1 Kh\u00ed H\u1ed3ng K\u00fd<\/title>\n<meta name=\"description\" content=\"Dual wheel bench grinder by Hong Ky for efficient grinding, sharpening. Compact design, powerful motor, safety features ensure reliability in any workshop.\" \/>\n<meta name=\"robots\" content=\"index, follow, max-snippet:-1, max-image-preview:large, max-video-preview:-1\" \/>\n<link rel=\"canonical\" href=\"https:\/\/www.hongky.com\/en\/bench-grinder-mb-12hp\" \/>\n<meta property=\"og:locale\" content=\"en_US\" \/>\n<meta property=\"og:type\" content=\"article\" \/>\n<meta property=\"og:title\" content=\"Bench grinder MB 1\/2HP - C\u00f4ng ty C\u01a1 Kh\u00ed H\u1ed3ng K\u00fd\" \/>\n<meta property=\"og:description\" content=\"Dual wheel bench grinder by Hong Ky for efficient grinding, sharpening. Compact design, powerful motor, safety features ensure reliability in any workshop.\" \/>\n<meta property=\"og:url\" content=\"https:\/\/www.hongky.com\/en\/bench-grinder-mb-12hp\" \/>\n<meta property=\"og:site_name\" content=\"C\u00f4ng ty C\u01a1 Kh\u00ed H\u1ed3ng K\u00fd\" \/>\n<meta property=\"article:publisher\" content=\"https:\/\/www.facebook.com\/HongKyMayHan\" \/>\n<meta property=\"article:modified_time\" content=\"2024-11-04T08:52:53+00:00\" \/>\n<meta property=\"og:image\" content=\"https:\/\/www.hongky.com\/wp-content\/uploads\/2024\/11\/Bench-grinder-hong-ky-220V-CD.jpg\" \/>\n\t<meta property=\"og:image:width\" content=\"2560\" \/>\n\t<meta property=\"og:image:height\" content=\"2560\" \/>\n\t<meta property=\"og:image:type\" content=\"image\/jpeg\" \/>\n<meta name=\"twitter:card\" content=\"summary_large_image\" \/>\n<meta name=\"twitter:label1\" content=\"Est. reading time\" \/>\n\t<meta name=\"twitter:data1\" content=\"1 minute\" \/>\n<script type=\"application\/ld+json\" class=\"yoast-schema-graph\">{\"@context\":\"https:\/\/schema.org\",\"@graph\":[{\"@type\":\"WebPage\",\"@id\":\"https:\/\/www.hongky.com\/en\/bench-grinder-mb-12hp\/\",\"url\":\"https:\/\/www.hongky.com\/en\/bench-grinder-mb-12hp\/\",\"name\":\"Bench grinder MB 1\/2HP - C\u00f4ng ty C\u01a1 Kh\u00ed H\u1ed3ng K\u00fd\",\"isPartOf\":{\"@id\":\"https:\/\/www.hongky.com\/en\/#website\"},\"primaryImageOfPage\":{\"@id\":\"https:\/\/www.hongky.com\/en\/bench-grinder-mb-12hp\/#primaryimage\"},\"image\":{\"@id\":\"https:\/\/www.hongky.com\/en\/bench-grinder-mb-12hp\/#primaryimage\"},\"thumbnailUrl\":\"https:\/\/www.hongky.com\/wp-content\/uploads\/2024\/11\/Bench-grinder-hong-ky-220V-CD.jpg\",\"datePublished\":\"2024-09-26T04:23:18+00:00\",\"dateModified\":\"2024-11-04T08:52:53+00:00\",\"description\":\"Dual wheel bench grinder by Hong Ky for efficient grinding, sharpening. Compact design, powerful motor, safety features ensure reliability in any workshop.\",\"breadcrumb\":{\"@id\":\"https:\/\/www.hongky.com\/en\/bench-grinder-mb-12hp\/#breadcrumb\"},\"inLanguage\":\"en-US\",\"potentialAction\":[{\"@type\":\"ReadAction\",\"target\":[\"https:\/\/www.hongky.com\/en\/bench-grinder-mb-12hp\/\"]}]},{\"@type\":\"ImageObject\",\"inLanguage\":\"en-US\",\"@id\":\"https:\/\/www.hongky.com\/en\/bench-grinder-mb-12hp\/#primaryimage\",\"url\":\"https:\/\/www.hongky.com\/wp-content\/uploads\/2024\/11\/Bench-grinder-hong-ky-220V-CD.jpg\",\"contentUrl\":\"https:\/\/www.hongky.com\/wp-content\/uploads\/2024\/11\/Bench-grinder-hong-ky-220V-CD.jpg\",\"width\":2560,\"height\":2560,\"caption\":\"Bench-grinder-Hong-Ky\"},{\"@type\":\"BreadcrumbList\",\"@id\":\"https:\/\/www.hongky.com\/en\/bench-grinder-mb-12hp\/#breadcrumb\",\"itemListElement\":[{\"@type\":\"ListItem\",\"position\":1,\"name\":\"Home\",\"item\":\"https:\/\/www.hongky.com\/en\/\"},{\"@type\":\"ListItem\",\"position\":2,\"name\":\"Shop\",\"item\":\"https:\/\/www.hongky.com\/en\/shop\/\"},{\"@type\":\"ListItem\",\"position\":3,\"name\":\"S\u1ea3n ph\u1ea9m\",\"item\":\"https:\/\/www.hongky.com\/san-pham\/\"},{\"@type\":\"ListItem\",\"position\":4,\"name\":\"\u0110\u1ed9ng C\u01a1 \u0110i\u1ec7n\",\"item\":\"https:\/\/www.hongky.com\/dong-co-dien\/\"},{\"@type\":\"ListItem\",\"position\":5,\"name\":\"M\u00e1y M\u00e0i B\u00e0n\",\"item\":\"https:\/\/www.hongky.com\/may-mai-ban\/\"},{\"@type\":\"ListItem\",\"position\":6,\"name\":\"Bench grinder MB 1\/2HP\"}]},{\"@type\":\"WebSite\",\"@id\":\"https:\/\/www.hongky.com\/en\/#website\",\"url\":\"https:\/\/www.hongky.com\/en\/\",\"name\":\"C\u00f4ng ty C\u01a1 Kh\u00ed H\u1ed3ng K\u00fd\",\"description\":\"Th\u01b0\u01a1ng hi\u1ec7u H\u1ed3ng K\u00fd l\u00e0 s\u1ef1 l\u1ef1a ch\u1ecdn h\u00e0ng \u0111\u1ea7u c\u1ee7a \u0111\u1ed1i t\u00e1c &amp; kh\u00e1ch h\u00e0ng\",\"publisher\":{\"@id\":\"https:\/\/www.hongky.com\/en\/#organization\"},\"potentialAction\":[{\"@type\":\"SearchAction\",\"target\":{\"@type\":\"EntryPoint\",\"urlTemplate\":\"https:\/\/www.hongky.com\/en\/?s={search_term_string}\"},\"query-input\":{\"@type\":\"PropertyValueSpecification\",\"valueRequired\":true,\"valueName\":\"search_term_string\"}}],\"inLanguage\":\"en-US\"},{\"@type\":\"Organization\",\"@id\":\"https:\/\/www.hongky.com\/en\/#organization\",\"name\":\"C\u00f4ng ty C\u01a1 Kh\u00ed H\u1ed3ng K\u00fd\",\"url\":\"https:\/\/www.hongky.com\/en\/\",\"logo\":{\"@type\":\"ImageObject\",\"inLanguage\":\"en-US\",\"@id\":\"https:\/\/www.hongky.com\/en\/#\/schema\/logo\/image\/\",\"url\":\"https:\/\/www.hongky.com\/wp-content\/uploads\/2025\/06\/cropped-hong-ky-mechanical-company-2.png\",\"contentUrl\":\"https:\/\/www.hongky.com\/wp-content\/uploads\/2025\/06\/cropped-hong-ky-mechanical-company-2.png\",\"width\":849,\"height\":849,\"caption\":\"C\u00f4ng ty C\u01a1 Kh\u00ed H\u1ed3ng K\u00fd\"},\"image\":{\"@id\":\"https:\/\/www.hongky.com\/en\/#\/schema\/logo\/image\/\"},\"sameAs\":[\"https:\/\/www.facebook.com\/HongKyMayHan\"]}]}<\/script>\n<!-- \/ Yoast SEO plugin. -->","yoast_head_json":{"title":"Bench grinder MB 1\/2HP - C\u00f4ng ty C\u01a1 Kh\u00ed H\u1ed3ng K\u00fd","description":"Dual wheel bench grinder by Hong Ky for efficient grinding, sharpening. Compact design, powerful motor, safety features ensure reliability in any workshop.","robots":{"index":"index","follow":"follow","max-snippet":"max-snippet:-1","max-image-preview":"max-image-preview:large","max-video-preview":"max-video-preview:-1"},"canonical":"https:\/\/www.hongky.com\/en\/bench-grinder-mb-12hp","og_locale":"en_US","og_type":"article","og_title":"Bench grinder MB 1\/2HP - C\u00f4ng ty C\u01a1 Kh\u00ed H\u1ed3ng K\u00fd","og_description":"Dual wheel bench grinder by Hong Ky for efficient grinding, sharpening. Compact design, powerful motor, safety features ensure reliability in any workshop.","og_url":"https:\/\/www.hongky.com\/en\/bench-grinder-mb-12hp","og_site_name":"C\u00f4ng ty C\u01a1 Kh\u00ed H\u1ed3ng K\u00fd","article_publisher":"https:\/\/www.facebook.com\/HongKyMayHan","article_modified_time":"2024-11-04T08:52:53+00:00","og_image":[{"width":2560,"height":2560,"url":"https:\/\/www.hongky.com\/wp-content\/uploads\/2024\/11\/Bench-grinder-hong-ky-220V-CD.jpg","type":"image\/jpeg"}],"twitter_card":"summary_large_image","twitter_misc":{"Est. reading time":"1 minute"},"schema":{"@context":"https:\/\/schema.org","@graph":[{"@type":"WebPage","@id":"https:\/\/www.hongky.com\/en\/bench-grinder-mb-12hp\/","url":"https:\/\/www.hongky.com\/en\/bench-grinder-mb-12hp\/","name":"Bench grinder MB 1\/2HP - C\u00f4ng ty C\u01a1 Kh\u00ed H\u1ed3ng K\u00fd","isPartOf":{"@id":"https:\/\/www.hongky.com\/en\/#website"},"primaryImageOfPage":{"@id":"https:\/\/www.hongky.com\/en\/bench-grinder-mb-12hp\/#primaryimage"},"image":{"@id":"https:\/\/www.hongky.com\/en\/bench-grinder-mb-12hp\/#primaryimage"},"thumbnailUrl":"https:\/\/www.hongky.com\/wp-content\/uploads\/2024\/11\/Bench-grinder-hong-ky-220V-CD.jpg","datePublished":"2024-09-26T04:23:18+00:00","dateModified":"2024-11-04T08:52:53+00:00","description":"Dual wheel bench grinder by Hong Ky for efficient grinding, sharpening. Compact design, powerful motor, safety features ensure reliability in any workshop.","breadcrumb":{"@id":"https:\/\/www.hongky.com\/en\/bench-grinder-mb-12hp\/#breadcrumb"},"inLanguage":"en-US","potentialAction":[{"@type":"ReadAction","target":["https:\/\/www.hongky.com\/en\/bench-grinder-mb-12hp\/"]}]},{"@type":"ImageObject","inLanguage":"en-US","@id":"https:\/\/www.hongky.com\/en\/bench-grinder-mb-12hp\/#primaryimage","url":"https:\/\/www.hongky.com\/wp-content\/uploads\/2024\/11\/Bench-grinder-hong-ky-220V-CD.jpg","contentUrl":"https:\/\/www.hongky.com\/wp-content\/uploads\/2024\/11\/Bench-grinder-hong-ky-220V-CD.jpg","width":2560,"height":2560,"caption":"Bench-grinder-Hong-Ky"},{"@type":"BreadcrumbList","@id":"https:\/\/www.hongky.com\/en\/bench-grinder-mb-12hp\/#breadcrumb","itemListElement":[{"@type":"ListItem","position":1,"name":"Home","item":"https:\/\/www.hongky.com\/en\/"},{"@type":"ListItem","position":2,"name":"Shop","item":"https:\/\/www.hongky.com\/en\/shop\/"},{"@type":"ListItem","position":3,"name":"S\u1ea3n ph\u1ea9m","item":"https:\/\/www.hongky.com\/san-pham\/"},{"@type":"ListItem","position":4,"name":"\u0110\u1ed9ng C\u01a1 \u0110i\u1ec7n","item":"https:\/\/www.hongky.com\/dong-co-dien\/"},{"@type":"ListItem","position":5,"name":"M\u00e1y M\u00e0i B\u00e0n","item":"https:\/\/www.hongky.com\/may-mai-ban\/"},{"@type":"ListItem","position":6,"name":"Bench grinder MB 1\/2HP"}]},{"@type":"WebSite","@id":"https:\/\/www.hongky.com\/en\/#website","url":"https:\/\/www.hongky.com\/en\/","name":"C\u00f4ng ty C\u01a1 Kh\u00ed H\u1ed3ng K\u00fd","description":"Th\u01b0\u01a1ng hi\u1ec7u H\u1ed3ng K\u00fd l\u00e0 s\u1ef1 l\u1ef1a ch\u1ecdn h\u00e0ng \u0111\u1ea7u c\u1ee7a \u0111\u1ed1i t\u00e1c &amp; kh\u00e1ch h\u00e0ng","publisher":{"@id":"https:\/\/www.hongky.com\/en\/#organization"},"potentialAction":[{"@type":"SearchAction","target":{"@type":"EntryPoint","urlTemplate":"https:\/\/www.hongky.com\/en\/?s={search_term_string}"},"query-input":{"@type":"PropertyValueSpecification","valueRequired":true,"valueName":"search_term_string"}}],"inLanguage":"en-US"},{"@type":"Organization","@id":"https:\/\/www.hongky.com\/en\/#organization","name":"C\u00f4ng ty C\u01a1 Kh\u00ed H\u1ed3ng K\u00fd","url":"https:\/\/www.hongky.com\/en\/","logo":{"@type":"ImageObject","inLanguage":"en-US","@id":"https:\/\/www.hongky.com\/en\/#\/schema\/logo\/image\/","url":"https:\/\/www.hongky.com\/wp-content\/uploads\/2025\/06\/cropped-hong-ky-mechanical-company-2.png","contentUrl":"https:\/\/www.hongky.com\/wp-content\/uploads\/2025\/06\/cropped-hong-ky-mechanical-company-2.png","width":849,"height":849,"caption":"C\u00f4ng ty C\u01a1 Kh\u00ed H\u1ed3ng K\u00fd"},"image":{"@id":"https:\/\/www.hongky.com\/en\/#\/schema\/logo\/image\/"},"sameAs":["https:\/\/www.facebook.com\/HongKyMayHan"]}]}},"_links":{"self":[{"href":"https:\/\/www.hongky.com\/en\/wp-json\/wp\/v2\/product\/5933","targetHints":{"allow":["GET"]}}],"collection":[{"href":"https:\/\/www.hongky.com\/en\/wp-json\/wp\/v2\/product"}],"about":[{"href":"https:\/\/www.hongky.com\/en\/wp-json\/wp\/v2\/types\/product"}],"replies":[{"embeddable":true,"href":"https:\/\/www.hongky.com\/en\/wp-json\/wp\/v2\/comments?post=5933"}],"wp:featuredmedia":[{"embeddable":true,"href":"https:\/\/www.hongky.com\/en\/wp-json\/wp\/v2\/media\/3878"}],"wp:attachment":[{"href":"https:\/\/www.hongky.com\/en\/wp-json\/wp\/v2\/media?parent=5933"}],"wp:term":[{"taxonomy":"product_brand","embeddable":true,"href":"https:\/\/www.hongky.com\/en\/wp-json\/wp\/v2\/product_brand?post=5933"},{"taxonomy":"product_cat","embeddable":true,"href":"https:\/\/www.hongky.com\/en\/wp-json\/wp\/v2\/product_cat?post=5933"},{"taxonomy":"product_tag","embeddable":true,"href":"https:\/\/www.hongky.com\/en\/wp-json\/wp\/v2\/product_tag?post=5933"}],"curies":[{"name":"wp","href":"https:\/\/api.w.org\/{rel}","templated":true}]}}