{"id":5941,"date":"2024-09-26T07:58:58","date_gmt":"2024-09-26T00:58:58","guid":{"rendered":"https:\/\/hongky.com\/product\/may-han-dien-tu-hktig300\/"},"modified":"2026-02-26T09:26:14","modified_gmt":"2026-02-26T02:26:14","slug":"hongky-master-tig-dc-mma-welder-hktig300a","status":"publish","type":"product","link":"https:\/\/www.hongky.com\/en\/hongky-master-tig-dc-mma-welder-hktig300a\/","title":{"rendered":"Hongky Master TIG DC MMA Welder HKTIG300A"},"content":{"rendered":"<p>The HKTIG300 argon welding by Hong Ky, Made in Vietnam, is a versatile 300 amp TIG welder with dual-function TIG and MMA capabilities, ideal for professional and industrial applications. Equipped with advanced controls, it ensures precision welding for various metals.<\/p>\n","protected":false},"excerpt":{"rendered":"<ul>\n<li>\n<div class=\"ewa-rteLine\">IGBT Technology<\/div>\n<\/li>\n<li>\n<div class=\"ewa-rteLine\"><\/div>\n<div class=\"ewa-rteLine\">TIG weld rod 1.6\u20133.2<\/div>\n<\/li>\n<li>\n<div class=\"ewa-rteLine\"><\/div>\n<div class=\"ewa-rteLine\">Stick weld 2.6\u20135.0mm<\/div>\n<\/li>\n<li>\n<div class=\"ewa-rteLine\"><\/div>\n<div class=\"ewa-rteLine\">Spot weld<\/div>\n<\/li>\n<li>\n<div class=\"ewa-rteLine\"><\/div>\n<div class=\"ewa-rteLine\">Light industry weld<\/div>\n<\/li>\n<\/ul>\n","protected":false},"featured_media":4147,"menu_order":18,"comment_status":"open","ping_status":"closed","template":"","meta":{"_acf_changed":false,"inline_featured_image":false},"product_brand":[],"product_cat":[634],"product_tag":[1426,1425,1428,1429,1427],"class_list":{"0":"post-5941","1":"product","2":"type-product","3":"status-publish","4":"has-post-thumbnail","6":"product_cat-tig-welding-machine","7":"product_tag-300-amp-ac-dc-tig-welder","8":"product_tag-300-amp-tig-welder","9":"product_tag-argon-welding","10":"product_tag-dc-welding-machine","11":"product_tag-tig-welder-for-stainless-steel","13":"first","14":"instock","15":"shipping-taxable","16":"product-type-simple"},"acf":[],"yoast_head":"<!-- This site is optimized with the Yoast SEO plugin v23.7 - https:\/\/yoast.com\/wordpress\/plugins\/seo\/ -->\n<title>Hongky Master TIG DC MMA Welder HKTIG300A - C\u00f4ng ty C\u01a1 Kh\u00ed H\u1ed3ng K\u00fd<\/title>\n<meta name=\"description\" content=\"HKTIG300 versatile 300A TIG\/MMA welder with argon and HF start, using IGBT tech, supports TIG 1.6\u20133.2, stick 2.6\u20135.0mm, spot weld, ideal for light industry.\" \/>\n<meta name=\"robots\" content=\"index, follow, max-snippet:-1, max-image-preview:large, max-video-preview:-1\" \/>\n<link rel=\"canonical\" href=\"https:\/\/www.hongky.com\/en\/hongky-master-tig-dc-mma-welder-hktig300a\" \/>\n<meta property=\"og:locale\" content=\"en_US\" \/>\n<meta property=\"og:type\" content=\"article\" \/>\n<meta property=\"og:title\" content=\"Hongky Master TIG DC MMA Welder HKTIG300A - C\u00f4ng ty C\u01a1 Kh\u00ed H\u1ed3ng K\u00fd\" \/>\n<meta property=\"og:description\" content=\"HKTIG300 versatile 300A TIG\/MMA welder with argon and HF start, using IGBT tech, supports TIG 1.6\u20133.2, stick 2.6\u20135.0mm, spot weld, ideal for light industry.\" \/>\n<meta property=\"og:url\" content=\"https:\/\/www.hongky.com\/en\/hongky-master-tig-dc-mma-welder-hktig300a\" \/>\n<meta property=\"og:site_name\" content=\"C\u00f4ng ty C\u01a1 Kh\u00ed H\u1ed3ng K\u00fd\" \/>\n<meta property=\"article:publisher\" content=\"https:\/\/www.facebook.com\/HongKyMayHan\" \/>\n<meta property=\"article:modified_time\" content=\"2026-02-26T02:26:14+00:00\" \/>\n<meta property=\"og:image\" content=\"https:\/\/www.hongky.com\/wp-content\/uploads\/2024\/12\/argon-welding-hktig300a-product-by-hong-ky-3.jpg\" \/>\n\t<meta property=\"og:image:width\" content=\"2000\" \/>\n\t<meta property=\"og:image:height\" content=\"1574\" \/>\n\t<meta property=\"og:image:type\" content=\"image\/jpeg\" \/>\n<meta name=\"twitter:card\" content=\"summary_large_image\" \/>\n<meta name=\"twitter:label1\" content=\"Est. reading time\" \/>\n\t<meta name=\"twitter:data1\" content=\"1 minute\" \/>\n<script type=\"application\/ld+json\" class=\"yoast-schema-graph\">{\"@context\":\"https:\/\/schema.org\",\"@graph\":[{\"@type\":\"WebPage\",\"@id\":\"https:\/\/www.hongky.com\/en\/hongky-master-tig-dc-mma-welder-hktig300a\/\",\"url\":\"https:\/\/www.hongky.com\/en\/hongky-master-tig-dc-mma-welder-hktig300a\/\",\"name\":\"Hongky Master TIG DC MMA Welder HKTIG300A - C\u00f4ng ty C\u01a1 Kh\u00ed H\u1ed3ng K\u00fd\",\"isPartOf\":{\"@id\":\"https:\/\/www.hongky.com\/en\/#website\"},\"primaryImageOfPage\":{\"@id\":\"https:\/\/www.hongky.com\/en\/hongky-master-tig-dc-mma-welder-hktig300a\/#primaryimage\"},\"image\":{\"@id\":\"https:\/\/www.hongky.com\/en\/hongky-master-tig-dc-mma-welder-hktig300a\/#primaryimage\"},\"thumbnailUrl\":\"https:\/\/www.hongky.com\/wp-content\/uploads\/2024\/12\/argon-welding-hktig300a-product-by-hong-ky-3.jpg\",\"datePublished\":\"2024-09-26T00:58:58+00:00\",\"dateModified\":\"2026-02-26T02:26:14+00:00\",\"description\":\"HKTIG300 versatile 300A TIG\/MMA welder with argon and HF start, using IGBT tech, supports TIG 1.6\u20133.2, stick 2.6\u20135.0mm, spot weld, ideal for light industry.\",\"breadcrumb\":{\"@id\":\"https:\/\/www.hongky.com\/en\/hongky-master-tig-dc-mma-welder-hktig300a\/#breadcrumb\"},\"inLanguage\":\"en-US\",\"potentialAction\":[{\"@type\":\"ReadAction\",\"target\":[\"https:\/\/www.hongky.com\/en\/hongky-master-tig-dc-mma-welder-hktig300a\/\"]}]},{\"@type\":\"ImageObject\",\"inLanguage\":\"en-US\",\"@id\":\"https:\/\/www.hongky.com\/en\/hongky-master-tig-dc-mma-welder-hktig300a\/#primaryimage\",\"url\":\"https:\/\/www.hongky.com\/wp-content\/uploads\/2024\/12\/argon-welding-hktig300a-product-by-hong-ky-3.jpg\",\"contentUrl\":\"https:\/\/www.hongky.com\/wp-content\/uploads\/2024\/12\/argon-welding-hktig300a-product-by-hong-ky-3.jpg\",\"width\":2000,\"height\":1574,\"caption\":\"The HKTIG300A, manufactured by Hong Ky, features two welding functions: 300A TIG and MMA, specifically designed for welding iron, steel, and stainless steel.\"},{\"@type\":\"BreadcrumbList\",\"@id\":\"https:\/\/www.hongky.com\/en\/hongky-master-tig-dc-mma-welder-hktig300a\/#breadcrumb\",\"itemListElement\":[{\"@type\":\"ListItem\",\"position\":1,\"name\":\"Home\",\"item\":\"https:\/\/www.hongky.com\/en\/\"},{\"@type\":\"ListItem\",\"position\":2,\"name\":\"Shop\",\"item\":\"https:\/\/www.hongky.com\/en\/shop\/\"},{\"@type\":\"ListItem\",\"position\":3,\"name\":\"Product\",\"item\":\"https:\/\/www.hongky.com\/en\/product\/\"},{\"@type\":\"ListItem\",\"position\":4,\"name\":\"Welding machine, plasma metal cutter\",\"item\":\"https:\/\/www.hongky.com\/en\/welding-machine-plasma-metal-cutter\/\"},{\"@type\":\"ListItem\",\"position\":5,\"name\":\"TIG Welding Machine\",\"item\":\"https:\/\/www.hongky.com\/en\/tig-welding-machine\/\"},{\"@type\":\"ListItem\",\"position\":6,\"name\":\"Hongky Master TIG DC MMA Welder HKTIG300A\"}]},{\"@type\":\"WebSite\",\"@id\":\"https:\/\/www.hongky.com\/en\/#website\",\"url\":\"https:\/\/www.hongky.com\/en\/\",\"name\":\"C\u00f4ng ty C\u01a1 Kh\u00ed H\u1ed3ng K\u00fd\",\"description\":\"Th\u01b0\u01a1ng hi\u1ec7u H\u1ed3ng K\u00fd l\u00e0 s\u1ef1 l\u1ef1a ch\u1ecdn h\u00e0ng \u0111\u1ea7u c\u1ee7a \u0111\u1ed1i t\u00e1c &amp; kh\u00e1ch h\u00e0ng\",\"publisher\":{\"@id\":\"https:\/\/www.hongky.com\/en\/#organization\"},\"potentialAction\":[{\"@type\":\"SearchAction\",\"target\":{\"@type\":\"EntryPoint\",\"urlTemplate\":\"https:\/\/www.hongky.com\/en\/?s={search_term_string}\"},\"query-input\":{\"@type\":\"PropertyValueSpecification\",\"valueRequired\":true,\"valueName\":\"search_term_string\"}}],\"inLanguage\":\"en-US\"},{\"@type\":\"Organization\",\"@id\":\"https:\/\/www.hongky.com\/en\/#organization\",\"name\":\"C\u00f4ng ty C\u01a1 Kh\u00ed H\u1ed3ng K\u00fd\",\"url\":\"https:\/\/www.hongky.com\/en\/\",\"logo\":{\"@type\":\"ImageObject\",\"inLanguage\":\"en-US\",\"@id\":\"https:\/\/www.hongky.com\/en\/#\/schema\/logo\/image\/\",\"url\":\"https:\/\/www.hongky.com\/wp-content\/uploads\/2025\/06\/cropped-hong-ky-mechanical-company-2.png\",\"contentUrl\":\"https:\/\/www.hongky.com\/wp-content\/uploads\/2025\/06\/cropped-hong-ky-mechanical-company-2.png\",\"width\":849,\"height\":849,\"caption\":\"C\u00f4ng ty C\u01a1 Kh\u00ed H\u1ed3ng K\u00fd\"},\"image\":{\"@id\":\"https:\/\/www.hongky.com\/en\/#\/schema\/logo\/image\/\"},\"sameAs\":[\"https:\/\/www.facebook.com\/HongKyMayHan\"]}]}<\/script>\n<!-- \/ Yoast SEO plugin. -->","yoast_head_json":{"title":"Hongky Master TIG DC MMA Welder HKTIG300A - C\u00f4ng ty C\u01a1 Kh\u00ed H\u1ed3ng K\u00fd","description":"HKTIG300 versatile 300A TIG\/MMA welder with argon and HF start, using IGBT tech, supports TIG 1.6\u20133.2, stick 2.6\u20135.0mm, spot weld, ideal for light industry.","robots":{"index":"index","follow":"follow","max-snippet":"max-snippet:-1","max-image-preview":"max-image-preview:large","max-video-preview":"max-video-preview:-1"},"canonical":"https:\/\/www.hongky.com\/en\/hongky-master-tig-dc-mma-welder-hktig300a","og_locale":"en_US","og_type":"article","og_title":"Hongky Master TIG DC MMA Welder HKTIG300A - C\u00f4ng ty C\u01a1 Kh\u00ed H\u1ed3ng K\u00fd","og_description":"HKTIG300 versatile 300A TIG\/MMA welder with argon and HF start, using IGBT tech, supports TIG 1.6\u20133.2, stick 2.6\u20135.0mm, spot weld, ideal for light industry.","og_url":"https:\/\/www.hongky.com\/en\/hongky-master-tig-dc-mma-welder-hktig300a","og_site_name":"C\u00f4ng ty C\u01a1 Kh\u00ed H\u1ed3ng K\u00fd","article_publisher":"https:\/\/www.facebook.com\/HongKyMayHan","article_modified_time":"2026-02-26T02:26:14+00:00","og_image":[{"width":2000,"height":1574,"url":"https:\/\/www.hongky.com\/wp-content\/uploads\/2024\/12\/argon-welding-hktig300a-product-by-hong-ky-3.jpg","type":"image\/jpeg"}],"twitter_card":"summary_large_image","twitter_misc":{"Est. reading time":"1 minute"},"schema":{"@context":"https:\/\/schema.org","@graph":[{"@type":"WebPage","@id":"https:\/\/www.hongky.com\/en\/hongky-master-tig-dc-mma-welder-hktig300a\/","url":"https:\/\/www.hongky.com\/en\/hongky-master-tig-dc-mma-welder-hktig300a\/","name":"Hongky Master TIG DC MMA Welder HKTIG300A - C\u00f4ng ty C\u01a1 Kh\u00ed H\u1ed3ng K\u00fd","isPartOf":{"@id":"https:\/\/www.hongky.com\/en\/#website"},"primaryImageOfPage":{"@id":"https:\/\/www.hongky.com\/en\/hongky-master-tig-dc-mma-welder-hktig300a\/#primaryimage"},"image":{"@id":"https:\/\/www.hongky.com\/en\/hongky-master-tig-dc-mma-welder-hktig300a\/#primaryimage"},"thumbnailUrl":"https:\/\/www.hongky.com\/wp-content\/uploads\/2024\/12\/argon-welding-hktig300a-product-by-hong-ky-3.jpg","datePublished":"2024-09-26T00:58:58+00:00","dateModified":"2026-02-26T02:26:14+00:00","description":"HKTIG300 versatile 300A TIG\/MMA welder with argon and HF start, using IGBT tech, supports TIG 1.6\u20133.2, stick 2.6\u20135.0mm, spot weld, ideal for light industry.","breadcrumb":{"@id":"https:\/\/www.hongky.com\/en\/hongky-master-tig-dc-mma-welder-hktig300a\/#breadcrumb"},"inLanguage":"en-US","potentialAction":[{"@type":"ReadAction","target":["https:\/\/www.hongky.com\/en\/hongky-master-tig-dc-mma-welder-hktig300a\/"]}]},{"@type":"ImageObject","inLanguage":"en-US","@id":"https:\/\/www.hongky.com\/en\/hongky-master-tig-dc-mma-welder-hktig300a\/#primaryimage","url":"https:\/\/www.hongky.com\/wp-content\/uploads\/2024\/12\/argon-welding-hktig300a-product-by-hong-ky-3.jpg","contentUrl":"https:\/\/www.hongky.com\/wp-content\/uploads\/2024\/12\/argon-welding-hktig300a-product-by-hong-ky-3.jpg","width":2000,"height":1574,"caption":"The HKTIG300A, manufactured by Hong Ky, features two welding functions: 300A TIG and MMA, specifically designed for welding iron, steel, and stainless steel."},{"@type":"BreadcrumbList","@id":"https:\/\/www.hongky.com\/en\/hongky-master-tig-dc-mma-welder-hktig300a\/#breadcrumb","itemListElement":[{"@type":"ListItem","position":1,"name":"Home","item":"https:\/\/www.hongky.com\/en\/"},{"@type":"ListItem","position":2,"name":"Shop","item":"https:\/\/www.hongky.com\/en\/shop\/"},{"@type":"ListItem","position":3,"name":"Product","item":"https:\/\/www.hongky.com\/en\/product\/"},{"@type":"ListItem","position":4,"name":"Welding machine, plasma metal cutter","item":"https:\/\/www.hongky.com\/en\/welding-machine-plasma-metal-cutter\/"},{"@type":"ListItem","position":5,"name":"TIG Welding Machine","item":"https:\/\/www.hongky.com\/en\/tig-welding-machine\/"},{"@type":"ListItem","position":6,"name":"Hongky Master TIG DC MMA Welder HKTIG300A"}]},{"@type":"WebSite","@id":"https:\/\/www.hongky.com\/en\/#website","url":"https:\/\/www.hongky.com\/en\/","name":"C\u00f4ng ty C\u01a1 Kh\u00ed H\u1ed3ng K\u00fd","description":"Th\u01b0\u01a1ng hi\u1ec7u H\u1ed3ng K\u00fd l\u00e0 s\u1ef1 l\u1ef1a ch\u1ecdn h\u00e0ng \u0111\u1ea7u c\u1ee7a \u0111\u1ed1i t\u00e1c &amp; kh\u00e1ch h\u00e0ng","publisher":{"@id":"https:\/\/www.hongky.com\/en\/#organization"},"potentialAction":[{"@type":"SearchAction","target":{"@type":"EntryPoint","urlTemplate":"https:\/\/www.hongky.com\/en\/?s={search_term_string}"},"query-input":{"@type":"PropertyValueSpecification","valueRequired":true,"valueName":"search_term_string"}}],"inLanguage":"en-US"},{"@type":"Organization","@id":"https:\/\/www.hongky.com\/en\/#organization","name":"C\u00f4ng ty C\u01a1 Kh\u00ed H\u1ed3ng K\u00fd","url":"https:\/\/www.hongky.com\/en\/","logo":{"@type":"ImageObject","inLanguage":"en-US","@id":"https:\/\/www.hongky.com\/en\/#\/schema\/logo\/image\/","url":"https:\/\/www.hongky.com\/wp-content\/uploads\/2025\/06\/cropped-hong-ky-mechanical-company-2.png","contentUrl":"https:\/\/www.hongky.com\/wp-content\/uploads\/2025\/06\/cropped-hong-ky-mechanical-company-2.png","width":849,"height":849,"caption":"C\u00f4ng ty C\u01a1 Kh\u00ed H\u1ed3ng K\u00fd"},"image":{"@id":"https:\/\/www.hongky.com\/en\/#\/schema\/logo\/image\/"},"sameAs":["https:\/\/www.facebook.com\/HongKyMayHan"]}]}},"_links":{"self":[{"href":"https:\/\/www.hongky.com\/en\/wp-json\/wp\/v2\/product\/5941","targetHints":{"allow":["GET"]}}],"collection":[{"href":"https:\/\/www.hongky.com\/en\/wp-json\/wp\/v2\/product"}],"about":[{"href":"https:\/\/www.hongky.com\/en\/wp-json\/wp\/v2\/types\/product"}],"replies":[{"embeddable":true,"href":"https:\/\/www.hongky.com\/en\/wp-json\/wp\/v2\/comments?post=5941"}],"wp:featuredmedia":[{"embeddable":true,"href":"https:\/\/www.hongky.com\/en\/wp-json\/wp\/v2\/media\/4147"}],"wp:attachment":[{"href":"https:\/\/www.hongky.com\/en\/wp-json\/wp\/v2\/media?parent=5941"}],"wp:term":[{"taxonomy":"product_brand","embeddable":true,"href":"https:\/\/www.hongky.com\/en\/wp-json\/wp\/v2\/product_brand?post=5941"},{"taxonomy":"product_cat","embeddable":true,"href":"https:\/\/www.hongky.com\/en\/wp-json\/wp\/v2\/product_cat?post=5941"},{"taxonomy":"product_tag","embeddable":true,"href":"https:\/\/www.hongky.com\/en\/wp-json\/wp\/v2\/product_tag?post=5941"}],"curies":[{"name":"wp","href":"https:\/\/api.w.org\/{rel}","templated":true}]}}