{"id":5955,"date":"2024-09-25T17:48:15","date_gmt":"2024-09-25T10:48:15","guid":{"rendered":"https:\/\/hongky.com\/product\/may-khoan-ban-kt10\/"},"modified":"2025-08-04T15:15:31","modified_gmt":"2025-08-04T08:15:31","slug":"may-khoan-ban-kt10","status":"publish","type":"product","link":"https:\/\/www.hongky.com\/en\/kt10-bench-drilling-machine\/","title":{"rendered":"KT10 bench drilling machine"},"content":{"rendered":"<p style=\"text-align: justify;\">The KT10 bench drill press is a high power drill designed for precision and efficiency in industrial and home applications. This metal drill press is engineered to handle tough materials with ease and is ideal for a variety of projects. Made in Vietnam, it combines quality, durability, and versatility.<\/p>\n","protected":false},"excerpt":{"rendered":"<ul>\n<li>Powerful 1hp drill press for robust performance.<\/li>\n<li>Versatile bench drilling machine suitable for various materials.<\/li>\n<li>Sturdy pillar drill construction ensures stability.<\/li>\n<li>Ergonomic table drill machine design for user-friendly operation.<\/li>\n<li>High precision and efficient for detailed metal and woodworking tasks.<\/li>\n<\/ul>\n","protected":false},"featured_media":9651,"menu_order":526,"comment_status":"open","ping_status":"closed","template":"","meta":{"_acf_changed":false,"inline_featured_image":false},"product_brand":[],"product_cat":[599,600],"product_tag":[1689,1294,1295,1296,1690,1691,1297,1299,1298],"class_list":{"0":"post-5955","1":"product","2":"type-product","3":"status-publish","4":"has-post-thumbnail","6":"product_cat-drilling-cutting-taro-machine","7":"product_cat-drill-press-0-6m-1-0m","8":"product_tag-1hp-drill-press","9":"product_tag-bench-drill-press","10":"product_tag-bench-drilling-machine","11":"product_tag-floor-drill-press","12":"product_tag-high-power-drill","13":"product_tag-metal-drill-press","14":"product_tag-pillar-drill","15":"product_tag-stand-drill","16":"product_tag-table-drill-machine","18":"first","19":"instock","20":"shipping-taxable","21":"product-type-simple"},"acf":[],"yoast_head":"<!-- This site is optimized with the Yoast SEO plugin v23.7 - https:\/\/yoast.com\/wordpress\/plugins\/seo\/ -->\n<title>KT10 bench drilling machine - C\u00f4ng ty C\u01a1 Kh\u00ed H\u1ed3ng K\u00fd<\/title>\n<meta name=\"description\" content=\"KT10 bench drill press: high power, 1hp drill press made in Vietnam. Perfect for metal, wood, and plastic. Ideal for professional and home workshop projects\" \/>\n<meta name=\"robots\" content=\"index, follow, max-snippet:-1, max-image-preview:large, max-video-preview:-1\" \/>\n<link rel=\"canonical\" href=\"https:\/\/www.hongky.com\/en\/kt10-bench-drilling-machine\" \/>\n<meta property=\"og:locale\" content=\"en_US\" \/>\n<meta property=\"og:type\" content=\"article\" \/>\n<meta property=\"og:title\" content=\"KT10 bench drilling machine - C\u00f4ng ty C\u01a1 Kh\u00ed H\u1ed3ng K\u00fd\" \/>\n<meta property=\"og:description\" content=\"KT10 bench drill press: high power, 1hp drill press made in Vietnam. Perfect for metal, wood, and plastic. Ideal for professional and home workshop projects\" \/>\n<meta property=\"og:url\" content=\"https:\/\/www.hongky.com\/en\/kt10-bench-drilling-machine\" \/>\n<meta property=\"og:site_name\" content=\"C\u00f4ng ty C\u01a1 Kh\u00ed H\u1ed3ng K\u00fd\" \/>\n<meta property=\"article:publisher\" content=\"https:\/\/www.facebook.com\/HongKyMayHan\" \/>\n<meta property=\"article:modified_time\" content=\"2025-08-04T08:15:31+00:00\" \/>\n<meta property=\"og:image\" content=\"https:\/\/www.hongky.com\/wp-content\/uploads\/2025\/02\/hong-ky-bench-drill-kt10.jpg\" \/>\n\t<meta property=\"og:image:width\" content=\"680\" \/>\n\t<meta property=\"og:image:height\" content=\"535\" \/>\n\t<meta property=\"og:image:type\" content=\"image\/jpeg\" \/>\n<meta name=\"twitter:card\" content=\"summary_large_image\" \/>\n<meta name=\"twitter:label1\" content=\"Est. reading time\" \/>\n\t<meta name=\"twitter:data1\" content=\"1 minute\" \/>\n<script type=\"application\/ld+json\" class=\"yoast-schema-graph\">{\"@context\":\"https:\/\/schema.org\",\"@graph\":[{\"@type\":\"WebPage\",\"@id\":\"https:\/\/www.hongky.com\/en\/kt10-bench-drilling-machine\/\",\"url\":\"https:\/\/www.hongky.com\/en\/kt10-bench-drilling-machine\/\",\"name\":\"KT10 bench drilling machine - C\u00f4ng ty C\u01a1 Kh\u00ed H\u1ed3ng K\u00fd\",\"isPartOf\":{\"@id\":\"https:\/\/www.hongky.com\/en\/#website\"},\"primaryImageOfPage\":{\"@id\":\"https:\/\/www.hongky.com\/en\/kt10-bench-drilling-machine\/#primaryimage\"},\"image\":{\"@id\":\"https:\/\/www.hongky.com\/en\/kt10-bench-drilling-machine\/#primaryimage\"},\"thumbnailUrl\":\"https:\/\/www.hongky.com\/wp-content\/uploads\/2025\/02\/hong-ky-bench-drill-kt10.jpg\",\"datePublished\":\"2024-09-25T10:48:15+00:00\",\"dateModified\":\"2025-08-04T08:15:31+00:00\",\"description\":\"KT10 bench drill press: high power, 1hp drill press made in Vietnam. Perfect for metal, wood, and plastic. Ideal for professional and home workshop projects\",\"breadcrumb\":{\"@id\":\"https:\/\/www.hongky.com\/en\/kt10-bench-drilling-machine\/#breadcrumb\"},\"inLanguage\":\"en-US\",\"potentialAction\":[{\"@type\":\"ReadAction\",\"target\":[\"https:\/\/www.hongky.com\/en\/kt10-bench-drilling-machine\/\"]}]},{\"@type\":\"ImageObject\",\"inLanguage\":\"en-US\",\"@id\":\"https:\/\/www.hongky.com\/en\/kt10-bench-drilling-machine\/#primaryimage\",\"url\":\"https:\/\/www.hongky.com\/wp-content\/uploads\/2025\/02\/hong-ky-bench-drill-kt10.jpg\",\"contentUrl\":\"https:\/\/www.hongky.com\/wp-content\/uploads\/2025\/02\/hong-ky-bench-drill-kt10.jpg\",\"width\":680,\"height\":535,\"caption\":\"Hong Ky Bench Drill KT10\"},{\"@type\":\"BreadcrumbList\",\"@id\":\"https:\/\/www.hongky.com\/en\/kt10-bench-drilling-machine\/#breadcrumb\",\"itemListElement\":[{\"@type\":\"ListItem\",\"position\":1,\"name\":\"Home\",\"item\":\"https:\/\/www.hongky.com\/en\/\"},{\"@type\":\"ListItem\",\"position\":2,\"name\":\"Shop\",\"item\":\"https:\/\/www.hongky.com\/en\/shop\/\"},{\"@type\":\"ListItem\",\"position\":3,\"name\":\"Product\",\"item\":\"https:\/\/www.hongky.com\/en\/product\/\"},{\"@type\":\"ListItem\",\"position\":4,\"name\":\"Drill - Cutting - Taro Machines\",\"item\":\"https:\/\/www.hongky.com\/en\/drill-cutting-taro-machines\/\"},{\"@type\":\"ListItem\",\"position\":5,\"name\":\"Drill press 0.6m - 1.0m\",\"item\":\"https:\/\/www.hongky.com\/en\/drill-press-06m-10m\/\"},{\"@type\":\"ListItem\",\"position\":6,\"name\":\"KT10 bench drilling machine\"}]},{\"@type\":\"WebSite\",\"@id\":\"https:\/\/www.hongky.com\/en\/#website\",\"url\":\"https:\/\/www.hongky.com\/en\/\",\"name\":\"C\u00f4ng ty C\u01a1 Kh\u00ed H\u1ed3ng K\u00fd\",\"description\":\"Th\u01b0\u01a1ng hi\u1ec7u H\u1ed3ng K\u00fd l\u00e0 s\u1ef1 l\u1ef1a ch\u1ecdn h\u00e0ng \u0111\u1ea7u c\u1ee7a \u0111\u1ed1i t\u00e1c &amp; kh\u00e1ch h\u00e0ng\",\"publisher\":{\"@id\":\"https:\/\/www.hongky.com\/en\/#organization\"},\"potentialAction\":[{\"@type\":\"SearchAction\",\"target\":{\"@type\":\"EntryPoint\",\"urlTemplate\":\"https:\/\/www.hongky.com\/en\/?s={search_term_string}\"},\"query-input\":{\"@type\":\"PropertyValueSpecification\",\"valueRequired\":true,\"valueName\":\"search_term_string\"}}],\"inLanguage\":\"en-US\"},{\"@type\":\"Organization\",\"@id\":\"https:\/\/www.hongky.com\/en\/#organization\",\"name\":\"C\u00f4ng ty C\u01a1 Kh\u00ed H\u1ed3ng K\u00fd\",\"url\":\"https:\/\/www.hongky.com\/en\/\",\"logo\":{\"@type\":\"ImageObject\",\"inLanguage\":\"en-US\",\"@id\":\"https:\/\/www.hongky.com\/en\/#\/schema\/logo\/image\/\",\"url\":\"https:\/\/www.hongky.com\/wp-content\/uploads\/2025\/06\/cropped-hong-ky-mechanical-company-2.png\",\"contentUrl\":\"https:\/\/www.hongky.com\/wp-content\/uploads\/2025\/06\/cropped-hong-ky-mechanical-company-2.png\",\"width\":849,\"height\":849,\"caption\":\"C\u00f4ng ty C\u01a1 Kh\u00ed H\u1ed3ng K\u00fd\"},\"image\":{\"@id\":\"https:\/\/www.hongky.com\/en\/#\/schema\/logo\/image\/\"},\"sameAs\":[\"https:\/\/www.facebook.com\/HongKyMayHan\"]}]}<\/script>\n<!-- \/ Yoast SEO plugin. -->","yoast_head_json":{"title":"KT10 bench drilling machine - C\u00f4ng ty C\u01a1 Kh\u00ed H\u1ed3ng K\u00fd","description":"KT10 bench drill press: high power, 1hp drill press made in Vietnam. Perfect for metal, wood, and plastic. Ideal for professional and home workshop projects","robots":{"index":"index","follow":"follow","max-snippet":"max-snippet:-1","max-image-preview":"max-image-preview:large","max-video-preview":"max-video-preview:-1"},"canonical":"https:\/\/www.hongky.com\/en\/kt10-bench-drilling-machine","og_locale":"en_US","og_type":"article","og_title":"KT10 bench drilling machine - C\u00f4ng ty C\u01a1 Kh\u00ed H\u1ed3ng K\u00fd","og_description":"KT10 bench drill press: high power, 1hp drill press made in Vietnam. Perfect for metal, wood, and plastic. Ideal for professional and home workshop projects","og_url":"https:\/\/www.hongky.com\/en\/kt10-bench-drilling-machine","og_site_name":"C\u00f4ng ty C\u01a1 Kh\u00ed H\u1ed3ng K\u00fd","article_publisher":"https:\/\/www.facebook.com\/HongKyMayHan","article_modified_time":"2025-08-04T08:15:31+00:00","og_image":[{"width":680,"height":535,"url":"https:\/\/www.hongky.com\/wp-content\/uploads\/2025\/02\/hong-ky-bench-drill-kt10.jpg","type":"image\/jpeg"}],"twitter_card":"summary_large_image","twitter_misc":{"Est. reading time":"1 minute"},"schema":{"@context":"https:\/\/schema.org","@graph":[{"@type":"WebPage","@id":"https:\/\/www.hongky.com\/en\/kt10-bench-drilling-machine\/","url":"https:\/\/www.hongky.com\/en\/kt10-bench-drilling-machine\/","name":"KT10 bench drilling machine - C\u00f4ng ty C\u01a1 Kh\u00ed H\u1ed3ng K\u00fd","isPartOf":{"@id":"https:\/\/www.hongky.com\/en\/#website"},"primaryImageOfPage":{"@id":"https:\/\/www.hongky.com\/en\/kt10-bench-drilling-machine\/#primaryimage"},"image":{"@id":"https:\/\/www.hongky.com\/en\/kt10-bench-drilling-machine\/#primaryimage"},"thumbnailUrl":"https:\/\/www.hongky.com\/wp-content\/uploads\/2025\/02\/hong-ky-bench-drill-kt10.jpg","datePublished":"2024-09-25T10:48:15+00:00","dateModified":"2025-08-04T08:15:31+00:00","description":"KT10 bench drill press: high power, 1hp drill press made in Vietnam. Perfect for metal, wood, and plastic. Ideal for professional and home workshop projects","breadcrumb":{"@id":"https:\/\/www.hongky.com\/en\/kt10-bench-drilling-machine\/#breadcrumb"},"inLanguage":"en-US","potentialAction":[{"@type":"ReadAction","target":["https:\/\/www.hongky.com\/en\/kt10-bench-drilling-machine\/"]}]},{"@type":"ImageObject","inLanguage":"en-US","@id":"https:\/\/www.hongky.com\/en\/kt10-bench-drilling-machine\/#primaryimage","url":"https:\/\/www.hongky.com\/wp-content\/uploads\/2025\/02\/hong-ky-bench-drill-kt10.jpg","contentUrl":"https:\/\/www.hongky.com\/wp-content\/uploads\/2025\/02\/hong-ky-bench-drill-kt10.jpg","width":680,"height":535,"caption":"Hong Ky Bench Drill KT10"},{"@type":"BreadcrumbList","@id":"https:\/\/www.hongky.com\/en\/kt10-bench-drilling-machine\/#breadcrumb","itemListElement":[{"@type":"ListItem","position":1,"name":"Home","item":"https:\/\/www.hongky.com\/en\/"},{"@type":"ListItem","position":2,"name":"Shop","item":"https:\/\/www.hongky.com\/en\/shop\/"},{"@type":"ListItem","position":3,"name":"Product","item":"https:\/\/www.hongky.com\/en\/product\/"},{"@type":"ListItem","position":4,"name":"Drill - Cutting - Taro Machines","item":"https:\/\/www.hongky.com\/en\/drill-cutting-taro-machines\/"},{"@type":"ListItem","position":5,"name":"Drill press 0.6m - 1.0m","item":"https:\/\/www.hongky.com\/en\/drill-press-06m-10m\/"},{"@type":"ListItem","position":6,"name":"KT10 bench drilling machine"}]},{"@type":"WebSite","@id":"https:\/\/www.hongky.com\/en\/#website","url":"https:\/\/www.hongky.com\/en\/","name":"C\u00f4ng ty C\u01a1 Kh\u00ed H\u1ed3ng K\u00fd","description":"Th\u01b0\u01a1ng hi\u1ec7u H\u1ed3ng K\u00fd l\u00e0 s\u1ef1 l\u1ef1a ch\u1ecdn h\u00e0ng \u0111\u1ea7u c\u1ee7a \u0111\u1ed1i t\u00e1c &amp; kh\u00e1ch h\u00e0ng","publisher":{"@id":"https:\/\/www.hongky.com\/en\/#organization"},"potentialAction":[{"@type":"SearchAction","target":{"@type":"EntryPoint","urlTemplate":"https:\/\/www.hongky.com\/en\/?s={search_term_string}"},"query-input":{"@type":"PropertyValueSpecification","valueRequired":true,"valueName":"search_term_string"}}],"inLanguage":"en-US"},{"@type":"Organization","@id":"https:\/\/www.hongky.com\/en\/#organization","name":"C\u00f4ng ty C\u01a1 Kh\u00ed H\u1ed3ng K\u00fd","url":"https:\/\/www.hongky.com\/en\/","logo":{"@type":"ImageObject","inLanguage":"en-US","@id":"https:\/\/www.hongky.com\/en\/#\/schema\/logo\/image\/","url":"https:\/\/www.hongky.com\/wp-content\/uploads\/2025\/06\/cropped-hong-ky-mechanical-company-2.png","contentUrl":"https:\/\/www.hongky.com\/wp-content\/uploads\/2025\/06\/cropped-hong-ky-mechanical-company-2.png","width":849,"height":849,"caption":"C\u00f4ng ty C\u01a1 Kh\u00ed H\u1ed3ng K\u00fd"},"image":{"@id":"https:\/\/www.hongky.com\/en\/#\/schema\/logo\/image\/"},"sameAs":["https:\/\/www.facebook.com\/HongKyMayHan"]}]}},"_links":{"self":[{"href":"https:\/\/www.hongky.com\/en\/wp-json\/wp\/v2\/product\/5955","targetHints":{"allow":["GET"]}}],"collection":[{"href":"https:\/\/www.hongky.com\/en\/wp-json\/wp\/v2\/product"}],"about":[{"href":"https:\/\/www.hongky.com\/en\/wp-json\/wp\/v2\/types\/product"}],"replies":[{"embeddable":true,"href":"https:\/\/www.hongky.com\/en\/wp-json\/wp\/v2\/comments?post=5955"}],"wp:featuredmedia":[{"embeddable":true,"href":"https:\/\/www.hongky.com\/en\/wp-json\/wp\/v2\/media\/9651"}],"wp:attachment":[{"href":"https:\/\/www.hongky.com\/en\/wp-json\/wp\/v2\/media?parent=5955"}],"wp:term":[{"taxonomy":"product_brand","embeddable":true,"href":"https:\/\/www.hongky.com\/en\/wp-json\/wp\/v2\/product_brand?post=5955"},{"taxonomy":"product_cat","embeddable":true,"href":"https:\/\/www.hongky.com\/en\/wp-json\/wp\/v2\/product_cat?post=5955"},{"taxonomy":"product_tag","embeddable":true,"href":"https:\/\/www.hongky.com\/en\/wp-json\/wp\/v2\/product_tag?post=5955"}],"curies":[{"name":"wp","href":"https:\/\/api.w.org\/{rel}","templated":true}]}}