{"id":5958,"date":"2024-09-25T17:09:20","date_gmt":"2024-09-25T10:09:20","guid":{"rendered":"https:\/\/hongky.com\/product\/may-khoan-ban-kd-800\/"},"modified":"2024-11-14T14:27:27","modified_gmt":"2024-11-14T07:27:27","slug":"may-khoan-ban-kd-800","status":"publish","type":"product","link":"https:\/\/www.hongky.com\/en\/kd-800-bench-drilling-machine\/","title":{"rendered":"KD 800 bench drilling machine"},"content":{"rendered":"<p>The KD-800 bench drill press is a versatile and robust drilling machine ideal for both home and industrial applications. This floor drill press provides precise drilling for a wide range of materials, including metals, wood, and plastics. Made in Vietnam, it offers both quality and durability.<\/p>\n","protected":false},"excerpt":{"rendered":"<ul>\n<li>High-precision bench top drill press for detailed drilling tasks.<\/li>\n<li>Versatile bench drilling machine for use on various materials.<\/li>\n<li>Sturdy pillar drill with stable construction for safety.<\/li>\n<li>Ergonomic design ideal for home drill and professional settings.<\/li>\n<li>Compact table drill machine with easy-to-adjust controls.<\/li>\n<\/ul>\n","protected":false},"featured_media":2890,"menu_order":534,"comment_status":"open","ping_status":"closed","template":"","meta":{"_acf_changed":false,"inline_featured_image":false},"product_brand":[],"product_cat":[599,600],"product_tag":[1294,1295,1309,1310,1296,1311,1297,1299,1298],"class_list":{"0":"post-5958","1":"product","2":"type-product","3":"status-publish","4":"has-post-thumbnail","6":"product_cat-drilling-cutting-taro-machine","7":"product_cat-drill-press-0-6m-1-0m","8":"product_tag-bench-drill-press","9":"product_tag-bench-drilling-machine","10":"product_tag-bench-top-drill-press","11":"product_tag-drill-press","12":"product_tag-floor-drill-press","13":"product_tag-home-drill","14":"product_tag-pillar-drill","15":"product_tag-stand-drill","16":"product_tag-table-drill-machine","18":"first","19":"instock","20":"shipping-taxable","21":"product-type-simple"},"acf":[],"yoast_head":"<!-- This site is optimized with the Yoast SEO plugin v23.7 - https:\/\/yoast.com\/wordpress\/plugins\/seo\/ -->\n<title>KD 800 bench drilling machine - C\u00f4ng ty C\u01a1 Kh\u00ed H\u1ed3ng K\u00fd<\/title>\n<meta name=\"description\" content=\"KD-800 Bench Drill Machine by Hong Ky, Made in Vietnam, offers reliable and precise drilling for wood, metal, and more. Ideal for professional and DIY use.\" \/>\n<meta name=\"robots\" content=\"index, follow, max-snippet:-1, max-image-preview:large, max-video-preview:-1\" \/>\n<link rel=\"canonical\" href=\"https:\/\/www.hongky.com\/en\/kd-800-bench-drilling-machine\" \/>\n<meta property=\"og:locale\" content=\"en_US\" \/>\n<meta property=\"og:type\" content=\"article\" \/>\n<meta property=\"og:title\" content=\"KD 800 bench drilling machine - C\u00f4ng ty C\u01a1 Kh\u00ed H\u1ed3ng K\u00fd\" \/>\n<meta property=\"og:description\" content=\"KD-800 Bench Drill Machine by Hong Ky, Made in Vietnam, offers reliable and precise drilling for wood, metal, and more. Ideal for professional and DIY use.\" \/>\n<meta property=\"og:url\" content=\"https:\/\/www.hongky.com\/en\/kd-800-bench-drilling-machine\" \/>\n<meta property=\"og:site_name\" content=\"C\u00f4ng ty C\u01a1 Kh\u00ed H\u1ed3ng K\u00fd\" \/>\n<meta property=\"article:publisher\" content=\"https:\/\/www.facebook.com\/HongKyMayHan\" \/>\n<meta property=\"article:modified_time\" content=\"2024-11-14T07:27:27+00:00\" \/>\n<meta property=\"og:image\" content=\"https:\/\/www.hongky.com\/wp-content\/uploads\/2024\/09\/may-khoan-ban-hong-ky-kd-800.jpg\" \/>\n\t<meta property=\"og:image:width\" content=\"680\" \/>\n\t<meta property=\"og:image:height\" content=\"535\" \/>\n\t<meta property=\"og:image:type\" content=\"image\/jpeg\" \/>\n<meta name=\"twitter:card\" content=\"summary_large_image\" \/>\n<meta name=\"twitter:label1\" content=\"Est. reading time\" \/>\n\t<meta name=\"twitter:data1\" content=\"1 minute\" \/>\n<script type=\"application\/ld+json\" class=\"yoast-schema-graph\">{\"@context\":\"https:\/\/schema.org\",\"@graph\":[{\"@type\":\"WebPage\",\"@id\":\"https:\/\/www.hongky.com\/en\/kd-800-bench-drilling-machine\/\",\"url\":\"https:\/\/www.hongky.com\/en\/kd-800-bench-drilling-machine\/\",\"name\":\"KD 800 bench drilling machine - C\u00f4ng ty C\u01a1 Kh\u00ed H\u1ed3ng K\u00fd\",\"isPartOf\":{\"@id\":\"https:\/\/www.hongky.com\/en\/#website\"},\"primaryImageOfPage\":{\"@id\":\"https:\/\/www.hongky.com\/en\/kd-800-bench-drilling-machine\/#primaryimage\"},\"image\":{\"@id\":\"https:\/\/www.hongky.com\/en\/kd-800-bench-drilling-machine\/#primaryimage\"},\"thumbnailUrl\":\"https:\/\/www.hongky.com\/wp-content\/uploads\/2024\/09\/may-khoan-ban-hong-ky-kd-800.jpg\",\"datePublished\":\"2024-09-25T10:09:20+00:00\",\"dateModified\":\"2024-11-14T07:27:27+00:00\",\"description\":\"KD-800 Bench Drill Machine by Hong Ky, Made in Vietnam, offers reliable and precise drilling for wood, metal, and more. Ideal for professional and DIY use.\",\"breadcrumb\":{\"@id\":\"https:\/\/www.hongky.com\/en\/kd-800-bench-drilling-machine\/#breadcrumb\"},\"inLanguage\":\"en-US\",\"potentialAction\":[{\"@type\":\"ReadAction\",\"target\":[\"https:\/\/www.hongky.com\/en\/kd-800-bench-drilling-machine\/\"]}]},{\"@type\":\"ImageObject\",\"inLanguage\":\"en-US\",\"@id\":\"https:\/\/www.hongky.com\/en\/kd-800-bench-drilling-machine\/#primaryimage\",\"url\":\"https:\/\/www.hongky.com\/wp-content\/uploads\/2024\/09\/may-khoan-ban-hong-ky-kd-800.jpg\",\"contentUrl\":\"https:\/\/www.hongky.com\/wp-content\/uploads\/2024\/09\/may-khoan-ban-hong-ky-kd-800.jpg\",\"width\":680,\"height\":535,\"caption\":\"may-khoan-ban-hong-ky-kd-800\"},{\"@type\":\"BreadcrumbList\",\"@id\":\"https:\/\/www.hongky.com\/en\/kd-800-bench-drilling-machine\/#breadcrumb\",\"itemListElement\":[{\"@type\":\"ListItem\",\"position\":1,\"name\":\"Home\",\"item\":\"https:\/\/www.hongky.com\/en\/\"},{\"@type\":\"ListItem\",\"position\":2,\"name\":\"Shop\",\"item\":\"https:\/\/www.hongky.com\/en\/shop\/\"},{\"@type\":\"ListItem\",\"position\":3,\"name\":\"Product\",\"item\":\"https:\/\/www.hongky.com\/en\/product\/\"},{\"@type\":\"ListItem\",\"position\":4,\"name\":\"Drill - Cutting - Taro Machines\",\"item\":\"https:\/\/www.hongky.com\/en\/drill-cutting-taro-machines\/\"},{\"@type\":\"ListItem\",\"position\":5,\"name\":\"Drill press 0.6m - 1.0m\",\"item\":\"https:\/\/www.hongky.com\/en\/drill-press-06m-10m\/\"},{\"@type\":\"ListItem\",\"position\":6,\"name\":\"KD 800 bench drilling machine\"}]},{\"@type\":\"WebSite\",\"@id\":\"https:\/\/www.hongky.com\/en\/#website\",\"url\":\"https:\/\/www.hongky.com\/en\/\",\"name\":\"C\u00f4ng ty C\u01a1 Kh\u00ed H\u1ed3ng K\u00fd\",\"description\":\"Th\u01b0\u01a1ng hi\u1ec7u H\u1ed3ng K\u00fd l\u00e0 s\u1ef1 l\u1ef1a ch\u1ecdn h\u00e0ng \u0111\u1ea7u c\u1ee7a \u0111\u1ed1i t\u00e1c &amp; kh\u00e1ch h\u00e0ng\",\"publisher\":{\"@id\":\"https:\/\/www.hongky.com\/en\/#organization\"},\"potentialAction\":[{\"@type\":\"SearchAction\",\"target\":{\"@type\":\"EntryPoint\",\"urlTemplate\":\"https:\/\/www.hongky.com\/en\/?s={search_term_string}\"},\"query-input\":{\"@type\":\"PropertyValueSpecification\",\"valueRequired\":true,\"valueName\":\"search_term_string\"}}],\"inLanguage\":\"en-US\"},{\"@type\":\"Organization\",\"@id\":\"https:\/\/www.hongky.com\/en\/#organization\",\"name\":\"C\u00f4ng ty C\u01a1 Kh\u00ed H\u1ed3ng K\u00fd\",\"url\":\"https:\/\/www.hongky.com\/en\/\",\"logo\":{\"@type\":\"ImageObject\",\"inLanguage\":\"en-US\",\"@id\":\"https:\/\/www.hongky.com\/en\/#\/schema\/logo\/image\/\",\"url\":\"https:\/\/www.hongky.com\/wp-content\/uploads\/2025\/06\/cropped-hong-ky-mechanical-company-2.png\",\"contentUrl\":\"https:\/\/www.hongky.com\/wp-content\/uploads\/2025\/06\/cropped-hong-ky-mechanical-company-2.png\",\"width\":849,\"height\":849,\"caption\":\"C\u00f4ng ty C\u01a1 Kh\u00ed H\u1ed3ng K\u00fd\"},\"image\":{\"@id\":\"https:\/\/www.hongky.com\/en\/#\/schema\/logo\/image\/\"},\"sameAs\":[\"https:\/\/www.facebook.com\/HongKyMayHan\"]}]}<\/script>\n<!-- \/ Yoast SEO plugin. -->","yoast_head_json":{"title":"KD 800 bench drilling machine - C\u00f4ng ty C\u01a1 Kh\u00ed H\u1ed3ng K\u00fd","description":"KD-800 Bench Drill Machine by Hong Ky, Made in Vietnam, offers reliable and precise drilling for wood, metal, and more. Ideal for professional and DIY use.","robots":{"index":"index","follow":"follow","max-snippet":"max-snippet:-1","max-image-preview":"max-image-preview:large","max-video-preview":"max-video-preview:-1"},"canonical":"https:\/\/www.hongky.com\/en\/kd-800-bench-drilling-machine","og_locale":"en_US","og_type":"article","og_title":"KD 800 bench drilling machine - C\u00f4ng ty C\u01a1 Kh\u00ed H\u1ed3ng K\u00fd","og_description":"KD-800 Bench Drill Machine by Hong Ky, Made in Vietnam, offers reliable and precise drilling for wood, metal, and more. Ideal for professional and DIY use.","og_url":"https:\/\/www.hongky.com\/en\/kd-800-bench-drilling-machine","og_site_name":"C\u00f4ng ty C\u01a1 Kh\u00ed H\u1ed3ng K\u00fd","article_publisher":"https:\/\/www.facebook.com\/HongKyMayHan","article_modified_time":"2024-11-14T07:27:27+00:00","og_image":[{"width":680,"height":535,"url":"https:\/\/www.hongky.com\/wp-content\/uploads\/2024\/09\/may-khoan-ban-hong-ky-kd-800.jpg","type":"image\/jpeg"}],"twitter_card":"summary_large_image","twitter_misc":{"Est. reading time":"1 minute"},"schema":{"@context":"https:\/\/schema.org","@graph":[{"@type":"WebPage","@id":"https:\/\/www.hongky.com\/en\/kd-800-bench-drilling-machine\/","url":"https:\/\/www.hongky.com\/en\/kd-800-bench-drilling-machine\/","name":"KD 800 bench drilling machine - C\u00f4ng ty C\u01a1 Kh\u00ed H\u1ed3ng K\u00fd","isPartOf":{"@id":"https:\/\/www.hongky.com\/en\/#website"},"primaryImageOfPage":{"@id":"https:\/\/www.hongky.com\/en\/kd-800-bench-drilling-machine\/#primaryimage"},"image":{"@id":"https:\/\/www.hongky.com\/en\/kd-800-bench-drilling-machine\/#primaryimage"},"thumbnailUrl":"https:\/\/www.hongky.com\/wp-content\/uploads\/2024\/09\/may-khoan-ban-hong-ky-kd-800.jpg","datePublished":"2024-09-25T10:09:20+00:00","dateModified":"2024-11-14T07:27:27+00:00","description":"KD-800 Bench Drill Machine by Hong Ky, Made in Vietnam, offers reliable and precise drilling for wood, metal, and more. Ideal for professional and DIY use.","breadcrumb":{"@id":"https:\/\/www.hongky.com\/en\/kd-800-bench-drilling-machine\/#breadcrumb"},"inLanguage":"en-US","potentialAction":[{"@type":"ReadAction","target":["https:\/\/www.hongky.com\/en\/kd-800-bench-drilling-machine\/"]}]},{"@type":"ImageObject","inLanguage":"en-US","@id":"https:\/\/www.hongky.com\/en\/kd-800-bench-drilling-machine\/#primaryimage","url":"https:\/\/www.hongky.com\/wp-content\/uploads\/2024\/09\/may-khoan-ban-hong-ky-kd-800.jpg","contentUrl":"https:\/\/www.hongky.com\/wp-content\/uploads\/2024\/09\/may-khoan-ban-hong-ky-kd-800.jpg","width":680,"height":535,"caption":"may-khoan-ban-hong-ky-kd-800"},{"@type":"BreadcrumbList","@id":"https:\/\/www.hongky.com\/en\/kd-800-bench-drilling-machine\/#breadcrumb","itemListElement":[{"@type":"ListItem","position":1,"name":"Home","item":"https:\/\/www.hongky.com\/en\/"},{"@type":"ListItem","position":2,"name":"Shop","item":"https:\/\/www.hongky.com\/en\/shop\/"},{"@type":"ListItem","position":3,"name":"Product","item":"https:\/\/www.hongky.com\/en\/product\/"},{"@type":"ListItem","position":4,"name":"Drill - Cutting - Taro Machines","item":"https:\/\/www.hongky.com\/en\/drill-cutting-taro-machines\/"},{"@type":"ListItem","position":5,"name":"Drill press 0.6m - 1.0m","item":"https:\/\/www.hongky.com\/en\/drill-press-06m-10m\/"},{"@type":"ListItem","position":6,"name":"KD 800 bench drilling machine"}]},{"@type":"WebSite","@id":"https:\/\/www.hongky.com\/en\/#website","url":"https:\/\/www.hongky.com\/en\/","name":"C\u00f4ng ty C\u01a1 Kh\u00ed H\u1ed3ng K\u00fd","description":"Th\u01b0\u01a1ng hi\u1ec7u H\u1ed3ng K\u00fd l\u00e0 s\u1ef1 l\u1ef1a ch\u1ecdn h\u00e0ng \u0111\u1ea7u c\u1ee7a \u0111\u1ed1i t\u00e1c &amp; kh\u00e1ch h\u00e0ng","publisher":{"@id":"https:\/\/www.hongky.com\/en\/#organization"},"potentialAction":[{"@type":"SearchAction","target":{"@type":"EntryPoint","urlTemplate":"https:\/\/www.hongky.com\/en\/?s={search_term_string}"},"query-input":{"@type":"PropertyValueSpecification","valueRequired":true,"valueName":"search_term_string"}}],"inLanguage":"en-US"},{"@type":"Organization","@id":"https:\/\/www.hongky.com\/en\/#organization","name":"C\u00f4ng ty C\u01a1 Kh\u00ed H\u1ed3ng K\u00fd","url":"https:\/\/www.hongky.com\/en\/","logo":{"@type":"ImageObject","inLanguage":"en-US","@id":"https:\/\/www.hongky.com\/en\/#\/schema\/logo\/image\/","url":"https:\/\/www.hongky.com\/wp-content\/uploads\/2025\/06\/cropped-hong-ky-mechanical-company-2.png","contentUrl":"https:\/\/www.hongky.com\/wp-content\/uploads\/2025\/06\/cropped-hong-ky-mechanical-company-2.png","width":849,"height":849,"caption":"C\u00f4ng ty C\u01a1 Kh\u00ed H\u1ed3ng K\u00fd"},"image":{"@id":"https:\/\/www.hongky.com\/en\/#\/schema\/logo\/image\/"},"sameAs":["https:\/\/www.facebook.com\/HongKyMayHan"]}]}},"_links":{"self":[{"href":"https:\/\/www.hongky.com\/en\/wp-json\/wp\/v2\/product\/5958","targetHints":{"allow":["GET"]}}],"collection":[{"href":"https:\/\/www.hongky.com\/en\/wp-json\/wp\/v2\/product"}],"about":[{"href":"https:\/\/www.hongky.com\/en\/wp-json\/wp\/v2\/types\/product"}],"replies":[{"embeddable":true,"href":"https:\/\/www.hongky.com\/en\/wp-json\/wp\/v2\/comments?post=5958"}],"wp:featuredmedia":[{"embeddable":true,"href":"https:\/\/www.hongky.com\/en\/wp-json\/wp\/v2\/media\/2890"}],"wp:attachment":[{"href":"https:\/\/www.hongky.com\/en\/wp-json\/wp\/v2\/media?parent=5958"}],"wp:term":[{"taxonomy":"product_brand","embeddable":true,"href":"https:\/\/www.hongky.com\/en\/wp-json\/wp\/v2\/product_brand?post=5958"},{"taxonomy":"product_cat","embeddable":true,"href":"https:\/\/www.hongky.com\/en\/wp-json\/wp\/v2\/product_cat?post=5958"},{"taxonomy":"product_tag","embeddable":true,"href":"https:\/\/www.hongky.com\/en\/wp-json\/wp\/v2\/product_tag?post=5958"}],"curies":[{"name":"wp","href":"https:\/\/api.w.org\/{rel}","templated":true}]}}