{"id":5968,"date":"2024-09-25T11:01:57","date_gmt":"2024-09-25T04:01:57","guid":{"rendered":"https:\/\/hongky.com\/product\/may-han-dien-tu-hk-mig-250-pro-3\/"},"modified":"2026-04-06T15:42:29","modified_gmt":"2026-04-06T08:42:29","slug":"hongky-pro-mig-welder-mig250pro3","status":"publish","type":"product","link":"https:\/\/www.hongky.com\/en\/hongky-pro-mig-welder-mig250pro3\/","title":{"rendered":"Hongky Pro MIG Welder MIG250PRO3"},"content":{"rendered":"<p style=\"text-align: left;\">The Hong Ky PRO 250A MIG Welder MIG250PRO3, Made in Vietnam, brings high efficiency and superior energy savings for professionals. This 250A MIG welder utilizes advanced inverter technology to deliver reliable, precise welds across various materials, ideal for both industrial and home use.<\/p>\n","protected":false},"excerpt":{"rendered":"<ul>\n<li>\n<div class=\"ewa-rteLine\">Wire 0.8\u20131.2mm<\/div>\n<\/li>\n<li>\n<div class=\"ewa-rteLine\"><\/div>\n<div class=\"ewa-rteLine\">Wire feed 15kg<\/div>\n<\/li>\n<li>\n<div class=\"ewa-rteLine\"><\/div>\n<div class=\"ewa-rteLine\">3m B200 EU torch<\/div>\n<\/li>\n<li>\n<div class=\"ewa-rteLine\"><\/div>\n<div class=\"ewa-rteLine\">Fast\/slow feed<\/div>\n<\/li>\n<li>\n<div class=\"ewa-rteLine\"><\/div>\n<div class=\"ewa-rteLine\">Light industry weld<\/div>\n<\/li>\n<\/ul>\n","protected":false},"featured_media":4016,"menu_order":121,"comment_status":"open","ping_status":"closed","template":"","meta":{"_acf_changed":false,"inline_featured_image":false},"product_brand":[2591],"product_cat":[607],"product_tag":[1338,1339,1586],"class_list":{"0":"post-5968","1":"product","2":"type-product","3":"status-publish","4":"has-post-thumbnail","6":"product_brand-pro","7":"product_cat-mig-welding-machine","8":"product_tag-250a-mig-welder","9":"product_tag-gas-metal-arc-welding","10":"product_tag-mig250-welding-machine","12":"first","13":"instock","14":"shipping-taxable","15":"product-type-simple"},"acf":[],"yoast_head":"<!-- This site is optimized with the Yoast SEO plugin v23.7 - https:\/\/yoast.com\/wordpress\/plugins\/seo\/ -->\n<title>Hongky Pro MIG Welder MIG250PRO3 - C\u00f4ng ty C\u01a1 Kh\u00ed H\u1ed3ng K\u00fd<\/title>\n<meta name=\"description\" content=\"250A MIG welder MIG250PRO3 with inverter technology, 380V power, wire size 0.8\u20131.2mm, delivering energy\u2011efficient welding for steel and stainless steel.\" \/>\n<meta name=\"robots\" content=\"index, follow, max-snippet:-1, max-image-preview:large, max-video-preview:-1\" \/>\n<link rel=\"canonical\" href=\"https:\/\/www.hongky.com\/en\/hongky-pro-mig-welder-mig250pro3\" \/>\n<meta property=\"og:locale\" content=\"en_US\" \/>\n<meta property=\"og:type\" content=\"article\" \/>\n<meta property=\"og:title\" content=\"Hongky Pro MIG Welder MIG250PRO3 - C\u00f4ng ty C\u01a1 Kh\u00ed H\u1ed3ng K\u00fd\" \/>\n<meta property=\"og:description\" content=\"250A MIG welder MIG250PRO3 with inverter technology, 380V power, wire size 0.8\u20131.2mm, delivering energy\u2011efficient welding for steel and stainless steel.\" \/>\n<meta property=\"og:url\" content=\"https:\/\/www.hongky.com\/en\/hongky-pro-mig-welder-mig250pro3\" \/>\n<meta property=\"og:site_name\" content=\"C\u00f4ng ty C\u01a1 Kh\u00ed H\u1ed3ng K\u00fd\" \/>\n<meta property=\"article:publisher\" content=\"https:\/\/www.facebook.com\/HongKyMayHan\" \/>\n<meta property=\"article:modified_time\" content=\"2026-04-06T08:42:29+00:00\" \/>\n<meta property=\"og:image\" content=\"https:\/\/www.hongky.com\/wp-content\/uploads\/2024\/11\/welding-machine-mig-250-pro-3-hong-ky-1a.jpg\" \/>\n\t<meta property=\"og:image:width\" content=\"1500\" \/>\n\t<meta property=\"og:image:height\" content=\"1170\" \/>\n\t<meta property=\"og:image:type\" content=\"image\/jpeg\" \/>\n<meta name=\"twitter:card\" content=\"summary_large_image\" \/>\n<meta name=\"twitter:label1\" content=\"Est. reading time\" \/>\n\t<meta name=\"twitter:data1\" content=\"1 minute\" \/>\n<script type=\"application\/ld+json\" class=\"yoast-schema-graph\">{\"@context\":\"https:\/\/schema.org\",\"@graph\":[{\"@type\":\"WebPage\",\"@id\":\"https:\/\/www.hongky.com\/en\/hongky-pro-mig-welder-mig250pro3\/\",\"url\":\"https:\/\/www.hongky.com\/en\/hongky-pro-mig-welder-mig250pro3\/\",\"name\":\"Hongky Pro MIG Welder MIG250PRO3 - C\u00f4ng ty C\u01a1 Kh\u00ed H\u1ed3ng K\u00fd\",\"isPartOf\":{\"@id\":\"https:\/\/www.hongky.com\/en\/#website\"},\"primaryImageOfPage\":{\"@id\":\"https:\/\/www.hongky.com\/en\/hongky-pro-mig-welder-mig250pro3\/#primaryimage\"},\"image\":{\"@id\":\"https:\/\/www.hongky.com\/en\/hongky-pro-mig-welder-mig250pro3\/#primaryimage\"},\"thumbnailUrl\":\"https:\/\/www.hongky.com\/wp-content\/uploads\/2024\/11\/welding-machine-mig-250-pro-3-hong-ky-1a.jpg\",\"datePublished\":\"2024-09-25T04:01:57+00:00\",\"dateModified\":\"2026-04-06T08:42:29+00:00\",\"description\":\"250A MIG welder MIG250PRO3 with inverter technology, 380V power, wire size 0.8\u20131.2mm, delivering energy\u2011efficient welding for steel and stainless steel.\",\"breadcrumb\":{\"@id\":\"https:\/\/www.hongky.com\/en\/hongky-pro-mig-welder-mig250pro3\/#breadcrumb\"},\"inLanguage\":\"en-US\",\"potentialAction\":[{\"@type\":\"ReadAction\",\"target\":[\"https:\/\/www.hongky.com\/en\/hongky-pro-mig-welder-mig250pro3\/\"]}]},{\"@type\":\"ImageObject\",\"inLanguage\":\"en-US\",\"@id\":\"https:\/\/www.hongky.com\/en\/hongky-pro-mig-welder-mig250pro3\/#primaryimage\",\"url\":\"https:\/\/www.hongky.com\/wp-content\/uploads\/2024\/11\/welding-machine-mig-250-pro-3-hong-ky-1a.jpg\",\"contentUrl\":\"https:\/\/www.hongky.com\/wp-content\/uploads\/2024\/11\/welding-machine-mig-250-pro-3-hong-ky-1a.jpg\",\"width\":1500,\"height\":1170,\"caption\":\"welding-machine-mig-250-pro-3-hong-ky-1a\"},{\"@type\":\"BreadcrumbList\",\"@id\":\"https:\/\/www.hongky.com\/en\/hongky-pro-mig-welder-mig250pro3\/#breadcrumb\",\"itemListElement\":[{\"@type\":\"ListItem\",\"position\":1,\"name\":\"Home\",\"item\":\"https:\/\/www.hongky.com\/en\/\"},{\"@type\":\"ListItem\",\"position\":2,\"name\":\"Shop\",\"item\":\"https:\/\/www.hongky.com\/en\/shop\/\"},{\"@type\":\"ListItem\",\"position\":3,\"name\":\"Product\",\"item\":\"https:\/\/www.hongky.com\/en\/product\/\"},{\"@type\":\"ListItem\",\"position\":4,\"name\":\"Welding machine, plasma metal cutter\",\"item\":\"https:\/\/www.hongky.com\/en\/welding-machine-plasma-metal-cutter\/\"},{\"@type\":\"ListItem\",\"position\":5,\"name\":\"MIG Welding Machine\",\"item\":\"https:\/\/www.hongky.com\/en\/mig-welding-machine\/\"},{\"@type\":\"ListItem\",\"position\":6,\"name\":\"Hongky Pro MIG Welder MIG250PRO3\"}]},{\"@type\":\"WebSite\",\"@id\":\"https:\/\/www.hongky.com\/en\/#website\",\"url\":\"https:\/\/www.hongky.com\/en\/\",\"name\":\"C\u00f4ng ty C\u01a1 Kh\u00ed H\u1ed3ng K\u00fd\",\"description\":\"Th\u01b0\u01a1ng hi\u1ec7u H\u1ed3ng K\u00fd l\u00e0 s\u1ef1 l\u1ef1a ch\u1ecdn h\u00e0ng \u0111\u1ea7u c\u1ee7a \u0111\u1ed1i t\u00e1c &amp; kh\u00e1ch h\u00e0ng\",\"publisher\":{\"@id\":\"https:\/\/www.hongky.com\/en\/#organization\"},\"potentialAction\":[{\"@type\":\"SearchAction\",\"target\":{\"@type\":\"EntryPoint\",\"urlTemplate\":\"https:\/\/www.hongky.com\/en\/?s={search_term_string}\"},\"query-input\":{\"@type\":\"PropertyValueSpecification\",\"valueRequired\":true,\"valueName\":\"search_term_string\"}}],\"inLanguage\":\"en-US\"},{\"@type\":\"Organization\",\"@id\":\"https:\/\/www.hongky.com\/en\/#organization\",\"name\":\"C\u00f4ng ty C\u01a1 Kh\u00ed H\u1ed3ng K\u00fd\",\"url\":\"https:\/\/www.hongky.com\/en\/\",\"logo\":{\"@type\":\"ImageObject\",\"inLanguage\":\"en-US\",\"@id\":\"https:\/\/www.hongky.com\/en\/#\/schema\/logo\/image\/\",\"url\":\"https:\/\/www.hongky.com\/wp-content\/uploads\/2025\/06\/cropped-hong-ky-mechanical-company-2.png\",\"contentUrl\":\"https:\/\/www.hongky.com\/wp-content\/uploads\/2025\/06\/cropped-hong-ky-mechanical-company-2.png\",\"width\":849,\"height\":849,\"caption\":\"C\u00f4ng ty C\u01a1 Kh\u00ed H\u1ed3ng K\u00fd\"},\"image\":{\"@id\":\"https:\/\/www.hongky.com\/en\/#\/schema\/logo\/image\/\"},\"sameAs\":[\"https:\/\/www.facebook.com\/HongKyMayHan\"]}]}<\/script>\n<!-- \/ Yoast SEO plugin. -->","yoast_head_json":{"title":"Hongky Pro MIG Welder MIG250PRO3 - C\u00f4ng ty C\u01a1 Kh\u00ed H\u1ed3ng K\u00fd","description":"250A MIG welder MIG250PRO3 with inverter technology, 380V power, wire size 0.8\u20131.2mm, delivering energy\u2011efficient welding for steel and stainless steel.","robots":{"index":"index","follow":"follow","max-snippet":"max-snippet:-1","max-image-preview":"max-image-preview:large","max-video-preview":"max-video-preview:-1"},"canonical":"https:\/\/www.hongky.com\/en\/hongky-pro-mig-welder-mig250pro3","og_locale":"en_US","og_type":"article","og_title":"Hongky Pro MIG Welder MIG250PRO3 - C\u00f4ng ty C\u01a1 Kh\u00ed H\u1ed3ng K\u00fd","og_description":"250A MIG welder MIG250PRO3 with inverter technology, 380V power, wire size 0.8\u20131.2mm, delivering energy\u2011efficient welding for steel and stainless steel.","og_url":"https:\/\/www.hongky.com\/en\/hongky-pro-mig-welder-mig250pro3","og_site_name":"C\u00f4ng ty C\u01a1 Kh\u00ed H\u1ed3ng K\u00fd","article_publisher":"https:\/\/www.facebook.com\/HongKyMayHan","article_modified_time":"2026-04-06T08:42:29+00:00","og_image":[{"width":1500,"height":1170,"url":"https:\/\/www.hongky.com\/wp-content\/uploads\/2024\/11\/welding-machine-mig-250-pro-3-hong-ky-1a.jpg","type":"image\/jpeg"}],"twitter_card":"summary_large_image","twitter_misc":{"Est. reading time":"1 minute"},"schema":{"@context":"https:\/\/schema.org","@graph":[{"@type":"WebPage","@id":"https:\/\/www.hongky.com\/en\/hongky-pro-mig-welder-mig250pro3\/","url":"https:\/\/www.hongky.com\/en\/hongky-pro-mig-welder-mig250pro3\/","name":"Hongky Pro MIG Welder MIG250PRO3 - C\u00f4ng ty C\u01a1 Kh\u00ed H\u1ed3ng K\u00fd","isPartOf":{"@id":"https:\/\/www.hongky.com\/en\/#website"},"primaryImageOfPage":{"@id":"https:\/\/www.hongky.com\/en\/hongky-pro-mig-welder-mig250pro3\/#primaryimage"},"image":{"@id":"https:\/\/www.hongky.com\/en\/hongky-pro-mig-welder-mig250pro3\/#primaryimage"},"thumbnailUrl":"https:\/\/www.hongky.com\/wp-content\/uploads\/2024\/11\/welding-machine-mig-250-pro-3-hong-ky-1a.jpg","datePublished":"2024-09-25T04:01:57+00:00","dateModified":"2026-04-06T08:42:29+00:00","description":"250A MIG welder MIG250PRO3 with inverter technology, 380V power, wire size 0.8\u20131.2mm, delivering energy\u2011efficient welding for steel and stainless steel.","breadcrumb":{"@id":"https:\/\/www.hongky.com\/en\/hongky-pro-mig-welder-mig250pro3\/#breadcrumb"},"inLanguage":"en-US","potentialAction":[{"@type":"ReadAction","target":["https:\/\/www.hongky.com\/en\/hongky-pro-mig-welder-mig250pro3\/"]}]},{"@type":"ImageObject","inLanguage":"en-US","@id":"https:\/\/www.hongky.com\/en\/hongky-pro-mig-welder-mig250pro3\/#primaryimage","url":"https:\/\/www.hongky.com\/wp-content\/uploads\/2024\/11\/welding-machine-mig-250-pro-3-hong-ky-1a.jpg","contentUrl":"https:\/\/www.hongky.com\/wp-content\/uploads\/2024\/11\/welding-machine-mig-250-pro-3-hong-ky-1a.jpg","width":1500,"height":1170,"caption":"welding-machine-mig-250-pro-3-hong-ky-1a"},{"@type":"BreadcrumbList","@id":"https:\/\/www.hongky.com\/en\/hongky-pro-mig-welder-mig250pro3\/#breadcrumb","itemListElement":[{"@type":"ListItem","position":1,"name":"Home","item":"https:\/\/www.hongky.com\/en\/"},{"@type":"ListItem","position":2,"name":"Shop","item":"https:\/\/www.hongky.com\/en\/shop\/"},{"@type":"ListItem","position":3,"name":"Product","item":"https:\/\/www.hongky.com\/en\/product\/"},{"@type":"ListItem","position":4,"name":"Welding machine, plasma metal cutter","item":"https:\/\/www.hongky.com\/en\/welding-machine-plasma-metal-cutter\/"},{"@type":"ListItem","position":5,"name":"MIG Welding Machine","item":"https:\/\/www.hongky.com\/en\/mig-welding-machine\/"},{"@type":"ListItem","position":6,"name":"Hongky Pro MIG Welder MIG250PRO3"}]},{"@type":"WebSite","@id":"https:\/\/www.hongky.com\/en\/#website","url":"https:\/\/www.hongky.com\/en\/","name":"C\u00f4ng ty C\u01a1 Kh\u00ed H\u1ed3ng K\u00fd","description":"Th\u01b0\u01a1ng hi\u1ec7u H\u1ed3ng K\u00fd l\u00e0 s\u1ef1 l\u1ef1a ch\u1ecdn h\u00e0ng \u0111\u1ea7u c\u1ee7a \u0111\u1ed1i t\u00e1c &amp; kh\u00e1ch h\u00e0ng","publisher":{"@id":"https:\/\/www.hongky.com\/en\/#organization"},"potentialAction":[{"@type":"SearchAction","target":{"@type":"EntryPoint","urlTemplate":"https:\/\/www.hongky.com\/en\/?s={search_term_string}"},"query-input":{"@type":"PropertyValueSpecification","valueRequired":true,"valueName":"search_term_string"}}],"inLanguage":"en-US"},{"@type":"Organization","@id":"https:\/\/www.hongky.com\/en\/#organization","name":"C\u00f4ng ty C\u01a1 Kh\u00ed H\u1ed3ng K\u00fd","url":"https:\/\/www.hongky.com\/en\/","logo":{"@type":"ImageObject","inLanguage":"en-US","@id":"https:\/\/www.hongky.com\/en\/#\/schema\/logo\/image\/","url":"https:\/\/www.hongky.com\/wp-content\/uploads\/2025\/06\/cropped-hong-ky-mechanical-company-2.png","contentUrl":"https:\/\/www.hongky.com\/wp-content\/uploads\/2025\/06\/cropped-hong-ky-mechanical-company-2.png","width":849,"height":849,"caption":"C\u00f4ng ty C\u01a1 Kh\u00ed H\u1ed3ng K\u00fd"},"image":{"@id":"https:\/\/www.hongky.com\/en\/#\/schema\/logo\/image\/"},"sameAs":["https:\/\/www.facebook.com\/HongKyMayHan"]}]}},"_links":{"self":[{"href":"https:\/\/www.hongky.com\/en\/wp-json\/wp\/v2\/product\/5968","targetHints":{"allow":["GET"]}}],"collection":[{"href":"https:\/\/www.hongky.com\/en\/wp-json\/wp\/v2\/product"}],"about":[{"href":"https:\/\/www.hongky.com\/en\/wp-json\/wp\/v2\/types\/product"}],"replies":[{"embeddable":true,"href":"https:\/\/www.hongky.com\/en\/wp-json\/wp\/v2\/comments?post=5968"}],"wp:featuredmedia":[{"embeddable":true,"href":"https:\/\/www.hongky.com\/en\/wp-json\/wp\/v2\/media\/4016"}],"wp:attachment":[{"href":"https:\/\/www.hongky.com\/en\/wp-json\/wp\/v2\/media?parent=5968"}],"wp:term":[{"taxonomy":"product_brand","embeddable":true,"href":"https:\/\/www.hongky.com\/en\/wp-json\/wp\/v2\/product_brand?post=5968"},{"taxonomy":"product_cat","embeddable":true,"href":"https:\/\/www.hongky.com\/en\/wp-json\/wp\/v2\/product_cat?post=5968"},{"taxonomy":"product_tag","embeddable":true,"href":"https:\/\/www.hongky.com\/en\/wp-json\/wp\/v2\/product_tag?post=5968"}],"curies":[{"name":"wp","href":"https:\/\/api.w.org\/{rel}","templated":true}]}}