{"id":5979,"date":"2024-09-24T17:48:37","date_gmt":"2024-09-24T10:48:37","guid":{"rendered":"https:\/\/hongky.com\/product\/may-han-dien-tu-hkmig200e\/"},"modified":"2025-06-12T13:18:35","modified_gmt":"2025-06-12T06:18:35","slug":"https-www-hongky-com-en-hongky-eco-3-function-gasless-mig-mma-welder-hkmig200e","status":"publish","type":"product","link":"https:\/\/www.hongky.com\/en\/hongky-eco-3-function-gasless-mig-mma-welder-hkmig200e\/","title":{"rendered":"Hongky Eco 3 Function Gasless MIG MMA Welder HKMIG200E"},"content":{"rendered":"<p><span data-contrast=\"auto\" xml:lang=\"EN-US\" lang=\"EN-US\" class=\"TextRun SCXW123513479 BCX8\"><span class=\"NormalTextRun SCXW123513479 BCX8\">The <\/span><\/span><span data-contrast=\"auto\" xml:lang=\"EN-US\" lang=\"EN-US\" class=\"TextRun SCXW123513479 BCX8\"><span class=\"NormalTextRun SCXW123513479 BCX8\">HKMIG200E Welder<\/span><\/span><span data-contrast=\"auto\" xml:lang=\"EN-US\" lang=\"EN-US\" class=\"TextRun SCXW123513479 BCX8\"><span class=\"NormalTextRun SCXW123513479 BCX8\"> combines <\/span><\/span><span data-contrast=\"auto\" xml:lang=\"EN-US\" lang=\"EN-US\" class=\"TextRun SCXW123513479 BCX8\"><span class=\"NormalTextRun SCXW123513479 BCX8\">MIG and MMA<\/span><\/span><span data-contrast=\"auto\" xml:lang=\"EN-US\" lang=\"EN-US\" class=\"TextRun SCXW123513479 BCX8\"><span class=\"NormalTextRun SCXW123513479 BCX8\"> capabilities in a compact design for versatile use in small workshops, metal fabrication, and home projects. <\/span><\/span><span data-contrast=\"auto\" xml:lang=\"EN-US\" lang=\"EN-US\" class=\"TextRun SCXW123513479 BCX8\"><span class=\"NormalTextRun SCXW123513479 BCX8\">Made in Vietnam<\/span><\/span><span data-contrast=\"auto\" xml:lang=\"EN-US\" lang=\"EN-US\" class=\"TextRun SCXW123513479 BCX8\"><span class=\"NormalTextRun SCXW123513479 BCX8\"> for durability and ease of operation.<\/span><\/span><span class=\"EOP SCXW123513479 BCX8\" data-ccp-props=\"{&quot;134233117&quot;:true,&quot;134233118&quot;:true}\">\u00a0<\/span><\/p>\n","protected":false},"excerpt":{"rendered":"<ul>\n<li style=\"text-align: justify;\"><span data-contrast=\"auto\" xml:lang=\"EN-US\" lang=\"EN-US\" class=\"TextRun SCXW226623872 BCX8\"><span class=\"NormalTextRun SCXW226623872 BCX8\">Dual-function welder<\/span><\/span><span data-contrast=\"auto\" xml:lang=\"EN-US\" lang=\"EN-US\" class=\"TextRun SCXW226623872 BCX8\"><span class=\"NormalTextRun SCXW226623872 BCX8\">: Supports both MIG (gasless and solid wire) and MMA welding.<\/span><\/span><span class=\"EOP SCXW226623872 BCX8\" data-ccp-props=\"{&quot;134233117&quot;:true,&quot;134233118&quot;:true}\">\u00a0<\/span><\/li>\n<li><span data-contrast=\"auto\" xml:lang=\"EN-US\" lang=\"EN-US\" class=\"TextRun SCXW258131892 BCX8\"><span class=\"NormalTextRun SCXW258131892 BCX8\">Compact and lightweight with an integrated <\/span><\/span><span data-contrast=\"auto\" xml:lang=\"EN-US\" lang=\"EN-US\" class=\"TextRun SCXW258131892 BCX8\"><span class=\"NormalTextRun SCXW258131892 BCX8\">wire spool holder<\/span><\/span><span data-contrast=\"auto\" xml:lang=\"EN-US\" lang=\"EN-US\" class=\"TextRun SCXW258131892 BCX8\"><span class=\"NormalTextRun SCXW258131892 BCX8\"> for up to 5kg.<\/span><\/span><span class=\"EOP SCXW258131892 BCX8\" data-ccp-props=\"{&quot;134233117&quot;:true,&quot;134233118&quot;:true}\">\u00a0<\/span><\/li>\n<li><span data-contrast=\"auto\" xml:lang=\"EN-US\" lang=\"EN-US\" class=\"TextRun SCXW190438949 BCX8\"><span class=\"NormalTextRun SCXW190438949 BCX8\">Stable performance with <\/span><\/span><span data-contrast=\"auto\" xml:lang=\"EN-US\" lang=\"EN-US\" class=\"TextRun SCXW190438949 BCX8\"><span class=\"NormalTextRun SCXW190438949 BCX8\">10 voltage levels<\/span><\/span><span data-contrast=\"auto\" xml:lang=\"EN-US\" lang=\"EN-US\" class=\"TextRun SCXW190438949 BCX8\"><span class=\"NormalTextRun SCXW190438949 BCX8\"> and <\/span><\/span><span data-contrast=\"auto\" xml:lang=\"EN-US\" lang=\"EN-US\" class=\"TextRun SCXW190438949 BCX8\"><span class=\"NormalTextRun SCXW190438949 BCX8\">10 wire feed speeds<\/span><\/span><span data-contrast=\"auto\" xml:lang=\"EN-US\" lang=\"EN-US\" class=\"TextRun SCXW190438949 BCX8\"><span class=\"NormalTextRun SCXW190438949 BCX8\">.<\/span><\/span><span class=\"EOP SCXW190438949 BCX8\" data-ccp-props=\"{&quot;134233117&quot;:true,&quot;134233118&quot;:true}\">\u00a0<\/span><\/li>\n<li style=\"text-align: justify;\"><span data-contrast=\"auto\" xml:lang=\"EN-US\" lang=\"EN-US\" class=\"TextRun SCXW109885878 BCX8\"><span class=\"NormalTextRun SCXW109885878 BCX8\">Digital display for easy monitoring of <\/span><\/span><span data-contrast=\"auto\" xml:lang=\"EN-US\" lang=\"EN-US\" class=\"TextRun SCXW109885878 BCX8\"><span class=\"NormalTextRun SCXW109885878 BCX8\">welding parameters<\/span><\/span><span data-contrast=\"auto\" xml:lang=\"EN-US\" lang=\"EN-US\" class=\"TextRun SCXW109885878 BCX8\"><span class=\"NormalTextRun SCXW109885878 BCX8\">.<\/span><\/span><span class=\"EOP SCXW109885878 BCX8\" data-ccp-props=\"{&quot;134233117&quot;:true,&quot;134233118&quot;:true}\">\u00a0<\/span><\/li>\n<li><span data-contrast=\"auto\" xml:lang=\"EN-US\" lang=\"EN-US\" class=\"TextRun SCXW220113055 BCX8\"><span class=\"NormalTextRun SCXW220113055 BCX8\">Made in Vietnam<\/span><\/span><span data-contrast=\"auto\" xml:lang=\"EN-US\" lang=\"EN-US\" class=\"TextRun SCXW220113055 BCX8\"><span class=\"NormalTextRun SCXW220113055 BCX8\"> to meet high-quality standards and performance needs.<\/span><\/span><span class=\"EOP SCXW220113055 BCX8\" data-ccp-props=\"{&quot;134233117&quot;:true,&quot;134233118&quot;:true}\">\u00a0<\/span><\/li>\n<\/ul>\n","protected":false},"featured_media":4053,"menu_order":104,"comment_status":"open","ping_status":"closed","template":"","meta":{"_acf_changed":false,"inline_featured_image":false},"product_brand":[],"product_cat":[607],"product_tag":[1260,1258,1263,1257,1261,1259],"class_list":{"0":"post-5979","1":"product","2":"type-product","3":"status-publish","4":"has-post-thumbnail","6":"product_cat-mig-welding-machine","7":"product_tag-3-in-1-mig-welder","8":"product_tag-3-in-1-welder","9":"product_tag-flux-core-mig-welder-en","10":"product_tag-gasless-flux-cored-welding","11":"product_tag-mig-and-stick-combo-welder","12":"product_tag-multi-functional-machine","14":"first","15":"instock","16":"shipping-taxable","17":"product-type-simple"},"acf":[],"yoast_head":"<!-- This site is optimized with the Yoast SEO plugin v23.7 - https:\/\/yoast.com\/wordpress\/plugins\/seo\/ -->\n<title>Hongky Eco 3 Function Gasless MIG MMA Welder HKMIG200E - C\u00f4ng ty C\u01a1 Kh\u00ed H\u1ed3ng K\u00fd<\/title>\n<meta name=\"description\" content=\"HKMIG200E Multi Process Welder: Supports gasless flux-cored welding and MMA, with digital display, compact design, and 5kg spool capacity. Made in Vietnam\" \/>\n<meta name=\"robots\" content=\"index, follow, max-snippet:-1, max-image-preview:large, max-video-preview:-1\" \/>\n<link rel=\"canonical\" href=\"https:\/\/www.hongky.com\/en\/hongky-eco-3-function-gasless-mig-mma-welder-hkmig200e\" \/>\n<meta property=\"og:locale\" content=\"en_US\" \/>\n<meta property=\"og:type\" content=\"article\" \/>\n<meta property=\"og:title\" content=\"Hongky Eco 3 Function Gasless MIG MMA Welder HKMIG200E - C\u00f4ng ty C\u01a1 Kh\u00ed H\u1ed3ng K\u00fd\" \/>\n<meta property=\"og:description\" content=\"HKMIG200E Multi Process Welder: Supports gasless flux-cored welding and MMA, with digital display, compact design, and 5kg spool capacity. Made in Vietnam\" \/>\n<meta property=\"og:url\" content=\"https:\/\/www.hongky.com\/en\/hongky-eco-3-function-gasless-mig-mma-welder-hkmig200e\" \/>\n<meta property=\"og:site_name\" content=\"C\u00f4ng ty C\u01a1 Kh\u00ed H\u1ed3ng K\u00fd\" \/>\n<meta property=\"article:publisher\" content=\"https:\/\/www.facebook.com\/HongKyMayHan\" \/>\n<meta property=\"article:modified_time\" content=\"2025-06-12T06:18:35+00:00\" \/>\n<meta property=\"og:image\" content=\"https:\/\/www.hongky.com\/wp-content\/uploads\/2024\/11\/welding-machine-hkmig200e-hong-ky-1a.jpg\" \/>\n\t<meta property=\"og:image:width\" content=\"1500\" \/>\n\t<meta property=\"og:image:height\" content=\"1170\" \/>\n\t<meta property=\"og:image:type\" content=\"image\/jpeg\" \/>\n<meta name=\"twitter:card\" content=\"summary_large_image\" \/>\n<meta name=\"twitter:label1\" content=\"Est. reading time\" \/>\n\t<meta name=\"twitter:data1\" content=\"1 minute\" \/>\n<script type=\"application\/ld+json\" class=\"yoast-schema-graph\">{\"@context\":\"https:\/\/schema.org\",\"@graph\":[{\"@type\":\"WebPage\",\"@id\":\"https:\/\/www.hongky.com\/en\/hongky-eco-3-function-gasless-mig-mma-welder-hkmig200e\/\",\"url\":\"https:\/\/www.hongky.com\/en\/hongky-eco-3-function-gasless-mig-mma-welder-hkmig200e\/\",\"name\":\"Hongky Eco 3 Function Gasless MIG MMA Welder HKMIG200E - C\u00f4ng ty C\u01a1 Kh\u00ed H\u1ed3ng K\u00fd\",\"isPartOf\":{\"@id\":\"https:\/\/www.hongky.com\/en\/#website\"},\"primaryImageOfPage\":{\"@id\":\"https:\/\/www.hongky.com\/en\/hongky-eco-3-function-gasless-mig-mma-welder-hkmig200e\/#primaryimage\"},\"image\":{\"@id\":\"https:\/\/www.hongky.com\/en\/hongky-eco-3-function-gasless-mig-mma-welder-hkmig200e\/#primaryimage\"},\"thumbnailUrl\":\"https:\/\/www.hongky.com\/wp-content\/uploads\/2024\/11\/welding-machine-hkmig200e-hong-ky-1a.jpg\",\"datePublished\":\"2024-09-24T10:48:37+00:00\",\"dateModified\":\"2025-06-12T06:18:35+00:00\",\"description\":\"HKMIG200E Multi Process Welder: Supports gasless flux-cored welding and MMA, with digital display, compact design, and 5kg spool capacity. Made in Vietnam\",\"breadcrumb\":{\"@id\":\"https:\/\/www.hongky.com\/en\/hongky-eco-3-function-gasless-mig-mma-welder-hkmig200e\/#breadcrumb\"},\"inLanguage\":\"en-US\",\"potentialAction\":[{\"@type\":\"ReadAction\",\"target\":[\"https:\/\/www.hongky.com\/en\/hongky-eco-3-function-gasless-mig-mma-welder-hkmig200e\/\"]}]},{\"@type\":\"ImageObject\",\"inLanguage\":\"en-US\",\"@id\":\"https:\/\/www.hongky.com\/en\/hongky-eco-3-function-gasless-mig-mma-welder-hkmig200e\/#primaryimage\",\"url\":\"https:\/\/www.hongky.com\/wp-content\/uploads\/2024\/11\/welding-machine-hkmig200e-hong-ky-1a.jpg\",\"contentUrl\":\"https:\/\/www.hongky.com\/wp-content\/uploads\/2024\/11\/welding-machine-hkmig200e-hong-ky-1a.jpg\",\"width\":1500,\"height\":1170,\"caption\":\"welding-machine-hkmig200e-hong-ky-1a\"},{\"@type\":\"BreadcrumbList\",\"@id\":\"https:\/\/www.hongky.com\/en\/hongky-eco-3-function-gasless-mig-mma-welder-hkmig200e\/#breadcrumb\",\"itemListElement\":[{\"@type\":\"ListItem\",\"position\":1,\"name\":\"Home\",\"item\":\"https:\/\/www.hongky.com\/en\/\"},{\"@type\":\"ListItem\",\"position\":2,\"name\":\"Shop\",\"item\":\"https:\/\/www.hongky.com\/en\/shop\/\"},{\"@type\":\"ListItem\",\"position\":3,\"name\":\"Product\",\"item\":\"https:\/\/www.hongky.com\/en\/product\/\"},{\"@type\":\"ListItem\",\"position\":4,\"name\":\"Welding machine, plasma metal cutter\",\"item\":\"https:\/\/www.hongky.com\/en\/welding-machine-plasma-metal-cutter\/\"},{\"@type\":\"ListItem\",\"position\":5,\"name\":\"MIG Welding Machine\",\"item\":\"https:\/\/www.hongky.com\/en\/mig-welding-machine\/\"},{\"@type\":\"ListItem\",\"position\":6,\"name\":\"Hongky Eco 3 Function Gasless MIG MMA Welder HKMIG200E\"}]},{\"@type\":\"WebSite\",\"@id\":\"https:\/\/www.hongky.com\/en\/#website\",\"url\":\"https:\/\/www.hongky.com\/en\/\",\"name\":\"C\u00f4ng ty C\u01a1 Kh\u00ed H\u1ed3ng K\u00fd\",\"description\":\"Th\u01b0\u01a1ng hi\u1ec7u H\u1ed3ng K\u00fd l\u00e0 s\u1ef1 l\u1ef1a ch\u1ecdn h\u00e0ng \u0111\u1ea7u c\u1ee7a \u0111\u1ed1i t\u00e1c &amp; kh\u00e1ch h\u00e0ng\",\"publisher\":{\"@id\":\"https:\/\/www.hongky.com\/en\/#organization\"},\"potentialAction\":[{\"@type\":\"SearchAction\",\"target\":{\"@type\":\"EntryPoint\",\"urlTemplate\":\"https:\/\/www.hongky.com\/en\/?s={search_term_string}\"},\"query-input\":{\"@type\":\"PropertyValueSpecification\",\"valueRequired\":true,\"valueName\":\"search_term_string\"}}],\"inLanguage\":\"en-US\"},{\"@type\":\"Organization\",\"@id\":\"https:\/\/www.hongky.com\/en\/#organization\",\"name\":\"C\u00f4ng ty C\u01a1 Kh\u00ed H\u1ed3ng K\u00fd\",\"url\":\"https:\/\/www.hongky.com\/en\/\",\"logo\":{\"@type\":\"ImageObject\",\"inLanguage\":\"en-US\",\"@id\":\"https:\/\/www.hongky.com\/en\/#\/schema\/logo\/image\/\",\"url\":\"https:\/\/www.hongky.com\/wp-content\/uploads\/2025\/06\/cropped-hong-ky-mechanical-company-2.png\",\"contentUrl\":\"https:\/\/www.hongky.com\/wp-content\/uploads\/2025\/06\/cropped-hong-ky-mechanical-company-2.png\",\"width\":849,\"height\":849,\"caption\":\"C\u00f4ng ty C\u01a1 Kh\u00ed H\u1ed3ng K\u00fd\"},\"image\":{\"@id\":\"https:\/\/www.hongky.com\/en\/#\/schema\/logo\/image\/\"},\"sameAs\":[\"https:\/\/www.facebook.com\/HongKyMayHan\"]}]}<\/script>\n<!-- \/ Yoast SEO plugin. -->","yoast_head_json":{"title":"Hongky Eco 3 Function Gasless MIG MMA Welder HKMIG200E - C\u00f4ng ty C\u01a1 Kh\u00ed H\u1ed3ng K\u00fd","description":"HKMIG200E Multi Process Welder: Supports gasless flux-cored welding and MMA, with digital display, compact design, and 5kg spool capacity. Made in Vietnam","robots":{"index":"index","follow":"follow","max-snippet":"max-snippet:-1","max-image-preview":"max-image-preview:large","max-video-preview":"max-video-preview:-1"},"canonical":"https:\/\/www.hongky.com\/en\/hongky-eco-3-function-gasless-mig-mma-welder-hkmig200e","og_locale":"en_US","og_type":"article","og_title":"Hongky Eco 3 Function Gasless MIG MMA Welder HKMIG200E - C\u00f4ng ty C\u01a1 Kh\u00ed H\u1ed3ng K\u00fd","og_description":"HKMIG200E Multi Process Welder: Supports gasless flux-cored welding and MMA, with digital display, compact design, and 5kg spool capacity. Made in Vietnam","og_url":"https:\/\/www.hongky.com\/en\/hongky-eco-3-function-gasless-mig-mma-welder-hkmig200e","og_site_name":"C\u00f4ng ty C\u01a1 Kh\u00ed H\u1ed3ng K\u00fd","article_publisher":"https:\/\/www.facebook.com\/HongKyMayHan","article_modified_time":"2025-06-12T06:18:35+00:00","og_image":[{"width":1500,"height":1170,"url":"https:\/\/www.hongky.com\/wp-content\/uploads\/2024\/11\/welding-machine-hkmig200e-hong-ky-1a.jpg","type":"image\/jpeg"}],"twitter_card":"summary_large_image","twitter_misc":{"Est. reading time":"1 minute"},"schema":{"@context":"https:\/\/schema.org","@graph":[{"@type":"WebPage","@id":"https:\/\/www.hongky.com\/en\/hongky-eco-3-function-gasless-mig-mma-welder-hkmig200e\/","url":"https:\/\/www.hongky.com\/en\/hongky-eco-3-function-gasless-mig-mma-welder-hkmig200e\/","name":"Hongky Eco 3 Function Gasless MIG MMA Welder HKMIG200E - C\u00f4ng ty C\u01a1 Kh\u00ed H\u1ed3ng K\u00fd","isPartOf":{"@id":"https:\/\/www.hongky.com\/en\/#website"},"primaryImageOfPage":{"@id":"https:\/\/www.hongky.com\/en\/hongky-eco-3-function-gasless-mig-mma-welder-hkmig200e\/#primaryimage"},"image":{"@id":"https:\/\/www.hongky.com\/en\/hongky-eco-3-function-gasless-mig-mma-welder-hkmig200e\/#primaryimage"},"thumbnailUrl":"https:\/\/www.hongky.com\/wp-content\/uploads\/2024\/11\/welding-machine-hkmig200e-hong-ky-1a.jpg","datePublished":"2024-09-24T10:48:37+00:00","dateModified":"2025-06-12T06:18:35+00:00","description":"HKMIG200E Multi Process Welder: Supports gasless flux-cored welding and MMA, with digital display, compact design, and 5kg spool capacity. Made in Vietnam","breadcrumb":{"@id":"https:\/\/www.hongky.com\/en\/hongky-eco-3-function-gasless-mig-mma-welder-hkmig200e\/#breadcrumb"},"inLanguage":"en-US","potentialAction":[{"@type":"ReadAction","target":["https:\/\/www.hongky.com\/en\/hongky-eco-3-function-gasless-mig-mma-welder-hkmig200e\/"]}]},{"@type":"ImageObject","inLanguage":"en-US","@id":"https:\/\/www.hongky.com\/en\/hongky-eco-3-function-gasless-mig-mma-welder-hkmig200e\/#primaryimage","url":"https:\/\/www.hongky.com\/wp-content\/uploads\/2024\/11\/welding-machine-hkmig200e-hong-ky-1a.jpg","contentUrl":"https:\/\/www.hongky.com\/wp-content\/uploads\/2024\/11\/welding-machine-hkmig200e-hong-ky-1a.jpg","width":1500,"height":1170,"caption":"welding-machine-hkmig200e-hong-ky-1a"},{"@type":"BreadcrumbList","@id":"https:\/\/www.hongky.com\/en\/hongky-eco-3-function-gasless-mig-mma-welder-hkmig200e\/#breadcrumb","itemListElement":[{"@type":"ListItem","position":1,"name":"Home","item":"https:\/\/www.hongky.com\/en\/"},{"@type":"ListItem","position":2,"name":"Shop","item":"https:\/\/www.hongky.com\/en\/shop\/"},{"@type":"ListItem","position":3,"name":"Product","item":"https:\/\/www.hongky.com\/en\/product\/"},{"@type":"ListItem","position":4,"name":"Welding machine, plasma metal cutter","item":"https:\/\/www.hongky.com\/en\/welding-machine-plasma-metal-cutter\/"},{"@type":"ListItem","position":5,"name":"MIG Welding Machine","item":"https:\/\/www.hongky.com\/en\/mig-welding-machine\/"},{"@type":"ListItem","position":6,"name":"Hongky Eco 3 Function Gasless MIG MMA Welder HKMIG200E"}]},{"@type":"WebSite","@id":"https:\/\/www.hongky.com\/en\/#website","url":"https:\/\/www.hongky.com\/en\/","name":"C\u00f4ng ty C\u01a1 Kh\u00ed H\u1ed3ng K\u00fd","description":"Th\u01b0\u01a1ng hi\u1ec7u H\u1ed3ng K\u00fd l\u00e0 s\u1ef1 l\u1ef1a ch\u1ecdn h\u00e0ng \u0111\u1ea7u c\u1ee7a \u0111\u1ed1i t\u00e1c &amp; kh\u00e1ch h\u00e0ng","publisher":{"@id":"https:\/\/www.hongky.com\/en\/#organization"},"potentialAction":[{"@type":"SearchAction","target":{"@type":"EntryPoint","urlTemplate":"https:\/\/www.hongky.com\/en\/?s={search_term_string}"},"query-input":{"@type":"PropertyValueSpecification","valueRequired":true,"valueName":"search_term_string"}}],"inLanguage":"en-US"},{"@type":"Organization","@id":"https:\/\/www.hongky.com\/en\/#organization","name":"C\u00f4ng ty C\u01a1 Kh\u00ed H\u1ed3ng K\u00fd","url":"https:\/\/www.hongky.com\/en\/","logo":{"@type":"ImageObject","inLanguage":"en-US","@id":"https:\/\/www.hongky.com\/en\/#\/schema\/logo\/image\/","url":"https:\/\/www.hongky.com\/wp-content\/uploads\/2025\/06\/cropped-hong-ky-mechanical-company-2.png","contentUrl":"https:\/\/www.hongky.com\/wp-content\/uploads\/2025\/06\/cropped-hong-ky-mechanical-company-2.png","width":849,"height":849,"caption":"C\u00f4ng ty C\u01a1 Kh\u00ed H\u1ed3ng K\u00fd"},"image":{"@id":"https:\/\/www.hongky.com\/en\/#\/schema\/logo\/image\/"},"sameAs":["https:\/\/www.facebook.com\/HongKyMayHan"]}]}},"_links":{"self":[{"href":"https:\/\/www.hongky.com\/en\/wp-json\/wp\/v2\/product\/5979","targetHints":{"allow":["GET"]}}],"collection":[{"href":"https:\/\/www.hongky.com\/en\/wp-json\/wp\/v2\/product"}],"about":[{"href":"https:\/\/www.hongky.com\/en\/wp-json\/wp\/v2\/types\/product"}],"replies":[{"embeddable":true,"href":"https:\/\/www.hongky.com\/en\/wp-json\/wp\/v2\/comments?post=5979"}],"wp:featuredmedia":[{"embeddable":true,"href":"https:\/\/www.hongky.com\/en\/wp-json\/wp\/v2\/media\/4053"}],"wp:attachment":[{"href":"https:\/\/www.hongky.com\/en\/wp-json\/wp\/v2\/media?parent=5979"}],"wp:term":[{"taxonomy":"product_brand","embeddable":true,"href":"https:\/\/www.hongky.com\/en\/wp-json\/wp\/v2\/product_brand?post=5979"},{"taxonomy":"product_cat","embeddable":true,"href":"https:\/\/www.hongky.com\/en\/wp-json\/wp\/v2\/product_cat?post=5979"},{"taxonomy":"product_tag","embeddable":true,"href":"https:\/\/www.hongky.com\/en\/wp-json\/wp\/v2\/product_tag?post=5979"}],"curies":[{"name":"wp","href":"https:\/\/api.w.org\/{rel}","templated":true}]}}