{"id":5992,"date":"2024-09-23T18:24:34","date_gmt":"2024-09-23T11:24:34","guid":{"rendered":"https:\/\/hongky.com\/product\/may-bien-the-han-hk-h200d\/"},"modified":"2026-03-02T13:30:08","modified_gmt":"2026-03-02T06:30:08","slug":"welding-transformers-hk-h200d","status":"publish","type":"product","link":"https:\/\/www.hongky.com\/en\/welding-transformers-hk-h200d\/","title":{"rendered":"Welding transformers HK H200D"},"content":{"rendered":"<p>The HK-H200D welding transformer is a reliable transformer welding machine designed for high-power, heavy-duty applications. This single-phase welding transformer is ideal for industrial welding tasks, especially in structural steel work. Made in Vietnam, it combines durability, power, and precision, making it perfect for professional settings.<\/p>\n","protected":false},"excerpt":{"rendered":"<ul>\n<li>High-performance arc welding transformer for industrial use.<\/li>\n<li>Stick welding machine suited for structural steel welding.<\/li>\n<li>Robust transformer welder with single-phase power.<\/li>\n<li>Ideal industrial welding equipment for demanding applications.<\/li>\n<li>Durable design for longevity in professional environments.<\/li>\n<\/ul>\n","protected":false},"featured_media":6969,"menu_order":486,"comment_status":"open","ping_status":"closed","template":"","meta":{"_acf_changed":false,"inline_featured_image":false},"product_brand":[],"product_cat":[671,673],"product_tag":[1863,1865,1864,1862,1866,1861,1860],"class_list":{"0":"post-5992","1":"product","2":"type-product","3":"status-publish","4":"has-post-thumbnail","6":"product_cat-welding-machine-plasma-metal-cutter","7":"product_cat-welding-transformer","8":"product_tag-arc-welding-transformer-transformer-welder","9":"product_tag-high-power-welding-machine-industrial-welding-equipment","10":"product_tag-mechanical-welder-single-phase-welding-transformer","11":"product_tag-stick-welding-machine-conventional-welding-machine","12":"product_tag-structural-steel-welding","13":"product_tag-transformer-machine-transformer-welding-machine","14":"product_tag-welding-transformer","16":"first","17":"instock","18":"shipping-taxable","19":"product-type-simple"},"acf":[],"yoast_head":"<!-- This site is optimized with the Yoast SEO plugin v23.7 - https:\/\/yoast.com\/wordpress\/plugins\/seo\/ -->\n<title>Welding transformers HK H200D - C\u00f4ng ty C\u01a1 Kh\u00ed H\u1ed3ng K\u00fd<\/title>\n<meta name=\"description\" content=\"HK-H200D welding transformer: high-power transformer welding machine for industrial use. Made in Vietnam, ideal for structural steel and heavy-duty welding.\" \/>\n<meta name=\"robots\" content=\"index, follow, max-snippet:-1, max-image-preview:large, max-video-preview:-1\" \/>\n<link rel=\"canonical\" href=\"https:\/\/www.hongky.com\/en\/welding-transformers-hk-h200d\" \/>\n<meta property=\"og:locale\" content=\"en_US\" \/>\n<meta property=\"og:type\" content=\"article\" \/>\n<meta property=\"og:title\" content=\"Welding transformers HK H200D - C\u00f4ng ty C\u01a1 Kh\u00ed H\u1ed3ng K\u00fd\" \/>\n<meta property=\"og:description\" content=\"HK-H200D welding transformer: high-power transformer welding machine for industrial use. Made in Vietnam, ideal for structural steel and heavy-duty welding.\" \/>\n<meta property=\"og:url\" content=\"https:\/\/www.hongky.com\/en\/welding-transformers-hk-h200d\" \/>\n<meta property=\"og:site_name\" content=\"C\u00f4ng ty C\u01a1 Kh\u00ed H\u1ed3ng K\u00fd\" \/>\n<meta property=\"article:publisher\" content=\"https:\/\/www.facebook.com\/HongKyMayHan\" \/>\n<meta property=\"article:modified_time\" content=\"2026-03-02T06:30:08+00:00\" \/>\n<meta property=\"og:image\" content=\"https:\/\/www.hongky.com\/wp-content\/uploads\/2024\/09\/Welding-transformers-HK-H200D-hong-ky.jpg\" \/>\n\t<meta property=\"og:image:width\" content=\"680\" \/>\n\t<meta property=\"og:image:height\" content=\"535\" \/>\n\t<meta property=\"og:image:type\" content=\"image\/jpeg\" \/>\n<meta name=\"twitter:card\" content=\"summary_large_image\" \/>\n<meta name=\"twitter:label1\" content=\"Est. reading time\" \/>\n\t<meta name=\"twitter:data1\" content=\"1 minute\" \/>\n<script type=\"application\/ld+json\" class=\"yoast-schema-graph\">{\"@context\":\"https:\/\/schema.org\",\"@graph\":[{\"@type\":\"WebPage\",\"@id\":\"https:\/\/www.hongky.com\/en\/welding-transformers-hk-h200d\/\",\"url\":\"https:\/\/www.hongky.com\/en\/welding-transformers-hk-h200d\/\",\"name\":\"Welding transformers HK H200D - C\u00f4ng ty C\u01a1 Kh\u00ed H\u1ed3ng K\u00fd\",\"isPartOf\":{\"@id\":\"https:\/\/www.hongky.com\/en\/#website\"},\"primaryImageOfPage\":{\"@id\":\"https:\/\/www.hongky.com\/en\/welding-transformers-hk-h200d\/#primaryimage\"},\"image\":{\"@id\":\"https:\/\/www.hongky.com\/en\/welding-transformers-hk-h200d\/#primaryimage\"},\"thumbnailUrl\":\"https:\/\/www.hongky.com\/wp-content\/uploads\/2024\/09\/Welding-transformers-HK-H200D-hong-ky.jpg\",\"datePublished\":\"2024-09-23T11:24:34+00:00\",\"dateModified\":\"2026-03-02T06:30:08+00:00\",\"description\":\"HK-H200D welding transformer: high-power transformer welding machine for industrial use. Made in Vietnam, ideal for structural steel and heavy-duty welding.\",\"breadcrumb\":{\"@id\":\"https:\/\/www.hongky.com\/en\/welding-transformers-hk-h200d\/#breadcrumb\"},\"inLanguage\":\"en-US\",\"potentialAction\":[{\"@type\":\"ReadAction\",\"target\":[\"https:\/\/www.hongky.com\/en\/welding-transformers-hk-h200d\/\"]}]},{\"@type\":\"ImageObject\",\"inLanguage\":\"en-US\",\"@id\":\"https:\/\/www.hongky.com\/en\/welding-transformers-hk-h200d\/#primaryimage\",\"url\":\"https:\/\/www.hongky.com\/wp-content\/uploads\/2024\/09\/Welding-transformers-HK-H200D-hong-ky.jpg\",\"contentUrl\":\"https:\/\/www.hongky.com\/wp-content\/uploads\/2024\/09\/Welding-transformers-HK-H200D-hong-ky.jpg\",\"width\":680,\"height\":535,\"caption\":\"Welding-transformers-HK-H200D-hong-ky\"},{\"@type\":\"BreadcrumbList\",\"@id\":\"https:\/\/www.hongky.com\/en\/welding-transformers-hk-h200d\/#breadcrumb\",\"itemListElement\":[{\"@type\":\"ListItem\",\"position\":1,\"name\":\"Home\",\"item\":\"https:\/\/www.hongky.com\/en\/\"},{\"@type\":\"ListItem\",\"position\":2,\"name\":\"Shop\",\"item\":\"https:\/\/www.hongky.com\/en\/shop\/\"},{\"@type\":\"ListItem\",\"position\":3,\"name\":\"Product\",\"item\":\"https:\/\/www.hongky.com\/en\/product\/\"},{\"@type\":\"ListItem\",\"position\":4,\"name\":\"Welding machine, plasma metal cutter\",\"item\":\"https:\/\/www.hongky.com\/en\/welding-machine-plasma-metal-cutter\/\"},{\"@type\":\"ListItem\",\"position\":5,\"name\":\"Welding Transformer\",\"item\":\"https:\/\/www.hongky.com\/en\/welding-transformer\/\"},{\"@type\":\"ListItem\",\"position\":6,\"name\":\"Welding transformers HK H200D\"}]},{\"@type\":\"WebSite\",\"@id\":\"https:\/\/www.hongky.com\/en\/#website\",\"url\":\"https:\/\/www.hongky.com\/en\/\",\"name\":\"C\u00f4ng ty C\u01a1 Kh\u00ed H\u1ed3ng K\u00fd\",\"description\":\"Th\u01b0\u01a1ng hi\u1ec7u H\u1ed3ng K\u00fd l\u00e0 s\u1ef1 l\u1ef1a ch\u1ecdn h\u00e0ng \u0111\u1ea7u c\u1ee7a \u0111\u1ed1i t\u00e1c &amp; kh\u00e1ch h\u00e0ng\",\"publisher\":{\"@id\":\"https:\/\/www.hongky.com\/en\/#organization\"},\"potentialAction\":[{\"@type\":\"SearchAction\",\"target\":{\"@type\":\"EntryPoint\",\"urlTemplate\":\"https:\/\/www.hongky.com\/en\/?s={search_term_string}\"},\"query-input\":{\"@type\":\"PropertyValueSpecification\",\"valueRequired\":true,\"valueName\":\"search_term_string\"}}],\"inLanguage\":\"en-US\"},{\"@type\":\"Organization\",\"@id\":\"https:\/\/www.hongky.com\/en\/#organization\",\"name\":\"C\u00f4ng ty C\u01a1 Kh\u00ed H\u1ed3ng K\u00fd\",\"url\":\"https:\/\/www.hongky.com\/en\/\",\"logo\":{\"@type\":\"ImageObject\",\"inLanguage\":\"en-US\",\"@id\":\"https:\/\/www.hongky.com\/en\/#\/schema\/logo\/image\/\",\"url\":\"https:\/\/www.hongky.com\/wp-content\/uploads\/2025\/06\/cropped-hong-ky-mechanical-company-2.png\",\"contentUrl\":\"https:\/\/www.hongky.com\/wp-content\/uploads\/2025\/06\/cropped-hong-ky-mechanical-company-2.png\",\"width\":849,\"height\":849,\"caption\":\"C\u00f4ng ty C\u01a1 Kh\u00ed H\u1ed3ng K\u00fd\"},\"image\":{\"@id\":\"https:\/\/www.hongky.com\/en\/#\/schema\/logo\/image\/\"},\"sameAs\":[\"https:\/\/www.facebook.com\/HongKyMayHan\"]}]}<\/script>\n<!-- \/ Yoast SEO plugin. -->","yoast_head_json":{"title":"Welding transformers HK H200D - C\u00f4ng ty C\u01a1 Kh\u00ed H\u1ed3ng K\u00fd","description":"HK-H200D welding transformer: high-power transformer welding machine for industrial use. Made in Vietnam, ideal for structural steel and heavy-duty welding.","robots":{"index":"index","follow":"follow","max-snippet":"max-snippet:-1","max-image-preview":"max-image-preview:large","max-video-preview":"max-video-preview:-1"},"canonical":"https:\/\/www.hongky.com\/en\/welding-transformers-hk-h200d","og_locale":"en_US","og_type":"article","og_title":"Welding transformers HK H200D - C\u00f4ng ty C\u01a1 Kh\u00ed H\u1ed3ng K\u00fd","og_description":"HK-H200D welding transformer: high-power transformer welding machine for industrial use. Made in Vietnam, ideal for structural steel and heavy-duty welding.","og_url":"https:\/\/www.hongky.com\/en\/welding-transformers-hk-h200d","og_site_name":"C\u00f4ng ty C\u01a1 Kh\u00ed H\u1ed3ng K\u00fd","article_publisher":"https:\/\/www.facebook.com\/HongKyMayHan","article_modified_time":"2026-03-02T06:30:08+00:00","og_image":[{"width":680,"height":535,"url":"https:\/\/www.hongky.com\/wp-content\/uploads\/2024\/09\/Welding-transformers-HK-H200D-hong-ky.jpg","type":"image\/jpeg"}],"twitter_card":"summary_large_image","twitter_misc":{"Est. reading time":"1 minute"},"schema":{"@context":"https:\/\/schema.org","@graph":[{"@type":"WebPage","@id":"https:\/\/www.hongky.com\/en\/welding-transformers-hk-h200d\/","url":"https:\/\/www.hongky.com\/en\/welding-transformers-hk-h200d\/","name":"Welding transformers HK H200D - C\u00f4ng ty C\u01a1 Kh\u00ed H\u1ed3ng K\u00fd","isPartOf":{"@id":"https:\/\/www.hongky.com\/en\/#website"},"primaryImageOfPage":{"@id":"https:\/\/www.hongky.com\/en\/welding-transformers-hk-h200d\/#primaryimage"},"image":{"@id":"https:\/\/www.hongky.com\/en\/welding-transformers-hk-h200d\/#primaryimage"},"thumbnailUrl":"https:\/\/www.hongky.com\/wp-content\/uploads\/2024\/09\/Welding-transformers-HK-H200D-hong-ky.jpg","datePublished":"2024-09-23T11:24:34+00:00","dateModified":"2026-03-02T06:30:08+00:00","description":"HK-H200D welding transformer: high-power transformer welding machine for industrial use. Made in Vietnam, ideal for structural steel and heavy-duty welding.","breadcrumb":{"@id":"https:\/\/www.hongky.com\/en\/welding-transformers-hk-h200d\/#breadcrumb"},"inLanguage":"en-US","potentialAction":[{"@type":"ReadAction","target":["https:\/\/www.hongky.com\/en\/welding-transformers-hk-h200d\/"]}]},{"@type":"ImageObject","inLanguage":"en-US","@id":"https:\/\/www.hongky.com\/en\/welding-transformers-hk-h200d\/#primaryimage","url":"https:\/\/www.hongky.com\/wp-content\/uploads\/2024\/09\/Welding-transformers-HK-H200D-hong-ky.jpg","contentUrl":"https:\/\/www.hongky.com\/wp-content\/uploads\/2024\/09\/Welding-transformers-HK-H200D-hong-ky.jpg","width":680,"height":535,"caption":"Welding-transformers-HK-H200D-hong-ky"},{"@type":"BreadcrumbList","@id":"https:\/\/www.hongky.com\/en\/welding-transformers-hk-h200d\/#breadcrumb","itemListElement":[{"@type":"ListItem","position":1,"name":"Home","item":"https:\/\/www.hongky.com\/en\/"},{"@type":"ListItem","position":2,"name":"Shop","item":"https:\/\/www.hongky.com\/en\/shop\/"},{"@type":"ListItem","position":3,"name":"Product","item":"https:\/\/www.hongky.com\/en\/product\/"},{"@type":"ListItem","position":4,"name":"Welding machine, plasma metal cutter","item":"https:\/\/www.hongky.com\/en\/welding-machine-plasma-metal-cutter\/"},{"@type":"ListItem","position":5,"name":"Welding Transformer","item":"https:\/\/www.hongky.com\/en\/welding-transformer\/"},{"@type":"ListItem","position":6,"name":"Welding transformers HK H200D"}]},{"@type":"WebSite","@id":"https:\/\/www.hongky.com\/en\/#website","url":"https:\/\/www.hongky.com\/en\/","name":"C\u00f4ng ty C\u01a1 Kh\u00ed H\u1ed3ng K\u00fd","description":"Th\u01b0\u01a1ng hi\u1ec7u H\u1ed3ng K\u00fd l\u00e0 s\u1ef1 l\u1ef1a ch\u1ecdn h\u00e0ng \u0111\u1ea7u c\u1ee7a \u0111\u1ed1i t\u00e1c &amp; kh\u00e1ch h\u00e0ng","publisher":{"@id":"https:\/\/www.hongky.com\/en\/#organization"},"potentialAction":[{"@type":"SearchAction","target":{"@type":"EntryPoint","urlTemplate":"https:\/\/www.hongky.com\/en\/?s={search_term_string}"},"query-input":{"@type":"PropertyValueSpecification","valueRequired":true,"valueName":"search_term_string"}}],"inLanguage":"en-US"},{"@type":"Organization","@id":"https:\/\/www.hongky.com\/en\/#organization","name":"C\u00f4ng ty C\u01a1 Kh\u00ed H\u1ed3ng K\u00fd","url":"https:\/\/www.hongky.com\/en\/","logo":{"@type":"ImageObject","inLanguage":"en-US","@id":"https:\/\/www.hongky.com\/en\/#\/schema\/logo\/image\/","url":"https:\/\/www.hongky.com\/wp-content\/uploads\/2025\/06\/cropped-hong-ky-mechanical-company-2.png","contentUrl":"https:\/\/www.hongky.com\/wp-content\/uploads\/2025\/06\/cropped-hong-ky-mechanical-company-2.png","width":849,"height":849,"caption":"C\u00f4ng ty C\u01a1 Kh\u00ed H\u1ed3ng K\u00fd"},"image":{"@id":"https:\/\/www.hongky.com\/en\/#\/schema\/logo\/image\/"},"sameAs":["https:\/\/www.facebook.com\/HongKyMayHan"]}]}},"_links":{"self":[{"href":"https:\/\/www.hongky.com\/en\/wp-json\/wp\/v2\/product\/5992","targetHints":{"allow":["GET"]}}],"collection":[{"href":"https:\/\/www.hongky.com\/en\/wp-json\/wp\/v2\/product"}],"about":[{"href":"https:\/\/www.hongky.com\/en\/wp-json\/wp\/v2\/types\/product"}],"replies":[{"embeddable":true,"href":"https:\/\/www.hongky.com\/en\/wp-json\/wp\/v2\/comments?post=5992"}],"wp:featuredmedia":[{"embeddable":true,"href":"https:\/\/www.hongky.com\/en\/wp-json\/wp\/v2\/media\/6969"}],"wp:attachment":[{"href":"https:\/\/www.hongky.com\/en\/wp-json\/wp\/v2\/media?parent=5992"}],"wp:term":[{"taxonomy":"product_brand","embeddable":true,"href":"https:\/\/www.hongky.com\/en\/wp-json\/wp\/v2\/product_brand?post=5992"},{"taxonomy":"product_cat","embeddable":true,"href":"https:\/\/www.hongky.com\/en\/wp-json\/wp\/v2\/product_cat?post=5992"},{"taxonomy":"product_tag","embeddable":true,"href":"https:\/\/www.hongky.com\/en\/wp-json\/wp\/v2\/product_tag?post=5992"}],"curies":[{"name":"wp","href":"https:\/\/api.w.org\/{rel}","templated":true}]}}