{"id":5994,"date":"2024-09-23T16:54:50","date_gmt":"2024-09-23T09:54:50","guid":{"rendered":"https:\/\/hongky.com\/product\/may-cat-plasma-hkcut60\/"},"modified":"2026-03-02T10:33:23","modified_gmt":"2026-03-02T03:33:23","slug":"hongky-master-plasma-cutter-hkcut60","status":"publish","type":"product","link":"https:\/\/www.hongky.com\/en\/hongky-master-plasma-cutter-hkcut60\/","title":{"rendered":"Hongky Master Plasma Cutter HKCUT60"},"content":{"rendered":"<p style=\"text-align: justify;\">The HKCUT60 industrial plasma cutter delivers precise cutting with advanced plasma arc technology and stable 60A power, producing clean cuts to 18mm and max cutting to 30mm. Made in Vietnam with adjustable parameters and built\u2011in safety features.<\/p>\n","protected":false},"excerpt":{"rendered":"<ul>\n<li>IGBT Technology<\/li>\n<li>Cut up to 30mm<\/li>\n<li>Clean cut 18mm<\/li>\n<li>8m torch<\/li>\n<li>2T\/4T &amp; Pilot Arc<\/li>\n<\/ul>\n","protected":false},"featured_media":4121,"menu_order":58,"comment_status":"open","ping_status":"closed","template":"","meta":{"_acf_changed":false,"inline_featured_image":false},"product_brand":[2592],"product_cat":[1233],"product_tag":[2069,2067,2068,2070],"class_list":{"0":"post-5994","1":"product","2":"type-product","3":"status-publish","4":"has-post-thumbnail","6":"product_brand-master","7":"product_cat-may-cat-plasma-en","8":"product_tag-cutting-machine","9":"product_tag-industrial-plasma-cutter","10":"product_tag-plasma-arc-cutting-machine","11":"product_tag-plasma-cutting","13":"first","14":"instock","15":"shipping-taxable","16":"product-type-simple"},"acf":[],"yoast_head":"<!-- This site is optimized with the Yoast SEO plugin v23.7 - https:\/\/yoast.com\/wordpress\/plugins\/seo\/ -->\n<title>Hongky Master Plasma Cutter HKCUT60 - C\u00f4ng ty C\u01a1 Kh\u00ed H\u1ed3ng K\u00fd<\/title>\n<meta name=\"description\" content=\"Efficient, durable industrial plasma cutter with IGBT technology for precise steel, stainless steel, and aluminum cutting; cuts up to 30mm and clean 18mm.\" \/>\n<meta name=\"robots\" content=\"index, follow, max-snippet:-1, max-image-preview:large, max-video-preview:-1\" \/>\n<link rel=\"canonical\" href=\"https:\/\/www.hongky.com\/en\/hongky-master-plasma-cutter-hkcut60\" \/>\n<meta property=\"og:locale\" content=\"en_US\" \/>\n<meta property=\"og:type\" content=\"article\" \/>\n<meta property=\"og:title\" content=\"Hongky Master Plasma Cutter HKCUT60 - C\u00f4ng ty C\u01a1 Kh\u00ed H\u1ed3ng K\u00fd\" \/>\n<meta property=\"og:description\" content=\"Efficient, durable industrial plasma cutter with IGBT technology for precise steel, stainless steel, and aluminum cutting; cuts up to 30mm and clean 18mm.\" \/>\n<meta property=\"og:url\" content=\"https:\/\/www.hongky.com\/en\/hongky-master-plasma-cutter-hkcut60\" \/>\n<meta property=\"og:site_name\" content=\"C\u00f4ng ty C\u01a1 Kh\u00ed H\u1ed3ng K\u00fd\" \/>\n<meta property=\"article:publisher\" content=\"https:\/\/www.facebook.com\/HongKyMayHan\" \/>\n<meta property=\"article:modified_time\" content=\"2026-03-02T03:33:23+00:00\" \/>\n<meta property=\"og:image\" content=\"https:\/\/www.hongky.com\/wp-content\/uploads\/2024\/11\/plasma-welding-machine-hkcut60-hong-ky.jpg\" \/>\n\t<meta property=\"og:image:width\" content=\"2000\" \/>\n\t<meta property=\"og:image:height\" content=\"1574\" \/>\n\t<meta property=\"og:image:type\" content=\"image\/jpeg\" \/>\n<meta name=\"twitter:card\" content=\"summary_large_image\" \/>\n<meta name=\"twitter:label1\" content=\"Est. reading time\" \/>\n\t<meta name=\"twitter:data1\" content=\"1 minute\" \/>\n<script type=\"application\/ld+json\" class=\"yoast-schema-graph\">{\"@context\":\"https:\/\/schema.org\",\"@graph\":[{\"@type\":\"WebPage\",\"@id\":\"https:\/\/www.hongky.com\/en\/hongky-master-plasma-cutter-hkcut60\/\",\"url\":\"https:\/\/www.hongky.com\/en\/hongky-master-plasma-cutter-hkcut60\/\",\"name\":\"Hongky Master Plasma Cutter HKCUT60 - C\u00f4ng ty C\u01a1 Kh\u00ed H\u1ed3ng K\u00fd\",\"isPartOf\":{\"@id\":\"https:\/\/www.hongky.com\/en\/#website\"},\"primaryImageOfPage\":{\"@id\":\"https:\/\/www.hongky.com\/en\/hongky-master-plasma-cutter-hkcut60\/#primaryimage\"},\"image\":{\"@id\":\"https:\/\/www.hongky.com\/en\/hongky-master-plasma-cutter-hkcut60\/#primaryimage\"},\"thumbnailUrl\":\"https:\/\/www.hongky.com\/wp-content\/uploads\/2024\/11\/plasma-welding-machine-hkcut60-hong-ky.jpg\",\"datePublished\":\"2024-09-23T09:54:50+00:00\",\"dateModified\":\"2026-03-02T03:33:23+00:00\",\"description\":\"Efficient, durable industrial plasma cutter with IGBT technology for precise steel, stainless steel, and aluminum cutting; cuts up to 30mm and clean 18mm.\",\"breadcrumb\":{\"@id\":\"https:\/\/www.hongky.com\/en\/hongky-master-plasma-cutter-hkcut60\/#breadcrumb\"},\"inLanguage\":\"en-US\",\"potentialAction\":[{\"@type\":\"ReadAction\",\"target\":[\"https:\/\/www.hongky.com\/en\/hongky-master-plasma-cutter-hkcut60\/\"]}]},{\"@type\":\"ImageObject\",\"inLanguage\":\"en-US\",\"@id\":\"https:\/\/www.hongky.com\/en\/hongky-master-plasma-cutter-hkcut60\/#primaryimage\",\"url\":\"https:\/\/www.hongky.com\/wp-content\/uploads\/2024\/11\/plasma-welding-machine-hkcut60-hong-ky.jpg\",\"contentUrl\":\"https:\/\/www.hongky.com\/wp-content\/uploads\/2024\/11\/plasma-welding-machine-hkcut60-hong-ky.jpg\",\"width\":2000,\"height\":1574,\"caption\":\"plasma-welding-machine-hkcut60-hong-ky\"},{\"@type\":\"BreadcrumbList\",\"@id\":\"https:\/\/www.hongky.com\/en\/hongky-master-plasma-cutter-hkcut60\/#breadcrumb\",\"itemListElement\":[{\"@type\":\"ListItem\",\"position\":1,\"name\":\"Home\",\"item\":\"https:\/\/www.hongky.com\/en\/\"},{\"@type\":\"ListItem\",\"position\":2,\"name\":\"Shop\",\"item\":\"https:\/\/www.hongky.com\/en\/shop\/\"},{\"@type\":\"ListItem\",\"position\":3,\"name\":\"Product\",\"item\":\"https:\/\/www.hongky.com\/en\/product\/\"},{\"@type\":\"ListItem\",\"position\":4,\"name\":\"Welding machine, plasma metal cutter\",\"item\":\"https:\/\/www.hongky.com\/en\/welding-machine-plasma-metal-cutter\/\"},{\"@type\":\"ListItem\",\"position\":5,\"name\":\"Plasma cutting\",\"item\":\"https:\/\/www.hongky.com\/en\/plasma-cutting\/\"},{\"@type\":\"ListItem\",\"position\":6,\"name\":\"Hongky Master Plasma Cutter HKCUT60\"}]},{\"@type\":\"WebSite\",\"@id\":\"https:\/\/www.hongky.com\/en\/#website\",\"url\":\"https:\/\/www.hongky.com\/en\/\",\"name\":\"C\u00f4ng ty C\u01a1 Kh\u00ed H\u1ed3ng K\u00fd\",\"description\":\"Th\u01b0\u01a1ng hi\u1ec7u H\u1ed3ng K\u00fd l\u00e0 s\u1ef1 l\u1ef1a ch\u1ecdn h\u00e0ng \u0111\u1ea7u c\u1ee7a \u0111\u1ed1i t\u00e1c &amp; kh\u00e1ch h\u00e0ng\",\"publisher\":{\"@id\":\"https:\/\/www.hongky.com\/en\/#organization\"},\"potentialAction\":[{\"@type\":\"SearchAction\",\"target\":{\"@type\":\"EntryPoint\",\"urlTemplate\":\"https:\/\/www.hongky.com\/en\/?s={search_term_string}\"},\"query-input\":{\"@type\":\"PropertyValueSpecification\",\"valueRequired\":true,\"valueName\":\"search_term_string\"}}],\"inLanguage\":\"en-US\"},{\"@type\":\"Organization\",\"@id\":\"https:\/\/www.hongky.com\/en\/#organization\",\"name\":\"C\u00f4ng ty C\u01a1 Kh\u00ed H\u1ed3ng K\u00fd\",\"url\":\"https:\/\/www.hongky.com\/en\/\",\"logo\":{\"@type\":\"ImageObject\",\"inLanguage\":\"en-US\",\"@id\":\"https:\/\/www.hongky.com\/en\/#\/schema\/logo\/image\/\",\"url\":\"https:\/\/www.hongky.com\/wp-content\/uploads\/2025\/06\/cropped-hong-ky-mechanical-company-2.png\",\"contentUrl\":\"https:\/\/www.hongky.com\/wp-content\/uploads\/2025\/06\/cropped-hong-ky-mechanical-company-2.png\",\"width\":849,\"height\":849,\"caption\":\"C\u00f4ng ty C\u01a1 Kh\u00ed H\u1ed3ng K\u00fd\"},\"image\":{\"@id\":\"https:\/\/www.hongky.com\/en\/#\/schema\/logo\/image\/\"},\"sameAs\":[\"https:\/\/www.facebook.com\/HongKyMayHan\"]}]}<\/script>\n<!-- \/ Yoast SEO plugin. -->","yoast_head_json":{"title":"Hongky Master Plasma Cutter HKCUT60 - C\u00f4ng ty C\u01a1 Kh\u00ed H\u1ed3ng K\u00fd","description":"Efficient, durable industrial plasma cutter with IGBT technology for precise steel, stainless steel, and aluminum cutting; cuts up to 30mm and clean 18mm.","robots":{"index":"index","follow":"follow","max-snippet":"max-snippet:-1","max-image-preview":"max-image-preview:large","max-video-preview":"max-video-preview:-1"},"canonical":"https:\/\/www.hongky.com\/en\/hongky-master-plasma-cutter-hkcut60","og_locale":"en_US","og_type":"article","og_title":"Hongky Master Plasma Cutter HKCUT60 - C\u00f4ng ty C\u01a1 Kh\u00ed H\u1ed3ng K\u00fd","og_description":"Efficient, durable industrial plasma cutter with IGBT technology for precise steel, stainless steel, and aluminum cutting; cuts up to 30mm and clean 18mm.","og_url":"https:\/\/www.hongky.com\/en\/hongky-master-plasma-cutter-hkcut60","og_site_name":"C\u00f4ng ty C\u01a1 Kh\u00ed H\u1ed3ng K\u00fd","article_publisher":"https:\/\/www.facebook.com\/HongKyMayHan","article_modified_time":"2026-03-02T03:33:23+00:00","og_image":[{"width":2000,"height":1574,"url":"https:\/\/www.hongky.com\/wp-content\/uploads\/2024\/11\/plasma-welding-machine-hkcut60-hong-ky.jpg","type":"image\/jpeg"}],"twitter_card":"summary_large_image","twitter_misc":{"Est. reading time":"1 minute"},"schema":{"@context":"https:\/\/schema.org","@graph":[{"@type":"WebPage","@id":"https:\/\/www.hongky.com\/en\/hongky-master-plasma-cutter-hkcut60\/","url":"https:\/\/www.hongky.com\/en\/hongky-master-plasma-cutter-hkcut60\/","name":"Hongky Master Plasma Cutter HKCUT60 - C\u00f4ng ty C\u01a1 Kh\u00ed H\u1ed3ng K\u00fd","isPartOf":{"@id":"https:\/\/www.hongky.com\/en\/#website"},"primaryImageOfPage":{"@id":"https:\/\/www.hongky.com\/en\/hongky-master-plasma-cutter-hkcut60\/#primaryimage"},"image":{"@id":"https:\/\/www.hongky.com\/en\/hongky-master-plasma-cutter-hkcut60\/#primaryimage"},"thumbnailUrl":"https:\/\/www.hongky.com\/wp-content\/uploads\/2024\/11\/plasma-welding-machine-hkcut60-hong-ky.jpg","datePublished":"2024-09-23T09:54:50+00:00","dateModified":"2026-03-02T03:33:23+00:00","description":"Efficient, durable industrial plasma cutter with IGBT technology for precise steel, stainless steel, and aluminum cutting; cuts up to 30mm and clean 18mm.","breadcrumb":{"@id":"https:\/\/www.hongky.com\/en\/hongky-master-plasma-cutter-hkcut60\/#breadcrumb"},"inLanguage":"en-US","potentialAction":[{"@type":"ReadAction","target":["https:\/\/www.hongky.com\/en\/hongky-master-plasma-cutter-hkcut60\/"]}]},{"@type":"ImageObject","inLanguage":"en-US","@id":"https:\/\/www.hongky.com\/en\/hongky-master-plasma-cutter-hkcut60\/#primaryimage","url":"https:\/\/www.hongky.com\/wp-content\/uploads\/2024\/11\/plasma-welding-machine-hkcut60-hong-ky.jpg","contentUrl":"https:\/\/www.hongky.com\/wp-content\/uploads\/2024\/11\/plasma-welding-machine-hkcut60-hong-ky.jpg","width":2000,"height":1574,"caption":"plasma-welding-machine-hkcut60-hong-ky"},{"@type":"BreadcrumbList","@id":"https:\/\/www.hongky.com\/en\/hongky-master-plasma-cutter-hkcut60\/#breadcrumb","itemListElement":[{"@type":"ListItem","position":1,"name":"Home","item":"https:\/\/www.hongky.com\/en\/"},{"@type":"ListItem","position":2,"name":"Shop","item":"https:\/\/www.hongky.com\/en\/shop\/"},{"@type":"ListItem","position":3,"name":"Product","item":"https:\/\/www.hongky.com\/en\/product\/"},{"@type":"ListItem","position":4,"name":"Welding machine, plasma metal cutter","item":"https:\/\/www.hongky.com\/en\/welding-machine-plasma-metal-cutter\/"},{"@type":"ListItem","position":5,"name":"Plasma cutting","item":"https:\/\/www.hongky.com\/en\/plasma-cutting\/"},{"@type":"ListItem","position":6,"name":"Hongky Master Plasma Cutter HKCUT60"}]},{"@type":"WebSite","@id":"https:\/\/www.hongky.com\/en\/#website","url":"https:\/\/www.hongky.com\/en\/","name":"C\u00f4ng ty C\u01a1 Kh\u00ed H\u1ed3ng K\u00fd","description":"Th\u01b0\u01a1ng hi\u1ec7u H\u1ed3ng K\u00fd l\u00e0 s\u1ef1 l\u1ef1a ch\u1ecdn h\u00e0ng \u0111\u1ea7u c\u1ee7a \u0111\u1ed1i t\u00e1c &amp; kh\u00e1ch h\u00e0ng","publisher":{"@id":"https:\/\/www.hongky.com\/en\/#organization"},"potentialAction":[{"@type":"SearchAction","target":{"@type":"EntryPoint","urlTemplate":"https:\/\/www.hongky.com\/en\/?s={search_term_string}"},"query-input":{"@type":"PropertyValueSpecification","valueRequired":true,"valueName":"search_term_string"}}],"inLanguage":"en-US"},{"@type":"Organization","@id":"https:\/\/www.hongky.com\/en\/#organization","name":"C\u00f4ng ty C\u01a1 Kh\u00ed H\u1ed3ng K\u00fd","url":"https:\/\/www.hongky.com\/en\/","logo":{"@type":"ImageObject","inLanguage":"en-US","@id":"https:\/\/www.hongky.com\/en\/#\/schema\/logo\/image\/","url":"https:\/\/www.hongky.com\/wp-content\/uploads\/2025\/06\/cropped-hong-ky-mechanical-company-2.png","contentUrl":"https:\/\/www.hongky.com\/wp-content\/uploads\/2025\/06\/cropped-hong-ky-mechanical-company-2.png","width":849,"height":849,"caption":"C\u00f4ng ty C\u01a1 Kh\u00ed H\u1ed3ng K\u00fd"},"image":{"@id":"https:\/\/www.hongky.com\/en\/#\/schema\/logo\/image\/"},"sameAs":["https:\/\/www.facebook.com\/HongKyMayHan"]}]}},"_links":{"self":[{"href":"https:\/\/www.hongky.com\/en\/wp-json\/wp\/v2\/product\/5994","targetHints":{"allow":["GET"]}}],"collection":[{"href":"https:\/\/www.hongky.com\/en\/wp-json\/wp\/v2\/product"}],"about":[{"href":"https:\/\/www.hongky.com\/en\/wp-json\/wp\/v2\/types\/product"}],"replies":[{"embeddable":true,"href":"https:\/\/www.hongky.com\/en\/wp-json\/wp\/v2\/comments?post=5994"}],"wp:featuredmedia":[{"embeddable":true,"href":"https:\/\/www.hongky.com\/en\/wp-json\/wp\/v2\/media\/4121"}],"wp:attachment":[{"href":"https:\/\/www.hongky.com\/en\/wp-json\/wp\/v2\/media?parent=5994"}],"wp:term":[{"taxonomy":"product_brand","embeddable":true,"href":"https:\/\/www.hongky.com\/en\/wp-json\/wp\/v2\/product_brand?post=5994"},{"taxonomy":"product_cat","embeddable":true,"href":"https:\/\/www.hongky.com\/en\/wp-json\/wp\/v2\/product_cat?post=5994"},{"taxonomy":"product_tag","embeddable":true,"href":"https:\/\/www.hongky.com\/en\/wp-json\/wp\/v2\/product_tag?post=5994"}],"curies":[{"name":"wp","href":"https:\/\/api.w.org\/{rel}","templated":true}]}}