{"id":5996,"date":"2024-09-16T10:01:02","date_gmt":"2024-09-16T03:01:02","guid":{"rendered":"https:\/\/hongky.com\/product\/sp-test\/"},"modified":"2024-09-16T10:01:02","modified_gmt":"2024-09-16T03:01:02","slug":"sp-test","status":"publish","type":"product","link":"https:\/\/www.hongky.com\/en\/sp-test\/","title":{"rendered":"Sp test"},"content":{"rendered":"<p>M\u00f4 t\u1ea3<\/p>\n","protected":false},"excerpt":{"rendered":"<p>m\u00f4 ta ngan<\/p>\n","protected":false},"featured_media":1295,"menu_order":388,"comment_status":"open","ping_status":"closed","template":"","meta":{"_acf_changed":false,"inline_featured_image":false},"product_brand":[],"product_cat":[598],"product_tag":[],"class_list":{"0":"post-5996","1":"product","2":"type-product","3":"status-publish","4":"has-post-thumbnail","6":"product_cat-product","8":"first","9":"instock","10":"shipping-taxable","11":"product-type-simple"},"acf":[],"yoast_head":"<!-- This site is optimized with the Yoast SEO plugin v23.7 - https:\/\/yoast.com\/wordpress\/plugins\/seo\/ -->\n<title>Sp test - C\u00f4ng ty C\u01a1 Kh\u00ed H\u1ed3ng K\u00fd<\/title>\n<meta name=\"robots\" content=\"index, follow, max-snippet:-1, max-image-preview:large, max-video-preview:-1\" \/>\n<link rel=\"canonical\" href=\"https:\/\/www.hongky.com\/en\/sp-test\" \/>\n<meta property=\"og:locale\" content=\"en_US\" \/>\n<meta property=\"og:type\" content=\"article\" \/>\n<meta property=\"og:title\" content=\"Sp test - C\u00f4ng ty C\u01a1 Kh\u00ed H\u1ed3ng K\u00fd\" \/>\n<meta property=\"og:description\" content=\"m\u00f4 ta ngan\" \/>\n<meta property=\"og:url\" content=\"https:\/\/www.hongky.com\/en\/sp-test\" \/>\n<meta property=\"og:site_name\" content=\"C\u00f4ng ty C\u01a1 Kh\u00ed H\u1ed3ng K\u00fd\" \/>\n<meta property=\"article:publisher\" content=\"https:\/\/www.facebook.com\/HongKyMayHan\" \/>\n<meta property=\"og:image\" content=\"https:\/\/www.hongky.com\/wp-content\/uploads\/2024\/08\/lw-1500-05.png\" \/>\n\t<meta property=\"og:image:width\" content=\"1280\" \/>\n\t<meta property=\"og:image:height\" content=\"730\" \/>\n\t<meta property=\"og:image:type\" content=\"image\/png\" \/>\n<meta name=\"twitter:card\" content=\"summary_large_image\" \/>\n<script type=\"application\/ld+json\" class=\"yoast-schema-graph\">{\"@context\":\"https:\/\/schema.org\",\"@graph\":[{\"@type\":\"WebPage\",\"@id\":\"https:\/\/www.hongky.com\/en\/sp-test\/\",\"url\":\"https:\/\/www.hongky.com\/en\/sp-test\/\",\"name\":\"Sp test - C\u00f4ng ty C\u01a1 Kh\u00ed H\u1ed3ng K\u00fd\",\"isPartOf\":{\"@id\":\"https:\/\/www.hongky.com\/en\/#website\"},\"primaryImageOfPage\":{\"@id\":\"https:\/\/www.hongky.com\/en\/sp-test\/#primaryimage\"},\"image\":{\"@id\":\"https:\/\/www.hongky.com\/en\/sp-test\/#primaryimage\"},\"thumbnailUrl\":\"https:\/\/www.hongky.com\/wp-content\/uploads\/2024\/08\/lw-1500-05.png\",\"datePublished\":\"2024-09-16T03:01:02+00:00\",\"dateModified\":\"2024-09-16T03:01:02+00:00\",\"breadcrumb\":{\"@id\":\"https:\/\/www.hongky.com\/en\/sp-test\/#breadcrumb\"},\"inLanguage\":\"en-US\",\"potentialAction\":[{\"@type\":\"ReadAction\",\"target\":[\"https:\/\/www.hongky.com\/en\/sp-test\/\"]}]},{\"@type\":\"ImageObject\",\"inLanguage\":\"en-US\",\"@id\":\"https:\/\/www.hongky.com\/en\/sp-test\/#primaryimage\",\"url\":\"https:\/\/www.hongky.com\/wp-content\/uploads\/2024\/08\/lw-1500-05.png\",\"contentUrl\":\"https:\/\/www.hongky.com\/wp-content\/uploads\/2024\/08\/lw-1500-05.png\",\"width\":1280,\"height\":730},{\"@type\":\"BreadcrumbList\",\"@id\":\"https:\/\/www.hongky.com\/en\/sp-test\/#breadcrumb\",\"itemListElement\":[{\"@type\":\"ListItem\",\"position\":1,\"name\":\"Home\",\"item\":\"https:\/\/www.hongky.com\/en\/\"},{\"@type\":\"ListItem\",\"position\":2,\"name\":\"Shop\",\"item\":\"https:\/\/www.hongky.com\/en\/shop\/\"},{\"@type\":\"ListItem\",\"position\":3,\"name\":\"Product\",\"item\":\"https:\/\/www.hongky.com\/en\/product\/\"},{\"@type\":\"ListItem\",\"position\":4,\"name\":\"Sp test\"}]},{\"@type\":\"WebSite\",\"@id\":\"https:\/\/www.hongky.com\/en\/#website\",\"url\":\"https:\/\/www.hongky.com\/en\/\",\"name\":\"C\u00f4ng ty C\u01a1 Kh\u00ed H\u1ed3ng K\u00fd\",\"description\":\"Th\u01b0\u01a1ng hi\u1ec7u H\u1ed3ng K\u00fd l\u00e0 s\u1ef1 l\u1ef1a ch\u1ecdn h\u00e0ng \u0111\u1ea7u c\u1ee7a \u0111\u1ed1i t\u00e1c &amp; kh\u00e1ch h\u00e0ng\",\"publisher\":{\"@id\":\"https:\/\/www.hongky.com\/en\/#organization\"},\"potentialAction\":[{\"@type\":\"SearchAction\",\"target\":{\"@type\":\"EntryPoint\",\"urlTemplate\":\"https:\/\/www.hongky.com\/en\/?s={search_term_string}\"},\"query-input\":{\"@type\":\"PropertyValueSpecification\",\"valueRequired\":true,\"valueName\":\"search_term_string\"}}],\"inLanguage\":\"en-US\"},{\"@type\":\"Organization\",\"@id\":\"https:\/\/www.hongky.com\/en\/#organization\",\"name\":\"C\u00f4ng ty C\u01a1 Kh\u00ed H\u1ed3ng K\u00fd\",\"url\":\"https:\/\/www.hongky.com\/en\/\",\"logo\":{\"@type\":\"ImageObject\",\"inLanguage\":\"en-US\",\"@id\":\"https:\/\/www.hongky.com\/en\/#\/schema\/logo\/image\/\",\"url\":\"https:\/\/www.hongky.com\/wp-content\/uploads\/2025\/06\/cropped-hong-ky-mechanical-company-2.png\",\"contentUrl\":\"https:\/\/www.hongky.com\/wp-content\/uploads\/2025\/06\/cropped-hong-ky-mechanical-company-2.png\",\"width\":849,\"height\":849,\"caption\":\"C\u00f4ng ty C\u01a1 Kh\u00ed H\u1ed3ng K\u00fd\"},\"image\":{\"@id\":\"https:\/\/www.hongky.com\/en\/#\/schema\/logo\/image\/\"},\"sameAs\":[\"https:\/\/www.facebook.com\/HongKyMayHan\"]}]}<\/script>\n<!-- \/ Yoast SEO plugin. -->","yoast_head_json":{"title":"Sp test - C\u00f4ng ty C\u01a1 Kh\u00ed H\u1ed3ng K\u00fd","robots":{"index":"index","follow":"follow","max-snippet":"max-snippet:-1","max-image-preview":"max-image-preview:large","max-video-preview":"max-video-preview:-1"},"canonical":"https:\/\/www.hongky.com\/en\/sp-test","og_locale":"en_US","og_type":"article","og_title":"Sp test - C\u00f4ng ty C\u01a1 Kh\u00ed H\u1ed3ng K\u00fd","og_description":"m\u00f4 ta ngan","og_url":"https:\/\/www.hongky.com\/en\/sp-test","og_site_name":"C\u00f4ng ty C\u01a1 Kh\u00ed H\u1ed3ng K\u00fd","article_publisher":"https:\/\/www.facebook.com\/HongKyMayHan","og_image":[{"width":1280,"height":730,"url":"https:\/\/www.hongky.com\/wp-content\/uploads\/2024\/08\/lw-1500-05.png","type":"image\/png"}],"twitter_card":"summary_large_image","schema":{"@context":"https:\/\/schema.org","@graph":[{"@type":"WebPage","@id":"https:\/\/www.hongky.com\/en\/sp-test\/","url":"https:\/\/www.hongky.com\/en\/sp-test\/","name":"Sp test - C\u00f4ng ty C\u01a1 Kh\u00ed H\u1ed3ng K\u00fd","isPartOf":{"@id":"https:\/\/www.hongky.com\/en\/#website"},"primaryImageOfPage":{"@id":"https:\/\/www.hongky.com\/en\/sp-test\/#primaryimage"},"image":{"@id":"https:\/\/www.hongky.com\/en\/sp-test\/#primaryimage"},"thumbnailUrl":"https:\/\/www.hongky.com\/wp-content\/uploads\/2024\/08\/lw-1500-05.png","datePublished":"2024-09-16T03:01:02+00:00","dateModified":"2024-09-16T03:01:02+00:00","breadcrumb":{"@id":"https:\/\/www.hongky.com\/en\/sp-test\/#breadcrumb"},"inLanguage":"en-US","potentialAction":[{"@type":"ReadAction","target":["https:\/\/www.hongky.com\/en\/sp-test\/"]}]},{"@type":"ImageObject","inLanguage":"en-US","@id":"https:\/\/www.hongky.com\/en\/sp-test\/#primaryimage","url":"https:\/\/www.hongky.com\/wp-content\/uploads\/2024\/08\/lw-1500-05.png","contentUrl":"https:\/\/www.hongky.com\/wp-content\/uploads\/2024\/08\/lw-1500-05.png","width":1280,"height":730},{"@type":"BreadcrumbList","@id":"https:\/\/www.hongky.com\/en\/sp-test\/#breadcrumb","itemListElement":[{"@type":"ListItem","position":1,"name":"Home","item":"https:\/\/www.hongky.com\/en\/"},{"@type":"ListItem","position":2,"name":"Shop","item":"https:\/\/www.hongky.com\/en\/shop\/"},{"@type":"ListItem","position":3,"name":"Product","item":"https:\/\/www.hongky.com\/en\/product\/"},{"@type":"ListItem","position":4,"name":"Sp test"}]},{"@type":"WebSite","@id":"https:\/\/www.hongky.com\/en\/#website","url":"https:\/\/www.hongky.com\/en\/","name":"C\u00f4ng ty C\u01a1 Kh\u00ed H\u1ed3ng K\u00fd","description":"Th\u01b0\u01a1ng hi\u1ec7u H\u1ed3ng K\u00fd l\u00e0 s\u1ef1 l\u1ef1a ch\u1ecdn h\u00e0ng \u0111\u1ea7u c\u1ee7a \u0111\u1ed1i t\u00e1c &amp; kh\u00e1ch h\u00e0ng","publisher":{"@id":"https:\/\/www.hongky.com\/en\/#organization"},"potentialAction":[{"@type":"SearchAction","target":{"@type":"EntryPoint","urlTemplate":"https:\/\/www.hongky.com\/en\/?s={search_term_string}"},"query-input":{"@type":"PropertyValueSpecification","valueRequired":true,"valueName":"search_term_string"}}],"inLanguage":"en-US"},{"@type":"Organization","@id":"https:\/\/www.hongky.com\/en\/#organization","name":"C\u00f4ng ty C\u01a1 Kh\u00ed H\u1ed3ng K\u00fd","url":"https:\/\/www.hongky.com\/en\/","logo":{"@type":"ImageObject","inLanguage":"en-US","@id":"https:\/\/www.hongky.com\/en\/#\/schema\/logo\/image\/","url":"https:\/\/www.hongky.com\/wp-content\/uploads\/2025\/06\/cropped-hong-ky-mechanical-company-2.png","contentUrl":"https:\/\/www.hongky.com\/wp-content\/uploads\/2025\/06\/cropped-hong-ky-mechanical-company-2.png","width":849,"height":849,"caption":"C\u00f4ng ty C\u01a1 Kh\u00ed H\u1ed3ng K\u00fd"},"image":{"@id":"https:\/\/www.hongky.com\/en\/#\/schema\/logo\/image\/"},"sameAs":["https:\/\/www.facebook.com\/HongKyMayHan"]}]}},"_links":{"self":[{"href":"https:\/\/www.hongky.com\/en\/wp-json\/wp\/v2\/product\/5996","targetHints":{"allow":["GET"]}}],"collection":[{"href":"https:\/\/www.hongky.com\/en\/wp-json\/wp\/v2\/product"}],"about":[{"href":"https:\/\/www.hongky.com\/en\/wp-json\/wp\/v2\/types\/product"}],"replies":[{"embeddable":true,"href":"https:\/\/www.hongky.com\/en\/wp-json\/wp\/v2\/comments?post=5996"}],"wp:featuredmedia":[{"embeddable":true,"href":"https:\/\/www.hongky.com\/en\/wp-json\/wp\/v2\/media\/1295"}],"wp:attachment":[{"href":"https:\/\/www.hongky.com\/en\/wp-json\/wp\/v2\/media?parent=5996"}],"wp:term":[{"taxonomy":"product_brand","embeddable":true,"href":"https:\/\/www.hongky.com\/en\/wp-json\/wp\/v2\/product_brand?post=5996"},{"taxonomy":"product_cat","embeddable":true,"href":"https:\/\/www.hongky.com\/en\/wp-json\/wp\/v2\/product_cat?post=5996"},{"taxonomy":"product_tag","embeddable":true,"href":"https:\/\/www.hongky.com\/en\/wp-json\/wp\/v2\/product_tag?post=5996"}],"curies":[{"name":"wp","href":"https:\/\/api.w.org\/{rel}","templated":true}]}}