{"id":6908,"date":"2024-09-25T16:44:56","date_gmt":"2024-09-25T09:44:56","guid":{"rendered":"https:\/\/hongky.com\/product\/may-khoan-ban-kd-600\/"},"modified":"2025-04-11T10:17:06","modified_gmt":"2025-04-11T03:17:06","slug":"may-khoan-ban-kd-600","status":"publish","type":"product","link":"https:\/\/www.hongky.com\/en\/the-kd-600-drill-press\/","title":{"rendered":"The KD 600 Drill Press"},"content":{"rendered":"<div class=\"flex max-w-full flex-col flex-grow\">\n<div data-message-author-role=\"assistant\" data-message-id=\"f55ab880-d82a-42f6-8438-780bb91da41d\" dir=\"auto\" class=\"min-h-8 text-message flex w-full flex-col items-end gap-2 whitespace-normal break-words [.text-message+&amp;]:mt-5\" data-message-model-slug=\"gpt-4o\">\n<div class=\"flex w-full flex-col gap-1 empty:hidden first:pt-[3px]\">\n<div class=\"markdown prose w-full break-words dark:prose-invert light\">\n<p>The KD 600 Hong Ky drill press delivers high performance, compact design, and ease of use, making it ideal for workshops and home use. Its powerful motor ensures precision and energy efficiency, suitable for machining various materials. Made in Vietnam.<\/p>\n<\/div>\n<\/div>\n<\/div>\n<\/div>\n","protected":false},"excerpt":{"rendered":"<ul>\n<li>Compact design, easy to move and install.<\/li>\n<li>Durable motor, stable operation, and energy-saving.<\/li>\n<li>High precision for drilling tasks requiring absolute accuracy.<\/li>\n<li>Supports drilling various types of materials.<\/li>\n<li>Manufactured in Vietnam, meeting international standards.<\/li>\n<\/ul>\n","protected":false},"featured_media":6734,"menu_order":491,"comment_status":"open","ping_status":"closed","template":"","meta":{"_acf_changed":false,"inline_featured_image":false},"product_brand":[],"product_cat":[599,600],"product_tag":[1294,1295,1304,1306,1296,791,1305,1300,1302,1297,1301,1299,1298,1303],"class_list":{"0":"post-6908","1":"product","2":"type-product","3":"status-publish","4":"has-post-thumbnail","6":"product_cat-drilling-cutting-taro-machine","7":"product_cat-drill-press-0-6m-1-0m","8":"product_tag-bench-drill-press","9":"product_tag-bench-drilling-machine","10":"product_tag-best-small-drill-press","11":"product_tag-desktop-drill-press","12":"product_tag-floor-drill-press","13":"product_tag-khoan-ban-en","14":"product_tag-mini-bench-drill","15":"product_tag-mini-drill-press","16":"product_tag-miniature-drill-press","17":"product_tag-pillar-drill","18":"product_tag-small-drill-press","19":"product_tag-stand-drill","20":"product_tag-table-drill-machine","21":"product_tag-table-top-drill-press","23":"first","24":"instock","25":"shipping-taxable","26":"product-type-simple"},"acf":[],"yoast_head":"<!-- This site is optimized with the Yoast SEO plugin v23.7 - https:\/\/yoast.com\/wordpress\/plugins\/seo\/ -->\n<title>The KD 600 Drill Press - C\u00f4ng ty C\u01a1 Kh\u00ed H\u1ed3ng K\u00fd<\/title>\n<meta name=\"description\" content=\"The KD 600 Hong Ky drill press: compact, energy-efficient, and precise, ideal for home and small workshops. Made in Vietnam.\" \/>\n<meta name=\"robots\" content=\"index, follow, max-snippet:-1, max-image-preview:large, max-video-preview:-1\" \/>\n<link rel=\"canonical\" href=\"https:\/\/www.hongky.com\/en\/the-kd-600-drill-press\" \/>\n<meta property=\"og:locale\" content=\"en_US\" \/>\n<meta property=\"og:type\" content=\"article\" \/>\n<meta property=\"og:title\" content=\"The KD 600 Drill Press - C\u00f4ng ty C\u01a1 Kh\u00ed H\u1ed3ng K\u00fd\" \/>\n<meta property=\"og:description\" content=\"The KD 600 Hong Ky drill press: compact, energy-efficient, and precise, ideal for home and small workshops. Made in Vietnam.\" \/>\n<meta property=\"og:url\" content=\"https:\/\/www.hongky.com\/en\/the-kd-600-drill-press\" \/>\n<meta property=\"og:site_name\" content=\"C\u00f4ng ty C\u01a1 Kh\u00ed H\u1ed3ng K\u00fd\" \/>\n<meta property=\"article:publisher\" content=\"https:\/\/www.facebook.com\/HongKyMayHan\" \/>\n<meta property=\"article:modified_time\" content=\"2025-04-11T03:17:06+00:00\" \/>\n<meta property=\"og:image\" content=\"https:\/\/www.hongky.com\/wp-content\/uploads\/2024\/09\/kd-600-table-drill-hong-ky.jpg\" \/>\n\t<meta property=\"og:image:width\" content=\"680\" \/>\n\t<meta property=\"og:image:height\" content=\"535\" \/>\n\t<meta property=\"og:image:type\" content=\"image\/jpeg\" \/>\n<meta name=\"twitter:card\" content=\"summary_large_image\" \/>\n<meta name=\"twitter:label1\" content=\"Est. reading time\" \/>\n\t<meta name=\"twitter:data1\" content=\"1 minute\" \/>\n<script type=\"application\/ld+json\" class=\"yoast-schema-graph\">{\"@context\":\"https:\/\/schema.org\",\"@graph\":[{\"@type\":\"WebPage\",\"@id\":\"https:\/\/www.hongky.com\/en\/the-kd-600-drill-press\/\",\"url\":\"https:\/\/www.hongky.com\/en\/the-kd-600-drill-press\/\",\"name\":\"The KD 600 Drill Press - C\u00f4ng ty C\u01a1 Kh\u00ed H\u1ed3ng K\u00fd\",\"isPartOf\":{\"@id\":\"https:\/\/www.hongky.com\/en\/#website\"},\"primaryImageOfPage\":{\"@id\":\"https:\/\/www.hongky.com\/en\/the-kd-600-drill-press\/#primaryimage\"},\"image\":{\"@id\":\"https:\/\/www.hongky.com\/en\/the-kd-600-drill-press\/#primaryimage\"},\"thumbnailUrl\":\"https:\/\/www.hongky.com\/wp-content\/uploads\/2024\/09\/kd-600-table-drill-hong-ky.jpg\",\"datePublished\":\"2024-09-25T09:44:56+00:00\",\"dateModified\":\"2025-04-11T03:17:06+00:00\",\"description\":\"The KD 600 Hong Ky drill press: compact, energy-efficient, and precise, ideal for home and small workshops. Made in Vietnam.\",\"breadcrumb\":{\"@id\":\"https:\/\/www.hongky.com\/en\/the-kd-600-drill-press\/#breadcrumb\"},\"inLanguage\":\"en-US\",\"potentialAction\":[{\"@type\":\"ReadAction\",\"target\":[\"https:\/\/www.hongky.com\/en\/the-kd-600-drill-press\/\"]}]},{\"@type\":\"ImageObject\",\"inLanguage\":\"en-US\",\"@id\":\"https:\/\/www.hongky.com\/en\/the-kd-600-drill-press\/#primaryimage\",\"url\":\"https:\/\/www.hongky.com\/wp-content\/uploads\/2024\/09\/kd-600-table-drill-hong-ky.jpg\",\"contentUrl\":\"https:\/\/www.hongky.com\/wp-content\/uploads\/2024\/09\/kd-600-table-drill-hong-ky.jpg\",\"width\":680,\"height\":535,\"caption\":\"kd-600-table-drill-hong-ky\"},{\"@type\":\"BreadcrumbList\",\"@id\":\"https:\/\/www.hongky.com\/en\/the-kd-600-drill-press\/#breadcrumb\",\"itemListElement\":[{\"@type\":\"ListItem\",\"position\":1,\"name\":\"Home\",\"item\":\"https:\/\/www.hongky.com\/en\/\"},{\"@type\":\"ListItem\",\"position\":2,\"name\":\"Shop\",\"item\":\"https:\/\/www.hongky.com\/en\/shop\/\"},{\"@type\":\"ListItem\",\"position\":3,\"name\":\"Product\",\"item\":\"https:\/\/www.hongky.com\/en\/product\/\"},{\"@type\":\"ListItem\",\"position\":4,\"name\":\"Drill - Cutting - Taro Machines\",\"item\":\"https:\/\/www.hongky.com\/en\/drill-cutting-taro-machines\/\"},{\"@type\":\"ListItem\",\"position\":5,\"name\":\"Drill press 0.6m - 1.0m\",\"item\":\"https:\/\/www.hongky.com\/en\/drill-press-06m-10m\/\"},{\"@type\":\"ListItem\",\"position\":6,\"name\":\"The KD 600 Drill Press\"}]},{\"@type\":\"WebSite\",\"@id\":\"https:\/\/www.hongky.com\/en\/#website\",\"url\":\"https:\/\/www.hongky.com\/en\/\",\"name\":\"C\u00f4ng ty C\u01a1 Kh\u00ed H\u1ed3ng K\u00fd\",\"description\":\"Th\u01b0\u01a1ng hi\u1ec7u H\u1ed3ng K\u00fd l\u00e0 s\u1ef1 l\u1ef1a ch\u1ecdn h\u00e0ng \u0111\u1ea7u c\u1ee7a \u0111\u1ed1i t\u00e1c &amp; kh\u00e1ch h\u00e0ng\",\"publisher\":{\"@id\":\"https:\/\/www.hongky.com\/en\/#organization\"},\"potentialAction\":[{\"@type\":\"SearchAction\",\"target\":{\"@type\":\"EntryPoint\",\"urlTemplate\":\"https:\/\/www.hongky.com\/en\/?s={search_term_string}\"},\"query-input\":{\"@type\":\"PropertyValueSpecification\",\"valueRequired\":true,\"valueName\":\"search_term_string\"}}],\"inLanguage\":\"en-US\"},{\"@type\":\"Organization\",\"@id\":\"https:\/\/www.hongky.com\/en\/#organization\",\"name\":\"C\u00f4ng ty C\u01a1 Kh\u00ed H\u1ed3ng K\u00fd\",\"url\":\"https:\/\/www.hongky.com\/en\/\",\"logo\":{\"@type\":\"ImageObject\",\"inLanguage\":\"en-US\",\"@id\":\"https:\/\/www.hongky.com\/en\/#\/schema\/logo\/image\/\",\"url\":\"https:\/\/www.hongky.com\/wp-content\/uploads\/2025\/06\/cropped-hong-ky-mechanical-company-2.png\",\"contentUrl\":\"https:\/\/www.hongky.com\/wp-content\/uploads\/2025\/06\/cropped-hong-ky-mechanical-company-2.png\",\"width\":849,\"height\":849,\"caption\":\"C\u00f4ng ty C\u01a1 Kh\u00ed H\u1ed3ng K\u00fd\"},\"image\":{\"@id\":\"https:\/\/www.hongky.com\/en\/#\/schema\/logo\/image\/\"},\"sameAs\":[\"https:\/\/www.facebook.com\/HongKyMayHan\"]}]}<\/script>\n<!-- \/ Yoast SEO plugin. -->","yoast_head_json":{"title":"The KD 600 Drill Press - C\u00f4ng ty C\u01a1 Kh\u00ed H\u1ed3ng K\u00fd","description":"The KD 600 Hong Ky drill press: compact, energy-efficient, and precise, ideal for home and small workshops. Made in Vietnam.","robots":{"index":"index","follow":"follow","max-snippet":"max-snippet:-1","max-image-preview":"max-image-preview:large","max-video-preview":"max-video-preview:-1"},"canonical":"https:\/\/www.hongky.com\/en\/the-kd-600-drill-press","og_locale":"en_US","og_type":"article","og_title":"The KD 600 Drill Press - C\u00f4ng ty C\u01a1 Kh\u00ed H\u1ed3ng K\u00fd","og_description":"The KD 600 Hong Ky drill press: compact, energy-efficient, and precise, ideal for home and small workshops. Made in Vietnam.","og_url":"https:\/\/www.hongky.com\/en\/the-kd-600-drill-press","og_site_name":"C\u00f4ng ty C\u01a1 Kh\u00ed H\u1ed3ng K\u00fd","article_publisher":"https:\/\/www.facebook.com\/HongKyMayHan","article_modified_time":"2025-04-11T03:17:06+00:00","og_image":[{"width":680,"height":535,"url":"https:\/\/www.hongky.com\/wp-content\/uploads\/2024\/09\/kd-600-table-drill-hong-ky.jpg","type":"image\/jpeg"}],"twitter_card":"summary_large_image","twitter_misc":{"Est. reading time":"1 minute"},"schema":{"@context":"https:\/\/schema.org","@graph":[{"@type":"WebPage","@id":"https:\/\/www.hongky.com\/en\/the-kd-600-drill-press\/","url":"https:\/\/www.hongky.com\/en\/the-kd-600-drill-press\/","name":"The KD 600 Drill Press - C\u00f4ng ty C\u01a1 Kh\u00ed H\u1ed3ng K\u00fd","isPartOf":{"@id":"https:\/\/www.hongky.com\/en\/#website"},"primaryImageOfPage":{"@id":"https:\/\/www.hongky.com\/en\/the-kd-600-drill-press\/#primaryimage"},"image":{"@id":"https:\/\/www.hongky.com\/en\/the-kd-600-drill-press\/#primaryimage"},"thumbnailUrl":"https:\/\/www.hongky.com\/wp-content\/uploads\/2024\/09\/kd-600-table-drill-hong-ky.jpg","datePublished":"2024-09-25T09:44:56+00:00","dateModified":"2025-04-11T03:17:06+00:00","description":"The KD 600 Hong Ky drill press: compact, energy-efficient, and precise, ideal for home and small workshops. Made in Vietnam.","breadcrumb":{"@id":"https:\/\/www.hongky.com\/en\/the-kd-600-drill-press\/#breadcrumb"},"inLanguage":"en-US","potentialAction":[{"@type":"ReadAction","target":["https:\/\/www.hongky.com\/en\/the-kd-600-drill-press\/"]}]},{"@type":"ImageObject","inLanguage":"en-US","@id":"https:\/\/www.hongky.com\/en\/the-kd-600-drill-press\/#primaryimage","url":"https:\/\/www.hongky.com\/wp-content\/uploads\/2024\/09\/kd-600-table-drill-hong-ky.jpg","contentUrl":"https:\/\/www.hongky.com\/wp-content\/uploads\/2024\/09\/kd-600-table-drill-hong-ky.jpg","width":680,"height":535,"caption":"kd-600-table-drill-hong-ky"},{"@type":"BreadcrumbList","@id":"https:\/\/www.hongky.com\/en\/the-kd-600-drill-press\/#breadcrumb","itemListElement":[{"@type":"ListItem","position":1,"name":"Home","item":"https:\/\/www.hongky.com\/en\/"},{"@type":"ListItem","position":2,"name":"Shop","item":"https:\/\/www.hongky.com\/en\/shop\/"},{"@type":"ListItem","position":3,"name":"Product","item":"https:\/\/www.hongky.com\/en\/product\/"},{"@type":"ListItem","position":4,"name":"Drill - Cutting - Taro Machines","item":"https:\/\/www.hongky.com\/en\/drill-cutting-taro-machines\/"},{"@type":"ListItem","position":5,"name":"Drill press 0.6m - 1.0m","item":"https:\/\/www.hongky.com\/en\/drill-press-06m-10m\/"},{"@type":"ListItem","position":6,"name":"The KD 600 Drill Press"}]},{"@type":"WebSite","@id":"https:\/\/www.hongky.com\/en\/#website","url":"https:\/\/www.hongky.com\/en\/","name":"C\u00f4ng ty C\u01a1 Kh\u00ed H\u1ed3ng K\u00fd","description":"Th\u01b0\u01a1ng hi\u1ec7u H\u1ed3ng K\u00fd l\u00e0 s\u1ef1 l\u1ef1a ch\u1ecdn h\u00e0ng \u0111\u1ea7u c\u1ee7a \u0111\u1ed1i t\u00e1c &amp; kh\u00e1ch h\u00e0ng","publisher":{"@id":"https:\/\/www.hongky.com\/en\/#organization"},"potentialAction":[{"@type":"SearchAction","target":{"@type":"EntryPoint","urlTemplate":"https:\/\/www.hongky.com\/en\/?s={search_term_string}"},"query-input":{"@type":"PropertyValueSpecification","valueRequired":true,"valueName":"search_term_string"}}],"inLanguage":"en-US"},{"@type":"Organization","@id":"https:\/\/www.hongky.com\/en\/#organization","name":"C\u00f4ng ty C\u01a1 Kh\u00ed H\u1ed3ng K\u00fd","url":"https:\/\/www.hongky.com\/en\/","logo":{"@type":"ImageObject","inLanguage":"en-US","@id":"https:\/\/www.hongky.com\/en\/#\/schema\/logo\/image\/","url":"https:\/\/www.hongky.com\/wp-content\/uploads\/2025\/06\/cropped-hong-ky-mechanical-company-2.png","contentUrl":"https:\/\/www.hongky.com\/wp-content\/uploads\/2025\/06\/cropped-hong-ky-mechanical-company-2.png","width":849,"height":849,"caption":"C\u00f4ng ty C\u01a1 Kh\u00ed H\u1ed3ng K\u00fd"},"image":{"@id":"https:\/\/www.hongky.com\/en\/#\/schema\/logo\/image\/"},"sameAs":["https:\/\/www.facebook.com\/HongKyMayHan"]}]}},"_links":{"self":[{"href":"https:\/\/www.hongky.com\/en\/wp-json\/wp\/v2\/product\/6908","targetHints":{"allow":["GET"]}}],"collection":[{"href":"https:\/\/www.hongky.com\/en\/wp-json\/wp\/v2\/product"}],"about":[{"href":"https:\/\/www.hongky.com\/en\/wp-json\/wp\/v2\/types\/product"}],"replies":[{"embeddable":true,"href":"https:\/\/www.hongky.com\/en\/wp-json\/wp\/v2\/comments?post=6908"}],"wp:featuredmedia":[{"embeddable":true,"href":"https:\/\/www.hongky.com\/en\/wp-json\/wp\/v2\/media\/6734"}],"wp:attachment":[{"href":"https:\/\/www.hongky.com\/en\/wp-json\/wp\/v2\/media?parent=6908"}],"wp:term":[{"taxonomy":"product_brand","embeddable":true,"href":"https:\/\/www.hongky.com\/en\/wp-json\/wp\/v2\/product_brand?post=6908"},{"taxonomy":"product_cat","embeddable":true,"href":"https:\/\/www.hongky.com\/en\/wp-json\/wp\/v2\/product_cat?post=6908"},{"taxonomy":"product_tag","embeddable":true,"href":"https:\/\/www.hongky.com\/en\/wp-json\/wp\/v2\/product_tag?post=6908"}],"curies":[{"name":"wp","href":"https:\/\/api.w.org\/{rel}","templated":true}]}}